{"id":153243,"date":"2022-01-17T16:04:09","date_gmt":"2022-01-17T14:04:09","guid":{"rendered":"https:\/\/aednik24.ee\/toode\/lillkapsas-beta-brassica-oleracea-l-b\/"},"modified":"2026-04-18T03:12:27","modified_gmt":"2026-04-18T00:12:27","slug":"lillkapsas-beta-brassica-oleracea-l-b","status":"publish","type":"product","link":"https:\/\/horticom.ee\/e-pood\/ru\/toode\/lillkapsas-beta-brassica-oleracea-l-b\/","title":{"rendered":"Lillkapsas Beta &#8211; Brassica oleracea L."},"content":{"rendered":"<p>Lillkapsas Beta \u2013 v\u00e4ga varajane saagikas sort. Kasvuperiood 58 \u2013 63 p\u00e4eva istutusest. \u00d5isik kompaktne, keskmine. Sobib kasutada v\u00e4rskelt, konserveeritult. Hinnatud dieetk\u00f6\u00f6givili. Muld olgu viljakas, niiske ja kobestatud. 1g 300 \u2013 400 seemet.<\/p>\n","protected":false},"excerpt":{"rendered":"<p>Lillkapsas Beta \u2013 v\u00e4ga varajane saagikas sort. Kasvuperiood 58 \u2013 63 p\u00e4eva istutusest. \u00d5isik kompaktne, keskmine. Sobib kasutada v\u00e4rskelt, konserveeritult. Hinnatud dieetk\u00f6\u00f6givili. Muld olgu viljakas, niiske ja kobestatud. 1g 300 \u2013 400 seemet.<\/p>\n","protected":false},"featured_media":171330,"comment_status":"closed","ping_status":"closed","template":"","meta":{"_themeisle_gutenberg_block_has_review":false},"product_cat":[13494],"product_tag":[],"class_list":{"0":"post-153243","1":"product","2":"type-product","3":"status-publish","4":"has-post-thumbnail","6":"product_cat-kapsas","8":"first","9":"instock","10":"shipping-taxable","11":"purchasable","12":"product-type-simple"},"yoast_head":"<!-- This site is optimized with the Yoast SEO plugin v24.0 - https:\/\/yoast.com\/wordpress\/plugins\/seo\/ -->\n<title>Lillkapsas Beta - Brassica oleracea L. - Horticom.ee<\/title>\n<meta name=\"description\" content=\"Lillkapsas Beta on varajane sort, kompaktsete ja maitsvate \u00f5isikutega. Sobib h\u00e4sti v\u00e4rskelt tarbimiseks v\u00f5i konserveerimiseks.\" \/>\n<meta name=\"robots\" content=\"index, follow, max-snippet:-1, max-image-preview:large, max-video-preview:-1\" \/>\n<link rel=\"canonical\" href=\"https:\/\/horticom.ee\/e-pood\/toode\/lillkapsas-beta-brassica-oleracea-l-b\/\" \/>\n<meta property=\"og:locale\" content=\"ru_RU\" \/>\n<meta property=\"og:type\" content=\"article\" \/>\n<meta property=\"og:title\" content=\"Lillkapsas Beta - Brassica oleracea L. - Horticom.ee\" \/>\n<meta property=\"og:description\" content=\"Lillkapsas Beta on varajane sort, kompaktsete ja maitsvate \u00f5isikutega. Sobib h\u00e4sti v\u00e4rskelt tarbimiseks v\u00f5i konserveerimiseks.\" \/>\n<meta property=\"og:url\" content=\"https:\/\/horticom.ee\/e-pood\/toode\/lillkapsas-beta-brassica-oleracea-l-b\/\" \/>\n<meta property=\"og:site_name\" content=\"Horticom.ee\" \/>\n<meta property=\"article:publisher\" content=\"https:\/\/www.facebook.com\/horticom.ee\/e-pood\" \/>\n<meta property=\"article:modified_time\" content=\"2026-04-18T00:12:27+00:00\" \/>\n<meta property=\"og:image\" content=\"https:\/\/horticom.ee\/e-pood\/wp-content\/uploads\/importedmedia\/product-153243_0-L1820.jpg\" \/>\n\t<meta property=\"og:image:width\" content=\"999\" \/>\n\t<meta property=\"og:image:height\" content=\"1748\" \/>\n\t<meta property=\"og:image:type\" content=\"image\/jpeg\" \/>\n<meta name=\"twitter:card\" content=\"summary_large_image\" \/>\n<script type=\"application\/ld+json\" class=\"yoast-schema-graph\">{\"@context\":\"https:\/\/schema.org\",\"@graph\":[{\"@type\":\"WebPage\",\"@id\":\"https:\/\/horticom.ee\/e-pood\/toode\/lillkapsas-beta-brassica-oleracea-l-b\/\",\"url\":\"https:\/\/horticom.ee\/e-pood\/toode\/lillkapsas-beta-brassica-oleracea-l-b\/\",\"name\":\"Lillkapsas Beta - Brassica oleracea L. - Horticom.ee\",\"isPartOf\":{\"@id\":\"https:\/\/horticom.ee\/e-pood\/#website\"},\"primaryImageOfPage\":{\"@id\":\"https:\/\/horticom.ee\/e-pood\/toode\/lillkapsas-beta-brassica-oleracea-l-b\/#primaryimage\"},\"image\":{\"@id\":\"https:\/\/horticom.ee\/e-pood\/toode\/lillkapsas-beta-brassica-oleracea-l-b\/#primaryimage\"},\"thumbnailUrl\":\"https:\/\/horticom.ee\/e-pood\/wp-content\/uploads\/importedmedia\/product-153243_0-L1820.jpg\",\"datePublished\":\"2022-01-17T14:04:09+00:00\",\"dateModified\":\"2026-04-18T00:12:27+00:00\",\"description\":\"Lillkapsas Beta on varajane sort, kompaktsete ja maitsvate \u00f5isikutega. Sobib h\u00e4sti v\u00e4rskelt tarbimiseks v\u00f5i konserveerimiseks.\",\"breadcrumb\":{\"@id\":\"https:\/\/horticom.ee\/e-pood\/toode\/lillkapsas-beta-brassica-oleracea-l-b\/#breadcrumb\"},\"inLanguage\":\"ru-RU\",\"potentialAction\":[{\"@type\":\"ReadAction\",\"target\":[\"https:\/\/horticom.ee\/e-pood\/toode\/lillkapsas-beta-brassica-oleracea-l-b\/\"]}]},{\"@type\":\"ImageObject\",\"inLanguage\":\"ru-RU\",\"@id\":\"https:\/\/horticom.ee\/e-pood\/toode\/lillkapsas-beta-brassica-oleracea-l-b\/#primaryimage\",\"url\":\"https:\/\/horticom.ee\/e-pood\/wp-content\/uploads\/importedmedia\/product-153243_0-L1820.jpg\",\"contentUrl\":\"https:\/\/horticom.ee\/e-pood\/wp-content\/uploads\/importedmedia\/product-153243_0-L1820.jpg\",\"width\":999,\"height\":1748,\"caption\":\"Lillkapsas Beta - Brassica oleracea L.\"},{\"@type\":\"BreadcrumbList\",\"@id\":\"https:\/\/horticom.ee\/e-pood\/toode\/lillkapsas-beta-brassica-oleracea-l-b\/#breadcrumb\",\"itemListElement\":[{\"@type\":\"ListItem\",\"position\":1,\"name\":\"Home\",\"item\":\"https:\/\/horticom.ee\/e-pood\/\"},{\"@type\":\"ListItem\",\"position\":2,\"name\":\"Pood\",\"item\":\"https:\/\/horticom.ee\/e-pood\/pood\/\"},{\"@type\":\"ListItem\",\"position\":3,\"name\":\"Lillkapsas Beta &#8211; Brassica oleracea L.\"}]},{\"@type\":\"WebSite\",\"@id\":\"https:\/\/horticom.ee\/e-pood\/#website\",\"url\":\"https:\/\/horticom.ee\/e-pood\/\",\"name\":\"Horticom.ee\",\"description\":\"Aianduskaubad ja kodukaubad nii harrastajatele kui professionaalidele\",\"potentialAction\":[{\"@type\":\"SearchAction\",\"target\":{\"@type\":\"EntryPoint\",\"urlTemplate\":\"https:\/\/horticom.ee\/e-pood\/?s={search_term_string}\"},\"query-input\":{\"@type\":\"PropertyValueSpecification\",\"valueRequired\":true,\"valueName\":\"search_term_string\"}}],\"inLanguage\":\"ru-RU\"}]}<\/script>\n<!-- \/ Yoast SEO plugin. -->","yoast_head_json":{"title":"Lillkapsas Beta - Brassica oleracea L. - Horticom.ee","description":"Lillkapsas Beta on varajane sort, kompaktsete ja maitsvate \u00f5isikutega. Sobib h\u00e4sti v\u00e4rskelt tarbimiseks v\u00f5i konserveerimiseks.","robots":{"index":"index","follow":"follow","max-snippet":"max-snippet:-1","max-image-preview":"max-image-preview:large","max-video-preview":"max-video-preview:-1"},"canonical":"https:\/\/horticom.ee\/e-pood\/toode\/lillkapsas-beta-brassica-oleracea-l-b\/","og_locale":"ru_RU","og_type":"article","og_title":"Lillkapsas Beta - Brassica oleracea L. - Horticom.ee","og_description":"Lillkapsas Beta on varajane sort, kompaktsete ja maitsvate \u00f5isikutega. Sobib h\u00e4sti v\u00e4rskelt tarbimiseks v\u00f5i konserveerimiseks.","og_url":"https:\/\/horticom.ee\/e-pood\/toode\/lillkapsas-beta-brassica-oleracea-l-b\/","og_site_name":"Horticom.ee","article_publisher":"https:\/\/www.facebook.com\/horticom.ee\/e-pood","article_modified_time":"2026-04-18T00:12:27+00:00","og_image":[{"width":999,"height":1748,"url":"https:\/\/horticom.ee\/e-pood\/wp-content\/uploads\/importedmedia\/product-153243_0-L1820.jpg","type":"image\/jpeg"}],"twitter_card":"summary_large_image","schema":{"@context":"https:\/\/schema.org","@graph":[{"@type":"WebPage","@id":"https:\/\/horticom.ee\/e-pood\/toode\/lillkapsas-beta-brassica-oleracea-l-b\/","url":"https:\/\/horticom.ee\/e-pood\/toode\/lillkapsas-beta-brassica-oleracea-l-b\/","name":"Lillkapsas Beta - Brassica oleracea L. - Horticom.ee","isPartOf":{"@id":"https:\/\/horticom.ee\/e-pood\/#website"},"primaryImageOfPage":{"@id":"https:\/\/horticom.ee\/e-pood\/toode\/lillkapsas-beta-brassica-oleracea-l-b\/#primaryimage"},"image":{"@id":"https:\/\/horticom.ee\/e-pood\/toode\/lillkapsas-beta-brassica-oleracea-l-b\/#primaryimage"},"thumbnailUrl":"https:\/\/horticom.ee\/e-pood\/wp-content\/uploads\/importedmedia\/product-153243_0-L1820.jpg","datePublished":"2022-01-17T14:04:09+00:00","dateModified":"2026-04-18T00:12:27+00:00","description":"Lillkapsas Beta on varajane sort, kompaktsete ja maitsvate \u00f5isikutega. Sobib h\u00e4sti v\u00e4rskelt tarbimiseks v\u00f5i konserveerimiseks.","breadcrumb":{"@id":"https:\/\/horticom.ee\/e-pood\/toode\/lillkapsas-beta-brassica-oleracea-l-b\/#breadcrumb"},"inLanguage":"ru-RU","potentialAction":[{"@type":"ReadAction","target":["https:\/\/horticom.ee\/e-pood\/toode\/lillkapsas-beta-brassica-oleracea-l-b\/"]}]},{"@type":"ImageObject","inLanguage":"ru-RU","@id":"https:\/\/horticom.ee\/e-pood\/toode\/lillkapsas-beta-brassica-oleracea-l-b\/#primaryimage","url":"https:\/\/horticom.ee\/e-pood\/wp-content\/uploads\/importedmedia\/product-153243_0-L1820.jpg","contentUrl":"https:\/\/horticom.ee\/e-pood\/wp-content\/uploads\/importedmedia\/product-153243_0-L1820.jpg","width":999,"height":1748,"caption":"Lillkapsas Beta - Brassica oleracea L."},{"@type":"BreadcrumbList","@id":"https:\/\/horticom.ee\/e-pood\/toode\/lillkapsas-beta-brassica-oleracea-l-b\/#breadcrumb","itemListElement":[{"@type":"ListItem","position":1,"name":"Home","item":"https:\/\/horticom.ee\/e-pood\/"},{"@type":"ListItem","position":2,"name":"Pood","item":"https:\/\/horticom.ee\/e-pood\/pood\/"},{"@type":"ListItem","position":3,"name":"Lillkapsas Beta &#8211; Brassica oleracea L."}]},{"@type":"WebSite","@id":"https:\/\/horticom.ee\/e-pood\/#website","url":"https:\/\/horticom.ee\/e-pood\/","name":"Horticom.ee","description":"Aianduskaubad ja kodukaubad nii harrastajatele kui professionaalidele","potentialAction":[{"@type":"SearchAction","target":{"@type":"EntryPoint","urlTemplate":"https:\/\/horticom.ee\/e-pood\/?s={search_term_string}"},"query-input":{"@type":"PropertyValueSpecification","valueRequired":true,"valueName":"search_term_string"}}],"inLanguage":"ru-RU"}]}},"_links":{"self":[{"href":"https:\/\/horticom.ee\/e-pood\/ru\/wp-json\/wp\/v2\/product\/153243","targetHints":{"allow":["GET"]}}],"collection":[{"href":"https:\/\/horticom.ee\/e-pood\/ru\/wp-json\/wp\/v2\/product"}],"about":[{"href":"https:\/\/horticom.ee\/e-pood\/ru\/wp-json\/wp\/v2\/types\/product"}],"replies":[{"embeddable":true,"href":"https:\/\/horticom.ee\/e-pood\/ru\/wp-json\/wp\/v2\/comments?post=153243"}],"wp:featuredmedia":[{"embeddable":true,"href":"https:\/\/horticom.ee\/e-pood\/ru\/wp-json\/wp\/v2\/media\/171330"}],"wp:attachment":[{"href":"https:\/\/horticom.ee\/e-pood\/ru\/wp-json\/wp\/v2\/media?parent=153243"}],"wp:term":[{"taxonomy":"product_cat","embeddable":true,"href":"https:\/\/horticom.ee\/e-pood\/ru\/wp-json\/wp\/v2\/product_cat?post=153243"},{"taxonomy":"product_tag","embeddable":true,"href":"https:\/\/horticom.ee\/e-pood\/ru\/wp-json\/wp\/v2\/product_tag?post=153243"}],"curies":[{"name":"wp","href":"https:\/\/api.w.org\/{rel}","templated":true}]}}