{"id":153248,"date":"2022-01-17T16:04:12","date_gmt":"2022-01-17T14:04:12","guid":{"rendered":"https:\/\/aednik24.ee\/toode\/porrulauk-albos-allium-porrum-l-b\/"},"modified":"2026-05-13T03:06:38","modified_gmt":"2026-05-13T00:06:38","slug":"porrulauk-albos-allium-porrum-l-b","status":"publish","type":"product","link":"https:\/\/horticom.ee\/e-pood\/ru\/toode\/porrulauk-albos-allium-porrum-l-b\/","title":{"rendered":"Porrulauk Albos &#8211; Allium porrum L."},"content":{"rendered":"<p>Porrulauk Albos on keskmiselt varajane sort suviseks ja s\u00fcgiseseks saagiks. K\u00f5ige parem on istutada istikuid, mis on kasvatatavad alates veebruarist kuni aprilli keskpaigani. Vegetatsiooniperiood 100-110 p\u00e4eva. Lehed p\u00fcstised, valge osa on suur, kasvab kuni 30-40 cm k\u00f5rguseks. Kasutatakse v\u00e4rskena, sobib pikemaajaliseks s\u00e4ilitamiseks. K\u00f5ige paremini kasvab viljakas, mittehappelises liivsavimullas.<\/p>\n","protected":false},"excerpt":{"rendered":"<p>Porrulauk Albos on keskmiselt varajane sort suviseks ja s\u00fcgiseseks saagiks. K\u00f5ige parem on istutada istikuid, mis on kasvatatavad alates veebruarist kuni aprilli keskpaigani. Vegetatsiooniperiood 100-110 p\u00e4eva. Lehed p\u00fcstised, valge osa on suur, kasvab kuni 30-40 cm k\u00f5rguseks. Kasutatakse v\u00e4rskena, sobib pikemaajaliseks s\u00e4ilitamiseks. K\u00f5ige paremini kasvab viljakas, mittehappelises liivsavimullas.<\/p>\n","protected":false},"featured_media":171320,"comment_status":"closed","ping_status":"closed","template":"","meta":{"_themeisle_gutenberg_block_has_review":false},"product_cat":[13483],"product_tag":[],"class_list":{"0":"post-153248","1":"product","2":"type-product","3":"status-publish","4":"has-post-thumbnail","6":"product_cat-sibul-porru-murulauk","8":"first","9":"instock","10":"shipping-taxable","11":"purchasable","12":"product-type-simple"},"yoast_head":"<!-- This site is optimized with the Yoast SEO plugin v24.0 - https:\/\/yoast.com\/wordpress\/plugins\/seo\/ -->\n<title>Porrulauk Albos - Allium porrum L. - Horticom.ee\/e-pood<\/title>\n<meta name=\"description\" content=\"Porrulauk Albos on viljakas, pikkade valgete vartega sort. Sobib h\u00e4sti v\u00e4rskelt tarbimiseks ja s\u00e4ilitamiseks.\" \/>\n<meta name=\"robots\" content=\"index, follow, max-snippet:-1, max-image-preview:large, max-video-preview:-1\" \/>\n<link rel=\"canonical\" href=\"https:\/\/horticom.ee\/e-pood\/toode\/porrulauk-albos-allium-porrum-l-b\/\" \/>\n<meta property=\"og:locale\" content=\"ru_RU\" \/>\n<meta property=\"og:type\" content=\"article\" \/>\n<meta property=\"og:title\" content=\"Porrulauk Albos - Allium porrum L. - Horticom.ee\/e-pood\" \/>\n<meta property=\"og:description\" content=\"Porrulauk Albos on viljakas, pikkade valgete vartega sort. Sobib h\u00e4sti v\u00e4rskelt tarbimiseks ja s\u00e4ilitamiseks.\" \/>\n<meta property=\"og:url\" content=\"https:\/\/horticom.ee\/e-pood\/toode\/porrulauk-albos-allium-porrum-l-b\/\" \/>\n<meta property=\"og:site_name\" content=\"Horticom.ee\" \/>\n<meta property=\"article:publisher\" content=\"https:\/\/www.facebook.com\/horticom.ee\/e-pood\" \/>\n<meta property=\"article:modified_time\" content=\"2026-05-13T00:06:38+00:00\" \/>\n<meta property=\"og:image\" content=\"https:\/\/horticom.ee\/e-pood\/wp-content\/uploads\/importedmedia\/product-153248_0-L3112.jpg\" \/>\n\t<meta property=\"og:image:width\" content=\"1000\" \/>\n\t<meta property=\"og:image:height\" content=\"1746\" \/>\n\t<meta property=\"og:image:type\" content=\"image\/jpeg\" \/>\n<meta name=\"twitter:card\" content=\"summary_large_image\" \/>\n<script type=\"application\/ld+json\" class=\"yoast-schema-graph\">{\"@context\":\"https:\/\/schema.org\",\"@graph\":[{\"@type\":\"WebPage\",\"@id\":\"https:\/\/horticom.ee\/e-pood\/toode\/porrulauk-albos-allium-porrum-l-b\/\",\"url\":\"https:\/\/horticom.ee\/e-pood\/toode\/porrulauk-albos-allium-porrum-l-b\/\",\"name\":\"Porrulauk Albos - Allium porrum L. - Horticom.ee\/e-pood\",\"isPartOf\":{\"@id\":\"https:\/\/horticom.ee\/e-pood\/#website\"},\"primaryImageOfPage\":{\"@id\":\"https:\/\/horticom.ee\/e-pood\/toode\/porrulauk-albos-allium-porrum-l-b\/#primaryimage\"},\"image\":{\"@id\":\"https:\/\/horticom.ee\/e-pood\/toode\/porrulauk-albos-allium-porrum-l-b\/#primaryimage\"},\"thumbnailUrl\":\"https:\/\/horticom.ee\/e-pood\/wp-content\/uploads\/importedmedia\/product-153248_0-L3112.jpg\",\"datePublished\":\"2022-01-17T14:04:12+00:00\",\"dateModified\":\"2026-05-13T00:06:38+00:00\",\"description\":\"Porrulauk Albos on viljakas, pikkade valgete vartega sort. Sobib h\u00e4sti v\u00e4rskelt tarbimiseks ja s\u00e4ilitamiseks.\",\"breadcrumb\":{\"@id\":\"https:\/\/horticom.ee\/e-pood\/toode\/porrulauk-albos-allium-porrum-l-b\/#breadcrumb\"},\"inLanguage\":\"ru-RU\",\"potentialAction\":[{\"@type\":\"ReadAction\",\"target\":[\"https:\/\/horticom.ee\/e-pood\/toode\/porrulauk-albos-allium-porrum-l-b\/\"]}]},{\"@type\":\"ImageObject\",\"inLanguage\":\"ru-RU\",\"@id\":\"https:\/\/horticom.ee\/e-pood\/toode\/porrulauk-albos-allium-porrum-l-b\/#primaryimage\",\"url\":\"https:\/\/horticom.ee\/e-pood\/wp-content\/uploads\/importedmedia\/product-153248_0-L3112.jpg\",\"contentUrl\":\"https:\/\/horticom.ee\/e-pood\/wp-content\/uploads\/importedmedia\/product-153248_0-L3112.jpg\",\"width\":1000,\"height\":1746,\"caption\":\"Porrulauk Albos - Allium porrum L.\"},{\"@type\":\"BreadcrumbList\",\"@id\":\"https:\/\/horticom.ee\/e-pood\/toode\/porrulauk-albos-allium-porrum-l-b\/#breadcrumb\",\"itemListElement\":[{\"@type\":\"ListItem\",\"position\":1,\"name\":\"Home\",\"item\":\"https:\/\/horticom.ee\/e-pood\/\"},{\"@type\":\"ListItem\",\"position\":2,\"name\":\"Pood\",\"item\":\"https:\/\/horticom.ee\/e-pood\/pood\/\"},{\"@type\":\"ListItem\",\"position\":3,\"name\":\"Porrulauk Albos &#8211; Allium porrum L.\"}]},{\"@type\":\"WebSite\",\"@id\":\"https:\/\/horticom.ee\/e-pood\/#website\",\"url\":\"https:\/\/horticom.ee\/e-pood\/\",\"name\":\"Horticom.ee\",\"description\":\"Aianduskaubad ja kodukaubad nii harrastajatele kui professionaalidele\",\"potentialAction\":[{\"@type\":\"SearchAction\",\"target\":{\"@type\":\"EntryPoint\",\"urlTemplate\":\"https:\/\/horticom.ee\/e-pood\/?s={search_term_string}\"},\"query-input\":{\"@type\":\"PropertyValueSpecification\",\"valueRequired\":true,\"valueName\":\"search_term_string\"}}],\"inLanguage\":\"ru-RU\"}]}<\/script>\n<!-- \/ Yoast SEO plugin. -->","yoast_head_json":{"title":"Porrulauk Albos - Allium porrum L. - Horticom.ee\/e-pood","description":"Porrulauk Albos on viljakas, pikkade valgete vartega sort. Sobib h\u00e4sti v\u00e4rskelt tarbimiseks ja s\u00e4ilitamiseks.","robots":{"index":"index","follow":"follow","max-snippet":"max-snippet:-1","max-image-preview":"max-image-preview:large","max-video-preview":"max-video-preview:-1"},"canonical":"https:\/\/horticom.ee\/e-pood\/toode\/porrulauk-albos-allium-porrum-l-b\/","og_locale":"ru_RU","og_type":"article","og_title":"Porrulauk Albos - Allium porrum L. - Horticom.ee\/e-pood","og_description":"Porrulauk Albos on viljakas, pikkade valgete vartega sort. Sobib h\u00e4sti v\u00e4rskelt tarbimiseks ja s\u00e4ilitamiseks.","og_url":"https:\/\/horticom.ee\/e-pood\/toode\/porrulauk-albos-allium-porrum-l-b\/","og_site_name":"Horticom.ee","article_publisher":"https:\/\/www.facebook.com\/horticom.ee\/e-pood","article_modified_time":"2026-05-13T00:06:38+00:00","og_image":[{"width":1000,"height":1746,"url":"https:\/\/horticom.ee\/e-pood\/wp-content\/uploads\/importedmedia\/product-153248_0-L3112.jpg","type":"image\/jpeg"}],"twitter_card":"summary_large_image","schema":{"@context":"https:\/\/schema.org","@graph":[{"@type":"WebPage","@id":"https:\/\/horticom.ee\/e-pood\/toode\/porrulauk-albos-allium-porrum-l-b\/","url":"https:\/\/horticom.ee\/e-pood\/toode\/porrulauk-albos-allium-porrum-l-b\/","name":"Porrulauk Albos - Allium porrum L. - Horticom.ee\/e-pood","isPartOf":{"@id":"https:\/\/horticom.ee\/e-pood\/#website"},"primaryImageOfPage":{"@id":"https:\/\/horticom.ee\/e-pood\/toode\/porrulauk-albos-allium-porrum-l-b\/#primaryimage"},"image":{"@id":"https:\/\/horticom.ee\/e-pood\/toode\/porrulauk-albos-allium-porrum-l-b\/#primaryimage"},"thumbnailUrl":"https:\/\/horticom.ee\/e-pood\/wp-content\/uploads\/importedmedia\/product-153248_0-L3112.jpg","datePublished":"2022-01-17T14:04:12+00:00","dateModified":"2026-05-13T00:06:38+00:00","description":"Porrulauk Albos on viljakas, pikkade valgete vartega sort. Sobib h\u00e4sti v\u00e4rskelt tarbimiseks ja s\u00e4ilitamiseks.","breadcrumb":{"@id":"https:\/\/horticom.ee\/e-pood\/toode\/porrulauk-albos-allium-porrum-l-b\/#breadcrumb"},"inLanguage":"ru-RU","potentialAction":[{"@type":"ReadAction","target":["https:\/\/horticom.ee\/e-pood\/toode\/porrulauk-albos-allium-porrum-l-b\/"]}]},{"@type":"ImageObject","inLanguage":"ru-RU","@id":"https:\/\/horticom.ee\/e-pood\/toode\/porrulauk-albos-allium-porrum-l-b\/#primaryimage","url":"https:\/\/horticom.ee\/e-pood\/wp-content\/uploads\/importedmedia\/product-153248_0-L3112.jpg","contentUrl":"https:\/\/horticom.ee\/e-pood\/wp-content\/uploads\/importedmedia\/product-153248_0-L3112.jpg","width":1000,"height":1746,"caption":"Porrulauk Albos - Allium porrum L."},{"@type":"BreadcrumbList","@id":"https:\/\/horticom.ee\/e-pood\/toode\/porrulauk-albos-allium-porrum-l-b\/#breadcrumb","itemListElement":[{"@type":"ListItem","position":1,"name":"Home","item":"https:\/\/horticom.ee\/e-pood\/"},{"@type":"ListItem","position":2,"name":"Pood","item":"https:\/\/horticom.ee\/e-pood\/pood\/"},{"@type":"ListItem","position":3,"name":"Porrulauk Albos &#8211; Allium porrum L."}]},{"@type":"WebSite","@id":"https:\/\/horticom.ee\/e-pood\/#website","url":"https:\/\/horticom.ee\/e-pood\/","name":"Horticom.ee","description":"Aianduskaubad ja kodukaubad nii harrastajatele kui professionaalidele","potentialAction":[{"@type":"SearchAction","target":{"@type":"EntryPoint","urlTemplate":"https:\/\/horticom.ee\/e-pood\/?s={search_term_string}"},"query-input":{"@type":"PropertyValueSpecification","valueRequired":true,"valueName":"search_term_string"}}],"inLanguage":"ru-RU"}]}},"_links":{"self":[{"href":"https:\/\/horticom.ee\/e-pood\/ru\/wp-json\/wp\/v2\/product\/153248","targetHints":{"allow":["GET"]}}],"collection":[{"href":"https:\/\/horticom.ee\/e-pood\/ru\/wp-json\/wp\/v2\/product"}],"about":[{"href":"https:\/\/horticom.ee\/e-pood\/ru\/wp-json\/wp\/v2\/types\/product"}],"replies":[{"embeddable":true,"href":"https:\/\/horticom.ee\/e-pood\/ru\/wp-json\/wp\/v2\/comments?post=153248"}],"wp:featuredmedia":[{"embeddable":true,"href":"https:\/\/horticom.ee\/e-pood\/ru\/wp-json\/wp\/v2\/media\/171320"}],"wp:attachment":[{"href":"https:\/\/horticom.ee\/e-pood\/ru\/wp-json\/wp\/v2\/media?parent=153248"}],"wp:term":[{"taxonomy":"product_cat","embeddable":true,"href":"https:\/\/horticom.ee\/e-pood\/ru\/wp-json\/wp\/v2\/product_cat?post=153248"},{"taxonomy":"product_tag","embeddable":true,"href":"https:\/\/horticom.ee\/e-pood\/ru\/wp-json\/wp\/v2\/product_tag?post=153248"}],"curies":[{"name":"wp","href":"https:\/\/api.w.org\/{rel}","templated":true}]}}