{"id":153253,"date":"2022-01-17T16:04:16","date_gmt":"2022-01-17T14:04:16","guid":{"rendered":"https:\/\/aednik24.ee\/toode\/sibul-stuttgarter-riesen-allium-cepa-l-b\/"},"modified":"2026-04-18T03:12:42","modified_gmt":"2026-04-18T00:12:42","slug":"sibul-stuttgarter-riesen-allium-cepa-l-b","status":"publish","type":"product","link":"https:\/\/horticom.ee\/e-pood\/ru\/toode\/sibul-stuttgarter-riesen-allium-cepa-l-b\/","title":{"rendered":"Sibul Stuttgarter Riesen &#8211; Allium cepa L."},"content":{"rendered":"<p>Sibul Stuttgarter Riesen on tuntuim sibulasort maailmas. Sellel sordil on piisavalt hea s\u00e4ilivus. Sibul on noorelt \u00fcmar, valmides muutub lapikuks. Tugeva aroomi ja terava maitse t\u00f5ttu sobib v\u00e4ga h\u00e4sti hautamiseks ja k\u00fcpsetamiseks. Tugeva pealsekasvu t\u00f5ttu sobib h\u00e4sti ka pealsesibulana kasvatamiseks. Ettekasvatatud taimedest on kasvuaeg peale istutust 100 p\u00e4eva, k\u00fclvist 130-145 p\u00e4eva. Mugulad 60-70g, veidike ovaalsed, terava maitsega, koor pruunikas-kollane.<\/p>\n","protected":false},"excerpt":{"rendered":"<p>Sibul Stuttgarter Riesen on tuntuim sibulasort maailmas. Sellel sordil on piisavalt hea s\u00e4ilivus. Sibul on noorelt \u00fcmar, valmides muutub lapikuks. Tugeva aroomi ja terava maitse t\u00f5ttu sobib v\u00e4ga h\u00e4sti hautamiseks ja k\u00fcpsetamiseks. Tugeva pealsekasvu t\u00f5ttu sobib h\u00e4sti ka pealsesibulana kasvatamiseks. Ettekasvatatud taimedest on kasvuaeg peale istutust 100 p\u00e4eva, k\u00fclvist 130-145 p\u00e4eva. Mugulad 60-70g, veidike ovaalsed, [&hellip;]<\/p>\n","protected":false},"featured_media":171306,"comment_status":"closed","ping_status":"closed","template":"","meta":{"_themeisle_gutenberg_block_has_review":false},"product_cat":[13483],"product_tag":[],"class_list":{"0":"post-153253","1":"product","2":"type-product","3":"status-publish","4":"has-post-thumbnail","6":"product_cat-sibul-porru-murulauk","8":"first","9":"instock","10":"shipping-taxable","11":"purchasable","12":"product-type-simple"},"yoast_head":"<!-- This site is optimized with the Yoast SEO plugin v24.0 - https:\/\/yoast.com\/wordpress\/plugins\/seo\/ -->\n<title>Sibul Stuttgarter Riesen - Allium cepa L. - Horticom.ee<\/title>\n<meta name=\"description\" content=\"Sibul Stuttgarter Riesen on tuntud ja h\u00e4sti s\u00e4iliv sort, \u00fcmarad ja valmides lapikud sibulad tugeva maitsega. Sobib k\u00fcpsetamiseks ja hautamiseks.\" \/>\n<meta name=\"robots\" content=\"index, follow, max-snippet:-1, max-image-preview:large, max-video-preview:-1\" \/>\n<link rel=\"canonical\" href=\"https:\/\/horticom.ee\/e-pood\/toode\/sibul-stuttgarter-riesen-allium-cepa-l-b\/\" \/>\n<meta property=\"og:locale\" content=\"ru_RU\" \/>\n<meta property=\"og:type\" content=\"article\" \/>\n<meta property=\"og:title\" content=\"Sibul Stuttgarter Riesen - Allium cepa L. - Horticom.ee\" \/>\n<meta property=\"og:description\" content=\"Sibul Stuttgarter Riesen on tuntud ja h\u00e4sti s\u00e4iliv sort, \u00fcmarad ja valmides lapikud sibulad tugeva maitsega. Sobib k\u00fcpsetamiseks ja hautamiseks.\" \/>\n<meta property=\"og:url\" content=\"https:\/\/horticom.ee\/e-pood\/toode\/sibul-stuttgarter-riesen-allium-cepa-l-b\/\" \/>\n<meta property=\"og:site_name\" content=\"Horticom.ee\" \/>\n<meta property=\"article:publisher\" content=\"https:\/\/www.facebook.com\/horticom.ee\/e-pood\" \/>\n<meta property=\"article:modified_time\" content=\"2026-04-18T00:12:42+00:00\" \/>\n<meta property=\"og:image\" content=\"https:\/\/horticom.ee\/e-pood\/wp-content\/uploads\/importedmedia\/product-153253_0-L4408.jpg\" \/>\n\t<meta property=\"og:image:width\" content=\"1000\" \/>\n\t<meta property=\"og:image:height\" content=\"1754\" \/>\n\t<meta property=\"og:image:type\" content=\"image\/jpeg\" \/>\n<meta name=\"twitter:card\" content=\"summary_large_image\" \/>\n<script type=\"application\/ld+json\" class=\"yoast-schema-graph\">{\"@context\":\"https:\/\/schema.org\",\"@graph\":[{\"@type\":\"WebPage\",\"@id\":\"https:\/\/horticom.ee\/e-pood\/toode\/sibul-stuttgarter-riesen-allium-cepa-l-b\/\",\"url\":\"https:\/\/horticom.ee\/e-pood\/toode\/sibul-stuttgarter-riesen-allium-cepa-l-b\/\",\"name\":\"Sibul Stuttgarter Riesen - Allium cepa L. - Horticom.ee\",\"isPartOf\":{\"@id\":\"https:\/\/horticom.ee\/e-pood\/#website\"},\"primaryImageOfPage\":{\"@id\":\"https:\/\/horticom.ee\/e-pood\/toode\/sibul-stuttgarter-riesen-allium-cepa-l-b\/#primaryimage\"},\"image\":{\"@id\":\"https:\/\/horticom.ee\/e-pood\/toode\/sibul-stuttgarter-riesen-allium-cepa-l-b\/#primaryimage\"},\"thumbnailUrl\":\"https:\/\/horticom.ee\/e-pood\/wp-content\/uploads\/importedmedia\/product-153253_0-L4408.jpg\",\"datePublished\":\"2022-01-17T14:04:16+00:00\",\"dateModified\":\"2026-04-18T00:12:42+00:00\",\"description\":\"Sibul Stuttgarter Riesen on tuntud ja h\u00e4sti s\u00e4iliv sort, \u00fcmarad ja valmides lapikud sibulad tugeva maitsega. Sobib k\u00fcpsetamiseks ja hautamiseks.\",\"breadcrumb\":{\"@id\":\"https:\/\/horticom.ee\/e-pood\/toode\/sibul-stuttgarter-riesen-allium-cepa-l-b\/#breadcrumb\"},\"inLanguage\":\"ru-RU\",\"potentialAction\":[{\"@type\":\"ReadAction\",\"target\":[\"https:\/\/horticom.ee\/e-pood\/toode\/sibul-stuttgarter-riesen-allium-cepa-l-b\/\"]}]},{\"@type\":\"ImageObject\",\"inLanguage\":\"ru-RU\",\"@id\":\"https:\/\/horticom.ee\/e-pood\/toode\/sibul-stuttgarter-riesen-allium-cepa-l-b\/#primaryimage\",\"url\":\"https:\/\/horticom.ee\/e-pood\/wp-content\/uploads\/importedmedia\/product-153253_0-L4408.jpg\",\"contentUrl\":\"https:\/\/horticom.ee\/e-pood\/wp-content\/uploads\/importedmedia\/product-153253_0-L4408.jpg\",\"width\":1000,\"height\":1754,\"caption\":\"Sibul Stuttgarter Riesen - Allium cepa L.\"},{\"@type\":\"BreadcrumbList\",\"@id\":\"https:\/\/horticom.ee\/e-pood\/toode\/sibul-stuttgarter-riesen-allium-cepa-l-b\/#breadcrumb\",\"itemListElement\":[{\"@type\":\"ListItem\",\"position\":1,\"name\":\"Home\",\"item\":\"https:\/\/horticom.ee\/e-pood\/\"},{\"@type\":\"ListItem\",\"position\":2,\"name\":\"Pood\",\"item\":\"https:\/\/horticom.ee\/e-pood\/pood\/\"},{\"@type\":\"ListItem\",\"position\":3,\"name\":\"Sibul Stuttgarter Riesen &#8211; Allium cepa L.\"}]},{\"@type\":\"WebSite\",\"@id\":\"https:\/\/horticom.ee\/e-pood\/#website\",\"url\":\"https:\/\/horticom.ee\/e-pood\/\",\"name\":\"Horticom.ee\",\"description\":\"Aianduskaubad ja kodukaubad nii harrastajatele kui professionaalidele\",\"potentialAction\":[{\"@type\":\"SearchAction\",\"target\":{\"@type\":\"EntryPoint\",\"urlTemplate\":\"https:\/\/horticom.ee\/e-pood\/?s={search_term_string}\"},\"query-input\":{\"@type\":\"PropertyValueSpecification\",\"valueRequired\":true,\"valueName\":\"search_term_string\"}}],\"inLanguage\":\"ru-RU\"}]}<\/script>\n<!-- \/ Yoast SEO plugin. -->","yoast_head_json":{"title":"Sibul Stuttgarter Riesen - Allium cepa L. - Horticom.ee","description":"Sibul Stuttgarter Riesen on tuntud ja h\u00e4sti s\u00e4iliv sort, \u00fcmarad ja valmides lapikud sibulad tugeva maitsega. Sobib k\u00fcpsetamiseks ja hautamiseks.","robots":{"index":"index","follow":"follow","max-snippet":"max-snippet:-1","max-image-preview":"max-image-preview:large","max-video-preview":"max-video-preview:-1"},"canonical":"https:\/\/horticom.ee\/e-pood\/toode\/sibul-stuttgarter-riesen-allium-cepa-l-b\/","og_locale":"ru_RU","og_type":"article","og_title":"Sibul Stuttgarter Riesen - Allium cepa L. - Horticom.ee","og_description":"Sibul Stuttgarter Riesen on tuntud ja h\u00e4sti s\u00e4iliv sort, \u00fcmarad ja valmides lapikud sibulad tugeva maitsega. Sobib k\u00fcpsetamiseks ja hautamiseks.","og_url":"https:\/\/horticom.ee\/e-pood\/toode\/sibul-stuttgarter-riesen-allium-cepa-l-b\/","og_site_name":"Horticom.ee","article_publisher":"https:\/\/www.facebook.com\/horticom.ee\/e-pood","article_modified_time":"2026-04-18T00:12:42+00:00","og_image":[{"width":1000,"height":1754,"url":"https:\/\/horticom.ee\/e-pood\/wp-content\/uploads\/importedmedia\/product-153253_0-L4408.jpg","type":"image\/jpeg"}],"twitter_card":"summary_large_image","schema":{"@context":"https:\/\/schema.org","@graph":[{"@type":"WebPage","@id":"https:\/\/horticom.ee\/e-pood\/toode\/sibul-stuttgarter-riesen-allium-cepa-l-b\/","url":"https:\/\/horticom.ee\/e-pood\/toode\/sibul-stuttgarter-riesen-allium-cepa-l-b\/","name":"Sibul Stuttgarter Riesen - Allium cepa L. - Horticom.ee","isPartOf":{"@id":"https:\/\/horticom.ee\/e-pood\/#website"},"primaryImageOfPage":{"@id":"https:\/\/horticom.ee\/e-pood\/toode\/sibul-stuttgarter-riesen-allium-cepa-l-b\/#primaryimage"},"image":{"@id":"https:\/\/horticom.ee\/e-pood\/toode\/sibul-stuttgarter-riesen-allium-cepa-l-b\/#primaryimage"},"thumbnailUrl":"https:\/\/horticom.ee\/e-pood\/wp-content\/uploads\/importedmedia\/product-153253_0-L4408.jpg","datePublished":"2022-01-17T14:04:16+00:00","dateModified":"2026-04-18T00:12:42+00:00","description":"Sibul Stuttgarter Riesen on tuntud ja h\u00e4sti s\u00e4iliv sort, \u00fcmarad ja valmides lapikud sibulad tugeva maitsega. Sobib k\u00fcpsetamiseks ja hautamiseks.","breadcrumb":{"@id":"https:\/\/horticom.ee\/e-pood\/toode\/sibul-stuttgarter-riesen-allium-cepa-l-b\/#breadcrumb"},"inLanguage":"ru-RU","potentialAction":[{"@type":"ReadAction","target":["https:\/\/horticom.ee\/e-pood\/toode\/sibul-stuttgarter-riesen-allium-cepa-l-b\/"]}]},{"@type":"ImageObject","inLanguage":"ru-RU","@id":"https:\/\/horticom.ee\/e-pood\/toode\/sibul-stuttgarter-riesen-allium-cepa-l-b\/#primaryimage","url":"https:\/\/horticom.ee\/e-pood\/wp-content\/uploads\/importedmedia\/product-153253_0-L4408.jpg","contentUrl":"https:\/\/horticom.ee\/e-pood\/wp-content\/uploads\/importedmedia\/product-153253_0-L4408.jpg","width":1000,"height":1754,"caption":"Sibul Stuttgarter Riesen - Allium cepa L."},{"@type":"BreadcrumbList","@id":"https:\/\/horticom.ee\/e-pood\/toode\/sibul-stuttgarter-riesen-allium-cepa-l-b\/#breadcrumb","itemListElement":[{"@type":"ListItem","position":1,"name":"Home","item":"https:\/\/horticom.ee\/e-pood\/"},{"@type":"ListItem","position":2,"name":"Pood","item":"https:\/\/horticom.ee\/e-pood\/pood\/"},{"@type":"ListItem","position":3,"name":"Sibul Stuttgarter Riesen &#8211; Allium cepa L."}]},{"@type":"WebSite","@id":"https:\/\/horticom.ee\/e-pood\/#website","url":"https:\/\/horticom.ee\/e-pood\/","name":"Horticom.ee","description":"Aianduskaubad ja kodukaubad nii harrastajatele kui professionaalidele","potentialAction":[{"@type":"SearchAction","target":{"@type":"EntryPoint","urlTemplate":"https:\/\/horticom.ee\/e-pood\/?s={search_term_string}"},"query-input":{"@type":"PropertyValueSpecification","valueRequired":true,"valueName":"search_term_string"}}],"inLanguage":"ru-RU"}]}},"_links":{"self":[{"href":"https:\/\/horticom.ee\/e-pood\/ru\/wp-json\/wp\/v2\/product\/153253","targetHints":{"allow":["GET"]}}],"collection":[{"href":"https:\/\/horticom.ee\/e-pood\/ru\/wp-json\/wp\/v2\/product"}],"about":[{"href":"https:\/\/horticom.ee\/e-pood\/ru\/wp-json\/wp\/v2\/types\/product"}],"replies":[{"embeddable":true,"href":"https:\/\/horticom.ee\/e-pood\/ru\/wp-json\/wp\/v2\/comments?post=153253"}],"wp:featuredmedia":[{"embeddable":true,"href":"https:\/\/horticom.ee\/e-pood\/ru\/wp-json\/wp\/v2\/media\/171306"}],"wp:attachment":[{"href":"https:\/\/horticom.ee\/e-pood\/ru\/wp-json\/wp\/v2\/media?parent=153253"}],"wp:term":[{"taxonomy":"product_cat","embeddable":true,"href":"https:\/\/horticom.ee\/e-pood\/ru\/wp-json\/wp\/v2\/product_cat?post=153253"},{"taxonomy":"product_tag","embeddable":true,"href":"https:\/\/horticom.ee\/e-pood\/ru\/wp-json\/wp\/v2\/product_tag?post=153253"}],"curies":[{"name":"wp","href":"https:\/\/api.w.org\/{rel}","templated":true}]}}