{"id":153255,"date":"2022-01-17T16:04:17","date_gmt":"2022-01-17T14:04:17","guid":{"rendered":"https:\/\/aednik24.ee\/toode\/lehtkapsas-nero-di-toscana-brassica-oleracea-l-c\/"},"modified":"2026-04-24T03:08:09","modified_gmt":"2026-04-24T00:08:09","slug":"lehtkapsas-nero-di-toscana-brassica-oleracea-l-c","status":"publish","type":"product","link":"https:\/\/horticom.ee\/e-pood\/ru\/toode\/lehtkapsas-nero-di-toscana-brassica-oleracea-l-c\/","title":{"rendered":"Lehtkapsas Nero di toscana &#8211; Brassica oleracea L."},"content":{"rendered":"<p>Lehtkapsas Nero di Toscana &#8211; varajane sort, mida v\u00e4limuse t\u00f5ttu nimetatakse mustaks palmiks. Taimed kasvavad kuni 90cm k\u00f5rguseks. Tumerohelised lehed meenutavad struktuuri poolest savoi kapsa lehti ja on v\u00e4ga dekoratiivsed. Tarvitatakse v\u00e4rskelt, neist keedetakse suppe, v\u00f5ivad kaunistada mitte ainult toite vaid ka lillepeenart. Taimed on k\u00fclmakindlad. K\u00fclm ergutab suhkru kogunemist lehtedes ning seet\u00f5ttu omandavad lehed p\u00e4rast k\u00fclma erilise magusav\u00f5itu maitse.<\/p>\n","protected":false},"excerpt":{"rendered":"<p>Lehtkapsas Nero di Toscana &#8211; varajane sort, mida v\u00e4limuse t\u00f5ttu nimetatakse mustaks palmiks. Taimed kasvavad kuni 90cm k\u00f5rguseks. Tumerohelised lehed meenutavad struktuuri poolest savoi kapsa lehti ja on v\u00e4ga dekoratiivsed. Tarvitatakse v\u00e4rskelt, neist keedetakse suppe, v\u00f5ivad kaunistada mitte ainult toite vaid ka lillepeenart. Taimed on k\u00fclmakindlad. K\u00fclm ergutab suhkru kogunemist lehtedes ning seet\u00f5ttu omandavad lehed [&hellip;]<\/p>\n","protected":false},"featured_media":171304,"comment_status":"closed","ping_status":"closed","template":"","meta":{"_themeisle_gutenberg_block_has_review":false},"product_cat":[13494],"product_tag":[],"class_list":{"0":"post-153255","1":"product","2":"type-product","3":"status-publish","4":"has-post-thumbnail","6":"product_cat-kapsas","8":"first","9":"instock","10":"shipping-taxable","11":"purchasable","12":"product-type-simple"},"yoast_head":"<!-- This site is optimized with the Yoast SEO plugin v24.0 - https:\/\/yoast.com\/wordpress\/plugins\/seo\/ -->\n<title>Lehtkapsas Nero di toscana - Brassica oleracea L.<\/title>\n<meta name=\"description\" content=\"Lehtkapsas Nero di Toscana dekoratiivne, tumeroheliste lehtedega, on tuntud ka kui &quot;must palm&quot;. K\u00fclm muudab lehed magusaks, sobib salatiteks ja suppideks.\" \/>\n<meta name=\"robots\" content=\"index, follow, max-snippet:-1, max-image-preview:large, max-video-preview:-1\" \/>\n<link rel=\"canonical\" href=\"https:\/\/horticom.ee\/e-pood\/toode\/lehtkapsas-nero-di-toscana-brassica-oleracea-l-c\/\" \/>\n<meta property=\"og:locale\" content=\"ru_RU\" \/>\n<meta property=\"og:type\" content=\"article\" \/>\n<meta property=\"og:title\" content=\"Lehtkapsas Nero di toscana - Brassica oleracea L.\" \/>\n<meta property=\"og:description\" content=\"Lehtkapsas Nero di Toscana dekoratiivne, tumeroheliste lehtedega, on tuntud ka kui &quot;must palm&quot;. K\u00fclm muudab lehed magusaks, sobib salatiteks ja suppideks.\" \/>\n<meta property=\"og:url\" content=\"https:\/\/horticom.ee\/e-pood\/toode\/lehtkapsas-nero-di-toscana-brassica-oleracea-l-c\/\" \/>\n<meta property=\"og:site_name\" content=\"Horticom.ee\" \/>\n<meta property=\"article:publisher\" content=\"https:\/\/www.facebook.com\/horticom.ee\/e-pood\" \/>\n<meta property=\"article:modified_time\" content=\"2026-04-24T00:08:09+00:00\" \/>\n<meta property=\"og:image\" content=\"https:\/\/horticom.ee\/e-pood\/wp-content\/uploads\/importedmedia\/product-153255_0-L11599.jpg\" \/>\n\t<meta property=\"og:image:width\" content=\"1000\" \/>\n\t<meta property=\"og:image:height\" content=\"1771\" \/>\n\t<meta property=\"og:image:type\" content=\"image\/jpeg\" \/>\n<meta name=\"twitter:card\" content=\"summary_large_image\" \/>\n<script type=\"application\/ld+json\" class=\"yoast-schema-graph\">{\"@context\":\"https:\/\/schema.org\",\"@graph\":[{\"@type\":\"WebPage\",\"@id\":\"https:\/\/horticom.ee\/e-pood\/toode\/lehtkapsas-nero-di-toscana-brassica-oleracea-l-c\/\",\"url\":\"https:\/\/horticom.ee\/e-pood\/toode\/lehtkapsas-nero-di-toscana-brassica-oleracea-l-c\/\",\"name\":\"Lehtkapsas Nero di toscana - Brassica oleracea L.\",\"isPartOf\":{\"@id\":\"https:\/\/horticom.ee\/e-pood\/#website\"},\"primaryImageOfPage\":{\"@id\":\"https:\/\/horticom.ee\/e-pood\/toode\/lehtkapsas-nero-di-toscana-brassica-oleracea-l-c\/#primaryimage\"},\"image\":{\"@id\":\"https:\/\/horticom.ee\/e-pood\/toode\/lehtkapsas-nero-di-toscana-brassica-oleracea-l-c\/#primaryimage\"},\"thumbnailUrl\":\"https:\/\/horticom.ee\/e-pood\/wp-content\/uploads\/importedmedia\/product-153255_0-L11599.jpg\",\"datePublished\":\"2022-01-17T14:04:17+00:00\",\"dateModified\":\"2026-04-24T00:08:09+00:00\",\"description\":\"Lehtkapsas Nero di Toscana dekoratiivne, tumeroheliste lehtedega, on tuntud ka kui \\\"must palm\\\". K\u00fclm muudab lehed magusaks, sobib salatiteks ja suppideks.\",\"breadcrumb\":{\"@id\":\"https:\/\/horticom.ee\/e-pood\/toode\/lehtkapsas-nero-di-toscana-brassica-oleracea-l-c\/#breadcrumb\"},\"inLanguage\":\"ru-RU\",\"potentialAction\":[{\"@type\":\"ReadAction\",\"target\":[\"https:\/\/horticom.ee\/e-pood\/toode\/lehtkapsas-nero-di-toscana-brassica-oleracea-l-c\/\"]}]},{\"@type\":\"ImageObject\",\"inLanguage\":\"ru-RU\",\"@id\":\"https:\/\/horticom.ee\/e-pood\/toode\/lehtkapsas-nero-di-toscana-brassica-oleracea-l-c\/#primaryimage\",\"url\":\"https:\/\/horticom.ee\/e-pood\/wp-content\/uploads\/importedmedia\/product-153255_0-L11599.jpg\",\"contentUrl\":\"https:\/\/horticom.ee\/e-pood\/wp-content\/uploads\/importedmedia\/product-153255_0-L11599.jpg\",\"width\":1000,\"height\":1771,\"caption\":\"Lehtkapsas Nero di toscana - Brassica oleracea L.\"},{\"@type\":\"BreadcrumbList\",\"@id\":\"https:\/\/horticom.ee\/e-pood\/toode\/lehtkapsas-nero-di-toscana-brassica-oleracea-l-c\/#breadcrumb\",\"itemListElement\":[{\"@type\":\"ListItem\",\"position\":1,\"name\":\"Home\",\"item\":\"https:\/\/horticom.ee\/e-pood\/\"},{\"@type\":\"ListItem\",\"position\":2,\"name\":\"Pood\",\"item\":\"https:\/\/horticom.ee\/e-pood\/pood\/\"},{\"@type\":\"ListItem\",\"position\":3,\"name\":\"Lehtkapsas Nero di toscana &#8211; Brassica oleracea L.\"}]},{\"@type\":\"WebSite\",\"@id\":\"https:\/\/horticom.ee\/e-pood\/#website\",\"url\":\"https:\/\/horticom.ee\/e-pood\/\",\"name\":\"Horticom.ee\",\"description\":\"Aianduskaubad ja kodukaubad nii harrastajatele kui professionaalidele\",\"potentialAction\":[{\"@type\":\"SearchAction\",\"target\":{\"@type\":\"EntryPoint\",\"urlTemplate\":\"https:\/\/horticom.ee\/e-pood\/?s={search_term_string}\"},\"query-input\":{\"@type\":\"PropertyValueSpecification\",\"valueRequired\":true,\"valueName\":\"search_term_string\"}}],\"inLanguage\":\"ru-RU\"}]}<\/script>\n<!-- \/ Yoast SEO plugin. -->","yoast_head_json":{"title":"Lehtkapsas Nero di toscana - Brassica oleracea L.","description":"Lehtkapsas Nero di Toscana dekoratiivne, tumeroheliste lehtedega, on tuntud ka kui \"must palm\". K\u00fclm muudab lehed magusaks, sobib salatiteks ja suppideks.","robots":{"index":"index","follow":"follow","max-snippet":"max-snippet:-1","max-image-preview":"max-image-preview:large","max-video-preview":"max-video-preview:-1"},"canonical":"https:\/\/horticom.ee\/e-pood\/toode\/lehtkapsas-nero-di-toscana-brassica-oleracea-l-c\/","og_locale":"ru_RU","og_type":"article","og_title":"Lehtkapsas Nero di toscana - Brassica oleracea L.","og_description":"Lehtkapsas Nero di Toscana dekoratiivne, tumeroheliste lehtedega, on tuntud ka kui \"must palm\". K\u00fclm muudab lehed magusaks, sobib salatiteks ja suppideks.","og_url":"https:\/\/horticom.ee\/e-pood\/toode\/lehtkapsas-nero-di-toscana-brassica-oleracea-l-c\/","og_site_name":"Horticom.ee","article_publisher":"https:\/\/www.facebook.com\/horticom.ee\/e-pood","article_modified_time":"2026-04-24T00:08:09+00:00","og_image":[{"width":1000,"height":1771,"url":"https:\/\/horticom.ee\/e-pood\/wp-content\/uploads\/importedmedia\/product-153255_0-L11599.jpg","type":"image\/jpeg"}],"twitter_card":"summary_large_image","schema":{"@context":"https:\/\/schema.org","@graph":[{"@type":"WebPage","@id":"https:\/\/horticom.ee\/e-pood\/toode\/lehtkapsas-nero-di-toscana-brassica-oleracea-l-c\/","url":"https:\/\/horticom.ee\/e-pood\/toode\/lehtkapsas-nero-di-toscana-brassica-oleracea-l-c\/","name":"Lehtkapsas Nero di toscana - Brassica oleracea L.","isPartOf":{"@id":"https:\/\/horticom.ee\/e-pood\/#website"},"primaryImageOfPage":{"@id":"https:\/\/horticom.ee\/e-pood\/toode\/lehtkapsas-nero-di-toscana-brassica-oleracea-l-c\/#primaryimage"},"image":{"@id":"https:\/\/horticom.ee\/e-pood\/toode\/lehtkapsas-nero-di-toscana-brassica-oleracea-l-c\/#primaryimage"},"thumbnailUrl":"https:\/\/horticom.ee\/e-pood\/wp-content\/uploads\/importedmedia\/product-153255_0-L11599.jpg","datePublished":"2022-01-17T14:04:17+00:00","dateModified":"2026-04-24T00:08:09+00:00","description":"Lehtkapsas Nero di Toscana dekoratiivne, tumeroheliste lehtedega, on tuntud ka kui \"must palm\". K\u00fclm muudab lehed magusaks, sobib salatiteks ja suppideks.","breadcrumb":{"@id":"https:\/\/horticom.ee\/e-pood\/toode\/lehtkapsas-nero-di-toscana-brassica-oleracea-l-c\/#breadcrumb"},"inLanguage":"ru-RU","potentialAction":[{"@type":"ReadAction","target":["https:\/\/horticom.ee\/e-pood\/toode\/lehtkapsas-nero-di-toscana-brassica-oleracea-l-c\/"]}]},{"@type":"ImageObject","inLanguage":"ru-RU","@id":"https:\/\/horticom.ee\/e-pood\/toode\/lehtkapsas-nero-di-toscana-brassica-oleracea-l-c\/#primaryimage","url":"https:\/\/horticom.ee\/e-pood\/wp-content\/uploads\/importedmedia\/product-153255_0-L11599.jpg","contentUrl":"https:\/\/horticom.ee\/e-pood\/wp-content\/uploads\/importedmedia\/product-153255_0-L11599.jpg","width":1000,"height":1771,"caption":"Lehtkapsas Nero di toscana - Brassica oleracea L."},{"@type":"BreadcrumbList","@id":"https:\/\/horticom.ee\/e-pood\/toode\/lehtkapsas-nero-di-toscana-brassica-oleracea-l-c\/#breadcrumb","itemListElement":[{"@type":"ListItem","position":1,"name":"Home","item":"https:\/\/horticom.ee\/e-pood\/"},{"@type":"ListItem","position":2,"name":"Pood","item":"https:\/\/horticom.ee\/e-pood\/pood\/"},{"@type":"ListItem","position":3,"name":"Lehtkapsas Nero di toscana &#8211; Brassica oleracea L."}]},{"@type":"WebSite","@id":"https:\/\/horticom.ee\/e-pood\/#website","url":"https:\/\/horticom.ee\/e-pood\/","name":"Horticom.ee","description":"Aianduskaubad ja kodukaubad nii harrastajatele kui professionaalidele","potentialAction":[{"@type":"SearchAction","target":{"@type":"EntryPoint","urlTemplate":"https:\/\/horticom.ee\/e-pood\/?s={search_term_string}"},"query-input":{"@type":"PropertyValueSpecification","valueRequired":true,"valueName":"search_term_string"}}],"inLanguage":"ru-RU"}]}},"_links":{"self":[{"href":"https:\/\/horticom.ee\/e-pood\/ru\/wp-json\/wp\/v2\/product\/153255","targetHints":{"allow":["GET"]}}],"collection":[{"href":"https:\/\/horticom.ee\/e-pood\/ru\/wp-json\/wp\/v2\/product"}],"about":[{"href":"https:\/\/horticom.ee\/e-pood\/ru\/wp-json\/wp\/v2\/types\/product"}],"replies":[{"embeddable":true,"href":"https:\/\/horticom.ee\/e-pood\/ru\/wp-json\/wp\/v2\/comments?post=153255"}],"wp:featuredmedia":[{"embeddable":true,"href":"https:\/\/horticom.ee\/e-pood\/ru\/wp-json\/wp\/v2\/media\/171304"}],"wp:attachment":[{"href":"https:\/\/horticom.ee\/e-pood\/ru\/wp-json\/wp\/v2\/media?parent=153255"}],"wp:term":[{"taxonomy":"product_cat","embeddable":true,"href":"https:\/\/horticom.ee\/e-pood\/ru\/wp-json\/wp\/v2\/product_cat?post=153255"},{"taxonomy":"product_tag","embeddable":true,"href":"https:\/\/horticom.ee\/e-pood\/ru\/wp-json\/wp\/v2\/product_tag?post=153255"}],"curies":[{"name":"wp","href":"https:\/\/api.w.org\/{rel}","templated":true}]}}