{"id":153256,"date":"2022-01-17T16:04:18","date_gmt":"2022-01-17T14:04:18","guid":{"rendered":"https:\/\/aednik24.ee\/toode\/salat-grand-rapids-lactuca-sativa-l-b\/"},"modified":"2026-05-04T03:05:23","modified_gmt":"2026-05-04T00:05:23","slug":"salat-grand-rapids-lactuca-sativa-l-b","status":"publish","type":"product","link":"https:\/\/horticom.ee\/e-pood\/ru\/toode\/salat-grand-rapids-lactuca-sativa-l-b\/","title":{"rendered":"Salat Grand rapids &#8211; Lactuca sativa L."},"content":{"rendered":"<p>Salat Grand Rapids on varajane lehtsalati sort. Kasvatatakse kevadiseks, suviseks, s\u00fcgiseseks saagiks. V\u00f5ib k\u00fclvata nii v\u00e4lja kui ka kasvuhoonesse, pikka aega ei kasva \u00fcle. Valmib 35\u201350 p\u00e4eva jooksul. K\u00f5ige paremini kasvab saviliivas v\u00f5i kerges liivsavimullas, h\u00e4sti haritud, umbrohuta pinnases. 1g umbes 800\u20131200 seemet.<\/p>\n","protected":false},"excerpt":{"rendered":"<p>Salat Grand Rapids on varajane lehtsalati sort. Kasvatatakse kevadiseks, suviseks, s\u00fcgiseseks saagiks. V\u00f5ib k\u00fclvata nii v\u00e4lja kui ka kasvuhoonesse, pikka aega ei kasva \u00fcle. Valmib 35\u201350 p\u00e4eva jooksul. K\u00f5ige paremini kasvab saviliivas v\u00f5i kerges liivsavimullas, h\u00e4sti haritud, umbrohuta pinnases. 1g umbes 800\u20131200 seemet.<\/p>\n","protected":false},"featured_media":171302,"comment_status":"closed","ping_status":"closed","template":"","meta":{"_themeisle_gutenberg_block_has_review":false},"product_cat":[13484],"product_tag":[],"class_list":{"0":"post-153256","1":"product","2":"type-product","3":"status-publish","4":"has-post-thumbnail","6":"product_cat-salat-spinat-ruccola","8":"first","9":"instock","10":"shipping-taxable","11":"purchasable","12":"product-type-simple"},"yoast_head":"<!-- This site is optimized with the Yoast SEO plugin v24.0 - https:\/\/yoast.com\/wordpress\/plugins\/seo\/ -->\n<title>Salat Grand rapids - Lactuca sativa L. - Horticom.ee<\/title>\n<meta name=\"description\" content=\"Salat Grand Rapids on varajane lehtsalat, kr\u00f5mpsuvate ja maitsvate lehtedega. Sobib kevadiseks, suviseks ja s\u00fcgiseseks saagiks.\" \/>\n<meta name=\"robots\" content=\"index, follow, max-snippet:-1, max-image-preview:large, max-video-preview:-1\" \/>\n<link rel=\"canonical\" href=\"https:\/\/horticom.ee\/e-pood\/toode\/salat-grand-rapids-lactuca-sativa-l-b\/\" \/>\n<meta property=\"og:locale\" content=\"ru_RU\" \/>\n<meta property=\"og:type\" content=\"article\" \/>\n<meta property=\"og:title\" content=\"Salat Grand rapids - Lactuca sativa L. - Horticom.ee\" \/>\n<meta property=\"og:description\" content=\"Salat Grand Rapids on varajane lehtsalat, kr\u00f5mpsuvate ja maitsvate lehtedega. Sobib kevadiseks, suviseks ja s\u00fcgiseseks saagiks.\" \/>\n<meta property=\"og:url\" content=\"https:\/\/horticom.ee\/e-pood\/toode\/salat-grand-rapids-lactuca-sativa-l-b\/\" \/>\n<meta property=\"og:site_name\" content=\"Horticom.ee\" \/>\n<meta property=\"article:publisher\" content=\"https:\/\/www.facebook.com\/horticom.ee\/e-pood\" \/>\n<meta property=\"article:modified_time\" content=\"2026-05-04T00:05:23+00:00\" \/>\n<meta property=\"og:image\" content=\"https:\/\/horticom.ee\/e-pood\/wp-content\/uploads\/importedmedia\/product-153256_0-L14102.jpg\" \/>\n\t<meta property=\"og:image:width\" content=\"1000\" \/>\n\t<meta property=\"og:image:height\" content=\"1750\" \/>\n\t<meta property=\"og:image:type\" content=\"image\/jpeg\" \/>\n<meta name=\"twitter:card\" content=\"summary_large_image\" \/>\n<script type=\"application\/ld+json\" class=\"yoast-schema-graph\">{\"@context\":\"https:\/\/schema.org\",\"@graph\":[{\"@type\":\"WebPage\",\"@id\":\"https:\/\/horticom.ee\/e-pood\/toode\/salat-grand-rapids-lactuca-sativa-l-b\/\",\"url\":\"https:\/\/horticom.ee\/e-pood\/toode\/salat-grand-rapids-lactuca-sativa-l-b\/\",\"name\":\"Salat Grand rapids - Lactuca sativa L. - Horticom.ee\",\"isPartOf\":{\"@id\":\"https:\/\/horticom.ee\/e-pood\/#website\"},\"primaryImageOfPage\":{\"@id\":\"https:\/\/horticom.ee\/e-pood\/toode\/salat-grand-rapids-lactuca-sativa-l-b\/#primaryimage\"},\"image\":{\"@id\":\"https:\/\/horticom.ee\/e-pood\/toode\/salat-grand-rapids-lactuca-sativa-l-b\/#primaryimage\"},\"thumbnailUrl\":\"https:\/\/horticom.ee\/e-pood\/wp-content\/uploads\/importedmedia\/product-153256_0-L14102.jpg\",\"datePublished\":\"2022-01-17T14:04:18+00:00\",\"dateModified\":\"2026-05-04T00:05:23+00:00\",\"description\":\"Salat Grand Rapids on varajane lehtsalat, kr\u00f5mpsuvate ja maitsvate lehtedega. Sobib kevadiseks, suviseks ja s\u00fcgiseseks saagiks.\",\"breadcrumb\":{\"@id\":\"https:\/\/horticom.ee\/e-pood\/toode\/salat-grand-rapids-lactuca-sativa-l-b\/#breadcrumb\"},\"inLanguage\":\"ru-RU\",\"potentialAction\":[{\"@type\":\"ReadAction\",\"target\":[\"https:\/\/horticom.ee\/e-pood\/toode\/salat-grand-rapids-lactuca-sativa-l-b\/\"]}]},{\"@type\":\"ImageObject\",\"inLanguage\":\"ru-RU\",\"@id\":\"https:\/\/horticom.ee\/e-pood\/toode\/salat-grand-rapids-lactuca-sativa-l-b\/#primaryimage\",\"url\":\"https:\/\/horticom.ee\/e-pood\/wp-content\/uploads\/importedmedia\/product-153256_0-L14102.jpg\",\"contentUrl\":\"https:\/\/horticom.ee\/e-pood\/wp-content\/uploads\/importedmedia\/product-153256_0-L14102.jpg\",\"width\":1000,\"height\":1750,\"caption\":\"Salat Grand rapids - Lactuca sativa L.\"},{\"@type\":\"BreadcrumbList\",\"@id\":\"https:\/\/horticom.ee\/e-pood\/toode\/salat-grand-rapids-lactuca-sativa-l-b\/#breadcrumb\",\"itemListElement\":[{\"@type\":\"ListItem\",\"position\":1,\"name\":\"Home\",\"item\":\"https:\/\/horticom.ee\/e-pood\/\"},{\"@type\":\"ListItem\",\"position\":2,\"name\":\"Pood\",\"item\":\"https:\/\/horticom.ee\/e-pood\/pood\/\"},{\"@type\":\"ListItem\",\"position\":3,\"name\":\"Salat Grand rapids &#8211; Lactuca sativa L.\"}]},{\"@type\":\"WebSite\",\"@id\":\"https:\/\/horticom.ee\/e-pood\/#website\",\"url\":\"https:\/\/horticom.ee\/e-pood\/\",\"name\":\"Horticom.ee\",\"description\":\"Aianduskaubad ja kodukaubad nii harrastajatele kui professionaalidele\",\"potentialAction\":[{\"@type\":\"SearchAction\",\"target\":{\"@type\":\"EntryPoint\",\"urlTemplate\":\"https:\/\/horticom.ee\/e-pood\/?s={search_term_string}\"},\"query-input\":{\"@type\":\"PropertyValueSpecification\",\"valueRequired\":true,\"valueName\":\"search_term_string\"}}],\"inLanguage\":\"ru-RU\"}]}<\/script>\n<!-- \/ Yoast SEO plugin. -->","yoast_head_json":{"title":"Salat Grand rapids - Lactuca sativa L. - Horticom.ee","description":"Salat Grand Rapids on varajane lehtsalat, kr\u00f5mpsuvate ja maitsvate lehtedega. Sobib kevadiseks, suviseks ja s\u00fcgiseseks saagiks.","robots":{"index":"index","follow":"follow","max-snippet":"max-snippet:-1","max-image-preview":"max-image-preview:large","max-video-preview":"max-video-preview:-1"},"canonical":"https:\/\/horticom.ee\/e-pood\/toode\/salat-grand-rapids-lactuca-sativa-l-b\/","og_locale":"ru_RU","og_type":"article","og_title":"Salat Grand rapids - Lactuca sativa L. - Horticom.ee","og_description":"Salat Grand Rapids on varajane lehtsalat, kr\u00f5mpsuvate ja maitsvate lehtedega. Sobib kevadiseks, suviseks ja s\u00fcgiseseks saagiks.","og_url":"https:\/\/horticom.ee\/e-pood\/toode\/salat-grand-rapids-lactuca-sativa-l-b\/","og_site_name":"Horticom.ee","article_publisher":"https:\/\/www.facebook.com\/horticom.ee\/e-pood","article_modified_time":"2026-05-04T00:05:23+00:00","og_image":[{"width":1000,"height":1750,"url":"https:\/\/horticom.ee\/e-pood\/wp-content\/uploads\/importedmedia\/product-153256_0-L14102.jpg","type":"image\/jpeg"}],"twitter_card":"summary_large_image","schema":{"@context":"https:\/\/schema.org","@graph":[{"@type":"WebPage","@id":"https:\/\/horticom.ee\/e-pood\/toode\/salat-grand-rapids-lactuca-sativa-l-b\/","url":"https:\/\/horticom.ee\/e-pood\/toode\/salat-grand-rapids-lactuca-sativa-l-b\/","name":"Salat Grand rapids - Lactuca sativa L. - Horticom.ee","isPartOf":{"@id":"https:\/\/horticom.ee\/e-pood\/#website"},"primaryImageOfPage":{"@id":"https:\/\/horticom.ee\/e-pood\/toode\/salat-grand-rapids-lactuca-sativa-l-b\/#primaryimage"},"image":{"@id":"https:\/\/horticom.ee\/e-pood\/toode\/salat-grand-rapids-lactuca-sativa-l-b\/#primaryimage"},"thumbnailUrl":"https:\/\/horticom.ee\/e-pood\/wp-content\/uploads\/importedmedia\/product-153256_0-L14102.jpg","datePublished":"2022-01-17T14:04:18+00:00","dateModified":"2026-05-04T00:05:23+00:00","description":"Salat Grand Rapids on varajane lehtsalat, kr\u00f5mpsuvate ja maitsvate lehtedega. Sobib kevadiseks, suviseks ja s\u00fcgiseseks saagiks.","breadcrumb":{"@id":"https:\/\/horticom.ee\/e-pood\/toode\/salat-grand-rapids-lactuca-sativa-l-b\/#breadcrumb"},"inLanguage":"ru-RU","potentialAction":[{"@type":"ReadAction","target":["https:\/\/horticom.ee\/e-pood\/toode\/salat-grand-rapids-lactuca-sativa-l-b\/"]}]},{"@type":"ImageObject","inLanguage":"ru-RU","@id":"https:\/\/horticom.ee\/e-pood\/toode\/salat-grand-rapids-lactuca-sativa-l-b\/#primaryimage","url":"https:\/\/horticom.ee\/e-pood\/wp-content\/uploads\/importedmedia\/product-153256_0-L14102.jpg","contentUrl":"https:\/\/horticom.ee\/e-pood\/wp-content\/uploads\/importedmedia\/product-153256_0-L14102.jpg","width":1000,"height":1750,"caption":"Salat Grand rapids - Lactuca sativa L."},{"@type":"BreadcrumbList","@id":"https:\/\/horticom.ee\/e-pood\/toode\/salat-grand-rapids-lactuca-sativa-l-b\/#breadcrumb","itemListElement":[{"@type":"ListItem","position":1,"name":"Home","item":"https:\/\/horticom.ee\/e-pood\/"},{"@type":"ListItem","position":2,"name":"Pood","item":"https:\/\/horticom.ee\/e-pood\/pood\/"},{"@type":"ListItem","position":3,"name":"Salat Grand rapids &#8211; Lactuca sativa L."}]},{"@type":"WebSite","@id":"https:\/\/horticom.ee\/e-pood\/#website","url":"https:\/\/horticom.ee\/e-pood\/","name":"Horticom.ee","description":"Aianduskaubad ja kodukaubad nii harrastajatele kui professionaalidele","potentialAction":[{"@type":"SearchAction","target":{"@type":"EntryPoint","urlTemplate":"https:\/\/horticom.ee\/e-pood\/?s={search_term_string}"},"query-input":{"@type":"PropertyValueSpecification","valueRequired":true,"valueName":"search_term_string"}}],"inLanguage":"ru-RU"}]}},"_links":{"self":[{"href":"https:\/\/horticom.ee\/e-pood\/ru\/wp-json\/wp\/v2\/product\/153256","targetHints":{"allow":["GET"]}}],"collection":[{"href":"https:\/\/horticom.ee\/e-pood\/ru\/wp-json\/wp\/v2\/product"}],"about":[{"href":"https:\/\/horticom.ee\/e-pood\/ru\/wp-json\/wp\/v2\/types\/product"}],"replies":[{"embeddable":true,"href":"https:\/\/horticom.ee\/e-pood\/ru\/wp-json\/wp\/v2\/comments?post=153256"}],"wp:featuredmedia":[{"embeddable":true,"href":"https:\/\/horticom.ee\/e-pood\/ru\/wp-json\/wp\/v2\/media\/171302"}],"wp:attachment":[{"href":"https:\/\/horticom.ee\/e-pood\/ru\/wp-json\/wp\/v2\/media?parent=153256"}],"wp:term":[{"taxonomy":"product_cat","embeddable":true,"href":"https:\/\/horticom.ee\/e-pood\/ru\/wp-json\/wp\/v2\/product_cat?post=153256"},{"taxonomy":"product_tag","embeddable":true,"href":"https:\/\/horticom.ee\/e-pood\/ru\/wp-json\/wp\/v2\/product_tag?post=153256"}],"curies":[{"name":"wp","href":"https:\/\/api.w.org\/{rel}","templated":true}]}}