{"id":153258,"date":"2022-01-17T16:04:19","date_gmt":"2022-01-17T14:04:19","guid":{"rendered":"https:\/\/aednik24.ee\/toode\/nuikapsas-modrava-h-brassica-oleracea-l-c\/"},"modified":"2026-05-04T03:05:23","modified_gmt":"2026-05-04T00:05:23","slug":"nuikapsas-modrava-h-brassica-oleracea-l-c","status":"publish","type":"product","link":"https:\/\/horticom.ee\/e-pood\/ru\/toode\/nuikapsas-modrava-h-brassica-oleracea-l-c\/","title":{"rendered":"Nuikapsas Modrava H &#8211; Brassica oleracea L."},"content":{"rendered":"<p>Nuikapsas Modrava H \u2013 varajane h\u00fcbriid suviseks ja s\u00fcgiseseks saagiks. Ilusa lilla v\u00e4rvusega. Mugulad hea maheda maitsega, keskmise suurusega, ei pragune. S\u00fc\u00fcakse v\u00e4rskelt, keedetud, aurutatud, noored lehed sobivad supi, salati sisse. Sisaldab palju v\u00e4\u00e4rtuslikke toitaineid. Kasvavad h\u00e4sti keskmiselt raskes viljakas pinnases.<\/p>\n","protected":false},"excerpt":{"rendered":"<p>Nuikapsas Modrava H \u2013 varajane h\u00fcbriid suviseks ja s\u00fcgiseseks saagiks. Ilusa lilla v\u00e4rvusega. Mugulad hea maheda maitsega, keskmise suurusega, ei pragune. S\u00fc\u00fcakse v\u00e4rskelt, keedetud, aurutatud, noored lehed sobivad supi, salati sisse. Sisaldab palju v\u00e4\u00e4rtuslikke toitaineid. Kasvavad h\u00e4sti keskmiselt raskes viljakas pinnases.<\/p>\n","protected":false},"featured_media":171300,"comment_status":"closed","ping_status":"closed","template":"","meta":{"_themeisle_gutenberg_block_has_review":false},"product_cat":[13494],"product_tag":[],"class_list":{"0":"post-153258","1":"product","2":"type-product","3":"status-publish","4":"has-post-thumbnail","6":"product_cat-kapsas","8":"first","9":"instock","10":"shipping-taxable","11":"purchasable","12":"product-type-simple"},"yoast_head":"<!-- This site is optimized with the Yoast SEO plugin v24.0 - https:\/\/yoast.com\/wordpress\/plugins\/seo\/ -->\n<title>Nuikapsas Modrava H - Brassica oleracea L. - Horticom.ee<\/title>\n<meta name=\"description\" content=\"Nuikapsas Modrava H on varajane h\u00fcbriid lilla v\u00e4rvusega, maheda maitsega mugulad. Sobib v\u00e4rskelt, keedetult v\u00f5i aurutatult tarbimiseks.\" \/>\n<meta name=\"robots\" content=\"index, follow, max-snippet:-1, max-image-preview:large, max-video-preview:-1\" \/>\n<link rel=\"canonical\" href=\"https:\/\/horticom.ee\/e-pood\/toode\/nuikapsas-modrava-h-brassica-oleracea-l-c\/\" \/>\n<meta property=\"og:locale\" content=\"ru_RU\" \/>\n<meta property=\"og:type\" content=\"article\" \/>\n<meta property=\"og:title\" content=\"Nuikapsas Modrava H - Brassica oleracea L. - Horticom.ee\" \/>\n<meta property=\"og:description\" content=\"Nuikapsas Modrava H on varajane h\u00fcbriid lilla v\u00e4rvusega, maheda maitsega mugulad. Sobib v\u00e4rskelt, keedetult v\u00f5i aurutatult tarbimiseks.\" \/>\n<meta property=\"og:url\" content=\"https:\/\/horticom.ee\/e-pood\/toode\/nuikapsas-modrava-h-brassica-oleracea-l-c\/\" \/>\n<meta property=\"og:site_name\" content=\"Horticom.ee\" \/>\n<meta property=\"article:publisher\" content=\"https:\/\/www.facebook.com\/horticom.ee\/e-pood\" \/>\n<meta property=\"article:modified_time\" content=\"2026-05-04T00:05:23+00:00\" \/>\n<meta property=\"og:image\" content=\"https:\/\/horticom.ee\/e-pood\/wp-content\/uploads\/importedmedia\/product-153258_0-L11612.jpg\" \/>\n\t<meta property=\"og:image:width\" content=\"1000\" \/>\n\t<meta property=\"og:image:height\" content=\"1752\" \/>\n\t<meta property=\"og:image:type\" content=\"image\/jpeg\" \/>\n<meta name=\"twitter:card\" content=\"summary_large_image\" \/>\n<script type=\"application\/ld+json\" class=\"yoast-schema-graph\">{\"@context\":\"https:\/\/schema.org\",\"@graph\":[{\"@type\":\"WebPage\",\"@id\":\"https:\/\/horticom.ee\/e-pood\/toode\/nuikapsas-modrava-h-brassica-oleracea-l-c\/\",\"url\":\"https:\/\/horticom.ee\/e-pood\/toode\/nuikapsas-modrava-h-brassica-oleracea-l-c\/\",\"name\":\"Nuikapsas Modrava H - Brassica oleracea L. - Horticom.ee\",\"isPartOf\":{\"@id\":\"https:\/\/horticom.ee\/e-pood\/#website\"},\"primaryImageOfPage\":{\"@id\":\"https:\/\/horticom.ee\/e-pood\/toode\/nuikapsas-modrava-h-brassica-oleracea-l-c\/#primaryimage\"},\"image\":{\"@id\":\"https:\/\/horticom.ee\/e-pood\/toode\/nuikapsas-modrava-h-brassica-oleracea-l-c\/#primaryimage\"},\"thumbnailUrl\":\"https:\/\/horticom.ee\/e-pood\/wp-content\/uploads\/importedmedia\/product-153258_0-L11612.jpg\",\"datePublished\":\"2022-01-17T14:04:19+00:00\",\"dateModified\":\"2026-05-04T00:05:23+00:00\",\"description\":\"Nuikapsas Modrava H on varajane h\u00fcbriid lilla v\u00e4rvusega, maheda maitsega mugulad. Sobib v\u00e4rskelt, keedetult v\u00f5i aurutatult tarbimiseks.\",\"breadcrumb\":{\"@id\":\"https:\/\/horticom.ee\/e-pood\/toode\/nuikapsas-modrava-h-brassica-oleracea-l-c\/#breadcrumb\"},\"inLanguage\":\"ru-RU\",\"potentialAction\":[{\"@type\":\"ReadAction\",\"target\":[\"https:\/\/horticom.ee\/e-pood\/toode\/nuikapsas-modrava-h-brassica-oleracea-l-c\/\"]}]},{\"@type\":\"ImageObject\",\"inLanguage\":\"ru-RU\",\"@id\":\"https:\/\/horticom.ee\/e-pood\/toode\/nuikapsas-modrava-h-brassica-oleracea-l-c\/#primaryimage\",\"url\":\"https:\/\/horticom.ee\/e-pood\/wp-content\/uploads\/importedmedia\/product-153258_0-L11612.jpg\",\"contentUrl\":\"https:\/\/horticom.ee\/e-pood\/wp-content\/uploads\/importedmedia\/product-153258_0-L11612.jpg\",\"width\":1000,\"height\":1752,\"caption\":\"Nuikapsas Modrava H - Brassica oleracea L.\"},{\"@type\":\"BreadcrumbList\",\"@id\":\"https:\/\/horticom.ee\/e-pood\/toode\/nuikapsas-modrava-h-brassica-oleracea-l-c\/#breadcrumb\",\"itemListElement\":[{\"@type\":\"ListItem\",\"position\":1,\"name\":\"Home\",\"item\":\"https:\/\/horticom.ee\/e-pood\/\"},{\"@type\":\"ListItem\",\"position\":2,\"name\":\"Pood\",\"item\":\"https:\/\/horticom.ee\/e-pood\/pood\/\"},{\"@type\":\"ListItem\",\"position\":3,\"name\":\"Nuikapsas Modrava H &#8211; Brassica oleracea L.\"}]},{\"@type\":\"WebSite\",\"@id\":\"https:\/\/horticom.ee\/e-pood\/#website\",\"url\":\"https:\/\/horticom.ee\/e-pood\/\",\"name\":\"Horticom.ee\",\"description\":\"Aianduskaubad ja kodukaubad nii harrastajatele kui professionaalidele\",\"potentialAction\":[{\"@type\":\"SearchAction\",\"target\":{\"@type\":\"EntryPoint\",\"urlTemplate\":\"https:\/\/horticom.ee\/e-pood\/?s={search_term_string}\"},\"query-input\":{\"@type\":\"PropertyValueSpecification\",\"valueRequired\":true,\"valueName\":\"search_term_string\"}}],\"inLanguage\":\"ru-RU\"}]}<\/script>\n<!-- \/ Yoast SEO plugin. -->","yoast_head_json":{"title":"Nuikapsas Modrava H - Brassica oleracea L. - Horticom.ee","description":"Nuikapsas Modrava H on varajane h\u00fcbriid lilla v\u00e4rvusega, maheda maitsega mugulad. Sobib v\u00e4rskelt, keedetult v\u00f5i aurutatult tarbimiseks.","robots":{"index":"index","follow":"follow","max-snippet":"max-snippet:-1","max-image-preview":"max-image-preview:large","max-video-preview":"max-video-preview:-1"},"canonical":"https:\/\/horticom.ee\/e-pood\/toode\/nuikapsas-modrava-h-brassica-oleracea-l-c\/","og_locale":"ru_RU","og_type":"article","og_title":"Nuikapsas Modrava H - Brassica oleracea L. - Horticom.ee","og_description":"Nuikapsas Modrava H on varajane h\u00fcbriid lilla v\u00e4rvusega, maheda maitsega mugulad. Sobib v\u00e4rskelt, keedetult v\u00f5i aurutatult tarbimiseks.","og_url":"https:\/\/horticom.ee\/e-pood\/toode\/nuikapsas-modrava-h-brassica-oleracea-l-c\/","og_site_name":"Horticom.ee","article_publisher":"https:\/\/www.facebook.com\/horticom.ee\/e-pood","article_modified_time":"2026-05-04T00:05:23+00:00","og_image":[{"width":1000,"height":1752,"url":"https:\/\/horticom.ee\/e-pood\/wp-content\/uploads\/importedmedia\/product-153258_0-L11612.jpg","type":"image\/jpeg"}],"twitter_card":"summary_large_image","schema":{"@context":"https:\/\/schema.org","@graph":[{"@type":"WebPage","@id":"https:\/\/horticom.ee\/e-pood\/toode\/nuikapsas-modrava-h-brassica-oleracea-l-c\/","url":"https:\/\/horticom.ee\/e-pood\/toode\/nuikapsas-modrava-h-brassica-oleracea-l-c\/","name":"Nuikapsas Modrava H - Brassica oleracea L. - Horticom.ee","isPartOf":{"@id":"https:\/\/horticom.ee\/e-pood\/#website"},"primaryImageOfPage":{"@id":"https:\/\/horticom.ee\/e-pood\/toode\/nuikapsas-modrava-h-brassica-oleracea-l-c\/#primaryimage"},"image":{"@id":"https:\/\/horticom.ee\/e-pood\/toode\/nuikapsas-modrava-h-brassica-oleracea-l-c\/#primaryimage"},"thumbnailUrl":"https:\/\/horticom.ee\/e-pood\/wp-content\/uploads\/importedmedia\/product-153258_0-L11612.jpg","datePublished":"2022-01-17T14:04:19+00:00","dateModified":"2026-05-04T00:05:23+00:00","description":"Nuikapsas Modrava H on varajane h\u00fcbriid lilla v\u00e4rvusega, maheda maitsega mugulad. Sobib v\u00e4rskelt, keedetult v\u00f5i aurutatult tarbimiseks.","breadcrumb":{"@id":"https:\/\/horticom.ee\/e-pood\/toode\/nuikapsas-modrava-h-brassica-oleracea-l-c\/#breadcrumb"},"inLanguage":"ru-RU","potentialAction":[{"@type":"ReadAction","target":["https:\/\/horticom.ee\/e-pood\/toode\/nuikapsas-modrava-h-brassica-oleracea-l-c\/"]}]},{"@type":"ImageObject","inLanguage":"ru-RU","@id":"https:\/\/horticom.ee\/e-pood\/toode\/nuikapsas-modrava-h-brassica-oleracea-l-c\/#primaryimage","url":"https:\/\/horticom.ee\/e-pood\/wp-content\/uploads\/importedmedia\/product-153258_0-L11612.jpg","contentUrl":"https:\/\/horticom.ee\/e-pood\/wp-content\/uploads\/importedmedia\/product-153258_0-L11612.jpg","width":1000,"height":1752,"caption":"Nuikapsas Modrava H - Brassica oleracea L."},{"@type":"BreadcrumbList","@id":"https:\/\/horticom.ee\/e-pood\/toode\/nuikapsas-modrava-h-brassica-oleracea-l-c\/#breadcrumb","itemListElement":[{"@type":"ListItem","position":1,"name":"Home","item":"https:\/\/horticom.ee\/e-pood\/"},{"@type":"ListItem","position":2,"name":"Pood","item":"https:\/\/horticom.ee\/e-pood\/pood\/"},{"@type":"ListItem","position":3,"name":"Nuikapsas Modrava H &#8211; Brassica oleracea L."}]},{"@type":"WebSite","@id":"https:\/\/horticom.ee\/e-pood\/#website","url":"https:\/\/horticom.ee\/e-pood\/","name":"Horticom.ee","description":"Aianduskaubad ja kodukaubad nii harrastajatele kui professionaalidele","potentialAction":[{"@type":"SearchAction","target":{"@type":"EntryPoint","urlTemplate":"https:\/\/horticom.ee\/e-pood\/?s={search_term_string}"},"query-input":{"@type":"PropertyValueSpecification","valueRequired":true,"valueName":"search_term_string"}}],"inLanguage":"ru-RU"}]}},"_links":{"self":[{"href":"https:\/\/horticom.ee\/e-pood\/ru\/wp-json\/wp\/v2\/product\/153258","targetHints":{"allow":["GET"]}}],"collection":[{"href":"https:\/\/horticom.ee\/e-pood\/ru\/wp-json\/wp\/v2\/product"}],"about":[{"href":"https:\/\/horticom.ee\/e-pood\/ru\/wp-json\/wp\/v2\/types\/product"}],"replies":[{"embeddable":true,"href":"https:\/\/horticom.ee\/e-pood\/ru\/wp-json\/wp\/v2\/comments?post=153258"}],"wp:featuredmedia":[{"embeddable":true,"href":"https:\/\/horticom.ee\/e-pood\/ru\/wp-json\/wp\/v2\/media\/171300"}],"wp:attachment":[{"href":"https:\/\/horticom.ee\/e-pood\/ru\/wp-json\/wp\/v2\/media?parent=153258"}],"wp:term":[{"taxonomy":"product_cat","embeddable":true,"href":"https:\/\/horticom.ee\/e-pood\/ru\/wp-json\/wp\/v2\/product_cat?post=153258"},{"taxonomy":"product_tag","embeddable":true,"href":"https:\/\/horticom.ee\/e-pood\/ru\/wp-json\/wp\/v2\/product_tag?post=153258"}],"curies":[{"name":"wp","href":"https:\/\/api.w.org\/{rel}","templated":true}]}}