{"id":153270,"date":"2022-01-17T16:04:27","date_gmt":"2022-01-17T14:04:27","guid":{"rendered":"https:\/\/aednik24.ee\/toode\/peet-pablo-h-beta-vulgaris-l-e\/"},"modified":"2026-04-24T03:08:10","modified_gmt":"2026-04-24T00:08:10","slug":"peet-pablo-h-beta-vulgaris-l-e","status":"publish","type":"product","link":"https:\/\/horticom.ee\/e-pood\/ru\/toode\/peet-pablo-h-beta-vulgaris-l-e\/","title":{"rendered":"Peet Pablo H &#8211; Beta vulgaris L."},"content":{"rendered":"<p>Peet Pablo H on varajane h\u00fcbriidsort. Juurvili sile, tumepunane violetse varjundiga, mahlakas.<br \/>\nKasutatakse v\u00e4rskelt v\u00f5i konserveeritult. Pikaajalise s\u00e4ilivusega. Saak koristatakse 108-112 p\u00e4eva p\u00e4rast t\u00e4rkamist. K\u00fclviaeg kasvukohale aprill-juuni. Eelistab p\u00e4ikesepaistelist kasvukohta.<\/p>\n","protected":false},"excerpt":{"rendered":"<p>Peet Pablo H on varajane h\u00fcbriidsort. Juurvili sile, tumepunane violetse varjundiga, mahlakas. Kasutatakse v\u00e4rskelt v\u00f5i konserveeritult. Pikaajalise s\u00e4ilivusega. Saak koristatakse 108-112 p\u00e4eva p\u00e4rast t\u00e4rkamist. K\u00fclviaeg kasvukohale aprill-juuni. Eelistab p\u00e4ikesepaistelist kasvukohta.<\/p>\n","protected":false},"featured_media":170484,"comment_status":"closed","ping_status":"closed","template":"","meta":{"_themeisle_gutenberg_block_has_review":false},"product_cat":[13488],"product_tag":[],"class_list":{"0":"post-153270","1":"product","2":"type-product","3":"status-publish","4":"has-post-thumbnail","6":"product_cat-peet-punapeet-kaalikas","8":"first","9":"outofstock","10":"shipping-taxable","11":"purchasable","12":"product-type-simple"},"yoast_head":"<!-- This site is optimized with the Yoast SEO plugin v24.0 - https:\/\/yoast.com\/wordpress\/plugins\/seo\/ -->\n<title>Peet Pablo H - Beta vulgaris L. - Horticom.ee\/e-pood<\/title>\n<meta name=\"description\" content=\"Peet Pablo H \u2013 Varajane h\u00fcbriidsort tumepunaste, mahlakate juurviljadega. Sobib v\u00e4rskelt tarbimiseks ja konserveerimiseks. S\u00e4ilib pikalt.\" \/>\n<meta name=\"robots\" content=\"index, follow, max-snippet:-1, max-image-preview:large, max-video-preview:-1\" \/>\n<link rel=\"canonical\" href=\"https:\/\/horticom.ee\/e-pood\/toode\/peet-pablo-h-beta-vulgaris-l-e\/\" \/>\n<meta property=\"og:locale\" content=\"ru_RU\" \/>\n<meta property=\"og:type\" content=\"article\" \/>\n<meta property=\"og:title\" content=\"Peet Pablo H - Beta vulgaris L. - Horticom.ee\/e-pood\" \/>\n<meta property=\"og:description\" content=\"Peet Pablo H \u2013 Varajane h\u00fcbriidsort tumepunaste, mahlakate juurviljadega. Sobib v\u00e4rskelt tarbimiseks ja konserveerimiseks. S\u00e4ilib pikalt.\" \/>\n<meta property=\"og:url\" content=\"https:\/\/horticom.ee\/e-pood\/toode\/peet-pablo-h-beta-vulgaris-l-e\/\" \/>\n<meta property=\"og:site_name\" content=\"Horticom.ee\" \/>\n<meta property=\"article:publisher\" content=\"https:\/\/www.facebook.com\/horticom.ee\/e-pood\" \/>\n<meta property=\"article:modified_time\" content=\"2026-04-24T00:08:10+00:00\" \/>\n<meta property=\"og:image\" content=\"https:\/\/horticom.ee\/e-pood\/wp-content\/uploads\/importedmedia\/product-153270_0-L0603.jpg\" \/>\n\t<meta property=\"og:image:width\" content=\"1000\" \/>\n\t<meta property=\"og:image:height\" content=\"1751\" \/>\n\t<meta property=\"og:image:type\" content=\"image\/jpeg\" \/>\n<meta name=\"twitter:card\" content=\"summary_large_image\" \/>\n<script type=\"application\/ld+json\" class=\"yoast-schema-graph\">{\"@context\":\"https:\/\/schema.org\",\"@graph\":[{\"@type\":\"WebPage\",\"@id\":\"https:\/\/horticom.ee\/e-pood\/toode\/peet-pablo-h-beta-vulgaris-l-e\/\",\"url\":\"https:\/\/horticom.ee\/e-pood\/toode\/peet-pablo-h-beta-vulgaris-l-e\/\",\"name\":\"Peet Pablo H - Beta vulgaris L. - Horticom.ee\/e-pood\",\"isPartOf\":{\"@id\":\"https:\/\/horticom.ee\/e-pood\/#website\"},\"primaryImageOfPage\":{\"@id\":\"https:\/\/horticom.ee\/e-pood\/toode\/peet-pablo-h-beta-vulgaris-l-e\/#primaryimage\"},\"image\":{\"@id\":\"https:\/\/horticom.ee\/e-pood\/toode\/peet-pablo-h-beta-vulgaris-l-e\/#primaryimage\"},\"thumbnailUrl\":\"https:\/\/horticom.ee\/e-pood\/wp-content\/uploads\/importedmedia\/product-153270_0-L0603.jpg\",\"datePublished\":\"2022-01-17T14:04:27+00:00\",\"dateModified\":\"2026-04-24T00:08:10+00:00\",\"description\":\"Peet Pablo H \u2013 Varajane h\u00fcbriidsort tumepunaste, mahlakate juurviljadega. Sobib v\u00e4rskelt tarbimiseks ja konserveerimiseks. S\u00e4ilib pikalt.\",\"breadcrumb\":{\"@id\":\"https:\/\/horticom.ee\/e-pood\/toode\/peet-pablo-h-beta-vulgaris-l-e\/#breadcrumb\"},\"inLanguage\":\"ru-RU\",\"potentialAction\":[{\"@type\":\"ReadAction\",\"target\":[\"https:\/\/horticom.ee\/e-pood\/toode\/peet-pablo-h-beta-vulgaris-l-e\/\"]}]},{\"@type\":\"ImageObject\",\"inLanguage\":\"ru-RU\",\"@id\":\"https:\/\/horticom.ee\/e-pood\/toode\/peet-pablo-h-beta-vulgaris-l-e\/#primaryimage\",\"url\":\"https:\/\/horticom.ee\/e-pood\/wp-content\/uploads\/importedmedia\/product-153270_0-L0603.jpg\",\"contentUrl\":\"https:\/\/horticom.ee\/e-pood\/wp-content\/uploads\/importedmedia\/product-153270_0-L0603.jpg\",\"width\":1000,\"height\":1751,\"caption\":\"Peet Pablo H - Beta vulgaris L.\"},{\"@type\":\"BreadcrumbList\",\"@id\":\"https:\/\/horticom.ee\/e-pood\/toode\/peet-pablo-h-beta-vulgaris-l-e\/#breadcrumb\",\"itemListElement\":[{\"@type\":\"ListItem\",\"position\":1,\"name\":\"Home\",\"item\":\"https:\/\/horticom.ee\/e-pood\/\"},{\"@type\":\"ListItem\",\"position\":2,\"name\":\"Pood\",\"item\":\"https:\/\/horticom.ee\/e-pood\/pood\/\"},{\"@type\":\"ListItem\",\"position\":3,\"name\":\"Peet Pablo H &#8211; Beta vulgaris L.\"}]},{\"@type\":\"WebSite\",\"@id\":\"https:\/\/horticom.ee\/e-pood\/#website\",\"url\":\"https:\/\/horticom.ee\/e-pood\/\",\"name\":\"Horticom.ee\",\"description\":\"Aianduskaubad ja kodukaubad nii harrastajatele kui professionaalidele\",\"potentialAction\":[{\"@type\":\"SearchAction\",\"target\":{\"@type\":\"EntryPoint\",\"urlTemplate\":\"https:\/\/horticom.ee\/e-pood\/?s={search_term_string}\"},\"query-input\":{\"@type\":\"PropertyValueSpecification\",\"valueRequired\":true,\"valueName\":\"search_term_string\"}}],\"inLanguage\":\"ru-RU\"}]}<\/script>\n<!-- \/ Yoast SEO plugin. -->","yoast_head_json":{"title":"Peet Pablo H - Beta vulgaris L. - Horticom.ee\/e-pood","description":"Peet Pablo H \u2013 Varajane h\u00fcbriidsort tumepunaste, mahlakate juurviljadega. Sobib v\u00e4rskelt tarbimiseks ja konserveerimiseks. S\u00e4ilib pikalt.","robots":{"index":"index","follow":"follow","max-snippet":"max-snippet:-1","max-image-preview":"max-image-preview:large","max-video-preview":"max-video-preview:-1"},"canonical":"https:\/\/horticom.ee\/e-pood\/toode\/peet-pablo-h-beta-vulgaris-l-e\/","og_locale":"ru_RU","og_type":"article","og_title":"Peet Pablo H - Beta vulgaris L. - Horticom.ee\/e-pood","og_description":"Peet Pablo H \u2013 Varajane h\u00fcbriidsort tumepunaste, mahlakate juurviljadega. Sobib v\u00e4rskelt tarbimiseks ja konserveerimiseks. S\u00e4ilib pikalt.","og_url":"https:\/\/horticom.ee\/e-pood\/toode\/peet-pablo-h-beta-vulgaris-l-e\/","og_site_name":"Horticom.ee","article_publisher":"https:\/\/www.facebook.com\/horticom.ee\/e-pood","article_modified_time":"2026-04-24T00:08:10+00:00","og_image":[{"width":1000,"height":1751,"url":"https:\/\/horticom.ee\/e-pood\/wp-content\/uploads\/importedmedia\/product-153270_0-L0603.jpg","type":"image\/jpeg"}],"twitter_card":"summary_large_image","schema":{"@context":"https:\/\/schema.org","@graph":[{"@type":"WebPage","@id":"https:\/\/horticom.ee\/e-pood\/toode\/peet-pablo-h-beta-vulgaris-l-e\/","url":"https:\/\/horticom.ee\/e-pood\/toode\/peet-pablo-h-beta-vulgaris-l-e\/","name":"Peet Pablo H - Beta vulgaris L. - Horticom.ee\/e-pood","isPartOf":{"@id":"https:\/\/horticom.ee\/e-pood\/#website"},"primaryImageOfPage":{"@id":"https:\/\/horticom.ee\/e-pood\/toode\/peet-pablo-h-beta-vulgaris-l-e\/#primaryimage"},"image":{"@id":"https:\/\/horticom.ee\/e-pood\/toode\/peet-pablo-h-beta-vulgaris-l-e\/#primaryimage"},"thumbnailUrl":"https:\/\/horticom.ee\/e-pood\/wp-content\/uploads\/importedmedia\/product-153270_0-L0603.jpg","datePublished":"2022-01-17T14:04:27+00:00","dateModified":"2026-04-24T00:08:10+00:00","description":"Peet Pablo H \u2013 Varajane h\u00fcbriidsort tumepunaste, mahlakate juurviljadega. Sobib v\u00e4rskelt tarbimiseks ja konserveerimiseks. S\u00e4ilib pikalt.","breadcrumb":{"@id":"https:\/\/horticom.ee\/e-pood\/toode\/peet-pablo-h-beta-vulgaris-l-e\/#breadcrumb"},"inLanguage":"ru-RU","potentialAction":[{"@type":"ReadAction","target":["https:\/\/horticom.ee\/e-pood\/toode\/peet-pablo-h-beta-vulgaris-l-e\/"]}]},{"@type":"ImageObject","inLanguage":"ru-RU","@id":"https:\/\/horticom.ee\/e-pood\/toode\/peet-pablo-h-beta-vulgaris-l-e\/#primaryimage","url":"https:\/\/horticom.ee\/e-pood\/wp-content\/uploads\/importedmedia\/product-153270_0-L0603.jpg","contentUrl":"https:\/\/horticom.ee\/e-pood\/wp-content\/uploads\/importedmedia\/product-153270_0-L0603.jpg","width":1000,"height":1751,"caption":"Peet Pablo H - Beta vulgaris L."},{"@type":"BreadcrumbList","@id":"https:\/\/horticom.ee\/e-pood\/toode\/peet-pablo-h-beta-vulgaris-l-e\/#breadcrumb","itemListElement":[{"@type":"ListItem","position":1,"name":"Home","item":"https:\/\/horticom.ee\/e-pood\/"},{"@type":"ListItem","position":2,"name":"Pood","item":"https:\/\/horticom.ee\/e-pood\/pood\/"},{"@type":"ListItem","position":3,"name":"Peet Pablo H &#8211; Beta vulgaris L."}]},{"@type":"WebSite","@id":"https:\/\/horticom.ee\/e-pood\/#website","url":"https:\/\/horticom.ee\/e-pood\/","name":"Horticom.ee","description":"Aianduskaubad ja kodukaubad nii harrastajatele kui professionaalidele","potentialAction":[{"@type":"SearchAction","target":{"@type":"EntryPoint","urlTemplate":"https:\/\/horticom.ee\/e-pood\/?s={search_term_string}"},"query-input":{"@type":"PropertyValueSpecification","valueRequired":true,"valueName":"search_term_string"}}],"inLanguage":"ru-RU"}]}},"_links":{"self":[{"href":"https:\/\/horticom.ee\/e-pood\/ru\/wp-json\/wp\/v2\/product\/153270","targetHints":{"allow":["GET"]}}],"collection":[{"href":"https:\/\/horticom.ee\/e-pood\/ru\/wp-json\/wp\/v2\/product"}],"about":[{"href":"https:\/\/horticom.ee\/e-pood\/ru\/wp-json\/wp\/v2\/types\/product"}],"replies":[{"embeddable":true,"href":"https:\/\/horticom.ee\/e-pood\/ru\/wp-json\/wp\/v2\/comments?post=153270"}],"wp:featuredmedia":[{"embeddable":true,"href":"https:\/\/horticom.ee\/e-pood\/ru\/wp-json\/wp\/v2\/media\/170484"}],"wp:attachment":[{"href":"https:\/\/horticom.ee\/e-pood\/ru\/wp-json\/wp\/v2\/media?parent=153270"}],"wp:term":[{"taxonomy":"product_cat","embeddable":true,"href":"https:\/\/horticom.ee\/e-pood\/ru\/wp-json\/wp\/v2\/product_cat?post=153270"},{"taxonomy":"product_tag","embeddable":true,"href":"https:\/\/horticom.ee\/e-pood\/ru\/wp-json\/wp\/v2\/product_tag?post=153270"}],"curies":[{"name":"wp","href":"https:\/\/api.w.org\/{rel}","templated":true}]}}