{"id":153285,"date":"2022-01-17T16:04:37","date_gmt":"2022-01-17T14:04:37","guid":{"rendered":"https:\/\/aednik24.ee\/toode\/salatisibul-white-lisbon-allium-cepa-l\/"},"modified":"2026-04-15T03:07:54","modified_gmt":"2026-04-15T00:07:54","slug":"salatisibul-white-lisbon-allium-cepa-l","status":"publish","type":"product","link":"https:\/\/horticom.ee\/e-pood\/ru\/toode\/salatisibul-white-lisbon-allium-cepa-l\/","title":{"rendered":"Salatisibul White Lisbon"},"content":{"rendered":"<p>Salatisibul White Lisbon on varajane, viljakas sort. Vegetatsiooniperiood 45\u201355 p\u00e4eva. Ei kujune v\u00e4lja mugulaid. Lehed \u00f5rna maitsega, pikkade, valgete, paksude vartega. Kasutatakse salatite valmistamiseks ja maitserohelisena. K\u00f5ige paremini kasvab saviliiva, kerge liivsavimulla pinnases. 1g umbes 200\u2013320 seemet.<\/p>\n","protected":false},"excerpt":{"rendered":"<p>Salatisibul White Lisbon on varajane, viljakas sort. Vegetatsiooniperiood 45\u201355 p\u00e4eva. Ei kujune v\u00e4lja mugulaid. Lehed \u00f5rna maitsega, pikkade, valgete, paksude vartega. Kasutatakse salatite valmistamiseks ja maitserohelisena. K\u00f5ige paremini kasvab saviliiva, kerge liivsavimulla pinnases. 1g umbes 200\u2013320 seemet.<\/p>\n","protected":false},"featured_media":170450,"comment_status":"closed","ping_status":"closed","template":"","meta":{"_themeisle_gutenberg_block_has_review":false},"product_cat":[18563,13483],"product_tag":[],"class_list":{"0":"post-153285","1":"product","2":"type-product","3":"status-publish","4":"has-post-thumbnail","6":"product_cat-lopumuugitooted","7":"product_cat-sibul-porru-murulauk","9":"first","10":"outofstock","11":"sale","12":"shipping-taxable","13":"purchasable","14":"product-type-simple"},"yoast_head":"<!-- This site is optimized with the Yoast SEO plugin v24.0 - https:\/\/yoast.com\/wordpress\/plugins\/seo\/ -->\n<title>Salatisibul White Lisbon \/TK\/ - Horticom.ee\/e-pood<\/title>\n<meta name=\"description\" content=\"Salatsibul White Lisbon \u2013 Varajane, viljakas salatsibul. Ei moodusta mugulaid, sobib h\u00e4sti salatitesse ja maitserohelisena.\" \/>\n<meta name=\"robots\" content=\"index, follow, max-snippet:-1, max-image-preview:large, max-video-preview:-1\" \/>\n<link rel=\"canonical\" href=\"https:\/\/horticom.ee\/e-pood\/toode\/salatisibul-white-lisbon-allium-cepa-l\/\" \/>\n<meta property=\"og:locale\" content=\"ru_RU\" \/>\n<meta property=\"og:type\" content=\"article\" \/>\n<meta property=\"og:title\" content=\"Salatisibul White Lisbon \/TK\/ - Horticom.ee\/e-pood\" \/>\n<meta property=\"og:description\" content=\"Salatsibul White Lisbon \u2013 Varajane, viljakas salatsibul. Ei moodusta mugulaid, sobib h\u00e4sti salatitesse ja maitserohelisena.\" \/>\n<meta property=\"og:url\" content=\"https:\/\/horticom.ee\/e-pood\/toode\/salatisibul-white-lisbon-allium-cepa-l\/\" \/>\n<meta property=\"og:site_name\" content=\"Horticom.ee\" \/>\n<meta property=\"article:publisher\" content=\"https:\/\/www.facebook.com\/horticom.ee\/e-pood\" \/>\n<meta property=\"article:modified_time\" content=\"2026-04-15T00:07:54+00:00\" \/>\n<meta property=\"og:image\" content=\"https:\/\/horticom.ee\/e-pood\/wp-content\/uploads\/importedmedia\/product-153285_0-PL0476-585x1024.jpg\" \/>\n\t<meta property=\"og:image:width\" content=\"585\" \/>\n\t<meta property=\"og:image:height\" content=\"1024\" \/>\n\t<meta property=\"og:image:type\" content=\"image\/jpeg\" \/>\n<meta name=\"twitter:card\" content=\"summary_large_image\" \/>\n<script type=\"application\/ld+json\" class=\"yoast-schema-graph\">{\"@context\":\"https:\/\/schema.org\",\"@graph\":[{\"@type\":\"WebPage\",\"@id\":\"https:\/\/horticom.ee\/e-pood\/toode\/salatisibul-white-lisbon-allium-cepa-l\/\",\"url\":\"https:\/\/horticom.ee\/e-pood\/toode\/salatisibul-white-lisbon-allium-cepa-l\/\",\"name\":\"Salatisibul White Lisbon \/TK\/ - Horticom.ee\/e-pood\",\"isPartOf\":{\"@id\":\"https:\/\/horticom.ee\/e-pood\/#website\"},\"primaryImageOfPage\":{\"@id\":\"https:\/\/horticom.ee\/e-pood\/toode\/salatisibul-white-lisbon-allium-cepa-l\/#primaryimage\"},\"image\":{\"@id\":\"https:\/\/horticom.ee\/e-pood\/toode\/salatisibul-white-lisbon-allium-cepa-l\/#primaryimage\"},\"thumbnailUrl\":\"https:\/\/horticom.ee\/e-pood\/wp-content\/uploads\/importedmedia\/product-153285_0-PL0476.jpg\",\"datePublished\":\"2022-01-17T14:04:37+00:00\",\"dateModified\":\"2026-04-15T00:07:54+00:00\",\"description\":\"Salatsibul White Lisbon \u2013 Varajane, viljakas salatsibul. Ei moodusta mugulaid, sobib h\u00e4sti salatitesse ja maitserohelisena.\",\"breadcrumb\":{\"@id\":\"https:\/\/horticom.ee\/e-pood\/toode\/salatisibul-white-lisbon-allium-cepa-l\/#breadcrumb\"},\"inLanguage\":\"ru-RU\",\"potentialAction\":[{\"@type\":\"ReadAction\",\"target\":[\"https:\/\/horticom.ee\/e-pood\/toode\/salatisibul-white-lisbon-allium-cepa-l\/\"]}]},{\"@type\":\"ImageObject\",\"inLanguage\":\"ru-RU\",\"@id\":\"https:\/\/horticom.ee\/e-pood\/toode\/salatisibul-white-lisbon-allium-cepa-l\/#primaryimage\",\"url\":\"https:\/\/horticom.ee\/e-pood\/wp-content\/uploads\/importedmedia\/product-153285_0-PL0476.jpg\",\"contentUrl\":\"https:\/\/horticom.ee\/e-pood\/wp-content\/uploads\/importedmedia\/product-153285_0-PL0476.jpg\",\"width\":1000,\"height\":1750,\"caption\":\"Salatisibul White Lisbon \/TK\/\"},{\"@type\":\"BreadcrumbList\",\"@id\":\"https:\/\/horticom.ee\/e-pood\/toode\/salatisibul-white-lisbon-allium-cepa-l\/#breadcrumb\",\"itemListElement\":[{\"@type\":\"ListItem\",\"position\":1,\"name\":\"Home\",\"item\":\"https:\/\/horticom.ee\/e-pood\/\"},{\"@type\":\"ListItem\",\"position\":2,\"name\":\"Pood\",\"item\":\"https:\/\/horticom.ee\/e-pood\/pood\/\"},{\"@type\":\"ListItem\",\"position\":3,\"name\":\"Salatisibul White Lisbon\"}]},{\"@type\":\"WebSite\",\"@id\":\"https:\/\/horticom.ee\/e-pood\/#website\",\"url\":\"https:\/\/horticom.ee\/e-pood\/\",\"name\":\"Horticom.ee\",\"description\":\"Aianduskaubad ja kodukaubad nii harrastajatele kui professionaalidele\",\"potentialAction\":[{\"@type\":\"SearchAction\",\"target\":{\"@type\":\"EntryPoint\",\"urlTemplate\":\"https:\/\/horticom.ee\/e-pood\/?s={search_term_string}\"},\"query-input\":{\"@type\":\"PropertyValueSpecification\",\"valueRequired\":true,\"valueName\":\"search_term_string\"}}],\"inLanguage\":\"ru-RU\"}]}<\/script>\n<!-- \/ Yoast SEO plugin. -->","yoast_head_json":{"title":"Salatisibul White Lisbon \/TK\/ - Horticom.ee\/e-pood","description":"Salatsibul White Lisbon \u2013 Varajane, viljakas salatsibul. Ei moodusta mugulaid, sobib h\u00e4sti salatitesse ja maitserohelisena.","robots":{"index":"index","follow":"follow","max-snippet":"max-snippet:-1","max-image-preview":"max-image-preview:large","max-video-preview":"max-video-preview:-1"},"canonical":"https:\/\/horticom.ee\/e-pood\/toode\/salatisibul-white-lisbon-allium-cepa-l\/","og_locale":"ru_RU","og_type":"article","og_title":"Salatisibul White Lisbon \/TK\/ - Horticom.ee\/e-pood","og_description":"Salatsibul White Lisbon \u2013 Varajane, viljakas salatsibul. Ei moodusta mugulaid, sobib h\u00e4sti salatitesse ja maitserohelisena.","og_url":"https:\/\/horticom.ee\/e-pood\/toode\/salatisibul-white-lisbon-allium-cepa-l\/","og_site_name":"Horticom.ee","article_publisher":"https:\/\/www.facebook.com\/horticom.ee\/e-pood","article_modified_time":"2026-04-15T00:07:54+00:00","og_image":[{"width":585,"height":1024,"url":"https:\/\/horticom.ee\/e-pood\/wp-content\/uploads\/importedmedia\/product-153285_0-PL0476-585x1024.jpg","type":"image\/jpeg"}],"twitter_card":"summary_large_image","schema":{"@context":"https:\/\/schema.org","@graph":[{"@type":"WebPage","@id":"https:\/\/horticom.ee\/e-pood\/toode\/salatisibul-white-lisbon-allium-cepa-l\/","url":"https:\/\/horticom.ee\/e-pood\/toode\/salatisibul-white-lisbon-allium-cepa-l\/","name":"Salatisibul White Lisbon \/TK\/ - Horticom.ee\/e-pood","isPartOf":{"@id":"https:\/\/horticom.ee\/e-pood\/#website"},"primaryImageOfPage":{"@id":"https:\/\/horticom.ee\/e-pood\/toode\/salatisibul-white-lisbon-allium-cepa-l\/#primaryimage"},"image":{"@id":"https:\/\/horticom.ee\/e-pood\/toode\/salatisibul-white-lisbon-allium-cepa-l\/#primaryimage"},"thumbnailUrl":"https:\/\/horticom.ee\/e-pood\/wp-content\/uploads\/importedmedia\/product-153285_0-PL0476.jpg","datePublished":"2022-01-17T14:04:37+00:00","dateModified":"2026-04-15T00:07:54+00:00","description":"Salatsibul White Lisbon \u2013 Varajane, viljakas salatsibul. Ei moodusta mugulaid, sobib h\u00e4sti salatitesse ja maitserohelisena.","breadcrumb":{"@id":"https:\/\/horticom.ee\/e-pood\/toode\/salatisibul-white-lisbon-allium-cepa-l\/#breadcrumb"},"inLanguage":"ru-RU","potentialAction":[{"@type":"ReadAction","target":["https:\/\/horticom.ee\/e-pood\/toode\/salatisibul-white-lisbon-allium-cepa-l\/"]}]},{"@type":"ImageObject","inLanguage":"ru-RU","@id":"https:\/\/horticom.ee\/e-pood\/toode\/salatisibul-white-lisbon-allium-cepa-l\/#primaryimage","url":"https:\/\/horticom.ee\/e-pood\/wp-content\/uploads\/importedmedia\/product-153285_0-PL0476.jpg","contentUrl":"https:\/\/horticom.ee\/e-pood\/wp-content\/uploads\/importedmedia\/product-153285_0-PL0476.jpg","width":1000,"height":1750,"caption":"Salatisibul White Lisbon \/TK\/"},{"@type":"BreadcrumbList","@id":"https:\/\/horticom.ee\/e-pood\/toode\/salatisibul-white-lisbon-allium-cepa-l\/#breadcrumb","itemListElement":[{"@type":"ListItem","position":1,"name":"Home","item":"https:\/\/horticom.ee\/e-pood\/"},{"@type":"ListItem","position":2,"name":"Pood","item":"https:\/\/horticom.ee\/e-pood\/pood\/"},{"@type":"ListItem","position":3,"name":"Salatisibul White Lisbon"}]},{"@type":"WebSite","@id":"https:\/\/horticom.ee\/e-pood\/#website","url":"https:\/\/horticom.ee\/e-pood\/","name":"Horticom.ee","description":"Aianduskaubad ja kodukaubad nii harrastajatele kui professionaalidele","potentialAction":[{"@type":"SearchAction","target":{"@type":"EntryPoint","urlTemplate":"https:\/\/horticom.ee\/e-pood\/?s={search_term_string}"},"query-input":{"@type":"PropertyValueSpecification","valueRequired":true,"valueName":"search_term_string"}}],"inLanguage":"ru-RU"}]}},"_links":{"self":[{"href":"https:\/\/horticom.ee\/e-pood\/ru\/wp-json\/wp\/v2\/product\/153285","targetHints":{"allow":["GET"]}}],"collection":[{"href":"https:\/\/horticom.ee\/e-pood\/ru\/wp-json\/wp\/v2\/product"}],"about":[{"href":"https:\/\/horticom.ee\/e-pood\/ru\/wp-json\/wp\/v2\/types\/product"}],"replies":[{"embeddable":true,"href":"https:\/\/horticom.ee\/e-pood\/ru\/wp-json\/wp\/v2\/comments?post=153285"}],"wp:featuredmedia":[{"embeddable":true,"href":"https:\/\/horticom.ee\/e-pood\/ru\/wp-json\/wp\/v2\/media\/170450"}],"wp:attachment":[{"href":"https:\/\/horticom.ee\/e-pood\/ru\/wp-json\/wp\/v2\/media?parent=153285"}],"wp:term":[{"taxonomy":"product_cat","embeddable":true,"href":"https:\/\/horticom.ee\/e-pood\/ru\/wp-json\/wp\/v2\/product_cat?post=153285"},{"taxonomy":"product_tag","embeddable":true,"href":"https:\/\/horticom.ee\/e-pood\/ru\/wp-json\/wp\/v2\/product_tag?post=153285"}],"curies":[{"name":"wp","href":"https:\/\/api.w.org\/{rel}","templated":true}]}}