{"id":153293,"date":"2022-01-17T16:04:41","date_gmt":"2022-01-17T14:04:41","guid":{"rendered":"https:\/\/aednik24.ee\/toode\/suur-loviloug-rainbow-antirrhinum-majus-l\/"},"modified":"2026-04-18T03:13:25","modified_gmt":"2026-04-18T00:13:25","slug":"suur-loviloug-rainbow-antirrhinum-majus-l","status":"publish","type":"product","link":"https:\/\/horticom.ee\/e-pood\/ru\/toode\/suur-loviloug-rainbow-antirrhinum-majus-l\/","title":{"rendered":"L\u00f5vil\u00f5ug Rainbow"},"content":{"rendered":"<p>Suur l\u00f5vil\u00f5ug Rainbow on \u00fcheaastane, 60cm k\u00f5rgune lill. Istutatakse iluaedadesse, dekoratiivvaasidesse, \u00f5isi nopitakse kimpude jaoks. 1g umbes 7500 seemet. \u00d5ied hakkavad avanema alt \u00fclesse, \u00fcks \u00f5is \u00f5itseb umbes 12 p\u00e4eva, kogu taim 3\u20133,5 kuud. Kasvab ja \u00f5itseb h\u00e4sti p\u00e4ikesepaistelises kohas ja heledas vilus, kobedas pinnases.<\/p>\n","protected":false},"excerpt":{"rendered":"<p>Suur l\u00f5vil\u00f5ug Rainbow on \u00fcheaastane, 60cm k\u00f5rgune lill. Istutatakse iluaedadesse, dekoratiivvaasidesse, \u00f5isi nopitakse kimpude jaoks. 1g umbes 7500 seemet. \u00d5ied hakkavad avanema alt \u00fclesse, \u00fcks \u00f5is \u00f5itseb umbes 12 p\u00e4eva, kogu taim 3\u20133,5 kuud. Kasvab ja \u00f5itseb h\u00e4sti p\u00e4ikesepaistelises kohas ja heledas vilus, kobedas pinnases.<\/p>\n","protected":false},"featured_media":170438,"comment_status":"closed","ping_status":"closed","template":"","meta":{"_themeisle_gutenberg_block_has_review":false},"product_cat":[13516],"product_tag":[],"class_list":{"0":"post-153293","1":"product","2":"type-product","3":"status-publish","4":"has-post-thumbnail","6":"product_cat-loviloug-levkoi-nemeesia","8":"first","9":"instock","10":"shipping-taxable","11":"purchasable","12":"product-type-simple"},"yoast_head":"<!-- This site is optimized with the Yoast SEO plugin v24.0 - https:\/\/yoast.com\/wordpress\/plugins\/seo\/ -->\n<title>L\u00f5vil\u00f5ug Rainbow - Horticom.ee\/e-pood<\/title>\n<meta name=\"description\" content=\"Suur l\u00f5vil\u00f5ug Rainbow, 60 cm k\u00f5rge, ideaalne iluaeda ja dekoratiivvaasi. Kasvab p\u00e4ikesepaistelises kohas. 1g sisaldab umbes 7500 seemet.\" \/>\n<meta name=\"robots\" content=\"index, follow, max-snippet:-1, max-image-preview:large, max-video-preview:-1\" \/>\n<link rel=\"canonical\" href=\"https:\/\/horticom.ee\/e-pood\/toode\/suur-loviloug-rainbow-antirrhinum-majus-l\/\" \/>\n<meta property=\"og:locale\" content=\"ru_RU\" \/>\n<meta property=\"og:type\" content=\"article\" \/>\n<meta property=\"og:title\" content=\"L\u00f5vil\u00f5ug Rainbow - Horticom.ee\/e-pood\" \/>\n<meta property=\"og:description\" content=\"Suur l\u00f5vil\u00f5ug Rainbow, 60 cm k\u00f5rge, ideaalne iluaeda ja dekoratiivvaasi. Kasvab p\u00e4ikesepaistelises kohas. 1g sisaldab umbes 7500 seemet.\" \/>\n<meta property=\"og:url\" content=\"https:\/\/horticom.ee\/e-pood\/toode\/suur-loviloug-rainbow-antirrhinum-majus-l\/\" \/>\n<meta property=\"og:site_name\" content=\"Horticom.ee\" \/>\n<meta property=\"article:publisher\" content=\"https:\/\/www.facebook.com\/horticom.ee\/e-pood\" \/>\n<meta property=\"article:modified_time\" content=\"2026-04-18T00:13:25+00:00\" \/>\n<meta property=\"og:image\" content=\"https:\/\/horticom.ee\/e-pood\/wp-content\/uploads\/importedmedia\/product-153293_0-PL0407.jpg\" \/>\n\t<meta property=\"og:image:width\" content=\"1000\" \/>\n\t<meta property=\"og:image:height\" content=\"1750\" \/>\n\t<meta property=\"og:image:type\" content=\"image\/jpeg\" \/>\n<meta name=\"twitter:card\" content=\"summary_large_image\" \/>\n<script type=\"application\/ld+json\" class=\"yoast-schema-graph\">{\"@context\":\"https:\/\/schema.org\",\"@graph\":[{\"@type\":\"WebPage\",\"@id\":\"https:\/\/horticom.ee\/e-pood\/toode\/suur-loviloug-rainbow-antirrhinum-majus-l\/\",\"url\":\"https:\/\/horticom.ee\/e-pood\/toode\/suur-loviloug-rainbow-antirrhinum-majus-l\/\",\"name\":\"L\u00f5vil\u00f5ug Rainbow - Horticom.ee\/e-pood\",\"isPartOf\":{\"@id\":\"https:\/\/horticom.ee\/e-pood\/#website\"},\"primaryImageOfPage\":{\"@id\":\"https:\/\/horticom.ee\/e-pood\/toode\/suur-loviloug-rainbow-antirrhinum-majus-l\/#primaryimage\"},\"image\":{\"@id\":\"https:\/\/horticom.ee\/e-pood\/toode\/suur-loviloug-rainbow-antirrhinum-majus-l\/#primaryimage\"},\"thumbnailUrl\":\"https:\/\/horticom.ee\/e-pood\/wp-content\/uploads\/importedmedia\/product-153293_0-PL0407.jpg\",\"datePublished\":\"2022-01-17T14:04:41+00:00\",\"dateModified\":\"2026-04-18T00:13:25+00:00\",\"description\":\"Suur l\u00f5vil\u00f5ug Rainbow, 60 cm k\u00f5rge, ideaalne iluaeda ja dekoratiivvaasi. Kasvab p\u00e4ikesepaistelises kohas. 1g sisaldab umbes 7500 seemet.\",\"breadcrumb\":{\"@id\":\"https:\/\/horticom.ee\/e-pood\/toode\/suur-loviloug-rainbow-antirrhinum-majus-l\/#breadcrumb\"},\"inLanguage\":\"ru-RU\",\"potentialAction\":[{\"@type\":\"ReadAction\",\"target\":[\"https:\/\/horticom.ee\/e-pood\/toode\/suur-loviloug-rainbow-antirrhinum-majus-l\/\"]}]},{\"@type\":\"ImageObject\",\"inLanguage\":\"ru-RU\",\"@id\":\"https:\/\/horticom.ee\/e-pood\/toode\/suur-loviloug-rainbow-antirrhinum-majus-l\/#primaryimage\",\"url\":\"https:\/\/horticom.ee\/e-pood\/wp-content\/uploads\/importedmedia\/product-153293_0-PL0407.jpg\",\"contentUrl\":\"https:\/\/horticom.ee\/e-pood\/wp-content\/uploads\/importedmedia\/product-153293_0-PL0407.jpg\",\"width\":1000,\"height\":1750,\"caption\":\"L\u00f5vil\u00f5ug Rainbow\"},{\"@type\":\"BreadcrumbList\",\"@id\":\"https:\/\/horticom.ee\/e-pood\/toode\/suur-loviloug-rainbow-antirrhinum-majus-l\/#breadcrumb\",\"itemListElement\":[{\"@type\":\"ListItem\",\"position\":1,\"name\":\"Home\",\"item\":\"https:\/\/horticom.ee\/e-pood\/\"},{\"@type\":\"ListItem\",\"position\":2,\"name\":\"Pood\",\"item\":\"https:\/\/horticom.ee\/e-pood\/pood\/\"},{\"@type\":\"ListItem\",\"position\":3,\"name\":\"L\u00f5vil\u00f5ug Rainbow\"}]},{\"@type\":\"WebSite\",\"@id\":\"https:\/\/horticom.ee\/e-pood\/#website\",\"url\":\"https:\/\/horticom.ee\/e-pood\/\",\"name\":\"Horticom.ee\",\"description\":\"Aianduskaubad ja kodukaubad nii harrastajatele kui professionaalidele\",\"potentialAction\":[{\"@type\":\"SearchAction\",\"target\":{\"@type\":\"EntryPoint\",\"urlTemplate\":\"https:\/\/horticom.ee\/e-pood\/?s={search_term_string}\"},\"query-input\":{\"@type\":\"PropertyValueSpecification\",\"valueRequired\":true,\"valueName\":\"search_term_string\"}}],\"inLanguage\":\"ru-RU\"}]}<\/script>\n<!-- \/ Yoast SEO plugin. -->","yoast_head_json":{"title":"L\u00f5vil\u00f5ug Rainbow - Horticom.ee\/e-pood","description":"Suur l\u00f5vil\u00f5ug Rainbow, 60 cm k\u00f5rge, ideaalne iluaeda ja dekoratiivvaasi. Kasvab p\u00e4ikesepaistelises kohas. 1g sisaldab umbes 7500 seemet.","robots":{"index":"index","follow":"follow","max-snippet":"max-snippet:-1","max-image-preview":"max-image-preview:large","max-video-preview":"max-video-preview:-1"},"canonical":"https:\/\/horticom.ee\/e-pood\/toode\/suur-loviloug-rainbow-antirrhinum-majus-l\/","og_locale":"ru_RU","og_type":"article","og_title":"L\u00f5vil\u00f5ug Rainbow - Horticom.ee\/e-pood","og_description":"Suur l\u00f5vil\u00f5ug Rainbow, 60 cm k\u00f5rge, ideaalne iluaeda ja dekoratiivvaasi. Kasvab p\u00e4ikesepaistelises kohas. 1g sisaldab umbes 7500 seemet.","og_url":"https:\/\/horticom.ee\/e-pood\/toode\/suur-loviloug-rainbow-antirrhinum-majus-l\/","og_site_name":"Horticom.ee","article_publisher":"https:\/\/www.facebook.com\/horticom.ee\/e-pood","article_modified_time":"2026-04-18T00:13:25+00:00","og_image":[{"width":1000,"height":1750,"url":"https:\/\/horticom.ee\/e-pood\/wp-content\/uploads\/importedmedia\/product-153293_0-PL0407.jpg","type":"image\/jpeg"}],"twitter_card":"summary_large_image","schema":{"@context":"https:\/\/schema.org","@graph":[{"@type":"WebPage","@id":"https:\/\/horticom.ee\/e-pood\/toode\/suur-loviloug-rainbow-antirrhinum-majus-l\/","url":"https:\/\/horticom.ee\/e-pood\/toode\/suur-loviloug-rainbow-antirrhinum-majus-l\/","name":"L\u00f5vil\u00f5ug Rainbow - Horticom.ee\/e-pood","isPartOf":{"@id":"https:\/\/horticom.ee\/e-pood\/#website"},"primaryImageOfPage":{"@id":"https:\/\/horticom.ee\/e-pood\/toode\/suur-loviloug-rainbow-antirrhinum-majus-l\/#primaryimage"},"image":{"@id":"https:\/\/horticom.ee\/e-pood\/toode\/suur-loviloug-rainbow-antirrhinum-majus-l\/#primaryimage"},"thumbnailUrl":"https:\/\/horticom.ee\/e-pood\/wp-content\/uploads\/importedmedia\/product-153293_0-PL0407.jpg","datePublished":"2022-01-17T14:04:41+00:00","dateModified":"2026-04-18T00:13:25+00:00","description":"Suur l\u00f5vil\u00f5ug Rainbow, 60 cm k\u00f5rge, ideaalne iluaeda ja dekoratiivvaasi. Kasvab p\u00e4ikesepaistelises kohas. 1g sisaldab umbes 7500 seemet.","breadcrumb":{"@id":"https:\/\/horticom.ee\/e-pood\/toode\/suur-loviloug-rainbow-antirrhinum-majus-l\/#breadcrumb"},"inLanguage":"ru-RU","potentialAction":[{"@type":"ReadAction","target":["https:\/\/horticom.ee\/e-pood\/toode\/suur-loviloug-rainbow-antirrhinum-majus-l\/"]}]},{"@type":"ImageObject","inLanguage":"ru-RU","@id":"https:\/\/horticom.ee\/e-pood\/toode\/suur-loviloug-rainbow-antirrhinum-majus-l\/#primaryimage","url":"https:\/\/horticom.ee\/e-pood\/wp-content\/uploads\/importedmedia\/product-153293_0-PL0407.jpg","contentUrl":"https:\/\/horticom.ee\/e-pood\/wp-content\/uploads\/importedmedia\/product-153293_0-PL0407.jpg","width":1000,"height":1750,"caption":"L\u00f5vil\u00f5ug Rainbow"},{"@type":"BreadcrumbList","@id":"https:\/\/horticom.ee\/e-pood\/toode\/suur-loviloug-rainbow-antirrhinum-majus-l\/#breadcrumb","itemListElement":[{"@type":"ListItem","position":1,"name":"Home","item":"https:\/\/horticom.ee\/e-pood\/"},{"@type":"ListItem","position":2,"name":"Pood","item":"https:\/\/horticom.ee\/e-pood\/pood\/"},{"@type":"ListItem","position":3,"name":"L\u00f5vil\u00f5ug Rainbow"}]},{"@type":"WebSite","@id":"https:\/\/horticom.ee\/e-pood\/#website","url":"https:\/\/horticom.ee\/e-pood\/","name":"Horticom.ee","description":"Aianduskaubad ja kodukaubad nii harrastajatele kui professionaalidele","potentialAction":[{"@type":"SearchAction","target":{"@type":"EntryPoint","urlTemplate":"https:\/\/horticom.ee\/e-pood\/?s={search_term_string}"},"query-input":{"@type":"PropertyValueSpecification","valueRequired":true,"valueName":"search_term_string"}}],"inLanguage":"ru-RU"}]}},"_links":{"self":[{"href":"https:\/\/horticom.ee\/e-pood\/ru\/wp-json\/wp\/v2\/product\/153293","targetHints":{"allow":["GET"]}}],"collection":[{"href":"https:\/\/horticom.ee\/e-pood\/ru\/wp-json\/wp\/v2\/product"}],"about":[{"href":"https:\/\/horticom.ee\/e-pood\/ru\/wp-json\/wp\/v2\/types\/product"}],"replies":[{"embeddable":true,"href":"https:\/\/horticom.ee\/e-pood\/ru\/wp-json\/wp\/v2\/comments?post=153293"}],"wp:featuredmedia":[{"embeddable":true,"href":"https:\/\/horticom.ee\/e-pood\/ru\/wp-json\/wp\/v2\/media\/170438"}],"wp:attachment":[{"href":"https:\/\/horticom.ee\/e-pood\/ru\/wp-json\/wp\/v2\/media?parent=153293"}],"wp:term":[{"taxonomy":"product_cat","embeddable":true,"href":"https:\/\/horticom.ee\/e-pood\/ru\/wp-json\/wp\/v2\/product_cat?post=153293"},{"taxonomy":"product_tag","embeddable":true,"href":"https:\/\/horticom.ee\/e-pood\/ru\/wp-json\/wp\/v2\/product_tag?post=153293"}],"curies":[{"name":"wp","href":"https:\/\/api.w.org\/{rel}","templated":true}]}}