{"id":153299,"date":"2022-01-17T16:04:45","date_gmt":"2022-01-17T14:04:45","guid":{"rendered":"https:\/\/aednik24.ee\/toode\/suureoieline-sametlill-salmon-princess-godetia-grandiflora-l\/"},"modified":"2026-05-08T03:06:08","modified_gmt":"2026-05-08T00:06:08","slug":"suureoieline-sametlill-salmon-princess-godetia-grandiflora-l","status":"publish","type":"product","link":"https:\/\/horticom.ee\/e-pood\/ru\/toode\/suureoieline-sametlill-salmon-princess-godetia-grandiflora-l\/","title":{"rendered":"Suure\u00f5ieline Sametlill Salmon Princess"},"content":{"rendered":"<p>Suure\u00f5ieline sametlill Salmon Princess on \u00fcheaastane, 25-30cm k\u00f5rgune taim, \u00f5itseb 60-90p\u00e4eva. \u00d5is suur, 5-7cm l\u00e4bim\u00f5\u00f5duga, l\u00f5heroosa, meenutab asalea \u00f5it. K\u00f5ige paremini kasvab p\u00e4ikesepaistelises kohas, raskemas mullas. Ei talu p\u00f5uda. Kergesti kasvatatav, vajab v\u00e4hest hooldamist.<\/p>\n","protected":false},"excerpt":{"rendered":"<p>Suure\u00f5ieline sametlill Salmon Princess on \u00fcheaastane, 25-30cm k\u00f5rgune taim, \u00f5itseb 60-90p\u00e4eva. \u00d5is suur, 5-7cm l\u00e4bim\u00f5\u00f5duga, l\u00f5heroosa, meenutab asalea \u00f5it. K\u00f5ige paremini kasvab p\u00e4ikesepaistelises kohas, raskemas mullas. Ei talu p\u00f5uda. Kergesti kasvatatav, vajab v\u00e4hest hooldamist.<\/p>\n","protected":false},"featured_media":169596,"comment_status":"closed","ping_status":"closed","template":"","meta":{"_themeisle_gutenberg_block_has_review":false},"product_cat":[18325],"product_tag":[],"class_list":{"0":"post-153299","1":"product","2":"type-product","3":"status-publish","4":"has-post-thumbnail","6":"product_cat-sametlill","8":"first","9":"instock","10":"shipping-taxable","11":"purchasable","12":"product-type-simple"},"yoast_head":"<!-- This site is optimized with the Yoast SEO plugin v24.0 - https:\/\/yoast.com\/wordpress\/plugins\/seo\/ -->\n<title>Suure\u00f5ieline Sametlill Salmon Princess - Horticom.ee<\/title>\n<meta name=\"description\" content=\"Suure\u00f5ieline Sametlill Salmon Princess \u2013 \u00fcheaastane taim, 25\u201330 cm k\u00f5rge, l\u00f5heroosa \u00f5is. Eelistab p\u00e4ikesepaistelist ja raskemat mulda.\" \/>\n<meta name=\"robots\" content=\"index, follow, max-snippet:-1, max-image-preview:large, max-video-preview:-1\" \/>\n<link rel=\"canonical\" href=\"https:\/\/horticom.ee\/e-pood\/toode\/suureoieline-sametlill-salmon-princess-godetia-grandiflora-l\/\" \/>\n<meta property=\"og:locale\" content=\"ru_RU\" \/>\n<meta property=\"og:type\" content=\"article\" \/>\n<meta property=\"og:title\" content=\"Suure\u00f5ieline Sametlill Salmon Princess - Horticom.ee\" \/>\n<meta property=\"og:description\" content=\"Suure\u00f5ieline Sametlill Salmon Princess \u2013 \u00fcheaastane taim, 25\u201330 cm k\u00f5rge, l\u00f5heroosa \u00f5is. Eelistab p\u00e4ikesepaistelist ja raskemat mulda.\" \/>\n<meta property=\"og:url\" content=\"https:\/\/horticom.ee\/e-pood\/toode\/suureoieline-sametlill-salmon-princess-godetia-grandiflora-l\/\" \/>\n<meta property=\"og:site_name\" content=\"Horticom.ee\" \/>\n<meta property=\"article:publisher\" content=\"https:\/\/www.facebook.com\/horticom.ee\/e-pood\" \/>\n<meta property=\"article:modified_time\" content=\"2026-05-08T00:06:08+00:00\" \/>\n<meta property=\"og:image\" content=\"https:\/\/horticom.ee\/e-pood\/wp-content\/uploads\/importedmedia\/product-153299_0-PL0415.jpg\" \/>\n\t<meta property=\"og:image:width\" content=\"1000\" \/>\n\t<meta property=\"og:image:height\" content=\"1750\" \/>\n\t<meta property=\"og:image:type\" content=\"image\/jpeg\" \/>\n<meta name=\"twitter:card\" content=\"summary_large_image\" \/>\n<script type=\"application\/ld+json\" class=\"yoast-schema-graph\">{\"@context\":\"https:\/\/schema.org\",\"@graph\":[{\"@type\":\"WebPage\",\"@id\":\"https:\/\/horticom.ee\/e-pood\/toode\/suureoieline-sametlill-salmon-princess-godetia-grandiflora-l\/\",\"url\":\"https:\/\/horticom.ee\/e-pood\/toode\/suureoieline-sametlill-salmon-princess-godetia-grandiflora-l\/\",\"name\":\"Suure\u00f5ieline Sametlill Salmon Princess - Horticom.ee\",\"isPartOf\":{\"@id\":\"https:\/\/horticom.ee\/e-pood\/#website\"},\"primaryImageOfPage\":{\"@id\":\"https:\/\/horticom.ee\/e-pood\/toode\/suureoieline-sametlill-salmon-princess-godetia-grandiflora-l\/#primaryimage\"},\"image\":{\"@id\":\"https:\/\/horticom.ee\/e-pood\/toode\/suureoieline-sametlill-salmon-princess-godetia-grandiflora-l\/#primaryimage\"},\"thumbnailUrl\":\"https:\/\/horticom.ee\/e-pood\/wp-content\/uploads\/importedmedia\/product-153299_0-PL0415.jpg\",\"datePublished\":\"2022-01-17T14:04:45+00:00\",\"dateModified\":\"2026-05-08T00:06:08+00:00\",\"description\":\"Suure\u00f5ieline Sametlill Salmon Princess \u2013 \u00fcheaastane taim, 25\u201330 cm k\u00f5rge, l\u00f5heroosa \u00f5is. Eelistab p\u00e4ikesepaistelist ja raskemat mulda.\",\"breadcrumb\":{\"@id\":\"https:\/\/horticom.ee\/e-pood\/toode\/suureoieline-sametlill-salmon-princess-godetia-grandiflora-l\/#breadcrumb\"},\"inLanguage\":\"ru-RU\",\"potentialAction\":[{\"@type\":\"ReadAction\",\"target\":[\"https:\/\/horticom.ee\/e-pood\/toode\/suureoieline-sametlill-salmon-princess-godetia-grandiflora-l\/\"]}]},{\"@type\":\"ImageObject\",\"inLanguage\":\"ru-RU\",\"@id\":\"https:\/\/horticom.ee\/e-pood\/toode\/suureoieline-sametlill-salmon-princess-godetia-grandiflora-l\/#primaryimage\",\"url\":\"https:\/\/horticom.ee\/e-pood\/wp-content\/uploads\/importedmedia\/product-153299_0-PL0415.jpg\",\"contentUrl\":\"https:\/\/horticom.ee\/e-pood\/wp-content\/uploads\/importedmedia\/product-153299_0-PL0415.jpg\",\"width\":1000,\"height\":1750,\"caption\":\"Suure\u00f5ieline Sametlill Salmon Princess\"},{\"@type\":\"BreadcrumbList\",\"@id\":\"https:\/\/horticom.ee\/e-pood\/toode\/suureoieline-sametlill-salmon-princess-godetia-grandiflora-l\/#breadcrumb\",\"itemListElement\":[{\"@type\":\"ListItem\",\"position\":1,\"name\":\"Home\",\"item\":\"https:\/\/horticom.ee\/e-pood\/\"},{\"@type\":\"ListItem\",\"position\":2,\"name\":\"Pood\",\"item\":\"https:\/\/horticom.ee\/e-pood\/pood\/\"},{\"@type\":\"ListItem\",\"position\":3,\"name\":\"Suure\u00f5ieline Sametlill Salmon Princess\"}]},{\"@type\":\"WebSite\",\"@id\":\"https:\/\/horticom.ee\/e-pood\/#website\",\"url\":\"https:\/\/horticom.ee\/e-pood\/\",\"name\":\"Horticom.ee\",\"description\":\"Aianduskaubad ja kodukaubad nii harrastajatele kui professionaalidele\",\"potentialAction\":[{\"@type\":\"SearchAction\",\"target\":{\"@type\":\"EntryPoint\",\"urlTemplate\":\"https:\/\/horticom.ee\/e-pood\/?s={search_term_string}\"},\"query-input\":{\"@type\":\"PropertyValueSpecification\",\"valueRequired\":true,\"valueName\":\"search_term_string\"}}],\"inLanguage\":\"ru-RU\"}]}<\/script>\n<!-- \/ Yoast SEO plugin. -->","yoast_head_json":{"title":"Suure\u00f5ieline Sametlill Salmon Princess - Horticom.ee","description":"Suure\u00f5ieline Sametlill Salmon Princess \u2013 \u00fcheaastane taim, 25\u201330 cm k\u00f5rge, l\u00f5heroosa \u00f5is. Eelistab p\u00e4ikesepaistelist ja raskemat mulda.","robots":{"index":"index","follow":"follow","max-snippet":"max-snippet:-1","max-image-preview":"max-image-preview:large","max-video-preview":"max-video-preview:-1"},"canonical":"https:\/\/horticom.ee\/e-pood\/toode\/suureoieline-sametlill-salmon-princess-godetia-grandiflora-l\/","og_locale":"ru_RU","og_type":"article","og_title":"Suure\u00f5ieline Sametlill Salmon Princess - Horticom.ee","og_description":"Suure\u00f5ieline Sametlill Salmon Princess \u2013 \u00fcheaastane taim, 25\u201330 cm k\u00f5rge, l\u00f5heroosa \u00f5is. Eelistab p\u00e4ikesepaistelist ja raskemat mulda.","og_url":"https:\/\/horticom.ee\/e-pood\/toode\/suureoieline-sametlill-salmon-princess-godetia-grandiflora-l\/","og_site_name":"Horticom.ee","article_publisher":"https:\/\/www.facebook.com\/horticom.ee\/e-pood","article_modified_time":"2026-05-08T00:06:08+00:00","og_image":[{"width":1000,"height":1750,"url":"https:\/\/horticom.ee\/e-pood\/wp-content\/uploads\/importedmedia\/product-153299_0-PL0415.jpg","type":"image\/jpeg"}],"twitter_card":"summary_large_image","schema":{"@context":"https:\/\/schema.org","@graph":[{"@type":"WebPage","@id":"https:\/\/horticom.ee\/e-pood\/toode\/suureoieline-sametlill-salmon-princess-godetia-grandiflora-l\/","url":"https:\/\/horticom.ee\/e-pood\/toode\/suureoieline-sametlill-salmon-princess-godetia-grandiflora-l\/","name":"Suure\u00f5ieline Sametlill Salmon Princess - Horticom.ee","isPartOf":{"@id":"https:\/\/horticom.ee\/e-pood\/#website"},"primaryImageOfPage":{"@id":"https:\/\/horticom.ee\/e-pood\/toode\/suureoieline-sametlill-salmon-princess-godetia-grandiflora-l\/#primaryimage"},"image":{"@id":"https:\/\/horticom.ee\/e-pood\/toode\/suureoieline-sametlill-salmon-princess-godetia-grandiflora-l\/#primaryimage"},"thumbnailUrl":"https:\/\/horticom.ee\/e-pood\/wp-content\/uploads\/importedmedia\/product-153299_0-PL0415.jpg","datePublished":"2022-01-17T14:04:45+00:00","dateModified":"2026-05-08T00:06:08+00:00","description":"Suure\u00f5ieline Sametlill Salmon Princess \u2013 \u00fcheaastane taim, 25\u201330 cm k\u00f5rge, l\u00f5heroosa \u00f5is. Eelistab p\u00e4ikesepaistelist ja raskemat mulda.","breadcrumb":{"@id":"https:\/\/horticom.ee\/e-pood\/toode\/suureoieline-sametlill-salmon-princess-godetia-grandiflora-l\/#breadcrumb"},"inLanguage":"ru-RU","potentialAction":[{"@type":"ReadAction","target":["https:\/\/horticom.ee\/e-pood\/toode\/suureoieline-sametlill-salmon-princess-godetia-grandiflora-l\/"]}]},{"@type":"ImageObject","inLanguage":"ru-RU","@id":"https:\/\/horticom.ee\/e-pood\/toode\/suureoieline-sametlill-salmon-princess-godetia-grandiflora-l\/#primaryimage","url":"https:\/\/horticom.ee\/e-pood\/wp-content\/uploads\/importedmedia\/product-153299_0-PL0415.jpg","contentUrl":"https:\/\/horticom.ee\/e-pood\/wp-content\/uploads\/importedmedia\/product-153299_0-PL0415.jpg","width":1000,"height":1750,"caption":"Suure\u00f5ieline Sametlill Salmon Princess"},{"@type":"BreadcrumbList","@id":"https:\/\/horticom.ee\/e-pood\/toode\/suureoieline-sametlill-salmon-princess-godetia-grandiflora-l\/#breadcrumb","itemListElement":[{"@type":"ListItem","position":1,"name":"Home","item":"https:\/\/horticom.ee\/e-pood\/"},{"@type":"ListItem","position":2,"name":"Pood","item":"https:\/\/horticom.ee\/e-pood\/pood\/"},{"@type":"ListItem","position":3,"name":"Suure\u00f5ieline Sametlill Salmon Princess"}]},{"@type":"WebSite","@id":"https:\/\/horticom.ee\/e-pood\/#website","url":"https:\/\/horticom.ee\/e-pood\/","name":"Horticom.ee","description":"Aianduskaubad ja kodukaubad nii harrastajatele kui professionaalidele","potentialAction":[{"@type":"SearchAction","target":{"@type":"EntryPoint","urlTemplate":"https:\/\/horticom.ee\/e-pood\/?s={search_term_string}"},"query-input":{"@type":"PropertyValueSpecification","valueRequired":true,"valueName":"search_term_string"}}],"inLanguage":"ru-RU"}]}},"_links":{"self":[{"href":"https:\/\/horticom.ee\/e-pood\/ru\/wp-json\/wp\/v2\/product\/153299","targetHints":{"allow":["GET"]}}],"collection":[{"href":"https:\/\/horticom.ee\/e-pood\/ru\/wp-json\/wp\/v2\/product"}],"about":[{"href":"https:\/\/horticom.ee\/e-pood\/ru\/wp-json\/wp\/v2\/types\/product"}],"replies":[{"embeddable":true,"href":"https:\/\/horticom.ee\/e-pood\/ru\/wp-json\/wp\/v2\/comments?post=153299"}],"wp:featuredmedia":[{"embeddable":true,"href":"https:\/\/horticom.ee\/e-pood\/ru\/wp-json\/wp\/v2\/media\/169596"}],"wp:attachment":[{"href":"https:\/\/horticom.ee\/e-pood\/ru\/wp-json\/wp\/v2\/media?parent=153299"}],"wp:term":[{"taxonomy":"product_cat","embeddable":true,"href":"https:\/\/horticom.ee\/e-pood\/ru\/wp-json\/wp\/v2\/product_cat?post=153299"},{"taxonomy":"product_tag","embeddable":true,"href":"https:\/\/horticom.ee\/e-pood\/ru\/wp-json\/wp\/v2\/product_tag?post=153299"}],"curies":[{"name":"wp","href":"https:\/\/api.w.org\/{rel}","templated":true}]}}