{"id":153301,"date":"2022-01-17T16:04:46","date_gmt":"2022-01-17T14:04:46","guid":{"rendered":"https:\/\/aednik24.ee\/toode\/verev-lehtertapp-segu-ipomea-purpurea-l-roth\/"},"modified":"2026-04-24T03:08:12","modified_gmt":"2026-04-24T00:08:12","slug":"verev-lehtertapp-segu-ipomea-purpurea-l-roth","status":"publish","type":"product","link":"https:\/\/horticom.ee\/e-pood\/ru\/toode\/verev-lehtertapp-segu-ipomea-purpurea-l-roth\/","title":{"rendered":"Verev Lehtertapp"},"content":{"rendered":"<p>Verev lehtertapp segu on \u00fcheaastane, kuni 200cm k\u00f5rgune taim. Kiiresti kasvav ronilill. \u00d5itseb juuni l\u00f5pust k\u00fclmadeni. \u00d5ie l\u00e4bim\u00f5\u00f5t kuni 10cm. Lehtertapp armastab sooja kasvukohta, vajab toestust. Seemned k\u00fclvatakse reeglina otse kasvukohale mai keskel. Taim on m\u00fcrgine.<\/p>\n","protected":false},"excerpt":{"rendered":"<p>Verev lehtertapp segu on \u00fcheaastane, kuni 200cm k\u00f5rgune taim. Kiiresti kasvav ronilill. \u00d5itseb juuni l\u00f5pust k\u00fclmadeni. \u00d5ie l\u00e4bim\u00f5\u00f5t kuni 10cm. Lehtertapp armastab sooja kasvukohta, vajab toestust. Seemned k\u00fclvatakse reeglina otse kasvukohale mai keskel. Taim on m\u00fcrgine.<\/p>\n","protected":false},"featured_media":169594,"comment_status":"closed","ping_status":"closed","template":"","meta":{"_themeisle_gutenberg_block_has_review":false},"product_cat":[13504],"product_tag":[],"class_list":{"0":"post-153301","1":"product","2":"type-product","3":"status-publish","4":"has-post-thumbnail","6":"product_cat-ronilill","8":"first","9":"instock","10":"shipping-taxable","11":"purchasable","12":"product-type-simple"},"yoast_head":"<!-- This site is optimized with the Yoast SEO plugin v24.0 - https:\/\/yoast.com\/wordpress\/plugins\/seo\/ -->\n<title>Verev Lehtertapp - Horticom.ee\/e-pood<\/title>\n<meta name=\"description\" content=\"Verev lehtertapp segu, kuni 200 cm k\u00f5rge ronilill, \u00f5itseb juuni l\u00f5pust k\u00fclmadeni. Vajab toestust ja sooja kasvukohta. Taim on m\u00fcrgine.\" \/>\n<meta name=\"robots\" content=\"index, follow, max-snippet:-1, max-image-preview:large, max-video-preview:-1\" \/>\n<link rel=\"canonical\" href=\"https:\/\/horticom.ee\/e-pood\/toode\/verev-lehtertapp-segu-ipomea-purpurea-l-roth\/\" \/>\n<meta property=\"og:locale\" content=\"ru_RU\" \/>\n<meta property=\"og:type\" content=\"article\" \/>\n<meta property=\"og:title\" content=\"Verev Lehtertapp - Horticom.ee\/e-pood\" \/>\n<meta property=\"og:description\" content=\"Verev lehtertapp segu, kuni 200 cm k\u00f5rge ronilill, \u00f5itseb juuni l\u00f5pust k\u00fclmadeni. Vajab toestust ja sooja kasvukohta. Taim on m\u00fcrgine.\" \/>\n<meta property=\"og:url\" content=\"https:\/\/horticom.ee\/e-pood\/toode\/verev-lehtertapp-segu-ipomea-purpurea-l-roth\/\" \/>\n<meta property=\"og:site_name\" content=\"Horticom.ee\" \/>\n<meta property=\"article:publisher\" content=\"https:\/\/www.facebook.com\/horticom.ee\/e-pood\" \/>\n<meta property=\"article:modified_time\" content=\"2026-04-24T00:08:12+00:00\" \/>\n<meta property=\"og:image\" content=\"https:\/\/horticom.ee\/e-pood\/wp-content\/uploads\/importedmedia\/product-153301_0-PL0418-585x1024.jpg\" \/>\n\t<meta property=\"og:image:width\" content=\"585\" \/>\n\t<meta property=\"og:image:height\" content=\"1024\" \/>\n\t<meta property=\"og:image:type\" content=\"image\/jpeg\" \/>\n<meta name=\"twitter:card\" content=\"summary_large_image\" \/>\n<script type=\"application\/ld+json\" class=\"yoast-schema-graph\">{\"@context\":\"https:\/\/schema.org\",\"@graph\":[{\"@type\":\"WebPage\",\"@id\":\"https:\/\/horticom.ee\/e-pood\/toode\/verev-lehtertapp-segu-ipomea-purpurea-l-roth\/\",\"url\":\"https:\/\/horticom.ee\/e-pood\/toode\/verev-lehtertapp-segu-ipomea-purpurea-l-roth\/\",\"name\":\"Verev Lehtertapp - Horticom.ee\/e-pood\",\"isPartOf\":{\"@id\":\"https:\/\/horticom.ee\/e-pood\/#website\"},\"primaryImageOfPage\":{\"@id\":\"https:\/\/horticom.ee\/e-pood\/toode\/verev-lehtertapp-segu-ipomea-purpurea-l-roth\/#primaryimage\"},\"image\":{\"@id\":\"https:\/\/horticom.ee\/e-pood\/toode\/verev-lehtertapp-segu-ipomea-purpurea-l-roth\/#primaryimage\"},\"thumbnailUrl\":\"https:\/\/horticom.ee\/e-pood\/wp-content\/uploads\/importedmedia\/product-153301_0-PL0418.jpg\",\"datePublished\":\"2022-01-17T14:04:46+00:00\",\"dateModified\":\"2026-04-24T00:08:12+00:00\",\"description\":\"Verev lehtertapp segu, kuni 200 cm k\u00f5rge ronilill, \u00f5itseb juuni l\u00f5pust k\u00fclmadeni. Vajab toestust ja sooja kasvukohta. Taim on m\u00fcrgine.\",\"breadcrumb\":{\"@id\":\"https:\/\/horticom.ee\/e-pood\/toode\/verev-lehtertapp-segu-ipomea-purpurea-l-roth\/#breadcrumb\"},\"inLanguage\":\"ru-RU\",\"potentialAction\":[{\"@type\":\"ReadAction\",\"target\":[\"https:\/\/horticom.ee\/e-pood\/toode\/verev-lehtertapp-segu-ipomea-purpurea-l-roth\/\"]}]},{\"@type\":\"ImageObject\",\"inLanguage\":\"ru-RU\",\"@id\":\"https:\/\/horticom.ee\/e-pood\/toode\/verev-lehtertapp-segu-ipomea-purpurea-l-roth\/#primaryimage\",\"url\":\"https:\/\/horticom.ee\/e-pood\/wp-content\/uploads\/importedmedia\/product-153301_0-PL0418.jpg\",\"contentUrl\":\"https:\/\/horticom.ee\/e-pood\/wp-content\/uploads\/importedmedia\/product-153301_0-PL0418.jpg\",\"width\":1000,\"height\":1750,\"caption\":\"Verev Lehtertapp\"},{\"@type\":\"BreadcrumbList\",\"@id\":\"https:\/\/horticom.ee\/e-pood\/toode\/verev-lehtertapp-segu-ipomea-purpurea-l-roth\/#breadcrumb\",\"itemListElement\":[{\"@type\":\"ListItem\",\"position\":1,\"name\":\"Home\",\"item\":\"https:\/\/horticom.ee\/e-pood\/\"},{\"@type\":\"ListItem\",\"position\":2,\"name\":\"Pood\",\"item\":\"https:\/\/horticom.ee\/e-pood\/pood\/\"},{\"@type\":\"ListItem\",\"position\":3,\"name\":\"Verev Lehtertapp\"}]},{\"@type\":\"WebSite\",\"@id\":\"https:\/\/horticom.ee\/e-pood\/#website\",\"url\":\"https:\/\/horticom.ee\/e-pood\/\",\"name\":\"Horticom.ee\",\"description\":\"Aianduskaubad ja kodukaubad nii harrastajatele kui professionaalidele\",\"potentialAction\":[{\"@type\":\"SearchAction\",\"target\":{\"@type\":\"EntryPoint\",\"urlTemplate\":\"https:\/\/horticom.ee\/e-pood\/?s={search_term_string}\"},\"query-input\":{\"@type\":\"PropertyValueSpecification\",\"valueRequired\":true,\"valueName\":\"search_term_string\"}}],\"inLanguage\":\"ru-RU\"}]}<\/script>\n<!-- \/ Yoast SEO plugin. -->","yoast_head_json":{"title":"Verev Lehtertapp - Horticom.ee\/e-pood","description":"Verev lehtertapp segu, kuni 200 cm k\u00f5rge ronilill, \u00f5itseb juuni l\u00f5pust k\u00fclmadeni. Vajab toestust ja sooja kasvukohta. Taim on m\u00fcrgine.","robots":{"index":"index","follow":"follow","max-snippet":"max-snippet:-1","max-image-preview":"max-image-preview:large","max-video-preview":"max-video-preview:-1"},"canonical":"https:\/\/horticom.ee\/e-pood\/toode\/verev-lehtertapp-segu-ipomea-purpurea-l-roth\/","og_locale":"ru_RU","og_type":"article","og_title":"Verev Lehtertapp - Horticom.ee\/e-pood","og_description":"Verev lehtertapp segu, kuni 200 cm k\u00f5rge ronilill, \u00f5itseb juuni l\u00f5pust k\u00fclmadeni. Vajab toestust ja sooja kasvukohta. Taim on m\u00fcrgine.","og_url":"https:\/\/horticom.ee\/e-pood\/toode\/verev-lehtertapp-segu-ipomea-purpurea-l-roth\/","og_site_name":"Horticom.ee","article_publisher":"https:\/\/www.facebook.com\/horticom.ee\/e-pood","article_modified_time":"2026-04-24T00:08:12+00:00","og_image":[{"width":585,"height":1024,"url":"https:\/\/horticom.ee\/e-pood\/wp-content\/uploads\/importedmedia\/product-153301_0-PL0418-585x1024.jpg","type":"image\/jpeg"}],"twitter_card":"summary_large_image","schema":{"@context":"https:\/\/schema.org","@graph":[{"@type":"WebPage","@id":"https:\/\/horticom.ee\/e-pood\/toode\/verev-lehtertapp-segu-ipomea-purpurea-l-roth\/","url":"https:\/\/horticom.ee\/e-pood\/toode\/verev-lehtertapp-segu-ipomea-purpurea-l-roth\/","name":"Verev Lehtertapp - Horticom.ee\/e-pood","isPartOf":{"@id":"https:\/\/horticom.ee\/e-pood\/#website"},"primaryImageOfPage":{"@id":"https:\/\/horticom.ee\/e-pood\/toode\/verev-lehtertapp-segu-ipomea-purpurea-l-roth\/#primaryimage"},"image":{"@id":"https:\/\/horticom.ee\/e-pood\/toode\/verev-lehtertapp-segu-ipomea-purpurea-l-roth\/#primaryimage"},"thumbnailUrl":"https:\/\/horticom.ee\/e-pood\/wp-content\/uploads\/importedmedia\/product-153301_0-PL0418.jpg","datePublished":"2022-01-17T14:04:46+00:00","dateModified":"2026-04-24T00:08:12+00:00","description":"Verev lehtertapp segu, kuni 200 cm k\u00f5rge ronilill, \u00f5itseb juuni l\u00f5pust k\u00fclmadeni. Vajab toestust ja sooja kasvukohta. Taim on m\u00fcrgine.","breadcrumb":{"@id":"https:\/\/horticom.ee\/e-pood\/toode\/verev-lehtertapp-segu-ipomea-purpurea-l-roth\/#breadcrumb"},"inLanguage":"ru-RU","potentialAction":[{"@type":"ReadAction","target":["https:\/\/horticom.ee\/e-pood\/toode\/verev-lehtertapp-segu-ipomea-purpurea-l-roth\/"]}]},{"@type":"ImageObject","inLanguage":"ru-RU","@id":"https:\/\/horticom.ee\/e-pood\/toode\/verev-lehtertapp-segu-ipomea-purpurea-l-roth\/#primaryimage","url":"https:\/\/horticom.ee\/e-pood\/wp-content\/uploads\/importedmedia\/product-153301_0-PL0418.jpg","contentUrl":"https:\/\/horticom.ee\/e-pood\/wp-content\/uploads\/importedmedia\/product-153301_0-PL0418.jpg","width":1000,"height":1750,"caption":"Verev Lehtertapp"},{"@type":"BreadcrumbList","@id":"https:\/\/horticom.ee\/e-pood\/toode\/verev-lehtertapp-segu-ipomea-purpurea-l-roth\/#breadcrumb","itemListElement":[{"@type":"ListItem","position":1,"name":"Home","item":"https:\/\/horticom.ee\/e-pood\/"},{"@type":"ListItem","position":2,"name":"Pood","item":"https:\/\/horticom.ee\/e-pood\/pood\/"},{"@type":"ListItem","position":3,"name":"Verev Lehtertapp"}]},{"@type":"WebSite","@id":"https:\/\/horticom.ee\/e-pood\/#website","url":"https:\/\/horticom.ee\/e-pood\/","name":"Horticom.ee","description":"Aianduskaubad ja kodukaubad nii harrastajatele kui professionaalidele","potentialAction":[{"@type":"SearchAction","target":{"@type":"EntryPoint","urlTemplate":"https:\/\/horticom.ee\/e-pood\/?s={search_term_string}"},"query-input":{"@type":"PropertyValueSpecification","valueRequired":true,"valueName":"search_term_string"}}],"inLanguage":"ru-RU"}]}},"_links":{"self":[{"href":"https:\/\/horticom.ee\/e-pood\/ru\/wp-json\/wp\/v2\/product\/153301","targetHints":{"allow":["GET"]}}],"collection":[{"href":"https:\/\/horticom.ee\/e-pood\/ru\/wp-json\/wp\/v2\/product"}],"about":[{"href":"https:\/\/horticom.ee\/e-pood\/ru\/wp-json\/wp\/v2\/types\/product"}],"replies":[{"embeddable":true,"href":"https:\/\/horticom.ee\/e-pood\/ru\/wp-json\/wp\/v2\/comments?post=153301"}],"wp:featuredmedia":[{"embeddable":true,"href":"https:\/\/horticom.ee\/e-pood\/ru\/wp-json\/wp\/v2\/media\/169594"}],"wp:attachment":[{"href":"https:\/\/horticom.ee\/e-pood\/ru\/wp-json\/wp\/v2\/media?parent=153301"}],"wp:term":[{"taxonomy":"product_cat","embeddable":true,"href":"https:\/\/horticom.ee\/e-pood\/ru\/wp-json\/wp\/v2\/product_cat?post=153301"},{"taxonomy":"product_tag","embeddable":true,"href":"https:\/\/horticom.ee\/e-pood\/ru\/wp-json\/wp\/v2\/product_tag?post=153301"}],"curies":[{"name":"wp","href":"https:\/\/api.w.org\/{rel}","templated":true}]}}