{"id":153312,"date":"2022-01-17T16:04:53","date_gmt":"2022-01-17T14:04:53","guid":{"rendered":"https:\/\/aednik24.ee\/toode\/lohnav-lillhernes-unwins-striped-lathyrus-odoratus-l-sp\/"},"modified":"2026-04-24T03:08:19","modified_gmt":"2026-04-24T00:08:19","slug":"lohnav-lillhernes-unwins-striped-lathyrus-odoratus-l-sp","status":"publish","type":"product","link":"https:\/\/horticom.ee\/e-pood\/ru\/toode\/lohnav-lillhernes-unwins-striped-lathyrus-odoratus-l-sp\/","title":{"rendered":"L\u00f5hnav Lillhernes Unwin&#8217;S Striped"},"content":{"rendered":"<p>L\u00f5hnav lillhernes Unwins Striped on \u00fcheaastane ronitaim, 150\u2013200 cm k\u00f5rgune. 1g umbes 12 seemet. \u00d5ied on erksad, v\u00e4ga dekoratiivsed, meeldiva l\u00f5hnaga. Kasvab h\u00e4sti p\u00e4ikesepaistelistes, tuulevarjulistes kohtades, liivsavimulla pinnases. Lillhernest v\u00f5ib kujundada \u00fcheks aastaks \u00f5itsva ja l\u00f5hnava seina.<\/p>\n","protected":false},"excerpt":{"rendered":"<p>L\u00f5hnav lillhernes Unwins Striped on \u00fcheaastane ronitaim, 150\u2013200 cm k\u00f5rgune. 1g umbes 12 seemet. \u00d5ied on erksad, v\u00e4ga dekoratiivsed, meeldiva l\u00f5hnaga. Kasvab h\u00e4sti p\u00e4ikesepaistelistes, tuulevarjulistes kohtades, liivsavimulla pinnases. Lillhernest v\u00f5ib kujundada \u00fcheks aastaks \u00f5itsva ja l\u00f5hnava seina.<\/p>\n","protected":false},"featured_media":169570,"comment_status":"closed","ping_status":"closed","template":"","meta":{"_themeisle_gutenberg_block_has_review":false},"product_cat":[13520],"product_tag":[],"class_list":{"0":"post-153312","1":"product","2":"type-product","3":"status-publish","4":"has-post-thumbnail","6":"product_cat-lillhernes-oisuba","8":"first","9":"instock","10":"shipping-taxable","11":"purchasable","12":"product-type-simple"},"yoast_head":"<!-- This site is optimized with the Yoast SEO plugin v24.0 - https:\/\/yoast.com\/wordpress\/plugins\/seo\/ -->\n<title>L\u00f5hnav Lillhernes Unwin&#039;S Striped - Horticom.ee\/e-pood<\/title>\n<meta name=\"description\" content=\"L\u00f5hnav lillhernes Unwins Striped on \u00fcheaastane ronitaim, 150\u2013200 cm k\u00f5rgune. \u00d5ied on erksad, v\u00e4ga dekoratiivsed, meeldiva l\u00f5hnaga.\" \/>\n<meta name=\"robots\" content=\"index, follow, max-snippet:-1, max-image-preview:large, max-video-preview:-1\" \/>\n<link rel=\"canonical\" href=\"https:\/\/horticom.ee\/e-pood\/toode\/lohnav-lillhernes-unwins-striped-lathyrus-odoratus-l-sp\/\" \/>\n<meta property=\"og:locale\" content=\"ru_RU\" \/>\n<meta property=\"og:type\" content=\"article\" \/>\n<meta property=\"og:title\" content=\"L\u00f5hnav Lillhernes Unwin&#039;S Striped - Horticom.ee\/e-pood\" \/>\n<meta property=\"og:description\" content=\"L\u00f5hnav lillhernes Unwins Striped on \u00fcheaastane ronitaim, 150\u2013200 cm k\u00f5rgune. \u00d5ied on erksad, v\u00e4ga dekoratiivsed, meeldiva l\u00f5hnaga.\" \/>\n<meta property=\"og:url\" content=\"https:\/\/horticom.ee\/e-pood\/toode\/lohnav-lillhernes-unwins-striped-lathyrus-odoratus-l-sp\/\" \/>\n<meta property=\"og:site_name\" content=\"Horticom.ee\" \/>\n<meta property=\"article:publisher\" content=\"https:\/\/www.facebook.com\/horticom.ee\/e-pood\" \/>\n<meta property=\"article:modified_time\" content=\"2026-04-24T00:08:19+00:00\" \/>\n<meta property=\"og:image\" content=\"https:\/\/horticom.ee\/e-pood\/wp-content\/uploads\/importedmedia\/product-153312_0-PL0431-585x1024.jpg\" \/>\n\t<meta property=\"og:image:width\" content=\"585\" \/>\n\t<meta property=\"og:image:height\" content=\"1024\" \/>\n\t<meta property=\"og:image:type\" content=\"image\/jpeg\" \/>\n<meta name=\"twitter:card\" content=\"summary_large_image\" \/>\n<script type=\"application\/ld+json\" class=\"yoast-schema-graph\">{\"@context\":\"https:\/\/schema.org\",\"@graph\":[{\"@type\":\"WebPage\",\"@id\":\"https:\/\/horticom.ee\/e-pood\/toode\/lohnav-lillhernes-unwins-striped-lathyrus-odoratus-l-sp\/\",\"url\":\"https:\/\/horticom.ee\/e-pood\/toode\/lohnav-lillhernes-unwins-striped-lathyrus-odoratus-l-sp\/\",\"name\":\"L\u00f5hnav Lillhernes Unwin'S Striped - Horticom.ee\/e-pood\",\"isPartOf\":{\"@id\":\"https:\/\/horticom.ee\/e-pood\/#website\"},\"primaryImageOfPage\":{\"@id\":\"https:\/\/horticom.ee\/e-pood\/toode\/lohnav-lillhernes-unwins-striped-lathyrus-odoratus-l-sp\/#primaryimage\"},\"image\":{\"@id\":\"https:\/\/horticom.ee\/e-pood\/toode\/lohnav-lillhernes-unwins-striped-lathyrus-odoratus-l-sp\/#primaryimage\"},\"thumbnailUrl\":\"https:\/\/horticom.ee\/e-pood\/wp-content\/uploads\/importedmedia\/product-153312_0-PL0431.jpg\",\"datePublished\":\"2022-01-17T14:04:53+00:00\",\"dateModified\":\"2026-04-24T00:08:19+00:00\",\"description\":\"L\u00f5hnav lillhernes Unwins Striped on \u00fcheaastane ronitaim, 150\u2013200 cm k\u00f5rgune. \u00d5ied on erksad, v\u00e4ga dekoratiivsed, meeldiva l\u00f5hnaga.\",\"breadcrumb\":{\"@id\":\"https:\/\/horticom.ee\/e-pood\/toode\/lohnav-lillhernes-unwins-striped-lathyrus-odoratus-l-sp\/#breadcrumb\"},\"inLanguage\":\"ru-RU\",\"potentialAction\":[{\"@type\":\"ReadAction\",\"target\":[\"https:\/\/horticom.ee\/e-pood\/toode\/lohnav-lillhernes-unwins-striped-lathyrus-odoratus-l-sp\/\"]}]},{\"@type\":\"ImageObject\",\"inLanguage\":\"ru-RU\",\"@id\":\"https:\/\/horticom.ee\/e-pood\/toode\/lohnav-lillhernes-unwins-striped-lathyrus-odoratus-l-sp\/#primaryimage\",\"url\":\"https:\/\/horticom.ee\/e-pood\/wp-content\/uploads\/importedmedia\/product-153312_0-PL0431.jpg\",\"contentUrl\":\"https:\/\/horticom.ee\/e-pood\/wp-content\/uploads\/importedmedia\/product-153312_0-PL0431.jpg\",\"width\":1000,\"height\":1750,\"caption\":\"L\u00f5hnav Lillhernes Unwin'S Striped\"},{\"@type\":\"BreadcrumbList\",\"@id\":\"https:\/\/horticom.ee\/e-pood\/toode\/lohnav-lillhernes-unwins-striped-lathyrus-odoratus-l-sp\/#breadcrumb\",\"itemListElement\":[{\"@type\":\"ListItem\",\"position\":1,\"name\":\"Home\",\"item\":\"https:\/\/horticom.ee\/e-pood\/\"},{\"@type\":\"ListItem\",\"position\":2,\"name\":\"Pood\",\"item\":\"https:\/\/horticom.ee\/e-pood\/pood\/\"},{\"@type\":\"ListItem\",\"position\":3,\"name\":\"L\u00f5hnav Lillhernes Unwin&#8217;S Striped\"}]},{\"@type\":\"WebSite\",\"@id\":\"https:\/\/horticom.ee\/e-pood\/#website\",\"url\":\"https:\/\/horticom.ee\/e-pood\/\",\"name\":\"Horticom.ee\",\"description\":\"Aianduskaubad ja kodukaubad nii harrastajatele kui professionaalidele\",\"potentialAction\":[{\"@type\":\"SearchAction\",\"target\":{\"@type\":\"EntryPoint\",\"urlTemplate\":\"https:\/\/horticom.ee\/e-pood\/?s={search_term_string}\"},\"query-input\":{\"@type\":\"PropertyValueSpecification\",\"valueRequired\":true,\"valueName\":\"search_term_string\"}}],\"inLanguage\":\"ru-RU\"}]}<\/script>\n<!-- \/ Yoast SEO plugin. -->","yoast_head_json":{"title":"L\u00f5hnav Lillhernes Unwin'S Striped - Horticom.ee\/e-pood","description":"L\u00f5hnav lillhernes Unwins Striped on \u00fcheaastane ronitaim, 150\u2013200 cm k\u00f5rgune. \u00d5ied on erksad, v\u00e4ga dekoratiivsed, meeldiva l\u00f5hnaga.","robots":{"index":"index","follow":"follow","max-snippet":"max-snippet:-1","max-image-preview":"max-image-preview:large","max-video-preview":"max-video-preview:-1"},"canonical":"https:\/\/horticom.ee\/e-pood\/toode\/lohnav-lillhernes-unwins-striped-lathyrus-odoratus-l-sp\/","og_locale":"ru_RU","og_type":"article","og_title":"L\u00f5hnav Lillhernes Unwin'S Striped - Horticom.ee\/e-pood","og_description":"L\u00f5hnav lillhernes Unwins Striped on \u00fcheaastane ronitaim, 150\u2013200 cm k\u00f5rgune. \u00d5ied on erksad, v\u00e4ga dekoratiivsed, meeldiva l\u00f5hnaga.","og_url":"https:\/\/horticom.ee\/e-pood\/toode\/lohnav-lillhernes-unwins-striped-lathyrus-odoratus-l-sp\/","og_site_name":"Horticom.ee","article_publisher":"https:\/\/www.facebook.com\/horticom.ee\/e-pood","article_modified_time":"2026-04-24T00:08:19+00:00","og_image":[{"width":585,"height":1024,"url":"https:\/\/horticom.ee\/e-pood\/wp-content\/uploads\/importedmedia\/product-153312_0-PL0431-585x1024.jpg","type":"image\/jpeg"}],"twitter_card":"summary_large_image","schema":{"@context":"https:\/\/schema.org","@graph":[{"@type":"WebPage","@id":"https:\/\/horticom.ee\/e-pood\/toode\/lohnav-lillhernes-unwins-striped-lathyrus-odoratus-l-sp\/","url":"https:\/\/horticom.ee\/e-pood\/toode\/lohnav-lillhernes-unwins-striped-lathyrus-odoratus-l-sp\/","name":"L\u00f5hnav Lillhernes Unwin'S Striped - Horticom.ee\/e-pood","isPartOf":{"@id":"https:\/\/horticom.ee\/e-pood\/#website"},"primaryImageOfPage":{"@id":"https:\/\/horticom.ee\/e-pood\/toode\/lohnav-lillhernes-unwins-striped-lathyrus-odoratus-l-sp\/#primaryimage"},"image":{"@id":"https:\/\/horticom.ee\/e-pood\/toode\/lohnav-lillhernes-unwins-striped-lathyrus-odoratus-l-sp\/#primaryimage"},"thumbnailUrl":"https:\/\/horticom.ee\/e-pood\/wp-content\/uploads\/importedmedia\/product-153312_0-PL0431.jpg","datePublished":"2022-01-17T14:04:53+00:00","dateModified":"2026-04-24T00:08:19+00:00","description":"L\u00f5hnav lillhernes Unwins Striped on \u00fcheaastane ronitaim, 150\u2013200 cm k\u00f5rgune. \u00d5ied on erksad, v\u00e4ga dekoratiivsed, meeldiva l\u00f5hnaga.","breadcrumb":{"@id":"https:\/\/horticom.ee\/e-pood\/toode\/lohnav-lillhernes-unwins-striped-lathyrus-odoratus-l-sp\/#breadcrumb"},"inLanguage":"ru-RU","potentialAction":[{"@type":"ReadAction","target":["https:\/\/horticom.ee\/e-pood\/toode\/lohnav-lillhernes-unwins-striped-lathyrus-odoratus-l-sp\/"]}]},{"@type":"ImageObject","inLanguage":"ru-RU","@id":"https:\/\/horticom.ee\/e-pood\/toode\/lohnav-lillhernes-unwins-striped-lathyrus-odoratus-l-sp\/#primaryimage","url":"https:\/\/horticom.ee\/e-pood\/wp-content\/uploads\/importedmedia\/product-153312_0-PL0431.jpg","contentUrl":"https:\/\/horticom.ee\/e-pood\/wp-content\/uploads\/importedmedia\/product-153312_0-PL0431.jpg","width":1000,"height":1750,"caption":"L\u00f5hnav Lillhernes Unwin'S Striped"},{"@type":"BreadcrumbList","@id":"https:\/\/horticom.ee\/e-pood\/toode\/lohnav-lillhernes-unwins-striped-lathyrus-odoratus-l-sp\/#breadcrumb","itemListElement":[{"@type":"ListItem","position":1,"name":"Home","item":"https:\/\/horticom.ee\/e-pood\/"},{"@type":"ListItem","position":2,"name":"Pood","item":"https:\/\/horticom.ee\/e-pood\/pood\/"},{"@type":"ListItem","position":3,"name":"L\u00f5hnav Lillhernes Unwin&#8217;S Striped"}]},{"@type":"WebSite","@id":"https:\/\/horticom.ee\/e-pood\/#website","url":"https:\/\/horticom.ee\/e-pood\/","name":"Horticom.ee","description":"Aianduskaubad ja kodukaubad nii harrastajatele kui professionaalidele","potentialAction":[{"@type":"SearchAction","target":{"@type":"EntryPoint","urlTemplate":"https:\/\/horticom.ee\/e-pood\/?s={search_term_string}"},"query-input":{"@type":"PropertyValueSpecification","valueRequired":true,"valueName":"search_term_string"}}],"inLanguage":"ru-RU"}]}},"_links":{"self":[{"href":"https:\/\/horticom.ee\/e-pood\/ru\/wp-json\/wp\/v2\/product\/153312","targetHints":{"allow":["GET"]}}],"collection":[{"href":"https:\/\/horticom.ee\/e-pood\/ru\/wp-json\/wp\/v2\/product"}],"about":[{"href":"https:\/\/horticom.ee\/e-pood\/ru\/wp-json\/wp\/v2\/types\/product"}],"replies":[{"embeddable":true,"href":"https:\/\/horticom.ee\/e-pood\/ru\/wp-json\/wp\/v2\/comments?post=153312"}],"wp:featuredmedia":[{"embeddable":true,"href":"https:\/\/horticom.ee\/e-pood\/ru\/wp-json\/wp\/v2\/media\/169570"}],"wp:attachment":[{"href":"https:\/\/horticom.ee\/e-pood\/ru\/wp-json\/wp\/v2\/media?parent=153312"}],"wp:term":[{"taxonomy":"product_cat","embeddable":true,"href":"https:\/\/horticom.ee\/e-pood\/ru\/wp-json\/wp\/v2\/product_cat?post=153312"},{"taxonomy":"product_tag","embeddable":true,"href":"https:\/\/horticom.ee\/e-pood\/ru\/wp-json\/wp\/v2\/product_tag?post=153312"}],"curies":[{"name":"wp","href":"https:\/\/api.w.org\/{rel}","templated":true}]}}