{"id":153313,"date":"2022-01-17T16:04:53","date_gmt":"2022-01-17T14:04:53","guid":{"rendered":"https:\/\/aednik24.ee\/toode\/habenelk-pinocchio-segu-dianthus-barbatus-l\/"},"modified":"2026-05-03T03:07:49","modified_gmt":"2026-05-03T00:07:49","slug":"habenelk-pinocchio-segu-dianthus-barbatus-l","status":"publish","type":"product","link":"https:\/\/horticom.ee\/e-pood\/ru\/toode\/habenelk-pinocchio-segu-dianthus-barbatus-l\/","title":{"rendered":"Habenelk Pinocchio"},"content":{"rendered":"<p>Habenelk Pinocchio segu on kaheaastane, 30cm k\u00f5rgune taim. T\u00e4idis\u00f5ieline sort. Lehed ja v\u00f5rsed tumerohelised. \u00d5iev\u00e4rvus mitmekesine. \u00d5itseb rohkelt juuni-juuli. Sobib segapeenrasse, kiviktaimlasse. Kasvab h\u00e4sti viljakas, huumuselises pinnases.<\/p>\n","protected":false},"excerpt":{"rendered":"<p>Habenelk Pinocchio segu on kaheaastane, 30cm k\u00f5rgune taim. T\u00e4idis\u00f5ieline sort. Lehed ja v\u00f5rsed tumerohelised. \u00d5iev\u00e4rvus mitmekesine. \u00d5itseb rohkelt juuni-juuli. Sobib segapeenrasse, kiviktaimlasse. Kasvab h\u00e4sti viljakas, huumuselises pinnases.<\/p>\n","protected":false},"featured_media":169572,"comment_status":"closed","ping_status":"closed","template":"","meta":{"_themeisle_gutenberg_block_has_review":false},"product_cat":[13511],"product_tag":[],"class_list":{"0":"post-153313","1":"product","2":"type-product","3":"status-publish","4":"has-post-thumbnail","6":"product_cat-nelk-sametlill","8":"first","9":"instock","10":"shipping-taxable","11":"purchasable","12":"product-type-simple"},"yoast_head":"<!-- This site is optimized with the Yoast SEO plugin v24.0 - https:\/\/yoast.com\/wordpress\/plugins\/seo\/ -->\n<title>Habenelk Pinocchio - Horticom.ee\/e-pood<\/title>\n<meta name=\"description\" content=\"Habenelk Pinocchio segu on kaheaastane 30 cm k\u00f5rgune taim. Mitmekesised t\u00e4idis\u00f5ied sobivad segapeenardele ja kiviktaimlatesse.\" \/>\n<meta name=\"robots\" content=\"index, follow, max-snippet:-1, max-image-preview:large, max-video-preview:-1\" \/>\n<link rel=\"canonical\" href=\"https:\/\/horticom.ee\/e-pood\/toode\/habenelk-pinocchio-segu-dianthus-barbatus-l\/\" \/>\n<meta property=\"og:locale\" content=\"ru_RU\" \/>\n<meta property=\"og:type\" content=\"article\" \/>\n<meta property=\"og:title\" content=\"Habenelk Pinocchio - Horticom.ee\/e-pood\" \/>\n<meta property=\"og:description\" content=\"Habenelk Pinocchio segu on kaheaastane 30 cm k\u00f5rgune taim. Mitmekesised t\u00e4idis\u00f5ied sobivad segapeenardele ja kiviktaimlatesse.\" \/>\n<meta property=\"og:url\" content=\"https:\/\/horticom.ee\/e-pood\/toode\/habenelk-pinocchio-segu-dianthus-barbatus-l\/\" \/>\n<meta property=\"og:site_name\" content=\"Horticom.ee\" \/>\n<meta property=\"article:publisher\" content=\"https:\/\/www.facebook.com\/horticom.ee\/e-pood\" \/>\n<meta property=\"article:modified_time\" content=\"2026-05-03T00:07:49+00:00\" \/>\n<meta property=\"og:image\" content=\"https:\/\/horticom.ee\/e-pood\/wp-content\/uploads\/importedmedia\/product-153313_0-PL0432-585x1024.jpg\" \/>\n\t<meta property=\"og:image:width\" content=\"585\" \/>\n\t<meta property=\"og:image:height\" content=\"1024\" \/>\n\t<meta property=\"og:image:type\" content=\"image\/jpeg\" \/>\n<meta name=\"twitter:card\" content=\"summary_large_image\" \/>\n<script type=\"application\/ld+json\" class=\"yoast-schema-graph\">{\"@context\":\"https:\/\/schema.org\",\"@graph\":[{\"@type\":\"WebPage\",\"@id\":\"https:\/\/horticom.ee\/e-pood\/toode\/habenelk-pinocchio-segu-dianthus-barbatus-l\/\",\"url\":\"https:\/\/horticom.ee\/e-pood\/toode\/habenelk-pinocchio-segu-dianthus-barbatus-l\/\",\"name\":\"Habenelk Pinocchio - Horticom.ee\/e-pood\",\"isPartOf\":{\"@id\":\"https:\/\/horticom.ee\/e-pood\/#website\"},\"primaryImageOfPage\":{\"@id\":\"https:\/\/horticom.ee\/e-pood\/toode\/habenelk-pinocchio-segu-dianthus-barbatus-l\/#primaryimage\"},\"image\":{\"@id\":\"https:\/\/horticom.ee\/e-pood\/toode\/habenelk-pinocchio-segu-dianthus-barbatus-l\/#primaryimage\"},\"thumbnailUrl\":\"https:\/\/horticom.ee\/e-pood\/wp-content\/uploads\/importedmedia\/product-153313_0-PL0432.jpg\",\"datePublished\":\"2022-01-17T14:04:53+00:00\",\"dateModified\":\"2026-05-03T00:07:49+00:00\",\"description\":\"Habenelk Pinocchio segu on kaheaastane 30 cm k\u00f5rgune taim. Mitmekesised t\u00e4idis\u00f5ied sobivad segapeenardele ja kiviktaimlatesse.\",\"breadcrumb\":{\"@id\":\"https:\/\/horticom.ee\/e-pood\/toode\/habenelk-pinocchio-segu-dianthus-barbatus-l\/#breadcrumb\"},\"inLanguage\":\"ru-RU\",\"potentialAction\":[{\"@type\":\"ReadAction\",\"target\":[\"https:\/\/horticom.ee\/e-pood\/toode\/habenelk-pinocchio-segu-dianthus-barbatus-l\/\"]}]},{\"@type\":\"ImageObject\",\"inLanguage\":\"ru-RU\",\"@id\":\"https:\/\/horticom.ee\/e-pood\/toode\/habenelk-pinocchio-segu-dianthus-barbatus-l\/#primaryimage\",\"url\":\"https:\/\/horticom.ee\/e-pood\/wp-content\/uploads\/importedmedia\/product-153313_0-PL0432.jpg\",\"contentUrl\":\"https:\/\/horticom.ee\/e-pood\/wp-content\/uploads\/importedmedia\/product-153313_0-PL0432.jpg\",\"width\":1000,\"height\":1750,\"caption\":\"Habenelk Pinocchio\"},{\"@type\":\"BreadcrumbList\",\"@id\":\"https:\/\/horticom.ee\/e-pood\/toode\/habenelk-pinocchio-segu-dianthus-barbatus-l\/#breadcrumb\",\"itemListElement\":[{\"@type\":\"ListItem\",\"position\":1,\"name\":\"Home\",\"item\":\"https:\/\/horticom.ee\/e-pood\/\"},{\"@type\":\"ListItem\",\"position\":2,\"name\":\"Pood\",\"item\":\"https:\/\/horticom.ee\/e-pood\/pood\/\"},{\"@type\":\"ListItem\",\"position\":3,\"name\":\"Habenelk Pinocchio\"}]},{\"@type\":\"WebSite\",\"@id\":\"https:\/\/horticom.ee\/e-pood\/#website\",\"url\":\"https:\/\/horticom.ee\/e-pood\/\",\"name\":\"Horticom.ee\",\"description\":\"Aianduskaubad ja kodukaubad nii harrastajatele kui professionaalidele\",\"potentialAction\":[{\"@type\":\"SearchAction\",\"target\":{\"@type\":\"EntryPoint\",\"urlTemplate\":\"https:\/\/horticom.ee\/e-pood\/?s={search_term_string}\"},\"query-input\":{\"@type\":\"PropertyValueSpecification\",\"valueRequired\":true,\"valueName\":\"search_term_string\"}}],\"inLanguage\":\"ru-RU\"}]}<\/script>\n<!-- \/ Yoast SEO plugin. -->","yoast_head_json":{"title":"Habenelk Pinocchio - Horticom.ee\/e-pood","description":"Habenelk Pinocchio segu on kaheaastane 30 cm k\u00f5rgune taim. Mitmekesised t\u00e4idis\u00f5ied sobivad segapeenardele ja kiviktaimlatesse.","robots":{"index":"index","follow":"follow","max-snippet":"max-snippet:-1","max-image-preview":"max-image-preview:large","max-video-preview":"max-video-preview:-1"},"canonical":"https:\/\/horticom.ee\/e-pood\/toode\/habenelk-pinocchio-segu-dianthus-barbatus-l\/","og_locale":"ru_RU","og_type":"article","og_title":"Habenelk Pinocchio - Horticom.ee\/e-pood","og_description":"Habenelk Pinocchio segu on kaheaastane 30 cm k\u00f5rgune taim. Mitmekesised t\u00e4idis\u00f5ied sobivad segapeenardele ja kiviktaimlatesse.","og_url":"https:\/\/horticom.ee\/e-pood\/toode\/habenelk-pinocchio-segu-dianthus-barbatus-l\/","og_site_name":"Horticom.ee","article_publisher":"https:\/\/www.facebook.com\/horticom.ee\/e-pood","article_modified_time":"2026-05-03T00:07:49+00:00","og_image":[{"width":585,"height":1024,"url":"https:\/\/horticom.ee\/e-pood\/wp-content\/uploads\/importedmedia\/product-153313_0-PL0432-585x1024.jpg","type":"image\/jpeg"}],"twitter_card":"summary_large_image","schema":{"@context":"https:\/\/schema.org","@graph":[{"@type":"WebPage","@id":"https:\/\/horticom.ee\/e-pood\/toode\/habenelk-pinocchio-segu-dianthus-barbatus-l\/","url":"https:\/\/horticom.ee\/e-pood\/toode\/habenelk-pinocchio-segu-dianthus-barbatus-l\/","name":"Habenelk Pinocchio - Horticom.ee\/e-pood","isPartOf":{"@id":"https:\/\/horticom.ee\/e-pood\/#website"},"primaryImageOfPage":{"@id":"https:\/\/horticom.ee\/e-pood\/toode\/habenelk-pinocchio-segu-dianthus-barbatus-l\/#primaryimage"},"image":{"@id":"https:\/\/horticom.ee\/e-pood\/toode\/habenelk-pinocchio-segu-dianthus-barbatus-l\/#primaryimage"},"thumbnailUrl":"https:\/\/horticom.ee\/e-pood\/wp-content\/uploads\/importedmedia\/product-153313_0-PL0432.jpg","datePublished":"2022-01-17T14:04:53+00:00","dateModified":"2026-05-03T00:07:49+00:00","description":"Habenelk Pinocchio segu on kaheaastane 30 cm k\u00f5rgune taim. Mitmekesised t\u00e4idis\u00f5ied sobivad segapeenardele ja kiviktaimlatesse.","breadcrumb":{"@id":"https:\/\/horticom.ee\/e-pood\/toode\/habenelk-pinocchio-segu-dianthus-barbatus-l\/#breadcrumb"},"inLanguage":"ru-RU","potentialAction":[{"@type":"ReadAction","target":["https:\/\/horticom.ee\/e-pood\/toode\/habenelk-pinocchio-segu-dianthus-barbatus-l\/"]}]},{"@type":"ImageObject","inLanguage":"ru-RU","@id":"https:\/\/horticom.ee\/e-pood\/toode\/habenelk-pinocchio-segu-dianthus-barbatus-l\/#primaryimage","url":"https:\/\/horticom.ee\/e-pood\/wp-content\/uploads\/importedmedia\/product-153313_0-PL0432.jpg","contentUrl":"https:\/\/horticom.ee\/e-pood\/wp-content\/uploads\/importedmedia\/product-153313_0-PL0432.jpg","width":1000,"height":1750,"caption":"Habenelk Pinocchio"},{"@type":"BreadcrumbList","@id":"https:\/\/horticom.ee\/e-pood\/toode\/habenelk-pinocchio-segu-dianthus-barbatus-l\/#breadcrumb","itemListElement":[{"@type":"ListItem","position":1,"name":"Home","item":"https:\/\/horticom.ee\/e-pood\/"},{"@type":"ListItem","position":2,"name":"Pood","item":"https:\/\/horticom.ee\/e-pood\/pood\/"},{"@type":"ListItem","position":3,"name":"Habenelk Pinocchio"}]},{"@type":"WebSite","@id":"https:\/\/horticom.ee\/e-pood\/#website","url":"https:\/\/horticom.ee\/e-pood\/","name":"Horticom.ee","description":"Aianduskaubad ja kodukaubad nii harrastajatele kui professionaalidele","potentialAction":[{"@type":"SearchAction","target":{"@type":"EntryPoint","urlTemplate":"https:\/\/horticom.ee\/e-pood\/?s={search_term_string}"},"query-input":{"@type":"PropertyValueSpecification","valueRequired":true,"valueName":"search_term_string"}}],"inLanguage":"ru-RU"}]}},"_links":{"self":[{"href":"https:\/\/horticom.ee\/e-pood\/ru\/wp-json\/wp\/v2\/product\/153313","targetHints":{"allow":["GET"]}}],"collection":[{"href":"https:\/\/horticom.ee\/e-pood\/ru\/wp-json\/wp\/v2\/product"}],"about":[{"href":"https:\/\/horticom.ee\/e-pood\/ru\/wp-json\/wp\/v2\/types\/product"}],"replies":[{"embeddable":true,"href":"https:\/\/horticom.ee\/e-pood\/ru\/wp-json\/wp\/v2\/comments?post=153313"}],"wp:featuredmedia":[{"embeddable":true,"href":"https:\/\/horticom.ee\/e-pood\/ru\/wp-json\/wp\/v2\/media\/169572"}],"wp:attachment":[{"href":"https:\/\/horticom.ee\/e-pood\/ru\/wp-json\/wp\/v2\/media?parent=153313"}],"wp:term":[{"taxonomy":"product_cat","embeddable":true,"href":"https:\/\/horticom.ee\/e-pood\/ru\/wp-json\/wp\/v2\/product_cat?post=153313"},{"taxonomy":"product_tag","embeddable":true,"href":"https:\/\/horticom.ee\/e-pood\/ru\/wp-json\/wp\/v2\/product_tag?post=153313"}],"curies":[{"name":"wp","href":"https:\/\/api.w.org\/{rel}","templated":true}]}}