{"id":153320,"date":"2022-01-17T16:04:57","date_gmt":"2022-01-17T14:04:57","guid":{"rendered":"https:\/\/aednik24.ee\/toode\/kurk-sremski-h-cucumis-sativus-l\/"},"modified":"2026-04-29T00:00:44","modified_gmt":"2026-04-28T21:00:44","slug":"kurk-sremski-h-cucumis-sativus-l","status":"publish","type":"product","link":"https:\/\/horticom.ee\/e-pood\/ru\/toode\/kurk-sremski-h-cucumis-sativus-l\/","title":{"rendered":"Kurk Sremski H"},"content":{"rendered":"<p>Kurk Sremski H on varajane h\u00fcbriidsort. M\u00f5eldud kasvatamiseks avamaal. Vili on helerohelist v\u00e4rvi, suurte k\u00fchmudega. Saaki korjatakse iga p\u00e4ev, kui vili on 5\u20138cm pikkune. Sobib marineerimiseks ja v\u00e4rskena kasutamiseks. Samasse kohta on kurki soovitatav istutada iga 2-3 aasta m\u00f6\u00f6dumisel. 1g umbes 40 seemet.<\/p>\n","protected":false},"excerpt":{"rendered":"<p>Kurk Sremski H on varajane h\u00fcbriidsort. M\u00f5eldud kasvatamiseks avamaal. Vili on helerohelist v\u00e4rvi, suurte k\u00fchmudega. Saaki korjatakse iga p\u00e4ev, kui vili on 5\u20138cm pikkune. Sobib marineerimiseks ja v\u00e4rskena kasutamiseks. Samasse kohta on kurki soovitatav istutada iga 2-3 aasta m\u00f6\u00f6dumisel. 1g umbes 40 seemet.<\/p>\n","protected":false},"featured_media":169558,"comment_status":"closed","ping_status":"closed","template":"","meta":{"_themeisle_gutenberg_block_has_review":false},"product_cat":[13493],"product_tag":[],"class_list":{"0":"post-153320","1":"product","2":"type-product","3":"status-publish","4":"has-post-thumbnail","6":"product_cat-kurk","8":"first","9":"instock","10":"shipping-taxable","11":"purchasable","12":"product-type-simple"},"yoast_head":"<!-- This site is optimized with the Yoast SEO plugin v24.0 - https:\/\/yoast.com\/wordpress\/plugins\/seo\/ -->\n<title>Kurk Sremski H - Horticom.ee\/e-pood<\/title>\n<meta name=\"description\" content=\"Kurk Sremski H on varajane h\u00fcbriidsort, mille viljad sobivad marineerimiseks. Saaki korjatakse, kui vili on 5\u20138 cm pikkune.\" \/>\n<meta name=\"robots\" content=\"index, follow, max-snippet:-1, max-image-preview:large, max-video-preview:-1\" \/>\n<link rel=\"canonical\" href=\"https:\/\/horticom.ee\/e-pood\/toode\/kurk-sremski-h-cucumis-sativus-l\/\" \/>\n<meta property=\"og:locale\" content=\"ru_RU\" \/>\n<meta property=\"og:type\" content=\"article\" \/>\n<meta property=\"og:title\" content=\"Kurk Sremski H - Horticom.ee\/e-pood\" \/>\n<meta property=\"og:description\" content=\"Kurk Sremski H on varajane h\u00fcbriidsort, mille viljad sobivad marineerimiseks. Saaki korjatakse, kui vili on 5\u20138 cm pikkune.\" \/>\n<meta property=\"og:url\" content=\"https:\/\/horticom.ee\/e-pood\/toode\/kurk-sremski-h-cucumis-sativus-l\/\" \/>\n<meta property=\"og:site_name\" content=\"Horticom.ee\" \/>\n<meta property=\"article:publisher\" content=\"https:\/\/www.facebook.com\/horticom.ee\/e-pood\" \/>\n<meta property=\"article:modified_time\" content=\"2026-04-28T21:00:44+00:00\" \/>\n<meta property=\"og:image\" content=\"https:\/\/horticom.ee\/e-pood\/wp-content\/uploads\/importedmedia\/product-153320_0-PL0460-585x1024.jpg\" \/>\n\t<meta property=\"og:image:width\" content=\"585\" \/>\n\t<meta property=\"og:image:height\" content=\"1024\" \/>\n\t<meta property=\"og:image:type\" content=\"image\/jpeg\" \/>\n<meta name=\"twitter:card\" content=\"summary_large_image\" \/>\n<script type=\"application\/ld+json\" class=\"yoast-schema-graph\">{\"@context\":\"https:\/\/schema.org\",\"@graph\":[{\"@type\":\"WebPage\",\"@id\":\"https:\/\/horticom.ee\/e-pood\/toode\/kurk-sremski-h-cucumis-sativus-l\/\",\"url\":\"https:\/\/horticom.ee\/e-pood\/toode\/kurk-sremski-h-cucumis-sativus-l\/\",\"name\":\"Kurk Sremski H - Horticom.ee\/e-pood\",\"isPartOf\":{\"@id\":\"https:\/\/horticom.ee\/e-pood\/#website\"},\"primaryImageOfPage\":{\"@id\":\"https:\/\/horticom.ee\/e-pood\/toode\/kurk-sremski-h-cucumis-sativus-l\/#primaryimage\"},\"image\":{\"@id\":\"https:\/\/horticom.ee\/e-pood\/toode\/kurk-sremski-h-cucumis-sativus-l\/#primaryimage\"},\"thumbnailUrl\":\"https:\/\/horticom.ee\/e-pood\/wp-content\/uploads\/importedmedia\/product-153320_0-PL0460.jpg\",\"datePublished\":\"2022-01-17T14:04:57+00:00\",\"dateModified\":\"2026-04-28T21:00:44+00:00\",\"description\":\"Kurk Sremski H on varajane h\u00fcbriidsort, mille viljad sobivad marineerimiseks. Saaki korjatakse, kui vili on 5\u20138 cm pikkune.\",\"breadcrumb\":{\"@id\":\"https:\/\/horticom.ee\/e-pood\/toode\/kurk-sremski-h-cucumis-sativus-l\/#breadcrumb\"},\"inLanguage\":\"ru-RU\",\"potentialAction\":[{\"@type\":\"ReadAction\",\"target\":[\"https:\/\/horticom.ee\/e-pood\/toode\/kurk-sremski-h-cucumis-sativus-l\/\"]}]},{\"@type\":\"ImageObject\",\"inLanguage\":\"ru-RU\",\"@id\":\"https:\/\/horticom.ee\/e-pood\/toode\/kurk-sremski-h-cucumis-sativus-l\/#primaryimage\",\"url\":\"https:\/\/horticom.ee\/e-pood\/wp-content\/uploads\/importedmedia\/product-153320_0-PL0460.jpg\",\"contentUrl\":\"https:\/\/horticom.ee\/e-pood\/wp-content\/uploads\/importedmedia\/product-153320_0-PL0460.jpg\",\"width\":1000,\"height\":1750,\"caption\":\"Kurk Sremski H\"},{\"@type\":\"BreadcrumbList\",\"@id\":\"https:\/\/horticom.ee\/e-pood\/toode\/kurk-sremski-h-cucumis-sativus-l\/#breadcrumb\",\"itemListElement\":[{\"@type\":\"ListItem\",\"position\":1,\"name\":\"Home\",\"item\":\"https:\/\/horticom.ee\/e-pood\/\"},{\"@type\":\"ListItem\",\"position\":2,\"name\":\"Pood\",\"item\":\"https:\/\/horticom.ee\/e-pood\/pood\/\"},{\"@type\":\"ListItem\",\"position\":3,\"name\":\"Kurk Sremski H\"}]},{\"@type\":\"WebSite\",\"@id\":\"https:\/\/horticom.ee\/e-pood\/#website\",\"url\":\"https:\/\/horticom.ee\/e-pood\/\",\"name\":\"Horticom.ee\",\"description\":\"Aianduskaubad ja kodukaubad nii harrastajatele kui professionaalidele\",\"potentialAction\":[{\"@type\":\"SearchAction\",\"target\":{\"@type\":\"EntryPoint\",\"urlTemplate\":\"https:\/\/horticom.ee\/e-pood\/?s={search_term_string}\"},\"query-input\":{\"@type\":\"PropertyValueSpecification\",\"valueRequired\":true,\"valueName\":\"search_term_string\"}}],\"inLanguage\":\"ru-RU\"}]}<\/script>\n<!-- \/ Yoast SEO plugin. -->","yoast_head_json":{"title":"Kurk Sremski H - Horticom.ee\/e-pood","description":"Kurk Sremski H on varajane h\u00fcbriidsort, mille viljad sobivad marineerimiseks. Saaki korjatakse, kui vili on 5\u20138 cm pikkune.","robots":{"index":"index","follow":"follow","max-snippet":"max-snippet:-1","max-image-preview":"max-image-preview:large","max-video-preview":"max-video-preview:-1"},"canonical":"https:\/\/horticom.ee\/e-pood\/toode\/kurk-sremski-h-cucumis-sativus-l\/","og_locale":"ru_RU","og_type":"article","og_title":"Kurk Sremski H - Horticom.ee\/e-pood","og_description":"Kurk Sremski H on varajane h\u00fcbriidsort, mille viljad sobivad marineerimiseks. Saaki korjatakse, kui vili on 5\u20138 cm pikkune.","og_url":"https:\/\/horticom.ee\/e-pood\/toode\/kurk-sremski-h-cucumis-sativus-l\/","og_site_name":"Horticom.ee","article_publisher":"https:\/\/www.facebook.com\/horticom.ee\/e-pood","article_modified_time":"2026-04-28T21:00:44+00:00","og_image":[{"width":585,"height":1024,"url":"https:\/\/horticom.ee\/e-pood\/wp-content\/uploads\/importedmedia\/product-153320_0-PL0460-585x1024.jpg","type":"image\/jpeg"}],"twitter_card":"summary_large_image","schema":{"@context":"https:\/\/schema.org","@graph":[{"@type":"WebPage","@id":"https:\/\/horticom.ee\/e-pood\/toode\/kurk-sremski-h-cucumis-sativus-l\/","url":"https:\/\/horticom.ee\/e-pood\/toode\/kurk-sremski-h-cucumis-sativus-l\/","name":"Kurk Sremski H - Horticom.ee\/e-pood","isPartOf":{"@id":"https:\/\/horticom.ee\/e-pood\/#website"},"primaryImageOfPage":{"@id":"https:\/\/horticom.ee\/e-pood\/toode\/kurk-sremski-h-cucumis-sativus-l\/#primaryimage"},"image":{"@id":"https:\/\/horticom.ee\/e-pood\/toode\/kurk-sremski-h-cucumis-sativus-l\/#primaryimage"},"thumbnailUrl":"https:\/\/horticom.ee\/e-pood\/wp-content\/uploads\/importedmedia\/product-153320_0-PL0460.jpg","datePublished":"2022-01-17T14:04:57+00:00","dateModified":"2026-04-28T21:00:44+00:00","description":"Kurk Sremski H on varajane h\u00fcbriidsort, mille viljad sobivad marineerimiseks. Saaki korjatakse, kui vili on 5\u20138 cm pikkune.","breadcrumb":{"@id":"https:\/\/horticom.ee\/e-pood\/toode\/kurk-sremski-h-cucumis-sativus-l\/#breadcrumb"},"inLanguage":"ru-RU","potentialAction":[{"@type":"ReadAction","target":["https:\/\/horticom.ee\/e-pood\/toode\/kurk-sremski-h-cucumis-sativus-l\/"]}]},{"@type":"ImageObject","inLanguage":"ru-RU","@id":"https:\/\/horticom.ee\/e-pood\/toode\/kurk-sremski-h-cucumis-sativus-l\/#primaryimage","url":"https:\/\/horticom.ee\/e-pood\/wp-content\/uploads\/importedmedia\/product-153320_0-PL0460.jpg","contentUrl":"https:\/\/horticom.ee\/e-pood\/wp-content\/uploads\/importedmedia\/product-153320_0-PL0460.jpg","width":1000,"height":1750,"caption":"Kurk Sremski H"},{"@type":"BreadcrumbList","@id":"https:\/\/horticom.ee\/e-pood\/toode\/kurk-sremski-h-cucumis-sativus-l\/#breadcrumb","itemListElement":[{"@type":"ListItem","position":1,"name":"Home","item":"https:\/\/horticom.ee\/e-pood\/"},{"@type":"ListItem","position":2,"name":"Pood","item":"https:\/\/horticom.ee\/e-pood\/pood\/"},{"@type":"ListItem","position":3,"name":"Kurk Sremski H"}]},{"@type":"WebSite","@id":"https:\/\/horticom.ee\/e-pood\/#website","url":"https:\/\/horticom.ee\/e-pood\/","name":"Horticom.ee","description":"Aianduskaubad ja kodukaubad nii harrastajatele kui professionaalidele","potentialAction":[{"@type":"SearchAction","target":{"@type":"EntryPoint","urlTemplate":"https:\/\/horticom.ee\/e-pood\/?s={search_term_string}"},"query-input":{"@type":"PropertyValueSpecification","valueRequired":true,"valueName":"search_term_string"}}],"inLanguage":"ru-RU"}]}},"_links":{"self":[{"href":"https:\/\/horticom.ee\/e-pood\/ru\/wp-json\/wp\/v2\/product\/153320","targetHints":{"allow":["GET"]}}],"collection":[{"href":"https:\/\/horticom.ee\/e-pood\/ru\/wp-json\/wp\/v2\/product"}],"about":[{"href":"https:\/\/horticom.ee\/e-pood\/ru\/wp-json\/wp\/v2\/types\/product"}],"replies":[{"embeddable":true,"href":"https:\/\/horticom.ee\/e-pood\/ru\/wp-json\/wp\/v2\/comments?post=153320"}],"wp:featuredmedia":[{"embeddable":true,"href":"https:\/\/horticom.ee\/e-pood\/ru\/wp-json\/wp\/v2\/media\/169558"}],"wp:attachment":[{"href":"https:\/\/horticom.ee\/e-pood\/ru\/wp-json\/wp\/v2\/media?parent=153320"}],"wp:term":[{"taxonomy":"product_cat","embeddable":true,"href":"https:\/\/horticom.ee\/e-pood\/ru\/wp-json\/wp\/v2\/product_cat?post=153320"},{"taxonomy":"product_tag","embeddable":true,"href":"https:\/\/horticom.ee\/e-pood\/ru\/wp-json\/wp\/v2\/product_tag?post=153320"}],"curies":[{"name":"wp","href":"https:\/\/api.w.org\/{rel}","templated":true}]}}