{"id":153328,"date":"2022-01-17T16:05:02","date_gmt":"2022-01-17T14:05:02","guid":{"rendered":"https:\/\/aednik24.ee\/toode\/lehtsalat-red-salad-bowl-lactuca-sativa-l\/"},"modified":"2026-05-03T03:07:49","modified_gmt":"2026-05-03T00:07:49","slug":"lehtsalat-red-salad-bowl-lactuca-sativa-l","status":"publish","type":"product","link":"https:\/\/horticom.ee\/e-pood\/ru\/toode\/lehtsalat-red-salad-bowl-lactuca-sativa-l\/","title":{"rendered":"Lehtsalat Red Salad Bowl"},"content":{"rendered":"<p>Lehtsalat Redsalad Bowl on varajane, tammelehelise salati sort. Saagik\u00fcpsus 50\u201363 p\u00e4evaga. Selle salatisordi lehed on sakilised, bordoov\u00e4rvi, mahlakad, maha l\u00f5igatud lehtede asemele kasvavad uued. Sobib kasvuhoones ja avamaal kasvatamiseks. Paremini kasvab kobedas, viljakas mullas.<\/p>\n","protected":false},"excerpt":{"rendered":"<p>Lehtsalat Redsalad Bowl on varajane, tammelehelise salati sort. Saagik\u00fcpsus 50\u201363 p\u00e4evaga. Selle salatisordi lehed on sakilised, bordoov\u00e4rvi, mahlakad, maha l\u00f5igatud lehtede asemele kasvavad uued. Sobib kasvuhoones ja avamaal kasvatamiseks. Paremini kasvab kobedas, viljakas mullas.<\/p>\n","protected":false},"featured_media":169540,"comment_status":"closed","ping_status":"closed","template":"","meta":{"_themeisle_gutenberg_block_has_review":false},"product_cat":[13484],"product_tag":[],"class_list":{"0":"post-153328","1":"product","2":"type-product","3":"status-publish","4":"has-post-thumbnail","6":"product_cat-salat-spinat-ruccola","8":"first","9":"outofstock","10":"shipping-taxable","11":"purchasable","12":"product-type-simple"},"yoast_head":"<!-- This site is optimized with the Yoast SEO plugin v24.0 - https:\/\/yoast.com\/wordpress\/plugins\/seo\/ -->\n<title>Lehtsalat Red Salad Bowl - Horticom.ee\/e-pood<\/title>\n<meta name=\"description\" content=\"Lehtsalat Redsalad Bowl on varajane tammeleheline sort. Bordoov\u00e4rvi lehed, uued kasvavad kiiresti p\u00e4rast l\u00f5ikamist. Sobib kasvuhoonesse ja avamaale.\" \/>\n<meta name=\"robots\" content=\"index, follow, max-snippet:-1, max-image-preview:large, max-video-preview:-1\" \/>\n<link rel=\"canonical\" href=\"https:\/\/horticom.ee\/e-pood\/toode\/lehtsalat-red-salad-bowl-lactuca-sativa-l\/\" \/>\n<meta property=\"og:locale\" content=\"ru_RU\" \/>\n<meta property=\"og:type\" content=\"article\" \/>\n<meta property=\"og:title\" content=\"Lehtsalat Red Salad Bowl - Horticom.ee\/e-pood\" \/>\n<meta property=\"og:description\" content=\"Lehtsalat Redsalad Bowl on varajane tammeleheline sort. Bordoov\u00e4rvi lehed, uued kasvavad kiiresti p\u00e4rast l\u00f5ikamist. Sobib kasvuhoonesse ja avamaale.\" \/>\n<meta property=\"og:url\" content=\"https:\/\/horticom.ee\/e-pood\/toode\/lehtsalat-red-salad-bowl-lactuca-sativa-l\/\" \/>\n<meta property=\"og:site_name\" content=\"Horticom.ee\" \/>\n<meta property=\"article:publisher\" content=\"https:\/\/www.facebook.com\/horticom.ee\/e-pood\" \/>\n<meta property=\"article:modified_time\" content=\"2026-05-03T00:07:49+00:00\" \/>\n<meta property=\"og:image\" content=\"https:\/\/horticom.ee\/e-pood\/wp-content\/uploads\/importedmedia\/product-153328_0-PL0471-585x1024.jpg\" \/>\n\t<meta property=\"og:image:width\" content=\"585\" \/>\n\t<meta property=\"og:image:height\" content=\"1024\" \/>\n\t<meta property=\"og:image:type\" content=\"image\/jpeg\" \/>\n<meta name=\"twitter:card\" content=\"summary_large_image\" \/>\n<script type=\"application\/ld+json\" class=\"yoast-schema-graph\">{\"@context\":\"https:\/\/schema.org\",\"@graph\":[{\"@type\":\"WebPage\",\"@id\":\"https:\/\/horticom.ee\/e-pood\/toode\/lehtsalat-red-salad-bowl-lactuca-sativa-l\/\",\"url\":\"https:\/\/horticom.ee\/e-pood\/toode\/lehtsalat-red-salad-bowl-lactuca-sativa-l\/\",\"name\":\"Lehtsalat Red Salad Bowl - Horticom.ee\/e-pood\",\"isPartOf\":{\"@id\":\"https:\/\/horticom.ee\/e-pood\/#website\"},\"primaryImageOfPage\":{\"@id\":\"https:\/\/horticom.ee\/e-pood\/toode\/lehtsalat-red-salad-bowl-lactuca-sativa-l\/#primaryimage\"},\"image\":{\"@id\":\"https:\/\/horticom.ee\/e-pood\/toode\/lehtsalat-red-salad-bowl-lactuca-sativa-l\/#primaryimage\"},\"thumbnailUrl\":\"https:\/\/horticom.ee\/e-pood\/wp-content\/uploads\/importedmedia\/product-153328_0-PL0471.jpg\",\"datePublished\":\"2022-01-17T14:05:02+00:00\",\"dateModified\":\"2026-05-03T00:07:49+00:00\",\"description\":\"Lehtsalat Redsalad Bowl on varajane tammeleheline sort. Bordoov\u00e4rvi lehed, uued kasvavad kiiresti p\u00e4rast l\u00f5ikamist. Sobib kasvuhoonesse ja avamaale.\",\"breadcrumb\":{\"@id\":\"https:\/\/horticom.ee\/e-pood\/toode\/lehtsalat-red-salad-bowl-lactuca-sativa-l\/#breadcrumb\"},\"inLanguage\":\"ru-RU\",\"potentialAction\":[{\"@type\":\"ReadAction\",\"target\":[\"https:\/\/horticom.ee\/e-pood\/toode\/lehtsalat-red-salad-bowl-lactuca-sativa-l\/\"]}]},{\"@type\":\"ImageObject\",\"inLanguage\":\"ru-RU\",\"@id\":\"https:\/\/horticom.ee\/e-pood\/toode\/lehtsalat-red-salad-bowl-lactuca-sativa-l\/#primaryimage\",\"url\":\"https:\/\/horticom.ee\/e-pood\/wp-content\/uploads\/importedmedia\/product-153328_0-PL0471.jpg\",\"contentUrl\":\"https:\/\/horticom.ee\/e-pood\/wp-content\/uploads\/importedmedia\/product-153328_0-PL0471.jpg\",\"width\":1000,\"height\":1750,\"caption\":\"Lehtsalat Red Salad Bowl\"},{\"@type\":\"BreadcrumbList\",\"@id\":\"https:\/\/horticom.ee\/e-pood\/toode\/lehtsalat-red-salad-bowl-lactuca-sativa-l\/#breadcrumb\",\"itemListElement\":[{\"@type\":\"ListItem\",\"position\":1,\"name\":\"Home\",\"item\":\"https:\/\/horticom.ee\/e-pood\/\"},{\"@type\":\"ListItem\",\"position\":2,\"name\":\"Pood\",\"item\":\"https:\/\/horticom.ee\/e-pood\/pood\/\"},{\"@type\":\"ListItem\",\"position\":3,\"name\":\"Lehtsalat Red Salad Bowl\"}]},{\"@type\":\"WebSite\",\"@id\":\"https:\/\/horticom.ee\/e-pood\/#website\",\"url\":\"https:\/\/horticom.ee\/e-pood\/\",\"name\":\"Horticom.ee\",\"description\":\"Aianduskaubad ja kodukaubad nii harrastajatele kui professionaalidele\",\"potentialAction\":[{\"@type\":\"SearchAction\",\"target\":{\"@type\":\"EntryPoint\",\"urlTemplate\":\"https:\/\/horticom.ee\/e-pood\/?s={search_term_string}\"},\"query-input\":{\"@type\":\"PropertyValueSpecification\",\"valueRequired\":true,\"valueName\":\"search_term_string\"}}],\"inLanguage\":\"ru-RU\"}]}<\/script>\n<!-- \/ Yoast SEO plugin. -->","yoast_head_json":{"title":"Lehtsalat Red Salad Bowl - Horticom.ee\/e-pood","description":"Lehtsalat Redsalad Bowl on varajane tammeleheline sort. Bordoov\u00e4rvi lehed, uued kasvavad kiiresti p\u00e4rast l\u00f5ikamist. Sobib kasvuhoonesse ja avamaale.","robots":{"index":"index","follow":"follow","max-snippet":"max-snippet:-1","max-image-preview":"max-image-preview:large","max-video-preview":"max-video-preview:-1"},"canonical":"https:\/\/horticom.ee\/e-pood\/toode\/lehtsalat-red-salad-bowl-lactuca-sativa-l\/","og_locale":"ru_RU","og_type":"article","og_title":"Lehtsalat Red Salad Bowl - Horticom.ee\/e-pood","og_description":"Lehtsalat Redsalad Bowl on varajane tammeleheline sort. Bordoov\u00e4rvi lehed, uued kasvavad kiiresti p\u00e4rast l\u00f5ikamist. Sobib kasvuhoonesse ja avamaale.","og_url":"https:\/\/horticom.ee\/e-pood\/toode\/lehtsalat-red-salad-bowl-lactuca-sativa-l\/","og_site_name":"Horticom.ee","article_publisher":"https:\/\/www.facebook.com\/horticom.ee\/e-pood","article_modified_time":"2026-05-03T00:07:49+00:00","og_image":[{"width":585,"height":1024,"url":"https:\/\/horticom.ee\/e-pood\/wp-content\/uploads\/importedmedia\/product-153328_0-PL0471-585x1024.jpg","type":"image\/jpeg"}],"twitter_card":"summary_large_image","schema":{"@context":"https:\/\/schema.org","@graph":[{"@type":"WebPage","@id":"https:\/\/horticom.ee\/e-pood\/toode\/lehtsalat-red-salad-bowl-lactuca-sativa-l\/","url":"https:\/\/horticom.ee\/e-pood\/toode\/lehtsalat-red-salad-bowl-lactuca-sativa-l\/","name":"Lehtsalat Red Salad Bowl - Horticom.ee\/e-pood","isPartOf":{"@id":"https:\/\/horticom.ee\/e-pood\/#website"},"primaryImageOfPage":{"@id":"https:\/\/horticom.ee\/e-pood\/toode\/lehtsalat-red-salad-bowl-lactuca-sativa-l\/#primaryimage"},"image":{"@id":"https:\/\/horticom.ee\/e-pood\/toode\/lehtsalat-red-salad-bowl-lactuca-sativa-l\/#primaryimage"},"thumbnailUrl":"https:\/\/horticom.ee\/e-pood\/wp-content\/uploads\/importedmedia\/product-153328_0-PL0471.jpg","datePublished":"2022-01-17T14:05:02+00:00","dateModified":"2026-05-03T00:07:49+00:00","description":"Lehtsalat Redsalad Bowl on varajane tammeleheline sort. Bordoov\u00e4rvi lehed, uued kasvavad kiiresti p\u00e4rast l\u00f5ikamist. Sobib kasvuhoonesse ja avamaale.","breadcrumb":{"@id":"https:\/\/horticom.ee\/e-pood\/toode\/lehtsalat-red-salad-bowl-lactuca-sativa-l\/#breadcrumb"},"inLanguage":"ru-RU","potentialAction":[{"@type":"ReadAction","target":["https:\/\/horticom.ee\/e-pood\/toode\/lehtsalat-red-salad-bowl-lactuca-sativa-l\/"]}]},{"@type":"ImageObject","inLanguage":"ru-RU","@id":"https:\/\/horticom.ee\/e-pood\/toode\/lehtsalat-red-salad-bowl-lactuca-sativa-l\/#primaryimage","url":"https:\/\/horticom.ee\/e-pood\/wp-content\/uploads\/importedmedia\/product-153328_0-PL0471.jpg","contentUrl":"https:\/\/horticom.ee\/e-pood\/wp-content\/uploads\/importedmedia\/product-153328_0-PL0471.jpg","width":1000,"height":1750,"caption":"Lehtsalat Red Salad Bowl"},{"@type":"BreadcrumbList","@id":"https:\/\/horticom.ee\/e-pood\/toode\/lehtsalat-red-salad-bowl-lactuca-sativa-l\/#breadcrumb","itemListElement":[{"@type":"ListItem","position":1,"name":"Home","item":"https:\/\/horticom.ee\/e-pood\/"},{"@type":"ListItem","position":2,"name":"Pood","item":"https:\/\/horticom.ee\/e-pood\/pood\/"},{"@type":"ListItem","position":3,"name":"Lehtsalat Red Salad Bowl"}]},{"@type":"WebSite","@id":"https:\/\/horticom.ee\/e-pood\/#website","url":"https:\/\/horticom.ee\/e-pood\/","name":"Horticom.ee","description":"Aianduskaubad ja kodukaubad nii harrastajatele kui professionaalidele","potentialAction":[{"@type":"SearchAction","target":{"@type":"EntryPoint","urlTemplate":"https:\/\/horticom.ee\/e-pood\/?s={search_term_string}"},"query-input":{"@type":"PropertyValueSpecification","valueRequired":true,"valueName":"search_term_string"}}],"inLanguage":"ru-RU"}]}},"_links":{"self":[{"href":"https:\/\/horticom.ee\/e-pood\/ru\/wp-json\/wp\/v2\/product\/153328","targetHints":{"allow":["GET"]}}],"collection":[{"href":"https:\/\/horticom.ee\/e-pood\/ru\/wp-json\/wp\/v2\/product"}],"about":[{"href":"https:\/\/horticom.ee\/e-pood\/ru\/wp-json\/wp\/v2\/types\/product"}],"replies":[{"embeddable":true,"href":"https:\/\/horticom.ee\/e-pood\/ru\/wp-json\/wp\/v2\/comments?post=153328"}],"wp:featuredmedia":[{"embeddable":true,"href":"https:\/\/horticom.ee\/e-pood\/ru\/wp-json\/wp\/v2\/media\/169540"}],"wp:attachment":[{"href":"https:\/\/horticom.ee\/e-pood\/ru\/wp-json\/wp\/v2\/media?parent=153328"}],"wp:term":[{"taxonomy":"product_cat","embeddable":true,"href":"https:\/\/horticom.ee\/e-pood\/ru\/wp-json\/wp\/v2\/product_cat?post=153328"},{"taxonomy":"product_tag","embeddable":true,"href":"https:\/\/horticom.ee\/e-pood\/ru\/wp-json\/wp\/v2\/product_tag?post=153328"}],"curies":[{"name":"wp","href":"https:\/\/api.w.org\/{rel}","templated":true}]}}