{"id":153329,"date":"2022-01-17T16:05:03","date_gmt":"2022-01-17T14:05:03","guid":{"rendered":"https:\/\/aednik24.ee\/toode\/lehtsalat-lollo-rossa-lactuca-sativa-l\/"},"modified":"2026-04-29T18:15:51","modified_gmt":"2026-04-29T15:15:51","slug":"lehtsalat-lollo-rossa-lactuca-sativa-l","status":"publish","type":"product","link":"https:\/\/horticom.ee\/e-pood\/ru\/toode\/lehtsalat-lollo-rossa-lactuca-sativa-l\/","title":{"rendered":"Lehtsalat Lollo Rossa"},"content":{"rendered":"<p>Lehtsalat Lollo Rossa on keskvarajane lehtsalati sort. Saak koristatakse 45\u201350 p\u00e4eva p\u00e4rast idanemist. Rohelised kompaktsed lehed on k\u00e4harad, punakate servadega. Mahal\u00f5igatud lehtede asemele kasvavad kiiresti uued. V\u00f5ib k\u00fclvata avamaale ja kasvuhoonesse. Paremini kasvab h\u00e4sti haritud, umbrohuvabas liivsavi v\u00f5i saviliivmullas.<\/p>\n","protected":false},"excerpt":{"rendered":"<p>Lehtsalat Lollo Rossa on keskvarajane lehtsalati sort. Saak koristatakse 45\u201350 p\u00e4eva p\u00e4rast idanemist. Rohelised kompaktsed lehed on k\u00e4harad, punakate servadega. Mahal\u00f5igatud lehtede asemele kasvavad kiiresti uued. V\u00f5ib k\u00fclvata avamaale ja kasvuhoonesse. Paremini kasvab h\u00e4sti haritud, umbrohuvabas liivsavi v\u00f5i saviliivmullas.<\/p>\n","protected":false},"featured_media":169536,"comment_status":"closed","ping_status":"closed","template":"","meta":{"_themeisle_gutenberg_block_has_review":false},"product_cat":[13484],"product_tag":[],"class_list":{"0":"post-153329","1":"product","2":"type-product","3":"status-publish","4":"has-post-thumbnail","6":"product_cat-salat-spinat-ruccola","8":"first","9":"instock","10":"shipping-taxable","11":"purchasable","12":"product-type-simple"},"yoast_head":"<!-- This site is optimized with the Yoast SEO plugin v24.0 - https:\/\/yoast.com\/wordpress\/plugins\/seo\/ -->\n<title>Lehtsalat Lollo Rossa - Horticom.ee\/e-pood<\/title>\n<meta name=\"description\" content=\"Lehtsalat Lollo Rossa on keskvarajane sort. Punaste servadega k\u00e4harad lehed, mis taastuvad kiirelt p\u00e4rast l\u00f5ikamist. Kasvab avamaal ja kasvuhoones.\" \/>\n<meta name=\"robots\" content=\"index, follow, max-snippet:-1, max-image-preview:large, max-video-preview:-1\" \/>\n<link rel=\"canonical\" href=\"https:\/\/horticom.ee\/e-pood\/toode\/lehtsalat-lollo-rossa-lactuca-sativa-l\/\" \/>\n<meta property=\"og:locale\" content=\"ru_RU\" \/>\n<meta property=\"og:type\" content=\"article\" \/>\n<meta property=\"og:title\" content=\"Lehtsalat Lollo Rossa - Horticom.ee\/e-pood\" \/>\n<meta property=\"og:description\" content=\"Lehtsalat Lollo Rossa on keskvarajane sort. Punaste servadega k\u00e4harad lehed, mis taastuvad kiirelt p\u00e4rast l\u00f5ikamist. Kasvab avamaal ja kasvuhoones.\" \/>\n<meta property=\"og:url\" content=\"https:\/\/horticom.ee\/e-pood\/toode\/lehtsalat-lollo-rossa-lactuca-sativa-l\/\" \/>\n<meta property=\"og:site_name\" content=\"Horticom.ee\" \/>\n<meta property=\"article:publisher\" content=\"https:\/\/www.facebook.com\/horticom.ee\/e-pood\" \/>\n<meta property=\"article:modified_time\" content=\"2026-04-29T15:15:51+00:00\" \/>\n<meta property=\"og:image\" content=\"https:\/\/horticom.ee\/e-pood\/wp-content\/uploads\/importedmedia\/product-153329_0-PL0472-585x1024.jpg\" \/>\n\t<meta property=\"og:image:width\" content=\"585\" \/>\n\t<meta property=\"og:image:height\" content=\"1024\" \/>\n\t<meta property=\"og:image:type\" content=\"image\/jpeg\" \/>\n<meta name=\"twitter:card\" content=\"summary_large_image\" \/>\n<script type=\"application\/ld+json\" class=\"yoast-schema-graph\">{\"@context\":\"https:\/\/schema.org\",\"@graph\":[{\"@type\":\"WebPage\",\"@id\":\"https:\/\/horticom.ee\/e-pood\/toode\/lehtsalat-lollo-rossa-lactuca-sativa-l\/\",\"url\":\"https:\/\/horticom.ee\/e-pood\/toode\/lehtsalat-lollo-rossa-lactuca-sativa-l\/\",\"name\":\"Lehtsalat Lollo Rossa - Horticom.ee\/e-pood\",\"isPartOf\":{\"@id\":\"https:\/\/horticom.ee\/e-pood\/#website\"},\"primaryImageOfPage\":{\"@id\":\"https:\/\/horticom.ee\/e-pood\/toode\/lehtsalat-lollo-rossa-lactuca-sativa-l\/#primaryimage\"},\"image\":{\"@id\":\"https:\/\/horticom.ee\/e-pood\/toode\/lehtsalat-lollo-rossa-lactuca-sativa-l\/#primaryimage\"},\"thumbnailUrl\":\"https:\/\/horticom.ee\/e-pood\/wp-content\/uploads\/importedmedia\/product-153329_0-PL0472.jpg\",\"datePublished\":\"2022-01-17T14:05:03+00:00\",\"dateModified\":\"2026-04-29T15:15:51+00:00\",\"description\":\"Lehtsalat Lollo Rossa on keskvarajane sort. Punaste servadega k\u00e4harad lehed, mis taastuvad kiirelt p\u00e4rast l\u00f5ikamist. Kasvab avamaal ja kasvuhoones.\",\"breadcrumb\":{\"@id\":\"https:\/\/horticom.ee\/e-pood\/toode\/lehtsalat-lollo-rossa-lactuca-sativa-l\/#breadcrumb\"},\"inLanguage\":\"ru-RU\",\"potentialAction\":[{\"@type\":\"ReadAction\",\"target\":[\"https:\/\/horticom.ee\/e-pood\/toode\/lehtsalat-lollo-rossa-lactuca-sativa-l\/\"]}]},{\"@type\":\"ImageObject\",\"inLanguage\":\"ru-RU\",\"@id\":\"https:\/\/horticom.ee\/e-pood\/toode\/lehtsalat-lollo-rossa-lactuca-sativa-l\/#primaryimage\",\"url\":\"https:\/\/horticom.ee\/e-pood\/wp-content\/uploads\/importedmedia\/product-153329_0-PL0472.jpg\",\"contentUrl\":\"https:\/\/horticom.ee\/e-pood\/wp-content\/uploads\/importedmedia\/product-153329_0-PL0472.jpg\",\"width\":1000,\"height\":1750,\"caption\":\"Lehtsalat Lollo Rossa\"},{\"@type\":\"BreadcrumbList\",\"@id\":\"https:\/\/horticom.ee\/e-pood\/toode\/lehtsalat-lollo-rossa-lactuca-sativa-l\/#breadcrumb\",\"itemListElement\":[{\"@type\":\"ListItem\",\"position\":1,\"name\":\"Home\",\"item\":\"https:\/\/horticom.ee\/e-pood\/\"},{\"@type\":\"ListItem\",\"position\":2,\"name\":\"Pood\",\"item\":\"https:\/\/horticom.ee\/e-pood\/pood\/\"},{\"@type\":\"ListItem\",\"position\":3,\"name\":\"Lehtsalat Lollo Rossa\"}]},{\"@type\":\"WebSite\",\"@id\":\"https:\/\/horticom.ee\/e-pood\/#website\",\"url\":\"https:\/\/horticom.ee\/e-pood\/\",\"name\":\"Horticom.ee\",\"description\":\"Aianduskaubad ja kodukaubad nii harrastajatele kui professionaalidele\",\"potentialAction\":[{\"@type\":\"SearchAction\",\"target\":{\"@type\":\"EntryPoint\",\"urlTemplate\":\"https:\/\/horticom.ee\/e-pood\/?s={search_term_string}\"},\"query-input\":{\"@type\":\"PropertyValueSpecification\",\"valueRequired\":true,\"valueName\":\"search_term_string\"}}],\"inLanguage\":\"ru-RU\"}]}<\/script>\n<!-- \/ Yoast SEO plugin. -->","yoast_head_json":{"title":"Lehtsalat Lollo Rossa - Horticom.ee\/e-pood","description":"Lehtsalat Lollo Rossa on keskvarajane sort. Punaste servadega k\u00e4harad lehed, mis taastuvad kiirelt p\u00e4rast l\u00f5ikamist. Kasvab avamaal ja kasvuhoones.","robots":{"index":"index","follow":"follow","max-snippet":"max-snippet:-1","max-image-preview":"max-image-preview:large","max-video-preview":"max-video-preview:-1"},"canonical":"https:\/\/horticom.ee\/e-pood\/toode\/lehtsalat-lollo-rossa-lactuca-sativa-l\/","og_locale":"ru_RU","og_type":"article","og_title":"Lehtsalat Lollo Rossa - Horticom.ee\/e-pood","og_description":"Lehtsalat Lollo Rossa on keskvarajane sort. Punaste servadega k\u00e4harad lehed, mis taastuvad kiirelt p\u00e4rast l\u00f5ikamist. Kasvab avamaal ja kasvuhoones.","og_url":"https:\/\/horticom.ee\/e-pood\/toode\/lehtsalat-lollo-rossa-lactuca-sativa-l\/","og_site_name":"Horticom.ee","article_publisher":"https:\/\/www.facebook.com\/horticom.ee\/e-pood","article_modified_time":"2026-04-29T15:15:51+00:00","og_image":[{"width":585,"height":1024,"url":"https:\/\/horticom.ee\/e-pood\/wp-content\/uploads\/importedmedia\/product-153329_0-PL0472-585x1024.jpg","type":"image\/jpeg"}],"twitter_card":"summary_large_image","schema":{"@context":"https:\/\/schema.org","@graph":[{"@type":"WebPage","@id":"https:\/\/horticom.ee\/e-pood\/toode\/lehtsalat-lollo-rossa-lactuca-sativa-l\/","url":"https:\/\/horticom.ee\/e-pood\/toode\/lehtsalat-lollo-rossa-lactuca-sativa-l\/","name":"Lehtsalat Lollo Rossa - Horticom.ee\/e-pood","isPartOf":{"@id":"https:\/\/horticom.ee\/e-pood\/#website"},"primaryImageOfPage":{"@id":"https:\/\/horticom.ee\/e-pood\/toode\/lehtsalat-lollo-rossa-lactuca-sativa-l\/#primaryimage"},"image":{"@id":"https:\/\/horticom.ee\/e-pood\/toode\/lehtsalat-lollo-rossa-lactuca-sativa-l\/#primaryimage"},"thumbnailUrl":"https:\/\/horticom.ee\/e-pood\/wp-content\/uploads\/importedmedia\/product-153329_0-PL0472.jpg","datePublished":"2022-01-17T14:05:03+00:00","dateModified":"2026-04-29T15:15:51+00:00","description":"Lehtsalat Lollo Rossa on keskvarajane sort. Punaste servadega k\u00e4harad lehed, mis taastuvad kiirelt p\u00e4rast l\u00f5ikamist. Kasvab avamaal ja kasvuhoones.","breadcrumb":{"@id":"https:\/\/horticom.ee\/e-pood\/toode\/lehtsalat-lollo-rossa-lactuca-sativa-l\/#breadcrumb"},"inLanguage":"ru-RU","potentialAction":[{"@type":"ReadAction","target":["https:\/\/horticom.ee\/e-pood\/toode\/lehtsalat-lollo-rossa-lactuca-sativa-l\/"]}]},{"@type":"ImageObject","inLanguage":"ru-RU","@id":"https:\/\/horticom.ee\/e-pood\/toode\/lehtsalat-lollo-rossa-lactuca-sativa-l\/#primaryimage","url":"https:\/\/horticom.ee\/e-pood\/wp-content\/uploads\/importedmedia\/product-153329_0-PL0472.jpg","contentUrl":"https:\/\/horticom.ee\/e-pood\/wp-content\/uploads\/importedmedia\/product-153329_0-PL0472.jpg","width":1000,"height":1750,"caption":"Lehtsalat Lollo Rossa"},{"@type":"BreadcrumbList","@id":"https:\/\/horticom.ee\/e-pood\/toode\/lehtsalat-lollo-rossa-lactuca-sativa-l\/#breadcrumb","itemListElement":[{"@type":"ListItem","position":1,"name":"Home","item":"https:\/\/horticom.ee\/e-pood\/"},{"@type":"ListItem","position":2,"name":"Pood","item":"https:\/\/horticom.ee\/e-pood\/pood\/"},{"@type":"ListItem","position":3,"name":"Lehtsalat Lollo Rossa"}]},{"@type":"WebSite","@id":"https:\/\/horticom.ee\/e-pood\/#website","url":"https:\/\/horticom.ee\/e-pood\/","name":"Horticom.ee","description":"Aianduskaubad ja kodukaubad nii harrastajatele kui professionaalidele","potentialAction":[{"@type":"SearchAction","target":{"@type":"EntryPoint","urlTemplate":"https:\/\/horticom.ee\/e-pood\/?s={search_term_string}"},"query-input":{"@type":"PropertyValueSpecification","valueRequired":true,"valueName":"search_term_string"}}],"inLanguage":"ru-RU"}]}},"_links":{"self":[{"href":"https:\/\/horticom.ee\/e-pood\/ru\/wp-json\/wp\/v2\/product\/153329","targetHints":{"allow":["GET"]}}],"collection":[{"href":"https:\/\/horticom.ee\/e-pood\/ru\/wp-json\/wp\/v2\/product"}],"about":[{"href":"https:\/\/horticom.ee\/e-pood\/ru\/wp-json\/wp\/v2\/types\/product"}],"replies":[{"embeddable":true,"href":"https:\/\/horticom.ee\/e-pood\/ru\/wp-json\/wp\/v2\/comments?post=153329"}],"wp:featuredmedia":[{"embeddable":true,"href":"https:\/\/horticom.ee\/e-pood\/ru\/wp-json\/wp\/v2\/media\/169536"}],"wp:attachment":[{"href":"https:\/\/horticom.ee\/e-pood\/ru\/wp-json\/wp\/v2\/media?parent=153329"}],"wp:term":[{"taxonomy":"product_cat","embeddable":true,"href":"https:\/\/horticom.ee\/e-pood\/ru\/wp-json\/wp\/v2\/product_cat?post=153329"},{"taxonomy":"product_tag","embeddable":true,"href":"https:\/\/horticom.ee\/e-pood\/ru\/wp-json\/wp\/v2\/product_tag?post=153329"}],"curies":[{"name":"wp","href":"https:\/\/api.w.org\/{rel}","templated":true}]}}