{"id":153334,"date":"2022-01-17T16:05:06","date_gmt":"2022-01-17T14:05:06","guid":{"rendered":"https:\/\/aednik24.ee\/toode\/pastinaak-halflong-white-pastinaca-sativa-l\/"},"modified":"2026-05-03T03:07:50","modified_gmt":"2026-05-03T00:07:50","slug":"pastinaak-halflong-white-pastinaca-sativa-l","status":"publish","type":"product","link":"https:\/\/horticom.ee\/e-pood\/ru\/toode\/pastinaak-halflong-white-pastinaca-sativa-l\/","title":{"rendered":"Pastinaak Halflong White"},"content":{"rendered":"<p>Pastinaak Halflong White on juurvili, mis on valge, piklik, porgandi sarnane. Maitse poolest meenutab sellerit, peterselli. Kasutatakse v\u00e4rskena, keedetuna, praetuna, hautatuna, konserveerituna. On v\u00e4ga v\u00e4\u00e4rtuslik aedvili, milles on palju kaaliumit. Seemned t\u00e4rkavad aeglaselt. Juurvilja v\u00f5ib j\u00e4tta talvituma lume alla. 1 g umbes 200-250 seemet.<\/p>\n","protected":false},"excerpt":{"rendered":"<p>Pastinaak Halflong White on juurvili, mis on valge, piklik, porgandi sarnane. Maitse poolest meenutab sellerit, peterselli. Kasutatakse v\u00e4rskena, keedetuna, praetuna, hautatuna, konserveerituna. On v\u00e4ga v\u00e4\u00e4rtuslik aedvili, milles on palju kaaliumit. Seemned t\u00e4rkavad aeglaselt. Juurvilja v\u00f5ib j\u00e4tta talvituma lume alla. 1 g umbes 200-250 seemet.<\/p>\n","protected":false},"featured_media":169530,"comment_status":"closed","ping_status":"closed","template":"","meta":{"_themeisle_gutenberg_block_has_review":false},"product_cat":[13487],"product_tag":[],"class_list":{"0":"post-153334","1":"product","2":"type-product","3":"status-publish","4":"has-post-thumbnail","6":"product_cat-porgand-pastinaak","8":"first","9":"instock","10":"shipping-taxable","11":"purchasable","12":"product-type-simple"},"yoast_head":"<!-- This site is optimized with the Yoast SEO plugin v24.0 - https:\/\/yoast.com\/wordpress\/plugins\/seo\/ -->\n<title>Pastinaak Halflong White - Horticom.ee\/e-pood<\/title>\n<meta name=\"description\" content=\"Pastinaak Halflong White on valge juurvili, mis meenutab maitselt sellerit. Sobib v\u00e4rskelt, keedetult ja konserveeritult tarbimiseks.\" \/>\n<meta name=\"robots\" content=\"index, follow, max-snippet:-1, max-image-preview:large, max-video-preview:-1\" \/>\n<link rel=\"canonical\" href=\"https:\/\/horticom.ee\/e-pood\/toode\/pastinaak-halflong-white-pastinaca-sativa-l\/\" \/>\n<meta property=\"og:locale\" content=\"ru_RU\" \/>\n<meta property=\"og:type\" content=\"article\" \/>\n<meta property=\"og:title\" content=\"Pastinaak Halflong White - Horticom.ee\/e-pood\" \/>\n<meta property=\"og:description\" content=\"Pastinaak Halflong White on valge juurvili, mis meenutab maitselt sellerit. Sobib v\u00e4rskelt, keedetult ja konserveeritult tarbimiseks.\" \/>\n<meta property=\"og:url\" content=\"https:\/\/horticom.ee\/e-pood\/toode\/pastinaak-halflong-white-pastinaca-sativa-l\/\" \/>\n<meta property=\"og:site_name\" content=\"Horticom.ee\" \/>\n<meta property=\"article:publisher\" content=\"https:\/\/www.facebook.com\/horticom.ee\/e-pood\" \/>\n<meta property=\"article:modified_time\" content=\"2026-05-03T00:07:50+00:00\" \/>\n<meta property=\"og:image\" content=\"https:\/\/horticom.ee\/e-pood\/wp-content\/uploads\/importedmedia\/product-153334_0-PL0478.jpg\" \/>\n\t<meta property=\"og:image:width\" content=\"1000\" \/>\n\t<meta property=\"og:image:height\" content=\"1750\" \/>\n\t<meta property=\"og:image:type\" content=\"image\/jpeg\" \/>\n<meta name=\"twitter:card\" content=\"summary_large_image\" \/>\n<script type=\"application\/ld+json\" class=\"yoast-schema-graph\">{\"@context\":\"https:\/\/schema.org\",\"@graph\":[{\"@type\":\"WebPage\",\"@id\":\"https:\/\/horticom.ee\/e-pood\/toode\/pastinaak-halflong-white-pastinaca-sativa-l\/\",\"url\":\"https:\/\/horticom.ee\/e-pood\/toode\/pastinaak-halflong-white-pastinaca-sativa-l\/\",\"name\":\"Pastinaak Halflong White - Horticom.ee\/e-pood\",\"isPartOf\":{\"@id\":\"https:\/\/horticom.ee\/e-pood\/#website\"},\"primaryImageOfPage\":{\"@id\":\"https:\/\/horticom.ee\/e-pood\/toode\/pastinaak-halflong-white-pastinaca-sativa-l\/#primaryimage\"},\"image\":{\"@id\":\"https:\/\/horticom.ee\/e-pood\/toode\/pastinaak-halflong-white-pastinaca-sativa-l\/#primaryimage\"},\"thumbnailUrl\":\"https:\/\/horticom.ee\/e-pood\/wp-content\/uploads\/importedmedia\/product-153334_0-PL0478.jpg\",\"datePublished\":\"2022-01-17T14:05:06+00:00\",\"dateModified\":\"2026-05-03T00:07:50+00:00\",\"description\":\"Pastinaak Halflong White on valge juurvili, mis meenutab maitselt sellerit. Sobib v\u00e4rskelt, keedetult ja konserveeritult tarbimiseks.\",\"breadcrumb\":{\"@id\":\"https:\/\/horticom.ee\/e-pood\/toode\/pastinaak-halflong-white-pastinaca-sativa-l\/#breadcrumb\"},\"inLanguage\":\"ru-RU\",\"potentialAction\":[{\"@type\":\"ReadAction\",\"target\":[\"https:\/\/horticom.ee\/e-pood\/toode\/pastinaak-halflong-white-pastinaca-sativa-l\/\"]}]},{\"@type\":\"ImageObject\",\"inLanguage\":\"ru-RU\",\"@id\":\"https:\/\/horticom.ee\/e-pood\/toode\/pastinaak-halflong-white-pastinaca-sativa-l\/#primaryimage\",\"url\":\"https:\/\/horticom.ee\/e-pood\/wp-content\/uploads\/importedmedia\/product-153334_0-PL0478.jpg\",\"contentUrl\":\"https:\/\/horticom.ee\/e-pood\/wp-content\/uploads\/importedmedia\/product-153334_0-PL0478.jpg\",\"width\":1000,\"height\":1750,\"caption\":\"Pastinaak Halflong White\"},{\"@type\":\"BreadcrumbList\",\"@id\":\"https:\/\/horticom.ee\/e-pood\/toode\/pastinaak-halflong-white-pastinaca-sativa-l\/#breadcrumb\",\"itemListElement\":[{\"@type\":\"ListItem\",\"position\":1,\"name\":\"Home\",\"item\":\"https:\/\/horticom.ee\/e-pood\/\"},{\"@type\":\"ListItem\",\"position\":2,\"name\":\"Pood\",\"item\":\"https:\/\/horticom.ee\/e-pood\/pood\/\"},{\"@type\":\"ListItem\",\"position\":3,\"name\":\"Pastinaak Halflong White\"}]},{\"@type\":\"WebSite\",\"@id\":\"https:\/\/horticom.ee\/e-pood\/#website\",\"url\":\"https:\/\/horticom.ee\/e-pood\/\",\"name\":\"Horticom.ee\",\"description\":\"Aianduskaubad ja kodukaubad nii harrastajatele kui professionaalidele\",\"potentialAction\":[{\"@type\":\"SearchAction\",\"target\":{\"@type\":\"EntryPoint\",\"urlTemplate\":\"https:\/\/horticom.ee\/e-pood\/?s={search_term_string}\"},\"query-input\":{\"@type\":\"PropertyValueSpecification\",\"valueRequired\":true,\"valueName\":\"search_term_string\"}}],\"inLanguage\":\"ru-RU\"}]}<\/script>\n<!-- \/ Yoast SEO plugin. -->","yoast_head_json":{"title":"Pastinaak Halflong White - Horticom.ee\/e-pood","description":"Pastinaak Halflong White on valge juurvili, mis meenutab maitselt sellerit. Sobib v\u00e4rskelt, keedetult ja konserveeritult tarbimiseks.","robots":{"index":"index","follow":"follow","max-snippet":"max-snippet:-1","max-image-preview":"max-image-preview:large","max-video-preview":"max-video-preview:-1"},"canonical":"https:\/\/horticom.ee\/e-pood\/toode\/pastinaak-halflong-white-pastinaca-sativa-l\/","og_locale":"ru_RU","og_type":"article","og_title":"Pastinaak Halflong White - Horticom.ee\/e-pood","og_description":"Pastinaak Halflong White on valge juurvili, mis meenutab maitselt sellerit. Sobib v\u00e4rskelt, keedetult ja konserveeritult tarbimiseks.","og_url":"https:\/\/horticom.ee\/e-pood\/toode\/pastinaak-halflong-white-pastinaca-sativa-l\/","og_site_name":"Horticom.ee","article_publisher":"https:\/\/www.facebook.com\/horticom.ee\/e-pood","article_modified_time":"2026-05-03T00:07:50+00:00","og_image":[{"width":1000,"height":1750,"url":"https:\/\/horticom.ee\/e-pood\/wp-content\/uploads\/importedmedia\/product-153334_0-PL0478.jpg","type":"image\/jpeg"}],"twitter_card":"summary_large_image","schema":{"@context":"https:\/\/schema.org","@graph":[{"@type":"WebPage","@id":"https:\/\/horticom.ee\/e-pood\/toode\/pastinaak-halflong-white-pastinaca-sativa-l\/","url":"https:\/\/horticom.ee\/e-pood\/toode\/pastinaak-halflong-white-pastinaca-sativa-l\/","name":"Pastinaak Halflong White - Horticom.ee\/e-pood","isPartOf":{"@id":"https:\/\/horticom.ee\/e-pood\/#website"},"primaryImageOfPage":{"@id":"https:\/\/horticom.ee\/e-pood\/toode\/pastinaak-halflong-white-pastinaca-sativa-l\/#primaryimage"},"image":{"@id":"https:\/\/horticom.ee\/e-pood\/toode\/pastinaak-halflong-white-pastinaca-sativa-l\/#primaryimage"},"thumbnailUrl":"https:\/\/horticom.ee\/e-pood\/wp-content\/uploads\/importedmedia\/product-153334_0-PL0478.jpg","datePublished":"2022-01-17T14:05:06+00:00","dateModified":"2026-05-03T00:07:50+00:00","description":"Pastinaak Halflong White on valge juurvili, mis meenutab maitselt sellerit. Sobib v\u00e4rskelt, keedetult ja konserveeritult tarbimiseks.","breadcrumb":{"@id":"https:\/\/horticom.ee\/e-pood\/toode\/pastinaak-halflong-white-pastinaca-sativa-l\/#breadcrumb"},"inLanguage":"ru-RU","potentialAction":[{"@type":"ReadAction","target":["https:\/\/horticom.ee\/e-pood\/toode\/pastinaak-halflong-white-pastinaca-sativa-l\/"]}]},{"@type":"ImageObject","inLanguage":"ru-RU","@id":"https:\/\/horticom.ee\/e-pood\/toode\/pastinaak-halflong-white-pastinaca-sativa-l\/#primaryimage","url":"https:\/\/horticom.ee\/e-pood\/wp-content\/uploads\/importedmedia\/product-153334_0-PL0478.jpg","contentUrl":"https:\/\/horticom.ee\/e-pood\/wp-content\/uploads\/importedmedia\/product-153334_0-PL0478.jpg","width":1000,"height":1750,"caption":"Pastinaak Halflong White"},{"@type":"BreadcrumbList","@id":"https:\/\/horticom.ee\/e-pood\/toode\/pastinaak-halflong-white-pastinaca-sativa-l\/#breadcrumb","itemListElement":[{"@type":"ListItem","position":1,"name":"Home","item":"https:\/\/horticom.ee\/e-pood\/"},{"@type":"ListItem","position":2,"name":"Pood","item":"https:\/\/horticom.ee\/e-pood\/pood\/"},{"@type":"ListItem","position":3,"name":"Pastinaak Halflong White"}]},{"@type":"WebSite","@id":"https:\/\/horticom.ee\/e-pood\/#website","url":"https:\/\/horticom.ee\/e-pood\/","name":"Horticom.ee","description":"Aianduskaubad ja kodukaubad nii harrastajatele kui professionaalidele","potentialAction":[{"@type":"SearchAction","target":{"@type":"EntryPoint","urlTemplate":"https:\/\/horticom.ee\/e-pood\/?s={search_term_string}"},"query-input":{"@type":"PropertyValueSpecification","valueRequired":true,"valueName":"search_term_string"}}],"inLanguage":"ru-RU"}]}},"_links":{"self":[{"href":"https:\/\/horticom.ee\/e-pood\/ru\/wp-json\/wp\/v2\/product\/153334","targetHints":{"allow":["GET"]}}],"collection":[{"href":"https:\/\/horticom.ee\/e-pood\/ru\/wp-json\/wp\/v2\/product"}],"about":[{"href":"https:\/\/horticom.ee\/e-pood\/ru\/wp-json\/wp\/v2\/types\/product"}],"replies":[{"embeddable":true,"href":"https:\/\/horticom.ee\/e-pood\/ru\/wp-json\/wp\/v2\/comments?post=153334"}],"wp:featuredmedia":[{"embeddable":true,"href":"https:\/\/horticom.ee\/e-pood\/ru\/wp-json\/wp\/v2\/media\/169530"}],"wp:attachment":[{"href":"https:\/\/horticom.ee\/e-pood\/ru\/wp-json\/wp\/v2\/media?parent=153334"}],"wp:term":[{"taxonomy":"product_cat","embeddable":true,"href":"https:\/\/horticom.ee\/e-pood\/ru\/wp-json\/wp\/v2\/product_cat?post=153334"},{"taxonomy":"product_tag","embeddable":true,"href":"https:\/\/horticom.ee\/e-pood\/ru\/wp-json\/wp\/v2\/product_tag?post=153334"}],"curies":[{"name":"wp","href":"https:\/\/api.w.org\/{rel}","templated":true}]}}