{"id":153335,"date":"2022-01-17T16:05:07","date_gmt":"2022-01-17T14:05:07","guid":{"rendered":"https:\/\/aednik24.ee\/toode\/patisson-patisson-orange-cucurbita-pepo-l\/"},"modified":"2026-04-17T03:13:52","modified_gmt":"2026-04-17T00:13:52","slug":"patisson-patisson-orange-cucurbita-pepo-l","status":"publish","type":"product","link":"https:\/\/horticom.ee\/e-pood\/ru\/toode\/patisson-patisson-orange-cucurbita-pepo-l\/","title":{"rendered":"Patisson P\u00e4tisson Orange"},"content":{"rendered":"<p>Patisson Patisson Orange on varajane, viljakas sort. Kompaktne taim. Vegetatsiooniperiood 70 p\u00e4eva. Viljad kollakasoran\u017ei koorega, viljaliha kollane. Varasema saagi saamiseks istikud ette kasvatada. Paremini kasvab viljakas mullas, p\u00e4ikesepaistelises, tuulte eest varjatud kohas.<\/p>\n","protected":false},"excerpt":{"rendered":"<p>Patisson Patisson Orange on varajane, viljakas sort. Kompaktne taim. Vegetatsiooniperiood 70 p\u00e4eva. Viljad kollakasoran\u017ei koorega, viljaliha kollane. Varasema saagi saamiseks istikud ette kasvatada. Paremini kasvab viljakas mullas, p\u00e4ikesepaistelises, tuulte eest varjatud kohas.<\/p>\n","protected":false},"featured_media":169526,"comment_status":"closed","ping_status":"closed","template":"","meta":{"_themeisle_gutenberg_block_has_review":false},"product_cat":[13482],"product_tag":[],"class_list":{"0":"post-153335","1":"product","2":"type-product","3":"status-publish","4":"has-post-thumbnail","6":"product_cat-suvikorvits-korvits","8":"first","9":"outofstock","10":"shipping-taxable","11":"purchasable","12":"product-type-simple"},"yoast_head":"<!-- This site is optimized with the Yoast SEO plugin v24.0 - https:\/\/yoast.com\/wordpress\/plugins\/seo\/ -->\n<title>Patisson P\u00e4tisson Orange - Horticom.ee\/e-pood<\/title>\n<meta name=\"description\" content=\"Patisson Patisson Orange on varajane sort kollakasoran\u017ei viljaga. Kompaktne taim, sobib kasvatamiseks p\u00e4ikesepaistelises, tuule eest kaitstud kohas.\" \/>\n<meta name=\"robots\" content=\"index, follow, max-snippet:-1, max-image-preview:large, max-video-preview:-1\" \/>\n<link rel=\"canonical\" href=\"https:\/\/horticom.ee\/e-pood\/toode\/patisson-patisson-orange-cucurbita-pepo-l\/\" \/>\n<meta property=\"og:locale\" content=\"ru_RU\" \/>\n<meta property=\"og:type\" content=\"article\" \/>\n<meta property=\"og:title\" content=\"Patisson P\u00e4tisson Orange - Horticom.ee\/e-pood\" \/>\n<meta property=\"og:description\" content=\"Patisson Patisson Orange on varajane sort kollakasoran\u017ei viljaga. Kompaktne taim, sobib kasvatamiseks p\u00e4ikesepaistelises, tuule eest kaitstud kohas.\" \/>\n<meta property=\"og:url\" content=\"https:\/\/horticom.ee\/e-pood\/toode\/patisson-patisson-orange-cucurbita-pepo-l\/\" \/>\n<meta property=\"og:site_name\" content=\"Horticom.ee\" \/>\n<meta property=\"article:publisher\" content=\"https:\/\/www.facebook.com\/horticom.ee\/e-pood\" \/>\n<meta property=\"article:modified_time\" content=\"2026-04-17T00:13:52+00:00\" \/>\n<meta property=\"og:image\" content=\"https:\/\/horticom.ee\/e-pood\/wp-content\/uploads\/importedmedia\/product-153335_0-PL0479-585x1024.jpg\" \/>\n\t<meta property=\"og:image:width\" content=\"585\" \/>\n\t<meta property=\"og:image:height\" content=\"1024\" \/>\n\t<meta property=\"og:image:type\" content=\"image\/jpeg\" \/>\n<meta name=\"twitter:card\" content=\"summary_large_image\" \/>\n<script type=\"application\/ld+json\" class=\"yoast-schema-graph\">{\"@context\":\"https:\/\/schema.org\",\"@graph\":[{\"@type\":\"WebPage\",\"@id\":\"https:\/\/horticom.ee\/e-pood\/toode\/patisson-patisson-orange-cucurbita-pepo-l\/\",\"url\":\"https:\/\/horticom.ee\/e-pood\/toode\/patisson-patisson-orange-cucurbita-pepo-l\/\",\"name\":\"Patisson P\u00e4tisson Orange - Horticom.ee\/e-pood\",\"isPartOf\":{\"@id\":\"https:\/\/horticom.ee\/e-pood\/#website\"},\"primaryImageOfPage\":{\"@id\":\"https:\/\/horticom.ee\/e-pood\/toode\/patisson-patisson-orange-cucurbita-pepo-l\/#primaryimage\"},\"image\":{\"@id\":\"https:\/\/horticom.ee\/e-pood\/toode\/patisson-patisson-orange-cucurbita-pepo-l\/#primaryimage\"},\"thumbnailUrl\":\"https:\/\/horticom.ee\/e-pood\/wp-content\/uploads\/importedmedia\/product-153335_0-PL0479.jpg\",\"datePublished\":\"2022-01-17T14:05:07+00:00\",\"dateModified\":\"2026-04-17T00:13:52+00:00\",\"description\":\"Patisson Patisson Orange on varajane sort kollakasoran\u017ei viljaga. Kompaktne taim, sobib kasvatamiseks p\u00e4ikesepaistelises, tuule eest kaitstud kohas.\",\"breadcrumb\":{\"@id\":\"https:\/\/horticom.ee\/e-pood\/toode\/patisson-patisson-orange-cucurbita-pepo-l\/#breadcrumb\"},\"inLanguage\":\"ru-RU\",\"potentialAction\":[{\"@type\":\"ReadAction\",\"target\":[\"https:\/\/horticom.ee\/e-pood\/toode\/patisson-patisson-orange-cucurbita-pepo-l\/\"]}]},{\"@type\":\"ImageObject\",\"inLanguage\":\"ru-RU\",\"@id\":\"https:\/\/horticom.ee\/e-pood\/toode\/patisson-patisson-orange-cucurbita-pepo-l\/#primaryimage\",\"url\":\"https:\/\/horticom.ee\/e-pood\/wp-content\/uploads\/importedmedia\/product-153335_0-PL0479.jpg\",\"contentUrl\":\"https:\/\/horticom.ee\/e-pood\/wp-content\/uploads\/importedmedia\/product-153335_0-PL0479.jpg\",\"width\":1000,\"height\":1750,\"caption\":\"Patisson P\u00e4tisson Orange\"},{\"@type\":\"BreadcrumbList\",\"@id\":\"https:\/\/horticom.ee\/e-pood\/toode\/patisson-patisson-orange-cucurbita-pepo-l\/#breadcrumb\",\"itemListElement\":[{\"@type\":\"ListItem\",\"position\":1,\"name\":\"Home\",\"item\":\"https:\/\/horticom.ee\/e-pood\/\"},{\"@type\":\"ListItem\",\"position\":2,\"name\":\"Pood\",\"item\":\"https:\/\/horticom.ee\/e-pood\/pood\/\"},{\"@type\":\"ListItem\",\"position\":3,\"name\":\"Patisson P\u00e4tisson Orange\"}]},{\"@type\":\"WebSite\",\"@id\":\"https:\/\/horticom.ee\/e-pood\/#website\",\"url\":\"https:\/\/horticom.ee\/e-pood\/\",\"name\":\"Horticom.ee\",\"description\":\"Aianduskaubad ja kodukaubad nii harrastajatele kui professionaalidele\",\"potentialAction\":[{\"@type\":\"SearchAction\",\"target\":{\"@type\":\"EntryPoint\",\"urlTemplate\":\"https:\/\/horticom.ee\/e-pood\/?s={search_term_string}\"},\"query-input\":{\"@type\":\"PropertyValueSpecification\",\"valueRequired\":true,\"valueName\":\"search_term_string\"}}],\"inLanguage\":\"ru-RU\"}]}<\/script>\n<!-- \/ Yoast SEO plugin. -->","yoast_head_json":{"title":"Patisson P\u00e4tisson Orange - Horticom.ee\/e-pood","description":"Patisson Patisson Orange on varajane sort kollakasoran\u017ei viljaga. Kompaktne taim, sobib kasvatamiseks p\u00e4ikesepaistelises, tuule eest kaitstud kohas.","robots":{"index":"index","follow":"follow","max-snippet":"max-snippet:-1","max-image-preview":"max-image-preview:large","max-video-preview":"max-video-preview:-1"},"canonical":"https:\/\/horticom.ee\/e-pood\/toode\/patisson-patisson-orange-cucurbita-pepo-l\/","og_locale":"ru_RU","og_type":"article","og_title":"Patisson P\u00e4tisson Orange - Horticom.ee\/e-pood","og_description":"Patisson Patisson Orange on varajane sort kollakasoran\u017ei viljaga. Kompaktne taim, sobib kasvatamiseks p\u00e4ikesepaistelises, tuule eest kaitstud kohas.","og_url":"https:\/\/horticom.ee\/e-pood\/toode\/patisson-patisson-orange-cucurbita-pepo-l\/","og_site_name":"Horticom.ee","article_publisher":"https:\/\/www.facebook.com\/horticom.ee\/e-pood","article_modified_time":"2026-04-17T00:13:52+00:00","og_image":[{"width":585,"height":1024,"url":"https:\/\/horticom.ee\/e-pood\/wp-content\/uploads\/importedmedia\/product-153335_0-PL0479-585x1024.jpg","type":"image\/jpeg"}],"twitter_card":"summary_large_image","schema":{"@context":"https:\/\/schema.org","@graph":[{"@type":"WebPage","@id":"https:\/\/horticom.ee\/e-pood\/toode\/patisson-patisson-orange-cucurbita-pepo-l\/","url":"https:\/\/horticom.ee\/e-pood\/toode\/patisson-patisson-orange-cucurbita-pepo-l\/","name":"Patisson P\u00e4tisson Orange - Horticom.ee\/e-pood","isPartOf":{"@id":"https:\/\/horticom.ee\/e-pood\/#website"},"primaryImageOfPage":{"@id":"https:\/\/horticom.ee\/e-pood\/toode\/patisson-patisson-orange-cucurbita-pepo-l\/#primaryimage"},"image":{"@id":"https:\/\/horticom.ee\/e-pood\/toode\/patisson-patisson-orange-cucurbita-pepo-l\/#primaryimage"},"thumbnailUrl":"https:\/\/horticom.ee\/e-pood\/wp-content\/uploads\/importedmedia\/product-153335_0-PL0479.jpg","datePublished":"2022-01-17T14:05:07+00:00","dateModified":"2026-04-17T00:13:52+00:00","description":"Patisson Patisson Orange on varajane sort kollakasoran\u017ei viljaga. Kompaktne taim, sobib kasvatamiseks p\u00e4ikesepaistelises, tuule eest kaitstud kohas.","breadcrumb":{"@id":"https:\/\/horticom.ee\/e-pood\/toode\/patisson-patisson-orange-cucurbita-pepo-l\/#breadcrumb"},"inLanguage":"ru-RU","potentialAction":[{"@type":"ReadAction","target":["https:\/\/horticom.ee\/e-pood\/toode\/patisson-patisson-orange-cucurbita-pepo-l\/"]}]},{"@type":"ImageObject","inLanguage":"ru-RU","@id":"https:\/\/horticom.ee\/e-pood\/toode\/patisson-patisson-orange-cucurbita-pepo-l\/#primaryimage","url":"https:\/\/horticom.ee\/e-pood\/wp-content\/uploads\/importedmedia\/product-153335_0-PL0479.jpg","contentUrl":"https:\/\/horticom.ee\/e-pood\/wp-content\/uploads\/importedmedia\/product-153335_0-PL0479.jpg","width":1000,"height":1750,"caption":"Patisson P\u00e4tisson Orange"},{"@type":"BreadcrumbList","@id":"https:\/\/horticom.ee\/e-pood\/toode\/patisson-patisson-orange-cucurbita-pepo-l\/#breadcrumb","itemListElement":[{"@type":"ListItem","position":1,"name":"Home","item":"https:\/\/horticom.ee\/e-pood\/"},{"@type":"ListItem","position":2,"name":"Pood","item":"https:\/\/horticom.ee\/e-pood\/pood\/"},{"@type":"ListItem","position":3,"name":"Patisson P\u00e4tisson Orange"}]},{"@type":"WebSite","@id":"https:\/\/horticom.ee\/e-pood\/#website","url":"https:\/\/horticom.ee\/e-pood\/","name":"Horticom.ee","description":"Aianduskaubad ja kodukaubad nii harrastajatele kui professionaalidele","potentialAction":[{"@type":"SearchAction","target":{"@type":"EntryPoint","urlTemplate":"https:\/\/horticom.ee\/e-pood\/?s={search_term_string}"},"query-input":{"@type":"PropertyValueSpecification","valueRequired":true,"valueName":"search_term_string"}}],"inLanguage":"ru-RU"}]}},"_links":{"self":[{"href":"https:\/\/horticom.ee\/e-pood\/ru\/wp-json\/wp\/v2\/product\/153335","targetHints":{"allow":["GET"]}}],"collection":[{"href":"https:\/\/horticom.ee\/e-pood\/ru\/wp-json\/wp\/v2\/product"}],"about":[{"href":"https:\/\/horticom.ee\/e-pood\/ru\/wp-json\/wp\/v2\/types\/product"}],"replies":[{"embeddable":true,"href":"https:\/\/horticom.ee\/e-pood\/ru\/wp-json\/wp\/v2\/comments?post=153335"}],"wp:featuredmedia":[{"embeddable":true,"href":"https:\/\/horticom.ee\/e-pood\/ru\/wp-json\/wp\/v2\/media\/169526"}],"wp:attachment":[{"href":"https:\/\/horticom.ee\/e-pood\/ru\/wp-json\/wp\/v2\/media?parent=153335"}],"wp:term":[{"taxonomy":"product_cat","embeddable":true,"href":"https:\/\/horticom.ee\/e-pood\/ru\/wp-json\/wp\/v2\/product_cat?post=153335"},{"taxonomy":"product_tag","embeddable":true,"href":"https:\/\/horticom.ee\/e-pood\/ru\/wp-json\/wp\/v2\/product_tag?post=153335"}],"curies":[{"name":"wp","href":"https:\/\/api.w.org\/{rel}","templated":true}]}}