{"id":153350,"date":"2022-01-17T16:05:16","date_gmt":"2022-01-17T14:05:16","guid":{"rendered":"https:\/\/aednik24.ee\/toode\/redis-zlata-raphanus-sativus-l\/"},"modified":"2026-04-18T03:13:36","modified_gmt":"2026-04-18T00:13:36","slug":"redis-zlata-raphanus-sativus-l","status":"publish","type":"product","link":"https:\/\/horticom.ee\/e-pood\/ru\/toode\/redis-zlata-raphanus-sativus-l\/","title":{"rendered":"Redis Zlata"},"content":{"rendered":"<p>Redis Zlata on keskmiselt varajane sort, saaki korjatakse 36\u201338 p\u00e4eva m\u00f6\u00f6dumisel peale idanemist. Juurviljad on \u00fcmmargused, kollakat v\u00e4rvi, suured, ei kasva kaua \u00fcle. Viljaliha on valge, mahlakas. K\u00f5ige paremini kasvab kerges ja keskmise raskusega, muredas, huumuselises, umbrohuta ja mittehappelises (pH 6-7) pinnases. 1g  umbes 70\u2013130 seemet.<\/p>\n","protected":false},"excerpt":{"rendered":"<p>Redis Zlata on keskmiselt varajane sort, saaki korjatakse 36\u201338 p\u00e4eva m\u00f6\u00f6dumisel peale idanemist. Juurviljad on \u00fcmmargused, kollakat v\u00e4rvi, suured, ei kasva kaua \u00fcle. Viljaliha on valge, mahlakas. K\u00f5ige paremini kasvab kerges ja keskmise raskusega, muredas, huumuselises, umbrohuta ja mittehappelises (pH 6-7) pinnases. 1g umbes 70\u2013130 seemet.<\/p>\n","protected":false},"featured_media":169498,"comment_status":"closed","ping_status":"closed","template":"","meta":{"_themeisle_gutenberg_block_has_review":false},"product_cat":[13485],"product_tag":[],"class_list":{"0":"post-153350","1":"product","2":"type-product","3":"status-publish","4":"has-post-thumbnail","6":"product_cat-redis-roigas","8":"first","9":"instock","10":"shipping-taxable","11":"purchasable","12":"product-type-simple"},"yoast_head":"<!-- This site is optimized with the Yoast SEO plugin v24.0 - https:\/\/yoast.com\/wordpress\/plugins\/seo\/ -->\n<title>Redis Zlata - Horticom.ee\/e-pood<\/title>\n<meta name=\"description\" content=\"Redis Zlata on keskmiselt varajane kollase viljalihaga redis, mille saak korjatakse 36\u201338 p\u00e4eva p\u00e4rast idanemist. Sobib niiskesse, huumusrikkasse mulda.\" \/>\n<meta name=\"robots\" content=\"index, follow, max-snippet:-1, max-image-preview:large, max-video-preview:-1\" \/>\n<link rel=\"canonical\" href=\"https:\/\/horticom.ee\/e-pood\/toode\/redis-zlata-raphanus-sativus-l\/\" \/>\n<meta property=\"og:locale\" content=\"ru_RU\" \/>\n<meta property=\"og:type\" content=\"article\" \/>\n<meta property=\"og:title\" content=\"Redis Zlata - Horticom.ee\/e-pood\" \/>\n<meta property=\"og:description\" content=\"Redis Zlata on keskmiselt varajane kollase viljalihaga redis, mille saak korjatakse 36\u201338 p\u00e4eva p\u00e4rast idanemist. Sobib niiskesse, huumusrikkasse mulda.\" \/>\n<meta property=\"og:url\" content=\"https:\/\/horticom.ee\/e-pood\/toode\/redis-zlata-raphanus-sativus-l\/\" \/>\n<meta property=\"og:site_name\" content=\"Horticom.ee\" \/>\n<meta property=\"article:publisher\" content=\"https:\/\/www.facebook.com\/horticom.ee\/e-pood\" \/>\n<meta property=\"article:modified_time\" content=\"2026-04-18T00:13:36+00:00\" \/>\n<meta property=\"og:image\" content=\"https:\/\/horticom.ee\/e-pood\/wp-content\/uploads\/importedmedia\/product-153350_0-PL0495.jpg\" \/>\n\t<meta property=\"og:image:width\" content=\"1000\" \/>\n\t<meta property=\"og:image:height\" content=\"1750\" \/>\n\t<meta property=\"og:image:type\" content=\"image\/jpeg\" \/>\n<meta name=\"twitter:card\" content=\"summary_large_image\" \/>\n<script type=\"application\/ld+json\" class=\"yoast-schema-graph\">{\"@context\":\"https:\/\/schema.org\",\"@graph\":[{\"@type\":\"WebPage\",\"@id\":\"https:\/\/horticom.ee\/e-pood\/toode\/redis-zlata-raphanus-sativus-l\/\",\"url\":\"https:\/\/horticom.ee\/e-pood\/toode\/redis-zlata-raphanus-sativus-l\/\",\"name\":\"Redis Zlata - Horticom.ee\/e-pood\",\"isPartOf\":{\"@id\":\"https:\/\/horticom.ee\/e-pood\/#website\"},\"primaryImageOfPage\":{\"@id\":\"https:\/\/horticom.ee\/e-pood\/toode\/redis-zlata-raphanus-sativus-l\/#primaryimage\"},\"image\":{\"@id\":\"https:\/\/horticom.ee\/e-pood\/toode\/redis-zlata-raphanus-sativus-l\/#primaryimage\"},\"thumbnailUrl\":\"https:\/\/horticom.ee\/e-pood\/wp-content\/uploads\/importedmedia\/product-153350_0-PL0495.jpg\",\"datePublished\":\"2022-01-17T14:05:16+00:00\",\"dateModified\":\"2026-04-18T00:13:36+00:00\",\"description\":\"Redis Zlata on keskmiselt varajane kollase viljalihaga redis, mille saak korjatakse 36\u201338 p\u00e4eva p\u00e4rast idanemist. Sobib niiskesse, huumusrikkasse mulda.\",\"breadcrumb\":{\"@id\":\"https:\/\/horticom.ee\/e-pood\/toode\/redis-zlata-raphanus-sativus-l\/#breadcrumb\"},\"inLanguage\":\"ru-RU\",\"potentialAction\":[{\"@type\":\"ReadAction\",\"target\":[\"https:\/\/horticom.ee\/e-pood\/toode\/redis-zlata-raphanus-sativus-l\/\"]}]},{\"@type\":\"ImageObject\",\"inLanguage\":\"ru-RU\",\"@id\":\"https:\/\/horticom.ee\/e-pood\/toode\/redis-zlata-raphanus-sativus-l\/#primaryimage\",\"url\":\"https:\/\/horticom.ee\/e-pood\/wp-content\/uploads\/importedmedia\/product-153350_0-PL0495.jpg\",\"contentUrl\":\"https:\/\/horticom.ee\/e-pood\/wp-content\/uploads\/importedmedia\/product-153350_0-PL0495.jpg\",\"width\":1000,\"height\":1750,\"caption\":\"Redis Zlata\"},{\"@type\":\"BreadcrumbList\",\"@id\":\"https:\/\/horticom.ee\/e-pood\/toode\/redis-zlata-raphanus-sativus-l\/#breadcrumb\",\"itemListElement\":[{\"@type\":\"ListItem\",\"position\":1,\"name\":\"Home\",\"item\":\"https:\/\/horticom.ee\/e-pood\/\"},{\"@type\":\"ListItem\",\"position\":2,\"name\":\"Pood\",\"item\":\"https:\/\/horticom.ee\/e-pood\/pood\/\"},{\"@type\":\"ListItem\",\"position\":3,\"name\":\"Redis Zlata\"}]},{\"@type\":\"WebSite\",\"@id\":\"https:\/\/horticom.ee\/e-pood\/#website\",\"url\":\"https:\/\/horticom.ee\/e-pood\/\",\"name\":\"Horticom.ee\",\"description\":\"Aianduskaubad ja kodukaubad nii harrastajatele kui professionaalidele\",\"potentialAction\":[{\"@type\":\"SearchAction\",\"target\":{\"@type\":\"EntryPoint\",\"urlTemplate\":\"https:\/\/horticom.ee\/e-pood\/?s={search_term_string}\"},\"query-input\":{\"@type\":\"PropertyValueSpecification\",\"valueRequired\":true,\"valueName\":\"search_term_string\"}}],\"inLanguage\":\"ru-RU\"}]}<\/script>\n<!-- \/ Yoast SEO plugin. -->","yoast_head_json":{"title":"Redis Zlata - Horticom.ee\/e-pood","description":"Redis Zlata on keskmiselt varajane kollase viljalihaga redis, mille saak korjatakse 36\u201338 p\u00e4eva p\u00e4rast idanemist. Sobib niiskesse, huumusrikkasse mulda.","robots":{"index":"index","follow":"follow","max-snippet":"max-snippet:-1","max-image-preview":"max-image-preview:large","max-video-preview":"max-video-preview:-1"},"canonical":"https:\/\/horticom.ee\/e-pood\/toode\/redis-zlata-raphanus-sativus-l\/","og_locale":"ru_RU","og_type":"article","og_title":"Redis Zlata - Horticom.ee\/e-pood","og_description":"Redis Zlata on keskmiselt varajane kollase viljalihaga redis, mille saak korjatakse 36\u201338 p\u00e4eva p\u00e4rast idanemist. Sobib niiskesse, huumusrikkasse mulda.","og_url":"https:\/\/horticom.ee\/e-pood\/toode\/redis-zlata-raphanus-sativus-l\/","og_site_name":"Horticom.ee","article_publisher":"https:\/\/www.facebook.com\/horticom.ee\/e-pood","article_modified_time":"2026-04-18T00:13:36+00:00","og_image":[{"width":1000,"height":1750,"url":"https:\/\/horticom.ee\/e-pood\/wp-content\/uploads\/importedmedia\/product-153350_0-PL0495.jpg","type":"image\/jpeg"}],"twitter_card":"summary_large_image","schema":{"@context":"https:\/\/schema.org","@graph":[{"@type":"WebPage","@id":"https:\/\/horticom.ee\/e-pood\/toode\/redis-zlata-raphanus-sativus-l\/","url":"https:\/\/horticom.ee\/e-pood\/toode\/redis-zlata-raphanus-sativus-l\/","name":"Redis Zlata - Horticom.ee\/e-pood","isPartOf":{"@id":"https:\/\/horticom.ee\/e-pood\/#website"},"primaryImageOfPage":{"@id":"https:\/\/horticom.ee\/e-pood\/toode\/redis-zlata-raphanus-sativus-l\/#primaryimage"},"image":{"@id":"https:\/\/horticom.ee\/e-pood\/toode\/redis-zlata-raphanus-sativus-l\/#primaryimage"},"thumbnailUrl":"https:\/\/horticom.ee\/e-pood\/wp-content\/uploads\/importedmedia\/product-153350_0-PL0495.jpg","datePublished":"2022-01-17T14:05:16+00:00","dateModified":"2026-04-18T00:13:36+00:00","description":"Redis Zlata on keskmiselt varajane kollase viljalihaga redis, mille saak korjatakse 36\u201338 p\u00e4eva p\u00e4rast idanemist. Sobib niiskesse, huumusrikkasse mulda.","breadcrumb":{"@id":"https:\/\/horticom.ee\/e-pood\/toode\/redis-zlata-raphanus-sativus-l\/#breadcrumb"},"inLanguage":"ru-RU","potentialAction":[{"@type":"ReadAction","target":["https:\/\/horticom.ee\/e-pood\/toode\/redis-zlata-raphanus-sativus-l\/"]}]},{"@type":"ImageObject","inLanguage":"ru-RU","@id":"https:\/\/horticom.ee\/e-pood\/toode\/redis-zlata-raphanus-sativus-l\/#primaryimage","url":"https:\/\/horticom.ee\/e-pood\/wp-content\/uploads\/importedmedia\/product-153350_0-PL0495.jpg","contentUrl":"https:\/\/horticom.ee\/e-pood\/wp-content\/uploads\/importedmedia\/product-153350_0-PL0495.jpg","width":1000,"height":1750,"caption":"Redis Zlata"},{"@type":"BreadcrumbList","@id":"https:\/\/horticom.ee\/e-pood\/toode\/redis-zlata-raphanus-sativus-l\/#breadcrumb","itemListElement":[{"@type":"ListItem","position":1,"name":"Home","item":"https:\/\/horticom.ee\/e-pood\/"},{"@type":"ListItem","position":2,"name":"Pood","item":"https:\/\/horticom.ee\/e-pood\/pood\/"},{"@type":"ListItem","position":3,"name":"Redis Zlata"}]},{"@type":"WebSite","@id":"https:\/\/horticom.ee\/e-pood\/#website","url":"https:\/\/horticom.ee\/e-pood\/","name":"Horticom.ee","description":"Aianduskaubad ja kodukaubad nii harrastajatele kui professionaalidele","potentialAction":[{"@type":"SearchAction","target":{"@type":"EntryPoint","urlTemplate":"https:\/\/horticom.ee\/e-pood\/?s={search_term_string}"},"query-input":{"@type":"PropertyValueSpecification","valueRequired":true,"valueName":"search_term_string"}}],"inLanguage":"ru-RU"}]}},"_links":{"self":[{"href":"https:\/\/horticom.ee\/e-pood\/ru\/wp-json\/wp\/v2\/product\/153350","targetHints":{"allow":["GET"]}}],"collection":[{"href":"https:\/\/horticom.ee\/e-pood\/ru\/wp-json\/wp\/v2\/product"}],"about":[{"href":"https:\/\/horticom.ee\/e-pood\/ru\/wp-json\/wp\/v2\/types\/product"}],"replies":[{"embeddable":true,"href":"https:\/\/horticom.ee\/e-pood\/ru\/wp-json\/wp\/v2\/comments?post=153350"}],"wp:featuredmedia":[{"embeddable":true,"href":"https:\/\/horticom.ee\/e-pood\/ru\/wp-json\/wp\/v2\/media\/169498"}],"wp:attachment":[{"href":"https:\/\/horticom.ee\/e-pood\/ru\/wp-json\/wp\/v2\/media?parent=153350"}],"wp:term":[{"taxonomy":"product_cat","embeddable":true,"href":"https:\/\/horticom.ee\/e-pood\/ru\/wp-json\/wp\/v2\/product_cat?post=153350"},{"taxonomy":"product_tag","embeddable":true,"href":"https:\/\/horticom.ee\/e-pood\/ru\/wp-json\/wp\/v2\/product_tag?post=153350"}],"curies":[{"name":"wp","href":"https:\/\/api.w.org\/{rel}","templated":true}]}}