{"id":153356,"date":"2022-01-17T16:05:21","date_gmt":"2022-01-17T14:05:21","guid":{"rendered":"https:\/\/aednik24.ee\/toode\/tomat-oxheart-lycopersicon-esculentum-mill\/"},"modified":"2026-04-30T03:06:50","modified_gmt":"2026-04-30T00:06:50","slug":"tomat-oxheart-lycopersicon-esculentum-mill","status":"publish","type":"product","link":"https:\/\/horticom.ee\/e-pood\/ru\/toode\/tomat-oxheart-lycopersicon-esculentum-mill\/","title":{"rendered":"Tomat Oxheart"},"content":{"rendered":"<p>Tomat Oxheart on keskvarajane, saagikas sort. Taimed kuni 2 meetri k\u00f5rgused, vajavad toestamist. Viljad suured, 200\u2013600g , lihavad, viljaliha roosakas hea maitsega. Sobib kasvatamiseks mittek\u00f6etavas kasvuhoones. Kogu kasvuperioodi kestel eemaldada lehekaenlatest kasvavad k\u00fclgv\u00f5rsed.<\/p>\n","protected":false},"excerpt":{"rendered":"<p>Tomat Oxheart on keskvarajane, saagikas sort. Taimed kuni 2 meetri k\u00f5rgused, vajavad toestamist. Viljad suured, 200\u2013600g , lihavad, viljaliha roosakas hea maitsega. Sobib kasvatamiseks mittek\u00f6etavas kasvuhoones. Kogu kasvuperioodi kestel eemaldada lehekaenlatest kasvavad k\u00fclgv\u00f5rsed.<\/p>\n","protected":false},"featured_media":169482,"comment_status":"closed","ping_status":"closed","template":"","meta":{"_themeisle_gutenberg_block_has_review":false},"product_cat":[13481],"product_tag":[],"class_list":{"0":"post-153356","1":"product","2":"type-product","3":"status-publish","4":"has-post-thumbnail","6":"product_cat-tomat","8":"first","9":"instock","10":"shipping-taxable","11":"purchasable","12":"product-type-simple"},"yoast_head":"<!-- This site is optimized with the Yoast SEO plugin v24.0 - https:\/\/yoast.com\/wordpress\/plugins\/seo\/ -->\n<title>Tomat Oxheart \/LK2024\/ - Horticom.ee\/e-pood<\/title>\n<meta name=\"description\" content=\"Tomat Oxheart on keskvarajane tomatisort, mille suured ja lihavad viljad kaaluvad kuni 600g. Taimed vajavad toestamist ja kasvatamist kasvuhoones.\" \/>\n<meta name=\"robots\" content=\"index, follow, max-snippet:-1, max-image-preview:large, max-video-preview:-1\" \/>\n<link rel=\"canonical\" href=\"https:\/\/horticom.ee\/e-pood\/toode\/tomat-oxheart-lycopersicon-esculentum-mill\/\" \/>\n<meta property=\"og:locale\" content=\"ru_RU\" \/>\n<meta property=\"og:type\" content=\"article\" \/>\n<meta property=\"og:title\" content=\"Tomat Oxheart \/LK2024\/ - Horticom.ee\/e-pood\" \/>\n<meta property=\"og:description\" content=\"Tomat Oxheart on keskvarajane tomatisort, mille suured ja lihavad viljad kaaluvad kuni 600g. Taimed vajavad toestamist ja kasvatamist kasvuhoones.\" \/>\n<meta property=\"og:url\" content=\"https:\/\/horticom.ee\/e-pood\/toode\/tomat-oxheart-lycopersicon-esculentum-mill\/\" \/>\n<meta property=\"og:site_name\" content=\"Horticom.ee\" \/>\n<meta property=\"article:publisher\" content=\"https:\/\/www.facebook.com\/horticom.ee\/e-pood\" \/>\n<meta property=\"article:modified_time\" content=\"2026-04-30T00:06:50+00:00\" \/>\n<meta property=\"og:image\" content=\"https:\/\/horticom.ee\/e-pood\/wp-content\/uploads\/importedmedia\/product-153356_0-PL0502.jpg\" \/>\n\t<meta property=\"og:image:width\" content=\"1000\" \/>\n\t<meta property=\"og:image:height\" content=\"1750\" \/>\n\t<meta property=\"og:image:type\" content=\"image\/jpeg\" \/>\n<meta name=\"twitter:card\" content=\"summary_large_image\" \/>\n<script type=\"application\/ld+json\" class=\"yoast-schema-graph\">{\"@context\":\"https:\/\/schema.org\",\"@graph\":[{\"@type\":\"WebPage\",\"@id\":\"https:\/\/horticom.ee\/e-pood\/toode\/tomat-oxheart-lycopersicon-esculentum-mill\/\",\"url\":\"https:\/\/horticom.ee\/e-pood\/toode\/tomat-oxheart-lycopersicon-esculentum-mill\/\",\"name\":\"Tomat Oxheart \/LK2024\/ - Horticom.ee\/e-pood\",\"isPartOf\":{\"@id\":\"https:\/\/horticom.ee\/e-pood\/#website\"},\"primaryImageOfPage\":{\"@id\":\"https:\/\/horticom.ee\/e-pood\/toode\/tomat-oxheart-lycopersicon-esculentum-mill\/#primaryimage\"},\"image\":{\"@id\":\"https:\/\/horticom.ee\/e-pood\/toode\/tomat-oxheart-lycopersicon-esculentum-mill\/#primaryimage\"},\"thumbnailUrl\":\"https:\/\/horticom.ee\/e-pood\/wp-content\/uploads\/importedmedia\/product-153356_0-PL0502.jpg\",\"datePublished\":\"2022-01-17T14:05:21+00:00\",\"dateModified\":\"2026-04-30T00:06:50+00:00\",\"description\":\"Tomat Oxheart on keskvarajane tomatisort, mille suured ja lihavad viljad kaaluvad kuni 600g. Taimed vajavad toestamist ja kasvatamist kasvuhoones.\",\"breadcrumb\":{\"@id\":\"https:\/\/horticom.ee\/e-pood\/toode\/tomat-oxheart-lycopersicon-esculentum-mill\/#breadcrumb\"},\"inLanguage\":\"ru-RU\",\"potentialAction\":[{\"@type\":\"ReadAction\",\"target\":[\"https:\/\/horticom.ee\/e-pood\/toode\/tomat-oxheart-lycopersicon-esculentum-mill\/\"]}]},{\"@type\":\"ImageObject\",\"inLanguage\":\"ru-RU\",\"@id\":\"https:\/\/horticom.ee\/e-pood\/toode\/tomat-oxheart-lycopersicon-esculentum-mill\/#primaryimage\",\"url\":\"https:\/\/horticom.ee\/e-pood\/wp-content\/uploads\/importedmedia\/product-153356_0-PL0502.jpg\",\"contentUrl\":\"https:\/\/horticom.ee\/e-pood\/wp-content\/uploads\/importedmedia\/product-153356_0-PL0502.jpg\",\"width\":1000,\"height\":1750,\"caption\":\"Tomat Oxheart \/LK2024\/\"},{\"@type\":\"BreadcrumbList\",\"@id\":\"https:\/\/horticom.ee\/e-pood\/toode\/tomat-oxheart-lycopersicon-esculentum-mill\/#breadcrumb\",\"itemListElement\":[{\"@type\":\"ListItem\",\"position\":1,\"name\":\"Home\",\"item\":\"https:\/\/horticom.ee\/e-pood\/\"},{\"@type\":\"ListItem\",\"position\":2,\"name\":\"Pood\",\"item\":\"https:\/\/horticom.ee\/e-pood\/pood\/\"},{\"@type\":\"ListItem\",\"position\":3,\"name\":\"Tomat Oxheart\"}]},{\"@type\":\"WebSite\",\"@id\":\"https:\/\/horticom.ee\/e-pood\/#website\",\"url\":\"https:\/\/horticom.ee\/e-pood\/\",\"name\":\"Horticom.ee\",\"description\":\"Aianduskaubad ja kodukaubad nii harrastajatele kui professionaalidele\",\"potentialAction\":[{\"@type\":\"SearchAction\",\"target\":{\"@type\":\"EntryPoint\",\"urlTemplate\":\"https:\/\/horticom.ee\/e-pood\/?s={search_term_string}\"},\"query-input\":{\"@type\":\"PropertyValueSpecification\",\"valueRequired\":true,\"valueName\":\"search_term_string\"}}],\"inLanguage\":\"ru-RU\"}]}<\/script>\n<!-- \/ Yoast SEO plugin. -->","yoast_head_json":{"title":"Tomat Oxheart \/LK2024\/ - Horticom.ee\/e-pood","description":"Tomat Oxheart on keskvarajane tomatisort, mille suured ja lihavad viljad kaaluvad kuni 600g. Taimed vajavad toestamist ja kasvatamist kasvuhoones.","robots":{"index":"index","follow":"follow","max-snippet":"max-snippet:-1","max-image-preview":"max-image-preview:large","max-video-preview":"max-video-preview:-1"},"canonical":"https:\/\/horticom.ee\/e-pood\/toode\/tomat-oxheart-lycopersicon-esculentum-mill\/","og_locale":"ru_RU","og_type":"article","og_title":"Tomat Oxheart \/LK2024\/ - Horticom.ee\/e-pood","og_description":"Tomat Oxheart on keskvarajane tomatisort, mille suured ja lihavad viljad kaaluvad kuni 600g. Taimed vajavad toestamist ja kasvatamist kasvuhoones.","og_url":"https:\/\/horticom.ee\/e-pood\/toode\/tomat-oxheart-lycopersicon-esculentum-mill\/","og_site_name":"Horticom.ee","article_publisher":"https:\/\/www.facebook.com\/horticom.ee\/e-pood","article_modified_time":"2026-04-30T00:06:50+00:00","og_image":[{"width":1000,"height":1750,"url":"https:\/\/horticom.ee\/e-pood\/wp-content\/uploads\/importedmedia\/product-153356_0-PL0502.jpg","type":"image\/jpeg"}],"twitter_card":"summary_large_image","schema":{"@context":"https:\/\/schema.org","@graph":[{"@type":"WebPage","@id":"https:\/\/horticom.ee\/e-pood\/toode\/tomat-oxheart-lycopersicon-esculentum-mill\/","url":"https:\/\/horticom.ee\/e-pood\/toode\/tomat-oxheart-lycopersicon-esculentum-mill\/","name":"Tomat Oxheart \/LK2024\/ - Horticom.ee\/e-pood","isPartOf":{"@id":"https:\/\/horticom.ee\/e-pood\/#website"},"primaryImageOfPage":{"@id":"https:\/\/horticom.ee\/e-pood\/toode\/tomat-oxheart-lycopersicon-esculentum-mill\/#primaryimage"},"image":{"@id":"https:\/\/horticom.ee\/e-pood\/toode\/tomat-oxheart-lycopersicon-esculentum-mill\/#primaryimage"},"thumbnailUrl":"https:\/\/horticom.ee\/e-pood\/wp-content\/uploads\/importedmedia\/product-153356_0-PL0502.jpg","datePublished":"2022-01-17T14:05:21+00:00","dateModified":"2026-04-30T00:06:50+00:00","description":"Tomat Oxheart on keskvarajane tomatisort, mille suured ja lihavad viljad kaaluvad kuni 600g. Taimed vajavad toestamist ja kasvatamist kasvuhoones.","breadcrumb":{"@id":"https:\/\/horticom.ee\/e-pood\/toode\/tomat-oxheart-lycopersicon-esculentum-mill\/#breadcrumb"},"inLanguage":"ru-RU","potentialAction":[{"@type":"ReadAction","target":["https:\/\/horticom.ee\/e-pood\/toode\/tomat-oxheart-lycopersicon-esculentum-mill\/"]}]},{"@type":"ImageObject","inLanguage":"ru-RU","@id":"https:\/\/horticom.ee\/e-pood\/toode\/tomat-oxheart-lycopersicon-esculentum-mill\/#primaryimage","url":"https:\/\/horticom.ee\/e-pood\/wp-content\/uploads\/importedmedia\/product-153356_0-PL0502.jpg","contentUrl":"https:\/\/horticom.ee\/e-pood\/wp-content\/uploads\/importedmedia\/product-153356_0-PL0502.jpg","width":1000,"height":1750,"caption":"Tomat Oxheart \/LK2024\/"},{"@type":"BreadcrumbList","@id":"https:\/\/horticom.ee\/e-pood\/toode\/tomat-oxheart-lycopersicon-esculentum-mill\/#breadcrumb","itemListElement":[{"@type":"ListItem","position":1,"name":"Home","item":"https:\/\/horticom.ee\/e-pood\/"},{"@type":"ListItem","position":2,"name":"Pood","item":"https:\/\/horticom.ee\/e-pood\/pood\/"},{"@type":"ListItem","position":3,"name":"Tomat Oxheart"}]},{"@type":"WebSite","@id":"https:\/\/horticom.ee\/e-pood\/#website","url":"https:\/\/horticom.ee\/e-pood\/","name":"Horticom.ee","description":"Aianduskaubad ja kodukaubad nii harrastajatele kui professionaalidele","potentialAction":[{"@type":"SearchAction","target":{"@type":"EntryPoint","urlTemplate":"https:\/\/horticom.ee\/e-pood\/?s={search_term_string}"},"query-input":{"@type":"PropertyValueSpecification","valueRequired":true,"valueName":"search_term_string"}}],"inLanguage":"ru-RU"}]}},"_links":{"self":[{"href":"https:\/\/horticom.ee\/e-pood\/ru\/wp-json\/wp\/v2\/product\/153356","targetHints":{"allow":["GET"]}}],"collection":[{"href":"https:\/\/horticom.ee\/e-pood\/ru\/wp-json\/wp\/v2\/product"}],"about":[{"href":"https:\/\/horticom.ee\/e-pood\/ru\/wp-json\/wp\/v2\/types\/product"}],"replies":[{"embeddable":true,"href":"https:\/\/horticom.ee\/e-pood\/ru\/wp-json\/wp\/v2\/comments?post=153356"}],"wp:featuredmedia":[{"embeddable":true,"href":"https:\/\/horticom.ee\/e-pood\/ru\/wp-json\/wp\/v2\/media\/169482"}],"wp:attachment":[{"href":"https:\/\/horticom.ee\/e-pood\/ru\/wp-json\/wp\/v2\/media?parent=153356"}],"wp:term":[{"taxonomy":"product_cat","embeddable":true,"href":"https:\/\/horticom.ee\/e-pood\/ru\/wp-json\/wp\/v2\/product_cat?post=153356"},{"taxonomy":"product_tag","embeddable":true,"href":"https:\/\/horticom.ee\/e-pood\/ru\/wp-json\/wp\/v2\/product_tag?post=153356"}],"curies":[{"name":"wp","href":"https:\/\/api.w.org\/{rel}","templated":true}]}}