{"id":153357,"date":"2022-01-17T16:05:21","date_gmt":"2022-01-17T14:05:21","guid":{"rendered":"https:\/\/aednik24.ee\/toode\/tomat-promyk-lycopersicon-esculentum-mill\/"},"modified":"2026-05-03T03:08:04","modified_gmt":"2026-05-03T00:08:04","slug":"tomat-promyk-lycopersicon-esculentum-mill","status":"publish","type":"product","link":"https:\/\/horticom.ee\/e-pood\/ru\/toode\/tomat-promyk-lycopersicon-esculentum-mill\/","title":{"rendered":"Tomat Promyk"},"content":{"rendered":"<p>Tomat Promyk on v\u00e4ga varajane, saagikas tomatisort. Madalakasvuline. Lihavad, erepunased, v\u00e4ga maitsvad viljad kaaluvad umbes 80g. Sort talub madalat temperatuuri, seet\u00f5ttu v\u00f5ib seemned k\u00fclvata otse mulda. Annab saaki ka jahedamal suvel. Sobib kasvatamiseks avamaal v\u00f5i kasvuhoones.<\/p>\n","protected":false},"excerpt":{"rendered":"<p>Tomat Promyk on v\u00e4ga varajane, saagikas tomatisort. Madalakasvuline. Lihavad, erepunased, v\u00e4ga maitsvad viljad kaaluvad umbes 80g. Sort talub madalat temperatuuri, seet\u00f5ttu v\u00f5ib seemned k\u00fclvata otse mulda. Annab saaki ka jahedamal suvel. Sobib kasvatamiseks avamaal v\u00f5i kasvuhoones.<\/p>\n","protected":false},"featured_media":169484,"comment_status":"closed","ping_status":"closed","template":"","meta":{"_themeisle_gutenberg_block_has_review":false},"product_cat":[13481],"product_tag":[],"class_list":{"0":"post-153357","1":"product","2":"type-product","3":"status-publish","4":"has-post-thumbnail","6":"product_cat-tomat","8":"first","9":"instock","10":"shipping-taxable","11":"purchasable","12":"product-type-simple"},"yoast_head":"<!-- This site is optimized with the Yoast SEO plugin v24.0 - https:\/\/yoast.com\/wordpress\/plugins\/seo\/ -->\n<title>Tomat Promyk - Horticom.ee\/e-pood<\/title>\n<meta name=\"description\" content=\"Tomat Promyk on v\u00e4ga varajane ja saagikas sort, mis talub madalat temperatuuri. Viljad on lihavad ja sobivad kasvatamiseks nii avamaal kui kasvuhoones.\" \/>\n<meta name=\"robots\" content=\"index, follow, max-snippet:-1, max-image-preview:large, max-video-preview:-1\" \/>\n<link rel=\"canonical\" href=\"https:\/\/horticom.ee\/e-pood\/toode\/tomat-promyk-lycopersicon-esculentum-mill\/\" \/>\n<meta property=\"og:locale\" content=\"ru_RU\" \/>\n<meta property=\"og:type\" content=\"article\" \/>\n<meta property=\"og:title\" content=\"Tomat Promyk - Horticom.ee\/e-pood\" \/>\n<meta property=\"og:description\" content=\"Tomat Promyk on v\u00e4ga varajane ja saagikas sort, mis talub madalat temperatuuri. Viljad on lihavad ja sobivad kasvatamiseks nii avamaal kui kasvuhoones.\" \/>\n<meta property=\"og:url\" content=\"https:\/\/horticom.ee\/e-pood\/toode\/tomat-promyk-lycopersicon-esculentum-mill\/\" \/>\n<meta property=\"og:site_name\" content=\"Horticom.ee\" \/>\n<meta property=\"article:publisher\" content=\"https:\/\/www.facebook.com\/horticom.ee\/e-pood\" \/>\n<meta property=\"article:modified_time\" content=\"2026-05-03T00:08:04+00:00\" \/>\n<meta property=\"og:image\" content=\"https:\/\/horticom.ee\/e-pood\/wp-content\/uploads\/importedmedia\/product-153357_0-PL0504.jpg\" \/>\n\t<meta property=\"og:image:width\" content=\"1000\" \/>\n\t<meta property=\"og:image:height\" content=\"1750\" \/>\n\t<meta property=\"og:image:type\" content=\"image\/jpeg\" \/>\n<meta name=\"twitter:card\" content=\"summary_large_image\" \/>\n<script type=\"application\/ld+json\" class=\"yoast-schema-graph\">{\"@context\":\"https:\/\/schema.org\",\"@graph\":[{\"@type\":\"WebPage\",\"@id\":\"https:\/\/horticom.ee\/e-pood\/toode\/tomat-promyk-lycopersicon-esculentum-mill\/\",\"url\":\"https:\/\/horticom.ee\/e-pood\/toode\/tomat-promyk-lycopersicon-esculentum-mill\/\",\"name\":\"Tomat Promyk - Horticom.ee\/e-pood\",\"isPartOf\":{\"@id\":\"https:\/\/horticom.ee\/e-pood\/#website\"},\"primaryImageOfPage\":{\"@id\":\"https:\/\/horticom.ee\/e-pood\/toode\/tomat-promyk-lycopersicon-esculentum-mill\/#primaryimage\"},\"image\":{\"@id\":\"https:\/\/horticom.ee\/e-pood\/toode\/tomat-promyk-lycopersicon-esculentum-mill\/#primaryimage\"},\"thumbnailUrl\":\"https:\/\/horticom.ee\/e-pood\/wp-content\/uploads\/importedmedia\/product-153357_0-PL0504.jpg\",\"datePublished\":\"2022-01-17T14:05:21+00:00\",\"dateModified\":\"2026-05-03T00:08:04+00:00\",\"description\":\"Tomat Promyk on v\u00e4ga varajane ja saagikas sort, mis talub madalat temperatuuri. Viljad on lihavad ja sobivad kasvatamiseks nii avamaal kui kasvuhoones.\",\"breadcrumb\":{\"@id\":\"https:\/\/horticom.ee\/e-pood\/toode\/tomat-promyk-lycopersicon-esculentum-mill\/#breadcrumb\"},\"inLanguage\":\"ru-RU\",\"potentialAction\":[{\"@type\":\"ReadAction\",\"target\":[\"https:\/\/horticom.ee\/e-pood\/toode\/tomat-promyk-lycopersicon-esculentum-mill\/\"]}]},{\"@type\":\"ImageObject\",\"inLanguage\":\"ru-RU\",\"@id\":\"https:\/\/horticom.ee\/e-pood\/toode\/tomat-promyk-lycopersicon-esculentum-mill\/#primaryimage\",\"url\":\"https:\/\/horticom.ee\/e-pood\/wp-content\/uploads\/importedmedia\/product-153357_0-PL0504.jpg\",\"contentUrl\":\"https:\/\/horticom.ee\/e-pood\/wp-content\/uploads\/importedmedia\/product-153357_0-PL0504.jpg\",\"width\":1000,\"height\":1750,\"caption\":\"Tomat Promyk\"},{\"@type\":\"BreadcrumbList\",\"@id\":\"https:\/\/horticom.ee\/e-pood\/toode\/tomat-promyk-lycopersicon-esculentum-mill\/#breadcrumb\",\"itemListElement\":[{\"@type\":\"ListItem\",\"position\":1,\"name\":\"Home\",\"item\":\"https:\/\/horticom.ee\/e-pood\/\"},{\"@type\":\"ListItem\",\"position\":2,\"name\":\"Pood\",\"item\":\"https:\/\/horticom.ee\/e-pood\/pood\/\"},{\"@type\":\"ListItem\",\"position\":3,\"name\":\"Tomat Promyk\"}]},{\"@type\":\"WebSite\",\"@id\":\"https:\/\/horticom.ee\/e-pood\/#website\",\"url\":\"https:\/\/horticom.ee\/e-pood\/\",\"name\":\"Horticom.ee\",\"description\":\"Aianduskaubad ja kodukaubad nii harrastajatele kui professionaalidele\",\"potentialAction\":[{\"@type\":\"SearchAction\",\"target\":{\"@type\":\"EntryPoint\",\"urlTemplate\":\"https:\/\/horticom.ee\/e-pood\/?s={search_term_string}\"},\"query-input\":{\"@type\":\"PropertyValueSpecification\",\"valueRequired\":true,\"valueName\":\"search_term_string\"}}],\"inLanguage\":\"ru-RU\"}]}<\/script>\n<!-- \/ Yoast SEO plugin. -->","yoast_head_json":{"title":"Tomat Promyk - Horticom.ee\/e-pood","description":"Tomat Promyk on v\u00e4ga varajane ja saagikas sort, mis talub madalat temperatuuri. Viljad on lihavad ja sobivad kasvatamiseks nii avamaal kui kasvuhoones.","robots":{"index":"index","follow":"follow","max-snippet":"max-snippet:-1","max-image-preview":"max-image-preview:large","max-video-preview":"max-video-preview:-1"},"canonical":"https:\/\/horticom.ee\/e-pood\/toode\/tomat-promyk-lycopersicon-esculentum-mill\/","og_locale":"ru_RU","og_type":"article","og_title":"Tomat Promyk - Horticom.ee\/e-pood","og_description":"Tomat Promyk on v\u00e4ga varajane ja saagikas sort, mis talub madalat temperatuuri. Viljad on lihavad ja sobivad kasvatamiseks nii avamaal kui kasvuhoones.","og_url":"https:\/\/horticom.ee\/e-pood\/toode\/tomat-promyk-lycopersicon-esculentum-mill\/","og_site_name":"Horticom.ee","article_publisher":"https:\/\/www.facebook.com\/horticom.ee\/e-pood","article_modified_time":"2026-05-03T00:08:04+00:00","og_image":[{"width":1000,"height":1750,"url":"https:\/\/horticom.ee\/e-pood\/wp-content\/uploads\/importedmedia\/product-153357_0-PL0504.jpg","type":"image\/jpeg"}],"twitter_card":"summary_large_image","schema":{"@context":"https:\/\/schema.org","@graph":[{"@type":"WebPage","@id":"https:\/\/horticom.ee\/e-pood\/toode\/tomat-promyk-lycopersicon-esculentum-mill\/","url":"https:\/\/horticom.ee\/e-pood\/toode\/tomat-promyk-lycopersicon-esculentum-mill\/","name":"Tomat Promyk - Horticom.ee\/e-pood","isPartOf":{"@id":"https:\/\/horticom.ee\/e-pood\/#website"},"primaryImageOfPage":{"@id":"https:\/\/horticom.ee\/e-pood\/toode\/tomat-promyk-lycopersicon-esculentum-mill\/#primaryimage"},"image":{"@id":"https:\/\/horticom.ee\/e-pood\/toode\/tomat-promyk-lycopersicon-esculentum-mill\/#primaryimage"},"thumbnailUrl":"https:\/\/horticom.ee\/e-pood\/wp-content\/uploads\/importedmedia\/product-153357_0-PL0504.jpg","datePublished":"2022-01-17T14:05:21+00:00","dateModified":"2026-05-03T00:08:04+00:00","description":"Tomat Promyk on v\u00e4ga varajane ja saagikas sort, mis talub madalat temperatuuri. Viljad on lihavad ja sobivad kasvatamiseks nii avamaal kui kasvuhoones.","breadcrumb":{"@id":"https:\/\/horticom.ee\/e-pood\/toode\/tomat-promyk-lycopersicon-esculentum-mill\/#breadcrumb"},"inLanguage":"ru-RU","potentialAction":[{"@type":"ReadAction","target":["https:\/\/horticom.ee\/e-pood\/toode\/tomat-promyk-lycopersicon-esculentum-mill\/"]}]},{"@type":"ImageObject","inLanguage":"ru-RU","@id":"https:\/\/horticom.ee\/e-pood\/toode\/tomat-promyk-lycopersicon-esculentum-mill\/#primaryimage","url":"https:\/\/horticom.ee\/e-pood\/wp-content\/uploads\/importedmedia\/product-153357_0-PL0504.jpg","contentUrl":"https:\/\/horticom.ee\/e-pood\/wp-content\/uploads\/importedmedia\/product-153357_0-PL0504.jpg","width":1000,"height":1750,"caption":"Tomat Promyk"},{"@type":"BreadcrumbList","@id":"https:\/\/horticom.ee\/e-pood\/toode\/tomat-promyk-lycopersicon-esculentum-mill\/#breadcrumb","itemListElement":[{"@type":"ListItem","position":1,"name":"Home","item":"https:\/\/horticom.ee\/e-pood\/"},{"@type":"ListItem","position":2,"name":"Pood","item":"https:\/\/horticom.ee\/e-pood\/pood\/"},{"@type":"ListItem","position":3,"name":"Tomat Promyk"}]},{"@type":"WebSite","@id":"https:\/\/horticom.ee\/e-pood\/#website","url":"https:\/\/horticom.ee\/e-pood\/","name":"Horticom.ee","description":"Aianduskaubad ja kodukaubad nii harrastajatele kui professionaalidele","potentialAction":[{"@type":"SearchAction","target":{"@type":"EntryPoint","urlTemplate":"https:\/\/horticom.ee\/e-pood\/?s={search_term_string}"},"query-input":{"@type":"PropertyValueSpecification","valueRequired":true,"valueName":"search_term_string"}}],"inLanguage":"ru-RU"}]}},"_links":{"self":[{"href":"https:\/\/horticom.ee\/e-pood\/ru\/wp-json\/wp\/v2\/product\/153357","targetHints":{"allow":["GET"]}}],"collection":[{"href":"https:\/\/horticom.ee\/e-pood\/ru\/wp-json\/wp\/v2\/product"}],"about":[{"href":"https:\/\/horticom.ee\/e-pood\/ru\/wp-json\/wp\/v2\/types\/product"}],"replies":[{"embeddable":true,"href":"https:\/\/horticom.ee\/e-pood\/ru\/wp-json\/wp\/v2\/comments?post=153357"}],"wp:featuredmedia":[{"embeddable":true,"href":"https:\/\/horticom.ee\/e-pood\/ru\/wp-json\/wp\/v2\/media\/169484"}],"wp:attachment":[{"href":"https:\/\/horticom.ee\/e-pood\/ru\/wp-json\/wp\/v2\/media?parent=153357"}],"wp:term":[{"taxonomy":"product_cat","embeddable":true,"href":"https:\/\/horticom.ee\/e-pood\/ru\/wp-json\/wp\/v2\/product_cat?post=153357"},{"taxonomy":"product_tag","embeddable":true,"href":"https:\/\/horticom.ee\/e-pood\/ru\/wp-json\/wp\/v2\/product_tag?post=153357"}],"curies":[{"name":"wp","href":"https:\/\/api.w.org\/{rel}","templated":true}]}}