{"id":153369,"date":"2022-01-17T16:05:29","date_gmt":"2022-01-17T14:05:29","guid":{"rendered":"https:\/\/aednik24.ee\/toode\/punapeet-tonda-di-chioggia-beta-vulgaris-l\/"},"modified":"2026-05-03T03:08:06","modified_gmt":"2026-05-03T00:08:06","slug":"punapeet-tonda-di-chioggia-beta-vulgaris-l","status":"publish","type":"product","link":"https:\/\/horticom.ee\/e-pood\/ru\/toode\/punapeet-tonda-di-chioggia-beta-vulgaris-l\/","title":{"rendered":"Punapeet Tonda Di Chioggia"},"content":{"rendered":"<p>Punapeet Tonda Di Chioggia on varajane sort. Vegetatsiooniperiood ligikaudu 60 p\u00e4eva. Viljaliha tumepunane, valgete laiade r\u00f5ngastega. S\u00e4ilib h\u00e4sti \u00fcletalve. Magus ja mahlane. Eelistab huumusrikast h\u00e4sti kobestatud pinnast, halvasti haritud mullas idaneb eba\u00fchtlaselt.<\/p>\n","protected":false},"excerpt":{"rendered":"<p>Punapeet Tonda Di Chioggia on varajane sort. Vegetatsiooniperiood ligikaudu 60 p\u00e4eva. Viljaliha tumepunane, valgete laiade r\u00f5ngastega. S\u00e4ilib h\u00e4sti \u00fcletalve. Magus ja mahlane. Eelistab huumusrikast h\u00e4sti kobestatud pinnast, halvasti haritud mullas idaneb eba\u00fchtlaselt.<\/p>\n","protected":false},"featured_media":169423,"comment_status":"closed","ping_status":"closed","template":"","meta":{"_themeisle_gutenberg_block_has_review":false},"product_cat":[13488],"product_tag":[],"class_list":{"0":"post-153369","1":"product","2":"type-product","3":"status-publish","4":"has-post-thumbnail","6":"product_cat-peet-punapeet-kaalikas","8":"first","9":"instock","10":"shipping-taxable","11":"purchasable","12":"product-type-simple"},"yoast_head":"<!-- This site is optimized with the Yoast SEO plugin v24.0 - https:\/\/yoast.com\/wordpress\/plugins\/seo\/ -->\n<title>Punapeet Tonda Di Chioggia \/LK2024\/ - Horticom.ee\/e-pood<\/title>\n<meta name=\"description\" content=\"Punapeet Tonda Di Chioggia on varajane sort, magusa ja mahlase viljalihaga, mis on tumepunane valgete laiade r\u00f5ngastega. Eelistab h\u00e4sti kobestatud pinnast.\" \/>\n<meta name=\"robots\" content=\"index, follow, max-snippet:-1, max-image-preview:large, max-video-preview:-1\" \/>\n<link rel=\"canonical\" href=\"https:\/\/horticom.ee\/e-pood\/toode\/punapeet-tonda-di-chioggia-beta-vulgaris-l\/\" \/>\n<meta property=\"og:locale\" content=\"ru_RU\" \/>\n<meta property=\"og:type\" content=\"article\" \/>\n<meta property=\"og:title\" content=\"Punapeet Tonda Di Chioggia \/LK2024\/ - Horticom.ee\/e-pood\" \/>\n<meta property=\"og:description\" content=\"Punapeet Tonda Di Chioggia on varajane sort, magusa ja mahlase viljalihaga, mis on tumepunane valgete laiade r\u00f5ngastega. Eelistab h\u00e4sti kobestatud pinnast.\" \/>\n<meta property=\"og:url\" content=\"https:\/\/horticom.ee\/e-pood\/toode\/punapeet-tonda-di-chioggia-beta-vulgaris-l\/\" \/>\n<meta property=\"og:site_name\" content=\"Horticom.ee\" \/>\n<meta property=\"article:publisher\" content=\"https:\/\/www.facebook.com\/horticom.ee\/e-pood\" \/>\n<meta property=\"article:modified_time\" content=\"2026-05-03T00:08:06+00:00\" \/>\n<meta property=\"og:image\" content=\"https:\/\/horticom.ee\/e-pood\/wp-content\/uploads\/importedmedia\/product-153369_0-PL0442.jpg\" \/>\n\t<meta property=\"og:image:width\" content=\"1000\" \/>\n\t<meta property=\"og:image:height\" content=\"1750\" \/>\n\t<meta property=\"og:image:type\" content=\"image\/jpeg\" \/>\n<meta name=\"twitter:card\" content=\"summary_large_image\" \/>\n<script type=\"application\/ld+json\" class=\"yoast-schema-graph\">{\"@context\":\"https:\/\/schema.org\",\"@graph\":[{\"@type\":\"WebPage\",\"@id\":\"https:\/\/horticom.ee\/e-pood\/toode\/punapeet-tonda-di-chioggia-beta-vulgaris-l\/\",\"url\":\"https:\/\/horticom.ee\/e-pood\/toode\/punapeet-tonda-di-chioggia-beta-vulgaris-l\/\",\"name\":\"Punapeet Tonda Di Chioggia \/LK2024\/ - Horticom.ee\/e-pood\",\"isPartOf\":{\"@id\":\"https:\/\/horticom.ee\/e-pood\/#website\"},\"primaryImageOfPage\":{\"@id\":\"https:\/\/horticom.ee\/e-pood\/toode\/punapeet-tonda-di-chioggia-beta-vulgaris-l\/#primaryimage\"},\"image\":{\"@id\":\"https:\/\/horticom.ee\/e-pood\/toode\/punapeet-tonda-di-chioggia-beta-vulgaris-l\/#primaryimage\"},\"thumbnailUrl\":\"https:\/\/horticom.ee\/e-pood\/wp-content\/uploads\/importedmedia\/product-153369_0-PL0442.jpg\",\"datePublished\":\"2022-01-17T14:05:29+00:00\",\"dateModified\":\"2026-05-03T00:08:06+00:00\",\"description\":\"Punapeet Tonda Di Chioggia on varajane sort, magusa ja mahlase viljalihaga, mis on tumepunane valgete laiade r\u00f5ngastega. Eelistab h\u00e4sti kobestatud pinnast.\",\"breadcrumb\":{\"@id\":\"https:\/\/horticom.ee\/e-pood\/toode\/punapeet-tonda-di-chioggia-beta-vulgaris-l\/#breadcrumb\"},\"inLanguage\":\"ru-RU\",\"potentialAction\":[{\"@type\":\"ReadAction\",\"target\":[\"https:\/\/horticom.ee\/e-pood\/toode\/punapeet-tonda-di-chioggia-beta-vulgaris-l\/\"]}]},{\"@type\":\"ImageObject\",\"inLanguage\":\"ru-RU\",\"@id\":\"https:\/\/horticom.ee\/e-pood\/toode\/punapeet-tonda-di-chioggia-beta-vulgaris-l\/#primaryimage\",\"url\":\"https:\/\/horticom.ee\/e-pood\/wp-content\/uploads\/importedmedia\/product-153369_0-PL0442.jpg\",\"contentUrl\":\"https:\/\/horticom.ee\/e-pood\/wp-content\/uploads\/importedmedia\/product-153369_0-PL0442.jpg\",\"width\":1000,\"height\":1750,\"caption\":\"Punapeet Tonda Di Chioggia \/LK2024\/\"},{\"@type\":\"BreadcrumbList\",\"@id\":\"https:\/\/horticom.ee\/e-pood\/toode\/punapeet-tonda-di-chioggia-beta-vulgaris-l\/#breadcrumb\",\"itemListElement\":[{\"@type\":\"ListItem\",\"position\":1,\"name\":\"Home\",\"item\":\"https:\/\/horticom.ee\/e-pood\/\"},{\"@type\":\"ListItem\",\"position\":2,\"name\":\"Pood\",\"item\":\"https:\/\/horticom.ee\/e-pood\/pood\/\"},{\"@type\":\"ListItem\",\"position\":3,\"name\":\"Punapeet Tonda Di Chioggia\"}]},{\"@type\":\"WebSite\",\"@id\":\"https:\/\/horticom.ee\/e-pood\/#website\",\"url\":\"https:\/\/horticom.ee\/e-pood\/\",\"name\":\"Horticom.ee\",\"description\":\"Aianduskaubad ja kodukaubad nii harrastajatele kui professionaalidele\",\"potentialAction\":[{\"@type\":\"SearchAction\",\"target\":{\"@type\":\"EntryPoint\",\"urlTemplate\":\"https:\/\/horticom.ee\/e-pood\/?s={search_term_string}\"},\"query-input\":{\"@type\":\"PropertyValueSpecification\",\"valueRequired\":true,\"valueName\":\"search_term_string\"}}],\"inLanguage\":\"ru-RU\"}]}<\/script>\n<!-- \/ Yoast SEO plugin. -->","yoast_head_json":{"title":"Punapeet Tonda Di Chioggia \/LK2024\/ - Horticom.ee\/e-pood","description":"Punapeet Tonda Di Chioggia on varajane sort, magusa ja mahlase viljalihaga, mis on tumepunane valgete laiade r\u00f5ngastega. Eelistab h\u00e4sti kobestatud pinnast.","robots":{"index":"index","follow":"follow","max-snippet":"max-snippet:-1","max-image-preview":"max-image-preview:large","max-video-preview":"max-video-preview:-1"},"canonical":"https:\/\/horticom.ee\/e-pood\/toode\/punapeet-tonda-di-chioggia-beta-vulgaris-l\/","og_locale":"ru_RU","og_type":"article","og_title":"Punapeet Tonda Di Chioggia \/LK2024\/ - Horticom.ee\/e-pood","og_description":"Punapeet Tonda Di Chioggia on varajane sort, magusa ja mahlase viljalihaga, mis on tumepunane valgete laiade r\u00f5ngastega. Eelistab h\u00e4sti kobestatud pinnast.","og_url":"https:\/\/horticom.ee\/e-pood\/toode\/punapeet-tonda-di-chioggia-beta-vulgaris-l\/","og_site_name":"Horticom.ee","article_publisher":"https:\/\/www.facebook.com\/horticom.ee\/e-pood","article_modified_time":"2026-05-03T00:08:06+00:00","og_image":[{"width":1000,"height":1750,"url":"https:\/\/horticom.ee\/e-pood\/wp-content\/uploads\/importedmedia\/product-153369_0-PL0442.jpg","type":"image\/jpeg"}],"twitter_card":"summary_large_image","schema":{"@context":"https:\/\/schema.org","@graph":[{"@type":"WebPage","@id":"https:\/\/horticom.ee\/e-pood\/toode\/punapeet-tonda-di-chioggia-beta-vulgaris-l\/","url":"https:\/\/horticom.ee\/e-pood\/toode\/punapeet-tonda-di-chioggia-beta-vulgaris-l\/","name":"Punapeet Tonda Di Chioggia \/LK2024\/ - Horticom.ee\/e-pood","isPartOf":{"@id":"https:\/\/horticom.ee\/e-pood\/#website"},"primaryImageOfPage":{"@id":"https:\/\/horticom.ee\/e-pood\/toode\/punapeet-tonda-di-chioggia-beta-vulgaris-l\/#primaryimage"},"image":{"@id":"https:\/\/horticom.ee\/e-pood\/toode\/punapeet-tonda-di-chioggia-beta-vulgaris-l\/#primaryimage"},"thumbnailUrl":"https:\/\/horticom.ee\/e-pood\/wp-content\/uploads\/importedmedia\/product-153369_0-PL0442.jpg","datePublished":"2022-01-17T14:05:29+00:00","dateModified":"2026-05-03T00:08:06+00:00","description":"Punapeet Tonda Di Chioggia on varajane sort, magusa ja mahlase viljalihaga, mis on tumepunane valgete laiade r\u00f5ngastega. Eelistab h\u00e4sti kobestatud pinnast.","breadcrumb":{"@id":"https:\/\/horticom.ee\/e-pood\/toode\/punapeet-tonda-di-chioggia-beta-vulgaris-l\/#breadcrumb"},"inLanguage":"ru-RU","potentialAction":[{"@type":"ReadAction","target":["https:\/\/horticom.ee\/e-pood\/toode\/punapeet-tonda-di-chioggia-beta-vulgaris-l\/"]}]},{"@type":"ImageObject","inLanguage":"ru-RU","@id":"https:\/\/horticom.ee\/e-pood\/toode\/punapeet-tonda-di-chioggia-beta-vulgaris-l\/#primaryimage","url":"https:\/\/horticom.ee\/e-pood\/wp-content\/uploads\/importedmedia\/product-153369_0-PL0442.jpg","contentUrl":"https:\/\/horticom.ee\/e-pood\/wp-content\/uploads\/importedmedia\/product-153369_0-PL0442.jpg","width":1000,"height":1750,"caption":"Punapeet Tonda Di Chioggia \/LK2024\/"},{"@type":"BreadcrumbList","@id":"https:\/\/horticom.ee\/e-pood\/toode\/punapeet-tonda-di-chioggia-beta-vulgaris-l\/#breadcrumb","itemListElement":[{"@type":"ListItem","position":1,"name":"Home","item":"https:\/\/horticom.ee\/e-pood\/"},{"@type":"ListItem","position":2,"name":"Pood","item":"https:\/\/horticom.ee\/e-pood\/pood\/"},{"@type":"ListItem","position":3,"name":"Punapeet Tonda Di Chioggia"}]},{"@type":"WebSite","@id":"https:\/\/horticom.ee\/e-pood\/#website","url":"https:\/\/horticom.ee\/e-pood\/","name":"Horticom.ee","description":"Aianduskaubad ja kodukaubad nii harrastajatele kui professionaalidele","potentialAction":[{"@type":"SearchAction","target":{"@type":"EntryPoint","urlTemplate":"https:\/\/horticom.ee\/e-pood\/?s={search_term_string}"},"query-input":{"@type":"PropertyValueSpecification","valueRequired":true,"valueName":"search_term_string"}}],"inLanguage":"ru-RU"}]}},"_links":{"self":[{"href":"https:\/\/horticom.ee\/e-pood\/ru\/wp-json\/wp\/v2\/product\/153369","targetHints":{"allow":["GET"]}}],"collection":[{"href":"https:\/\/horticom.ee\/e-pood\/ru\/wp-json\/wp\/v2\/product"}],"about":[{"href":"https:\/\/horticom.ee\/e-pood\/ru\/wp-json\/wp\/v2\/types\/product"}],"replies":[{"embeddable":true,"href":"https:\/\/horticom.ee\/e-pood\/ru\/wp-json\/wp\/v2\/comments?post=153369"}],"wp:featuredmedia":[{"embeddable":true,"href":"https:\/\/horticom.ee\/e-pood\/ru\/wp-json\/wp\/v2\/media\/169423"}],"wp:attachment":[{"href":"https:\/\/horticom.ee\/e-pood\/ru\/wp-json\/wp\/v2\/media?parent=153369"}],"wp:term":[{"taxonomy":"product_cat","embeddable":true,"href":"https:\/\/horticom.ee\/e-pood\/ru\/wp-json\/wp\/v2\/product_cat?post=153369"},{"taxonomy":"product_tag","embeddable":true,"href":"https:\/\/horticom.ee\/e-pood\/ru\/wp-json\/wp\/v2\/product_tag?post=153369"}],"curies":[{"name":"wp","href":"https:\/\/api.w.org\/{rel}","templated":true}]}}