{"id":153371,"date":"2022-01-17T16:05:30","date_gmt":"2022-01-17T14:05:30","guid":{"rendered":"https:\/\/aednik24.ee\/toode\/valge-peakapsas-golden-acre-brassica-oleracea-l\/"},"modified":"2026-05-02T03:06:19","modified_gmt":"2026-05-02T00:06:19","slug":"valge-peakapsas-golden-acre-brassica-oleracea-l","status":"publish","type":"product","link":"https:\/\/horticom.ee\/e-pood\/ru\/toode\/valge-peakapsas-golden-acre-brassica-oleracea-l\/","title":{"rendered":"Valge Peakapsas Golden Acre"},"content":{"rendered":"<p>Valge peakapsas Golden Acre on varajane sort. Saaki korjatakse 60\u201365 p\u00e4eva m\u00f6\u00f6dumisel peale istikute istutamist. Pead on k\u00f5vad, helerohelist v\u00e4rvi, kaaluvad umbes 1,0\u20131,2 kg, s\u00e4ilivad kaua ilma l\u00f5henemata. V\u00e4rskelt kasutamiseks. Kasvab h\u00e4sti keskmise raskusega ja raskes, viljakas pinnases. 1 g \u2013 umbes 300\u2013400 seemet.<\/p>\n","protected":false},"excerpt":{"rendered":"<p>Valge peakapsas Golden Acre on varajane sort. Saaki korjatakse 60\u201365 p\u00e4eva m\u00f6\u00f6dumisel peale istikute istutamist. Pead on k\u00f5vad, helerohelist v\u00e4rvi, kaaluvad umbes 1,0\u20131,2 kg, s\u00e4ilivad kaua ilma l\u00f5henemata. V\u00e4rskelt kasutamiseks. Kasvab h\u00e4sti keskmise raskusega ja raskes, viljakas pinnases. 1 g \u2013 umbes 300\u2013400 seemet.<\/p>\n","protected":false},"featured_media":169419,"comment_status":"closed","ping_status":"closed","template":"","meta":{"_themeisle_gutenberg_block_has_review":false},"product_cat":[13494],"product_tag":[],"class_list":{"0":"post-153371","1":"product","2":"type-product","3":"status-publish","4":"has-post-thumbnail","6":"product_cat-kapsas","8":"first","9":"outofstock","10":"shipping-taxable","11":"purchasable","12":"product-type-simple"},"yoast_head":"<!-- This site is optimized with the Yoast SEO plugin v24.0 - https:\/\/yoast.com\/wordpress\/plugins\/seo\/ -->\n<title>Valge Peakapsas Golden Acre \/LK2024\/ - Horticom.ee\/e-pood<\/title>\n<meta name=\"description\" content=\"Valge peakapsas Golden Acre on varajane sort, k\u00f5vad helerohelised pead kaaluvad 1-1,2kg. Sobib v\u00e4rskelt kasutamiseks ja kasvab h\u00e4sti viljakas pinnases.\" \/>\n<meta name=\"robots\" content=\"index, follow, max-snippet:-1, max-image-preview:large, max-video-preview:-1\" \/>\n<link rel=\"canonical\" href=\"https:\/\/horticom.ee\/e-pood\/toode\/valge-peakapsas-golden-acre-brassica-oleracea-l\/\" \/>\n<meta property=\"og:locale\" content=\"ru_RU\" \/>\n<meta property=\"og:type\" content=\"article\" \/>\n<meta property=\"og:title\" content=\"Valge Peakapsas Golden Acre \/LK2024\/ - Horticom.ee\/e-pood\" \/>\n<meta property=\"og:description\" content=\"Valge peakapsas Golden Acre on varajane sort, k\u00f5vad helerohelised pead kaaluvad 1-1,2kg. Sobib v\u00e4rskelt kasutamiseks ja kasvab h\u00e4sti viljakas pinnases.\" \/>\n<meta property=\"og:url\" content=\"https:\/\/horticom.ee\/e-pood\/toode\/valge-peakapsas-golden-acre-brassica-oleracea-l\/\" \/>\n<meta property=\"og:site_name\" content=\"Horticom.ee\" \/>\n<meta property=\"article:publisher\" content=\"https:\/\/www.facebook.com\/horticom.ee\/e-pood\" \/>\n<meta property=\"article:modified_time\" content=\"2026-05-02T00:06:19+00:00\" \/>\n<meta property=\"og:image\" content=\"https:\/\/horticom.ee\/e-pood\/wp-content\/uploads\/importedmedia\/product-153371_0-PL0444.jpg\" \/>\n\t<meta property=\"og:image:width\" content=\"1000\" \/>\n\t<meta property=\"og:image:height\" content=\"1750\" \/>\n\t<meta property=\"og:image:type\" content=\"image\/jpeg\" \/>\n<meta name=\"twitter:card\" content=\"summary_large_image\" \/>\n<script type=\"application\/ld+json\" class=\"yoast-schema-graph\">{\"@context\":\"https:\/\/schema.org\",\"@graph\":[{\"@type\":\"WebPage\",\"@id\":\"https:\/\/horticom.ee\/e-pood\/toode\/valge-peakapsas-golden-acre-brassica-oleracea-l\/\",\"url\":\"https:\/\/horticom.ee\/e-pood\/toode\/valge-peakapsas-golden-acre-brassica-oleracea-l\/\",\"name\":\"Valge Peakapsas Golden Acre \/LK2024\/ - Horticom.ee\/e-pood\",\"isPartOf\":{\"@id\":\"https:\/\/horticom.ee\/e-pood\/#website\"},\"primaryImageOfPage\":{\"@id\":\"https:\/\/horticom.ee\/e-pood\/toode\/valge-peakapsas-golden-acre-brassica-oleracea-l\/#primaryimage\"},\"image\":{\"@id\":\"https:\/\/horticom.ee\/e-pood\/toode\/valge-peakapsas-golden-acre-brassica-oleracea-l\/#primaryimage\"},\"thumbnailUrl\":\"https:\/\/horticom.ee\/e-pood\/wp-content\/uploads\/importedmedia\/product-153371_0-PL0444.jpg\",\"datePublished\":\"2022-01-17T14:05:30+00:00\",\"dateModified\":\"2026-05-02T00:06:19+00:00\",\"description\":\"Valge peakapsas Golden Acre on varajane sort, k\u00f5vad helerohelised pead kaaluvad 1-1,2kg. Sobib v\u00e4rskelt kasutamiseks ja kasvab h\u00e4sti viljakas pinnases.\",\"breadcrumb\":{\"@id\":\"https:\/\/horticom.ee\/e-pood\/toode\/valge-peakapsas-golden-acre-brassica-oleracea-l\/#breadcrumb\"},\"inLanguage\":\"ru-RU\",\"potentialAction\":[{\"@type\":\"ReadAction\",\"target\":[\"https:\/\/horticom.ee\/e-pood\/toode\/valge-peakapsas-golden-acre-brassica-oleracea-l\/\"]}]},{\"@type\":\"ImageObject\",\"inLanguage\":\"ru-RU\",\"@id\":\"https:\/\/horticom.ee\/e-pood\/toode\/valge-peakapsas-golden-acre-brassica-oleracea-l\/#primaryimage\",\"url\":\"https:\/\/horticom.ee\/e-pood\/wp-content\/uploads\/importedmedia\/product-153371_0-PL0444.jpg\",\"contentUrl\":\"https:\/\/horticom.ee\/e-pood\/wp-content\/uploads\/importedmedia\/product-153371_0-PL0444.jpg\",\"width\":1000,\"height\":1750,\"caption\":\"Valge Peakapsas Golden Acre \/LK2024\/\"},{\"@type\":\"BreadcrumbList\",\"@id\":\"https:\/\/horticom.ee\/e-pood\/toode\/valge-peakapsas-golden-acre-brassica-oleracea-l\/#breadcrumb\",\"itemListElement\":[{\"@type\":\"ListItem\",\"position\":1,\"name\":\"Home\",\"item\":\"https:\/\/horticom.ee\/e-pood\/\"},{\"@type\":\"ListItem\",\"position\":2,\"name\":\"Pood\",\"item\":\"https:\/\/horticom.ee\/e-pood\/pood\/\"},{\"@type\":\"ListItem\",\"position\":3,\"name\":\"Valge Peakapsas Golden Acre\"}]},{\"@type\":\"WebSite\",\"@id\":\"https:\/\/horticom.ee\/e-pood\/#website\",\"url\":\"https:\/\/horticom.ee\/e-pood\/\",\"name\":\"Horticom.ee\",\"description\":\"Aianduskaubad ja kodukaubad nii harrastajatele kui professionaalidele\",\"potentialAction\":[{\"@type\":\"SearchAction\",\"target\":{\"@type\":\"EntryPoint\",\"urlTemplate\":\"https:\/\/horticom.ee\/e-pood\/?s={search_term_string}\"},\"query-input\":{\"@type\":\"PropertyValueSpecification\",\"valueRequired\":true,\"valueName\":\"search_term_string\"}}],\"inLanguage\":\"ru-RU\"}]}<\/script>\n<!-- \/ Yoast SEO plugin. -->","yoast_head_json":{"title":"Valge Peakapsas Golden Acre \/LK2024\/ - Horticom.ee\/e-pood","description":"Valge peakapsas Golden Acre on varajane sort, k\u00f5vad helerohelised pead kaaluvad 1-1,2kg. Sobib v\u00e4rskelt kasutamiseks ja kasvab h\u00e4sti viljakas pinnases.","robots":{"index":"index","follow":"follow","max-snippet":"max-snippet:-1","max-image-preview":"max-image-preview:large","max-video-preview":"max-video-preview:-1"},"canonical":"https:\/\/horticom.ee\/e-pood\/toode\/valge-peakapsas-golden-acre-brassica-oleracea-l\/","og_locale":"ru_RU","og_type":"article","og_title":"Valge Peakapsas Golden Acre \/LK2024\/ - Horticom.ee\/e-pood","og_description":"Valge peakapsas Golden Acre on varajane sort, k\u00f5vad helerohelised pead kaaluvad 1-1,2kg. Sobib v\u00e4rskelt kasutamiseks ja kasvab h\u00e4sti viljakas pinnases.","og_url":"https:\/\/horticom.ee\/e-pood\/toode\/valge-peakapsas-golden-acre-brassica-oleracea-l\/","og_site_name":"Horticom.ee","article_publisher":"https:\/\/www.facebook.com\/horticom.ee\/e-pood","article_modified_time":"2026-05-02T00:06:19+00:00","og_image":[{"width":1000,"height":1750,"url":"https:\/\/horticom.ee\/e-pood\/wp-content\/uploads\/importedmedia\/product-153371_0-PL0444.jpg","type":"image\/jpeg"}],"twitter_card":"summary_large_image","schema":{"@context":"https:\/\/schema.org","@graph":[{"@type":"WebPage","@id":"https:\/\/horticom.ee\/e-pood\/toode\/valge-peakapsas-golden-acre-brassica-oleracea-l\/","url":"https:\/\/horticom.ee\/e-pood\/toode\/valge-peakapsas-golden-acre-brassica-oleracea-l\/","name":"Valge Peakapsas Golden Acre \/LK2024\/ - Horticom.ee\/e-pood","isPartOf":{"@id":"https:\/\/horticom.ee\/e-pood\/#website"},"primaryImageOfPage":{"@id":"https:\/\/horticom.ee\/e-pood\/toode\/valge-peakapsas-golden-acre-brassica-oleracea-l\/#primaryimage"},"image":{"@id":"https:\/\/horticom.ee\/e-pood\/toode\/valge-peakapsas-golden-acre-brassica-oleracea-l\/#primaryimage"},"thumbnailUrl":"https:\/\/horticom.ee\/e-pood\/wp-content\/uploads\/importedmedia\/product-153371_0-PL0444.jpg","datePublished":"2022-01-17T14:05:30+00:00","dateModified":"2026-05-02T00:06:19+00:00","description":"Valge peakapsas Golden Acre on varajane sort, k\u00f5vad helerohelised pead kaaluvad 1-1,2kg. Sobib v\u00e4rskelt kasutamiseks ja kasvab h\u00e4sti viljakas pinnases.","breadcrumb":{"@id":"https:\/\/horticom.ee\/e-pood\/toode\/valge-peakapsas-golden-acre-brassica-oleracea-l\/#breadcrumb"},"inLanguage":"ru-RU","potentialAction":[{"@type":"ReadAction","target":["https:\/\/horticom.ee\/e-pood\/toode\/valge-peakapsas-golden-acre-brassica-oleracea-l\/"]}]},{"@type":"ImageObject","inLanguage":"ru-RU","@id":"https:\/\/horticom.ee\/e-pood\/toode\/valge-peakapsas-golden-acre-brassica-oleracea-l\/#primaryimage","url":"https:\/\/horticom.ee\/e-pood\/wp-content\/uploads\/importedmedia\/product-153371_0-PL0444.jpg","contentUrl":"https:\/\/horticom.ee\/e-pood\/wp-content\/uploads\/importedmedia\/product-153371_0-PL0444.jpg","width":1000,"height":1750,"caption":"Valge Peakapsas Golden Acre \/LK2024\/"},{"@type":"BreadcrumbList","@id":"https:\/\/horticom.ee\/e-pood\/toode\/valge-peakapsas-golden-acre-brassica-oleracea-l\/#breadcrumb","itemListElement":[{"@type":"ListItem","position":1,"name":"Home","item":"https:\/\/horticom.ee\/e-pood\/"},{"@type":"ListItem","position":2,"name":"Pood","item":"https:\/\/horticom.ee\/e-pood\/pood\/"},{"@type":"ListItem","position":3,"name":"Valge Peakapsas Golden Acre"}]},{"@type":"WebSite","@id":"https:\/\/horticom.ee\/e-pood\/#website","url":"https:\/\/horticom.ee\/e-pood\/","name":"Horticom.ee","description":"Aianduskaubad ja kodukaubad nii harrastajatele kui professionaalidele","potentialAction":[{"@type":"SearchAction","target":{"@type":"EntryPoint","urlTemplate":"https:\/\/horticom.ee\/e-pood\/?s={search_term_string}"},"query-input":{"@type":"PropertyValueSpecification","valueRequired":true,"valueName":"search_term_string"}}],"inLanguage":"ru-RU"}]}},"_links":{"self":[{"href":"https:\/\/horticom.ee\/e-pood\/ru\/wp-json\/wp\/v2\/product\/153371","targetHints":{"allow":["GET"]}}],"collection":[{"href":"https:\/\/horticom.ee\/e-pood\/ru\/wp-json\/wp\/v2\/product"}],"about":[{"href":"https:\/\/horticom.ee\/e-pood\/ru\/wp-json\/wp\/v2\/types\/product"}],"replies":[{"embeddable":true,"href":"https:\/\/horticom.ee\/e-pood\/ru\/wp-json\/wp\/v2\/comments?post=153371"}],"wp:featuredmedia":[{"embeddable":true,"href":"https:\/\/horticom.ee\/e-pood\/ru\/wp-json\/wp\/v2\/media\/169419"}],"wp:attachment":[{"href":"https:\/\/horticom.ee\/e-pood\/ru\/wp-json\/wp\/v2\/media?parent=153371"}],"wp:term":[{"taxonomy":"product_cat","embeddable":true,"href":"https:\/\/horticom.ee\/e-pood\/ru\/wp-json\/wp\/v2\/product_cat?post=153371"},{"taxonomy":"product_tag","embeddable":true,"href":"https:\/\/horticom.ee\/e-pood\/ru\/wp-json\/wp\/v2\/product_tag?post=153371"}],"curies":[{"name":"wp","href":"https:\/\/api.w.org\/{rel}","templated":true}]}}