{"id":153378,"date":"2022-01-17T16:05:34","date_gmt":"2022-01-17T14:05:34","guid":{"rendered":"https:\/\/aednik24.ee\/toode\/lehtpeet-rhubarb-chard-beta-vulgaris-l\/"},"modified":"2026-05-03T13:00:50","modified_gmt":"2026-05-03T10:00:50","slug":"lehtpeet-rhubarb-chard-beta-vulgaris-l","status":"publish","type":"product","link":"https:\/\/horticom.ee\/e-pood\/ru\/toode\/lehtpeet-rhubarb-chard-beta-vulgaris-l\/","title":{"rendered":"Lehtpeet Rhubarb Chard"},"content":{"rendered":"<p>Lehtpeet Rhubarb Chard on keskvalmiv, toiduks kasutatakse mahlakaid lehti ja punaseid lehevarsi. Kergesti kasvatatav, pinnase suhtes v\u00e4hen\u00f5udlik, saaki korjatakse 60 p\u00e4eva m\u00f6\u00f6dumisel peale k\u00fclvamist. S\u00fcgisel v\u00e4ljakaevatud lehtpeedi juuri v\u00f5ib istutada varakevadel. Soojal talvel kinnikaetud juured talvituvad pinnases.<\/p>\n","protected":false},"excerpt":{"rendered":"<p>Lehtpeet Rhubarb Chard on keskvalmiv, toiduks kasutatakse mahlakaid lehti ja punaseid lehevarsi. Kergesti kasvatatav, pinnase suhtes v\u00e4hen\u00f5udlik, saaki korjatakse 60 p\u00e4eva m\u00f6\u00f6dumisel peale k\u00fclvamist. S\u00fcgisel v\u00e4ljakaevatud lehtpeedi juuri v\u00f5ib istutada varakevadel. Soojal talvel kinnikaetud juured talvituvad pinnases.<\/p>\n","protected":false},"featured_media":169369,"comment_status":"closed","ping_status":"closed","template":"","meta":{"_themeisle_gutenberg_block_has_review":false},"product_cat":[13488],"product_tag":[],"class_list":{"0":"post-153378","1":"product","2":"type-product","3":"status-publish","4":"has-post-thumbnail","6":"product_cat-peet-punapeet-kaalikas","8":"first","9":"instock","10":"shipping-taxable","11":"purchasable","12":"product-type-simple"},"yoast_head":"<!-- This site is optimized with the Yoast SEO plugin v24.0 - https:\/\/yoast.com\/wordpress\/plugins\/seo\/ -->\n<title>Lehtpeet Rhubarb Chard - Horticom.ee\/e-pood<\/title>\n<meta name=\"description\" content=\"Lehtpeet Rhubarb Chard on keskvalmiv, punaste lehevarte ja mahlakate lehtedega sort. Kergesti kasvatatav ja pinnase suhtes v\u00e4hen\u00f5udlik.\" \/>\n<meta name=\"robots\" content=\"index, follow, max-snippet:-1, max-image-preview:large, max-video-preview:-1\" \/>\n<link rel=\"canonical\" href=\"https:\/\/horticom.ee\/e-pood\/toode\/lehtpeet-rhubarb-chard-beta-vulgaris-l\/\" \/>\n<meta property=\"og:locale\" content=\"ru_RU\" \/>\n<meta property=\"og:type\" content=\"article\" \/>\n<meta property=\"og:title\" content=\"Lehtpeet Rhubarb Chard - Horticom.ee\/e-pood\" \/>\n<meta property=\"og:description\" content=\"Lehtpeet Rhubarb Chard on keskvalmiv, punaste lehevarte ja mahlakate lehtedega sort. Kergesti kasvatatav ja pinnase suhtes v\u00e4hen\u00f5udlik.\" \/>\n<meta property=\"og:url\" content=\"https:\/\/horticom.ee\/e-pood\/toode\/lehtpeet-rhubarb-chard-beta-vulgaris-l\/\" \/>\n<meta property=\"og:site_name\" content=\"Horticom.ee\" \/>\n<meta property=\"article:publisher\" content=\"https:\/\/www.facebook.com\/horticom.ee\/e-pood\" \/>\n<meta property=\"article:modified_time\" content=\"2026-05-03T10:00:50+00:00\" \/>\n<meta property=\"og:image\" content=\"https:\/\/horticom.ee\/e-pood\/wp-content\/uploads\/importedmedia\/product-153378_0-PL0451-585x1024.jpg\" \/>\n\t<meta property=\"og:image:width\" content=\"585\" \/>\n\t<meta property=\"og:image:height\" content=\"1024\" \/>\n\t<meta property=\"og:image:type\" content=\"image\/jpeg\" \/>\n<meta name=\"twitter:card\" content=\"summary_large_image\" \/>\n<script type=\"application\/ld+json\" class=\"yoast-schema-graph\">{\"@context\":\"https:\/\/schema.org\",\"@graph\":[{\"@type\":\"WebPage\",\"@id\":\"https:\/\/horticom.ee\/e-pood\/toode\/lehtpeet-rhubarb-chard-beta-vulgaris-l\/\",\"url\":\"https:\/\/horticom.ee\/e-pood\/toode\/lehtpeet-rhubarb-chard-beta-vulgaris-l\/\",\"name\":\"Lehtpeet Rhubarb Chard - Horticom.ee\/e-pood\",\"isPartOf\":{\"@id\":\"https:\/\/horticom.ee\/e-pood\/#website\"},\"primaryImageOfPage\":{\"@id\":\"https:\/\/horticom.ee\/e-pood\/toode\/lehtpeet-rhubarb-chard-beta-vulgaris-l\/#primaryimage\"},\"image\":{\"@id\":\"https:\/\/horticom.ee\/e-pood\/toode\/lehtpeet-rhubarb-chard-beta-vulgaris-l\/#primaryimage\"},\"thumbnailUrl\":\"https:\/\/horticom.ee\/e-pood\/wp-content\/uploads\/importedmedia\/product-153378_0-PL0451.jpg\",\"datePublished\":\"2022-01-17T14:05:34+00:00\",\"dateModified\":\"2026-05-03T10:00:50+00:00\",\"description\":\"Lehtpeet Rhubarb Chard on keskvalmiv, punaste lehevarte ja mahlakate lehtedega sort. Kergesti kasvatatav ja pinnase suhtes v\u00e4hen\u00f5udlik.\",\"breadcrumb\":{\"@id\":\"https:\/\/horticom.ee\/e-pood\/toode\/lehtpeet-rhubarb-chard-beta-vulgaris-l\/#breadcrumb\"},\"inLanguage\":\"ru-RU\",\"potentialAction\":[{\"@type\":\"ReadAction\",\"target\":[\"https:\/\/horticom.ee\/e-pood\/toode\/lehtpeet-rhubarb-chard-beta-vulgaris-l\/\"]}]},{\"@type\":\"ImageObject\",\"inLanguage\":\"ru-RU\",\"@id\":\"https:\/\/horticom.ee\/e-pood\/toode\/lehtpeet-rhubarb-chard-beta-vulgaris-l\/#primaryimage\",\"url\":\"https:\/\/horticom.ee\/e-pood\/wp-content\/uploads\/importedmedia\/product-153378_0-PL0451.jpg\",\"contentUrl\":\"https:\/\/horticom.ee\/e-pood\/wp-content\/uploads\/importedmedia\/product-153378_0-PL0451.jpg\",\"width\":1000,\"height\":1750,\"caption\":\"Lehtpeet Rhubarb Chard\"},{\"@type\":\"BreadcrumbList\",\"@id\":\"https:\/\/horticom.ee\/e-pood\/toode\/lehtpeet-rhubarb-chard-beta-vulgaris-l\/#breadcrumb\",\"itemListElement\":[{\"@type\":\"ListItem\",\"position\":1,\"name\":\"Home\",\"item\":\"https:\/\/horticom.ee\/e-pood\/\"},{\"@type\":\"ListItem\",\"position\":2,\"name\":\"Pood\",\"item\":\"https:\/\/horticom.ee\/e-pood\/pood\/\"},{\"@type\":\"ListItem\",\"position\":3,\"name\":\"Lehtpeet Rhubarb Chard\"}]},{\"@type\":\"WebSite\",\"@id\":\"https:\/\/horticom.ee\/e-pood\/#website\",\"url\":\"https:\/\/horticom.ee\/e-pood\/\",\"name\":\"Horticom.ee\",\"description\":\"Aianduskaubad ja kodukaubad nii harrastajatele kui professionaalidele\",\"potentialAction\":[{\"@type\":\"SearchAction\",\"target\":{\"@type\":\"EntryPoint\",\"urlTemplate\":\"https:\/\/horticom.ee\/e-pood\/?s={search_term_string}\"},\"query-input\":{\"@type\":\"PropertyValueSpecification\",\"valueRequired\":true,\"valueName\":\"search_term_string\"}}],\"inLanguage\":\"ru-RU\"}]}<\/script>\n<!-- \/ Yoast SEO plugin. -->","yoast_head_json":{"title":"Lehtpeet Rhubarb Chard - Horticom.ee\/e-pood","description":"Lehtpeet Rhubarb Chard on keskvalmiv, punaste lehevarte ja mahlakate lehtedega sort. Kergesti kasvatatav ja pinnase suhtes v\u00e4hen\u00f5udlik.","robots":{"index":"index","follow":"follow","max-snippet":"max-snippet:-1","max-image-preview":"max-image-preview:large","max-video-preview":"max-video-preview:-1"},"canonical":"https:\/\/horticom.ee\/e-pood\/toode\/lehtpeet-rhubarb-chard-beta-vulgaris-l\/","og_locale":"ru_RU","og_type":"article","og_title":"Lehtpeet Rhubarb Chard - Horticom.ee\/e-pood","og_description":"Lehtpeet Rhubarb Chard on keskvalmiv, punaste lehevarte ja mahlakate lehtedega sort. Kergesti kasvatatav ja pinnase suhtes v\u00e4hen\u00f5udlik.","og_url":"https:\/\/horticom.ee\/e-pood\/toode\/lehtpeet-rhubarb-chard-beta-vulgaris-l\/","og_site_name":"Horticom.ee","article_publisher":"https:\/\/www.facebook.com\/horticom.ee\/e-pood","article_modified_time":"2026-05-03T10:00:50+00:00","og_image":[{"width":585,"height":1024,"url":"https:\/\/horticom.ee\/e-pood\/wp-content\/uploads\/importedmedia\/product-153378_0-PL0451-585x1024.jpg","type":"image\/jpeg"}],"twitter_card":"summary_large_image","schema":{"@context":"https:\/\/schema.org","@graph":[{"@type":"WebPage","@id":"https:\/\/horticom.ee\/e-pood\/toode\/lehtpeet-rhubarb-chard-beta-vulgaris-l\/","url":"https:\/\/horticom.ee\/e-pood\/toode\/lehtpeet-rhubarb-chard-beta-vulgaris-l\/","name":"Lehtpeet Rhubarb Chard - Horticom.ee\/e-pood","isPartOf":{"@id":"https:\/\/horticom.ee\/e-pood\/#website"},"primaryImageOfPage":{"@id":"https:\/\/horticom.ee\/e-pood\/toode\/lehtpeet-rhubarb-chard-beta-vulgaris-l\/#primaryimage"},"image":{"@id":"https:\/\/horticom.ee\/e-pood\/toode\/lehtpeet-rhubarb-chard-beta-vulgaris-l\/#primaryimage"},"thumbnailUrl":"https:\/\/horticom.ee\/e-pood\/wp-content\/uploads\/importedmedia\/product-153378_0-PL0451.jpg","datePublished":"2022-01-17T14:05:34+00:00","dateModified":"2026-05-03T10:00:50+00:00","description":"Lehtpeet Rhubarb Chard on keskvalmiv, punaste lehevarte ja mahlakate lehtedega sort. Kergesti kasvatatav ja pinnase suhtes v\u00e4hen\u00f5udlik.","breadcrumb":{"@id":"https:\/\/horticom.ee\/e-pood\/toode\/lehtpeet-rhubarb-chard-beta-vulgaris-l\/#breadcrumb"},"inLanguage":"ru-RU","potentialAction":[{"@type":"ReadAction","target":["https:\/\/horticom.ee\/e-pood\/toode\/lehtpeet-rhubarb-chard-beta-vulgaris-l\/"]}]},{"@type":"ImageObject","inLanguage":"ru-RU","@id":"https:\/\/horticom.ee\/e-pood\/toode\/lehtpeet-rhubarb-chard-beta-vulgaris-l\/#primaryimage","url":"https:\/\/horticom.ee\/e-pood\/wp-content\/uploads\/importedmedia\/product-153378_0-PL0451.jpg","contentUrl":"https:\/\/horticom.ee\/e-pood\/wp-content\/uploads\/importedmedia\/product-153378_0-PL0451.jpg","width":1000,"height":1750,"caption":"Lehtpeet Rhubarb Chard"},{"@type":"BreadcrumbList","@id":"https:\/\/horticom.ee\/e-pood\/toode\/lehtpeet-rhubarb-chard-beta-vulgaris-l\/#breadcrumb","itemListElement":[{"@type":"ListItem","position":1,"name":"Home","item":"https:\/\/horticom.ee\/e-pood\/"},{"@type":"ListItem","position":2,"name":"Pood","item":"https:\/\/horticom.ee\/e-pood\/pood\/"},{"@type":"ListItem","position":3,"name":"Lehtpeet Rhubarb Chard"}]},{"@type":"WebSite","@id":"https:\/\/horticom.ee\/e-pood\/#website","url":"https:\/\/horticom.ee\/e-pood\/","name":"Horticom.ee","description":"Aianduskaubad ja kodukaubad nii harrastajatele kui professionaalidele","potentialAction":[{"@type":"SearchAction","target":{"@type":"EntryPoint","urlTemplate":"https:\/\/horticom.ee\/e-pood\/?s={search_term_string}"},"query-input":{"@type":"PropertyValueSpecification","valueRequired":true,"valueName":"search_term_string"}}],"inLanguage":"ru-RU"}]}},"_links":{"self":[{"href":"https:\/\/horticom.ee\/e-pood\/ru\/wp-json\/wp\/v2\/product\/153378","targetHints":{"allow":["GET"]}}],"collection":[{"href":"https:\/\/horticom.ee\/e-pood\/ru\/wp-json\/wp\/v2\/product"}],"about":[{"href":"https:\/\/horticom.ee\/e-pood\/ru\/wp-json\/wp\/v2\/types\/product"}],"replies":[{"embeddable":true,"href":"https:\/\/horticom.ee\/e-pood\/ru\/wp-json\/wp\/v2\/comments?post=153378"}],"wp:featuredmedia":[{"embeddable":true,"href":"https:\/\/horticom.ee\/e-pood\/ru\/wp-json\/wp\/v2\/media\/169369"}],"wp:attachment":[{"href":"https:\/\/horticom.ee\/e-pood\/ru\/wp-json\/wp\/v2\/media?parent=153378"}],"wp:term":[{"taxonomy":"product_cat","embeddable":true,"href":"https:\/\/horticom.ee\/e-pood\/ru\/wp-json\/wp\/v2\/product_cat?post=153378"},{"taxonomy":"product_tag","embeddable":true,"href":"https:\/\/horticom.ee\/e-pood\/ru\/wp-json\/wp\/v2\/product_tag?post=153378"}],"curies":[{"name":"wp","href":"https:\/\/api.w.org\/{rel}","templated":true}]}}