{"id":153459,"date":"2022-01-17T16:06:22","date_gmt":"2022-01-17T14:06:22","guid":{"rendered":"https:\/\/aednik24.ee\/toode\/liim-pvc-basseinikilele-200g\/"},"modified":"2026-05-13T03:07:20","modified_gmt":"2026-05-13T00:07:20","slug":"liim-pvc-basseinikilele-200g","status":"publish","type":"product","link":"https:\/\/horticom.ee\/e-pood\/ru\/toode\/liim-pvc-basseinikilele-200g\/","title":{"rendered":"Liim PVC basseinikilele 200g"},"content":{"rendered":"<p>Kvaliteetne ja t\u00f5hus PVC liim basseinikiledele. Ideaalne kasutada tiikide ja basseinide rajamisel v\u00f5i laiendamisel kindlate ja vettpidavate \u00fchenduste saavutamiseks.<br \/>\n200g purgist j\u00e4tkub ca 5jm \u00fchenduskoha tarbeks. Liimitava pinna laius 15cm.<br \/>\nNB! Kasutamisel j\u00e4rgida ohutusn\u00f5udeid!<\/p>\n","protected":false},"excerpt":{"rendered":"<p>Kvaliteetne ja t\u00f5hus PVC liim basseinikiledele. Ideaalne kasutada tiikide ja basseinide rajamisel v\u00f5i laiendamisel kindlate ja vettpidavate \u00fchenduste saavutamiseks. 200g purgist j\u00e4tkub ca 5jm \u00fchenduskoha tarbeks. Liimitava pinna laius 15cm. NB! Kasutamisel j\u00e4rgida ohutusn\u00f5udeid!<\/p>\n","protected":false},"featured_media":2377832,"comment_status":"closed","ping_status":"closed","template":"","meta":{"_themeisle_gutenberg_block_has_review":false},"product_cat":[13398],"product_tag":[],"class_list":{"0":"post-153459","1":"product","2":"type-product","3":"status-publish","4":"has-post-thumbnail","6":"product_cat-basseinikiled","8":"first","9":"instock","10":"shipping-taxable","11":"purchasable","12":"product-type-simple"},"yoast_head":"<!-- This site is optimized with the Yoast SEO plugin v24.0 - https:\/\/yoast.com\/wordpress\/plugins\/seo\/ -->\n<title>Liim PVC basseinikilele 200g - Horticom<\/title>\n<meta name=\"robots\" content=\"index, follow, max-snippet:-1, max-image-preview:large, max-video-preview:-1\" \/>\n<link rel=\"canonical\" href=\"https:\/\/horticom.ee\/e-pood\/toode\/liim-pvc-basseinikilele-200g\/\" \/>\n<meta property=\"og:locale\" content=\"ru_RU\" \/>\n<meta property=\"og:type\" content=\"article\" \/>\n<meta property=\"og:title\" content=\"Liim PVC basseinikilele 200g - Horticom\" \/>\n<meta property=\"og:description\" content=\"Kvaliteetne ja t\u00f5hus PVC liim basseinikiledele. Ideaalne kasutada tiikide ja basseinide rajamisel v\u00f5i laiendamisel kindlate ja vettpidavate \u00fchenduste saavutamiseks. 200g purgist j\u00e4tkub ca 5jm \u00fchenduskoha tarbeks. Liimitava pinna laius 15cm. NB! Kasutamisel j\u00e4rgida ohutusn\u00f5udeid!\" \/>\n<meta property=\"og:url\" content=\"https:\/\/horticom.ee\/e-pood\/toode\/liim-pvc-basseinikilele-200g\/\" \/>\n<meta property=\"og:site_name\" content=\"Horticom.ee\" \/>\n<meta property=\"article:publisher\" content=\"https:\/\/www.facebook.com\/horticom.ee\/e-pood\" \/>\n<meta property=\"article:modified_time\" content=\"2026-05-13T00:07:20+00:00\" \/>\n<meta property=\"og:image\" content=\"https:\/\/horticom.ee\/e-pood\/wp-content\/uploads\/importedmedia\/product-153459_0-8500854.jpg\" \/>\n\t<meta property=\"og:image:width\" content=\"1000\" \/>\n\t<meta property=\"og:image:height\" content=\"1146\" \/>\n\t<meta property=\"og:image:type\" content=\"image\/jpeg\" \/>\n<meta name=\"twitter:card\" content=\"summary_large_image\" \/>\n<script type=\"application\/ld+json\" class=\"yoast-schema-graph\">{\"@context\":\"https:\/\/schema.org\",\"@graph\":[{\"@type\":\"WebPage\",\"@id\":\"https:\/\/horticom.ee\/e-pood\/toode\/liim-pvc-basseinikilele-200g\/\",\"url\":\"https:\/\/horticom.ee\/e-pood\/toode\/liim-pvc-basseinikilele-200g\/\",\"name\":\"Liim PVC basseinikilele 200g - Horticom\",\"isPartOf\":{\"@id\":\"https:\/\/horticom.ee\/e-pood\/#website\"},\"primaryImageOfPage\":{\"@id\":\"https:\/\/horticom.ee\/e-pood\/toode\/liim-pvc-basseinikilele-200g\/#primaryimage\"},\"image\":{\"@id\":\"https:\/\/horticom.ee\/e-pood\/toode\/liim-pvc-basseinikilele-200g\/#primaryimage\"},\"thumbnailUrl\":\"https:\/\/horticom.ee\/e-pood\/wp-content\/uploads\/importedmedia\/product-153459_0-8500854.jpg\",\"datePublished\":\"2022-01-17T14:06:22+00:00\",\"dateModified\":\"2026-05-13T00:07:20+00:00\",\"breadcrumb\":{\"@id\":\"https:\/\/horticom.ee\/e-pood\/toode\/liim-pvc-basseinikilele-200g\/#breadcrumb\"},\"inLanguage\":\"ru-RU\",\"potentialAction\":[{\"@type\":\"ReadAction\",\"target\":[\"https:\/\/horticom.ee\/e-pood\/toode\/liim-pvc-basseinikilele-200g\/\"]}]},{\"@type\":\"ImageObject\",\"inLanguage\":\"ru-RU\",\"@id\":\"https:\/\/horticom.ee\/e-pood\/toode\/liim-pvc-basseinikilele-200g\/#primaryimage\",\"url\":\"https:\/\/horticom.ee\/e-pood\/wp-content\/uploads\/importedmedia\/product-153459_0-8500854.jpg\",\"contentUrl\":\"https:\/\/horticom.ee\/e-pood\/wp-content\/uploads\/importedmedia\/product-153459_0-8500854.jpg\",\"width\":1000,\"height\":1146},{\"@type\":\"BreadcrumbList\",\"@id\":\"https:\/\/horticom.ee\/e-pood\/toode\/liim-pvc-basseinikilele-200g\/#breadcrumb\",\"itemListElement\":[{\"@type\":\"ListItem\",\"position\":1,\"name\":\"Home\",\"item\":\"https:\/\/horticom.ee\/e-pood\/\"},{\"@type\":\"ListItem\",\"position\":2,\"name\":\"Pood\",\"item\":\"https:\/\/horticom.ee\/e-pood\/pood\/\"},{\"@type\":\"ListItem\",\"position\":3,\"name\":\"Liim PVC basseinikilele 200g\"}]},{\"@type\":\"WebSite\",\"@id\":\"https:\/\/horticom.ee\/e-pood\/#website\",\"url\":\"https:\/\/horticom.ee\/e-pood\/\",\"name\":\"Horticom.ee\",\"description\":\"Aianduskaubad ja kodukaubad nii harrastajatele kui professionaalidele\",\"potentialAction\":[{\"@type\":\"SearchAction\",\"target\":{\"@type\":\"EntryPoint\",\"urlTemplate\":\"https:\/\/horticom.ee\/e-pood\/?s={search_term_string}\"},\"query-input\":{\"@type\":\"PropertyValueSpecification\",\"valueRequired\":true,\"valueName\":\"search_term_string\"}}],\"inLanguage\":\"ru-RU\"}]}<\/script>\n<!-- \/ Yoast SEO plugin. -->","yoast_head_json":{"title":"Liim PVC basseinikilele 200g - Horticom","robots":{"index":"index","follow":"follow","max-snippet":"max-snippet:-1","max-image-preview":"max-image-preview:large","max-video-preview":"max-video-preview:-1"},"canonical":"https:\/\/horticom.ee\/e-pood\/toode\/liim-pvc-basseinikilele-200g\/","og_locale":"ru_RU","og_type":"article","og_title":"Liim PVC basseinikilele 200g - Horticom","og_description":"Kvaliteetne ja t\u00f5hus PVC liim basseinikiledele. Ideaalne kasutada tiikide ja basseinide rajamisel v\u00f5i laiendamisel kindlate ja vettpidavate \u00fchenduste saavutamiseks. 200g purgist j\u00e4tkub ca 5jm \u00fchenduskoha tarbeks. Liimitava pinna laius 15cm. NB! Kasutamisel j\u00e4rgida ohutusn\u00f5udeid!","og_url":"https:\/\/horticom.ee\/e-pood\/toode\/liim-pvc-basseinikilele-200g\/","og_site_name":"Horticom.ee","article_publisher":"https:\/\/www.facebook.com\/horticom.ee\/e-pood","article_modified_time":"2026-05-13T00:07:20+00:00","og_image":[{"width":1000,"height":1146,"url":"https:\/\/horticom.ee\/e-pood\/wp-content\/uploads\/importedmedia\/product-153459_0-8500854.jpg","type":"image\/jpeg"}],"twitter_card":"summary_large_image","schema":{"@context":"https:\/\/schema.org","@graph":[{"@type":"WebPage","@id":"https:\/\/horticom.ee\/e-pood\/toode\/liim-pvc-basseinikilele-200g\/","url":"https:\/\/horticom.ee\/e-pood\/toode\/liim-pvc-basseinikilele-200g\/","name":"Liim PVC basseinikilele 200g - Horticom","isPartOf":{"@id":"https:\/\/horticom.ee\/e-pood\/#website"},"primaryImageOfPage":{"@id":"https:\/\/horticom.ee\/e-pood\/toode\/liim-pvc-basseinikilele-200g\/#primaryimage"},"image":{"@id":"https:\/\/horticom.ee\/e-pood\/toode\/liim-pvc-basseinikilele-200g\/#primaryimage"},"thumbnailUrl":"https:\/\/horticom.ee\/e-pood\/wp-content\/uploads\/importedmedia\/product-153459_0-8500854.jpg","datePublished":"2022-01-17T14:06:22+00:00","dateModified":"2026-05-13T00:07:20+00:00","breadcrumb":{"@id":"https:\/\/horticom.ee\/e-pood\/toode\/liim-pvc-basseinikilele-200g\/#breadcrumb"},"inLanguage":"ru-RU","potentialAction":[{"@type":"ReadAction","target":["https:\/\/horticom.ee\/e-pood\/toode\/liim-pvc-basseinikilele-200g\/"]}]},{"@type":"ImageObject","inLanguage":"ru-RU","@id":"https:\/\/horticom.ee\/e-pood\/toode\/liim-pvc-basseinikilele-200g\/#primaryimage","url":"https:\/\/horticom.ee\/e-pood\/wp-content\/uploads\/importedmedia\/product-153459_0-8500854.jpg","contentUrl":"https:\/\/horticom.ee\/e-pood\/wp-content\/uploads\/importedmedia\/product-153459_0-8500854.jpg","width":1000,"height":1146},{"@type":"BreadcrumbList","@id":"https:\/\/horticom.ee\/e-pood\/toode\/liim-pvc-basseinikilele-200g\/#breadcrumb","itemListElement":[{"@type":"ListItem","position":1,"name":"Home","item":"https:\/\/horticom.ee\/e-pood\/"},{"@type":"ListItem","position":2,"name":"Pood","item":"https:\/\/horticom.ee\/e-pood\/pood\/"},{"@type":"ListItem","position":3,"name":"Liim PVC basseinikilele 200g"}]},{"@type":"WebSite","@id":"https:\/\/horticom.ee\/e-pood\/#website","url":"https:\/\/horticom.ee\/e-pood\/","name":"Horticom.ee","description":"Aianduskaubad ja kodukaubad nii harrastajatele kui professionaalidele","potentialAction":[{"@type":"SearchAction","target":{"@type":"EntryPoint","urlTemplate":"https:\/\/horticom.ee\/e-pood\/?s={search_term_string}"},"query-input":{"@type":"PropertyValueSpecification","valueRequired":true,"valueName":"search_term_string"}}],"inLanguage":"ru-RU"}]}},"_links":{"self":[{"href":"https:\/\/horticom.ee\/e-pood\/ru\/wp-json\/wp\/v2\/product\/153459","targetHints":{"allow":["GET"]}}],"collection":[{"href":"https:\/\/horticom.ee\/e-pood\/ru\/wp-json\/wp\/v2\/product"}],"about":[{"href":"https:\/\/horticom.ee\/e-pood\/ru\/wp-json\/wp\/v2\/types\/product"}],"replies":[{"embeddable":true,"href":"https:\/\/horticom.ee\/e-pood\/ru\/wp-json\/wp\/v2\/comments?post=153459"}],"wp:featuredmedia":[{"embeddable":true,"href":"https:\/\/horticom.ee\/e-pood\/ru\/wp-json\/wp\/v2\/media\/2377832"}],"wp:attachment":[{"href":"https:\/\/horticom.ee\/e-pood\/ru\/wp-json\/wp\/v2\/media?parent=153459"}],"wp:term":[{"taxonomy":"product_cat","embeddable":true,"href":"https:\/\/horticom.ee\/e-pood\/ru\/wp-json\/wp\/v2\/product_cat?post=153459"},{"taxonomy":"product_tag","embeddable":true,"href":"https:\/\/horticom.ee\/e-pood\/ru\/wp-json\/wp\/v2\/product_tag?post=153459"}],"curies":[{"name":"wp","href":"https:\/\/api.w.org\/{rel}","templated":true}]}}