{"id":153527,"date":"2022-01-17T16:07:02","date_gmt":"2022-01-17T14:07:02","guid":{"rendered":"https:\/\/aednik24.ee\/toode\/harilik-saialill-calendula-offic-2\/"},"modified":"2026-05-04T03:06:09","modified_gmt":"2026-05-04T00:06:09","slug":"harilik-saialill-calendula-offic-2","status":"publish","type":"product","link":"https:\/\/horticom.ee\/e-pood\/ru\/toode\/harilik-saialill-calendula-offic-2\/","title":{"rendered":"Harilik saialill Calendula offic. oran\u017e"},"content":{"rendered":"<p>Harilik saialill k\u00f5rgusega 25-70cm. Raviomadustega ja lihsalt kasvatatav taim. \u00d5ied ora\u017eid. Kasutamine: peenardele ja l\u00f5ikelillena. Kasvukoht: p\u00e4ikeseline. Kasvab h\u00e4sti igal vett l\u00e4bilaskval pinnasel. K\u00fclviaeg: aprillist \u2013 juunini kasvukohale.<\/p>\n","protected":false},"excerpt":{"rendered":"<p>Harilik saialill k\u00f5rgusega 25-70cm. Raviomadustega ja lihsalt kasvatatav taim. \u00d5ied ora\u017eid. Kasutamine: peenardele ja l\u00f5ikelillena. Kasvukoht: p\u00e4ikeseline. Kasvab h\u00e4sti igal vett l\u00e4bilaskval pinnasel. K\u00fclviaeg: aprillist \u2013 juunini kasvukohale.<\/p>\n","protected":false},"featured_media":166797,"comment_status":"closed","ping_status":"closed","template":"","meta":{"_themeisle_gutenberg_block_has_review":false},"product_cat":[13501],"product_tag":[],"class_list":{"0":"post-153527","1":"product","2":"type-product","3":"status-publish","4":"has-post-thumbnail","6":"product_cat-saialill","8":"first","9":"instock","10":"shipping-taxable","11":"purchasable","12":"product-type-simple"},"yoast_head":"<!-- This site is optimized with the Yoast SEO plugin v24.0 - https:\/\/yoast.com\/wordpress\/plugins\/seo\/ -->\n<title>Harilik saialill Calendula offic. - Horticom.ee\/e-pood<\/title>\n<meta name=\"description\" content=\"Harilik saialill on 25\u201370 cm k\u00f5rgune, lihtsasti kasvatatav , raviomadustega oran\u017eid \u00f5ied. Sobib kasvatamiseks peenardel ja l\u00f5ikelilleks.\" \/>\n<meta name=\"robots\" content=\"index, follow, max-snippet:-1, max-image-preview:large, max-video-preview:-1\" \/>\n<link rel=\"canonical\" href=\"https:\/\/horticom.ee\/e-pood\/toode\/harilik-saialill-calendula-offic-2\/\" \/>\n<meta property=\"og:locale\" content=\"ru_RU\" \/>\n<meta property=\"og:type\" content=\"article\" \/>\n<meta property=\"og:title\" content=\"Harilik saialill Calendula offic. - Horticom.ee\/e-pood\" \/>\n<meta property=\"og:description\" content=\"Harilik saialill on 25\u201370 cm k\u00f5rgune, lihtsasti kasvatatav , raviomadustega oran\u017eid \u00f5ied. Sobib kasvatamiseks peenardel ja l\u00f5ikelilleks.\" \/>\n<meta property=\"og:url\" content=\"https:\/\/horticom.ee\/e-pood\/toode\/harilik-saialill-calendula-offic-2\/\" \/>\n<meta property=\"og:site_name\" content=\"Horticom.ee\" \/>\n<meta property=\"article:publisher\" content=\"https:\/\/www.facebook.com\/horticom.ee\/e-pood\" \/>\n<meta property=\"article:modified_time\" content=\"2026-05-04T00:06:09+00:00\" \/>\n<meta property=\"og:image\" content=\"https:\/\/horticom.ee\/e-pood\/wp-content\/uploads\/importedmedia\/product-153527_0-VC196.jpg\" \/>\n\t<meta property=\"og:image:width\" content=\"1000\" \/>\n\t<meta property=\"og:image:height\" content=\"1865\" \/>\n\t<meta property=\"og:image:type\" content=\"image\/jpeg\" \/>\n<meta name=\"twitter:card\" content=\"summary_large_image\" \/>\n<script type=\"application\/ld+json\" class=\"yoast-schema-graph\">{\"@context\":\"https:\/\/schema.org\",\"@graph\":[{\"@type\":\"WebPage\",\"@id\":\"https:\/\/horticom.ee\/e-pood\/toode\/harilik-saialill-calendula-offic-2\/\",\"url\":\"https:\/\/horticom.ee\/e-pood\/toode\/harilik-saialill-calendula-offic-2\/\",\"name\":\"Harilik saialill Calendula offic. - Horticom.ee\/e-pood\",\"isPartOf\":{\"@id\":\"https:\/\/horticom.ee\/e-pood\/#website\"},\"primaryImageOfPage\":{\"@id\":\"https:\/\/horticom.ee\/e-pood\/toode\/harilik-saialill-calendula-offic-2\/#primaryimage\"},\"image\":{\"@id\":\"https:\/\/horticom.ee\/e-pood\/toode\/harilik-saialill-calendula-offic-2\/#primaryimage\"},\"thumbnailUrl\":\"https:\/\/horticom.ee\/e-pood\/wp-content\/uploads\/importedmedia\/product-153527_0-VC196.jpg\",\"datePublished\":\"2022-01-17T14:07:02+00:00\",\"dateModified\":\"2026-05-04T00:06:09+00:00\",\"description\":\"Harilik saialill on 25\u201370 cm k\u00f5rgune, lihtsasti kasvatatav , raviomadustega oran\u017eid \u00f5ied. Sobib kasvatamiseks peenardel ja l\u00f5ikelilleks.\",\"breadcrumb\":{\"@id\":\"https:\/\/horticom.ee\/e-pood\/toode\/harilik-saialill-calendula-offic-2\/#breadcrumb\"},\"inLanguage\":\"ru-RU\",\"potentialAction\":[{\"@type\":\"ReadAction\",\"target\":[\"https:\/\/horticom.ee\/e-pood\/toode\/harilik-saialill-calendula-offic-2\/\"]}]},{\"@type\":\"ImageObject\",\"inLanguage\":\"ru-RU\",\"@id\":\"https:\/\/horticom.ee\/e-pood\/toode\/harilik-saialill-calendula-offic-2\/#primaryimage\",\"url\":\"https:\/\/horticom.ee\/e-pood\/wp-content\/uploads\/importedmedia\/product-153527_0-VC196.jpg\",\"contentUrl\":\"https:\/\/horticom.ee\/e-pood\/wp-content\/uploads\/importedmedia\/product-153527_0-VC196.jpg\",\"width\":1000,\"height\":1865,\"caption\":\"Harilik saialill Calendula offic.\"},{\"@type\":\"BreadcrumbList\",\"@id\":\"https:\/\/horticom.ee\/e-pood\/toode\/harilik-saialill-calendula-offic-2\/#breadcrumb\",\"itemListElement\":[{\"@type\":\"ListItem\",\"position\":1,\"name\":\"Home\",\"item\":\"https:\/\/horticom.ee\/e-pood\/\"},{\"@type\":\"ListItem\",\"position\":2,\"name\":\"Pood\",\"item\":\"https:\/\/horticom.ee\/e-pood\/pood\/\"},{\"@type\":\"ListItem\",\"position\":3,\"name\":\"Harilik saialill Calendula offic. oran\u017e\"}]},{\"@type\":\"WebSite\",\"@id\":\"https:\/\/horticom.ee\/e-pood\/#website\",\"url\":\"https:\/\/horticom.ee\/e-pood\/\",\"name\":\"Horticom.ee\",\"description\":\"Aianduskaubad ja kodukaubad nii harrastajatele kui professionaalidele\",\"potentialAction\":[{\"@type\":\"SearchAction\",\"target\":{\"@type\":\"EntryPoint\",\"urlTemplate\":\"https:\/\/horticom.ee\/e-pood\/?s={search_term_string}\"},\"query-input\":{\"@type\":\"PropertyValueSpecification\",\"valueRequired\":true,\"valueName\":\"search_term_string\"}}],\"inLanguage\":\"ru-RU\"}]}<\/script>\n<!-- \/ Yoast SEO plugin. -->","yoast_head_json":{"title":"Harilik saialill Calendula offic. - Horticom.ee\/e-pood","description":"Harilik saialill on 25\u201370 cm k\u00f5rgune, lihtsasti kasvatatav , raviomadustega oran\u017eid \u00f5ied. Sobib kasvatamiseks peenardel ja l\u00f5ikelilleks.","robots":{"index":"index","follow":"follow","max-snippet":"max-snippet:-1","max-image-preview":"max-image-preview:large","max-video-preview":"max-video-preview:-1"},"canonical":"https:\/\/horticom.ee\/e-pood\/toode\/harilik-saialill-calendula-offic-2\/","og_locale":"ru_RU","og_type":"article","og_title":"Harilik saialill Calendula offic. - Horticom.ee\/e-pood","og_description":"Harilik saialill on 25\u201370 cm k\u00f5rgune, lihtsasti kasvatatav , raviomadustega oran\u017eid \u00f5ied. Sobib kasvatamiseks peenardel ja l\u00f5ikelilleks.","og_url":"https:\/\/horticom.ee\/e-pood\/toode\/harilik-saialill-calendula-offic-2\/","og_site_name":"Horticom.ee","article_publisher":"https:\/\/www.facebook.com\/horticom.ee\/e-pood","article_modified_time":"2026-05-04T00:06:09+00:00","og_image":[{"width":1000,"height":1865,"url":"https:\/\/horticom.ee\/e-pood\/wp-content\/uploads\/importedmedia\/product-153527_0-VC196.jpg","type":"image\/jpeg"}],"twitter_card":"summary_large_image","schema":{"@context":"https:\/\/schema.org","@graph":[{"@type":"WebPage","@id":"https:\/\/horticom.ee\/e-pood\/toode\/harilik-saialill-calendula-offic-2\/","url":"https:\/\/horticom.ee\/e-pood\/toode\/harilik-saialill-calendula-offic-2\/","name":"Harilik saialill Calendula offic. - Horticom.ee\/e-pood","isPartOf":{"@id":"https:\/\/horticom.ee\/e-pood\/#website"},"primaryImageOfPage":{"@id":"https:\/\/horticom.ee\/e-pood\/toode\/harilik-saialill-calendula-offic-2\/#primaryimage"},"image":{"@id":"https:\/\/horticom.ee\/e-pood\/toode\/harilik-saialill-calendula-offic-2\/#primaryimage"},"thumbnailUrl":"https:\/\/horticom.ee\/e-pood\/wp-content\/uploads\/importedmedia\/product-153527_0-VC196.jpg","datePublished":"2022-01-17T14:07:02+00:00","dateModified":"2026-05-04T00:06:09+00:00","description":"Harilik saialill on 25\u201370 cm k\u00f5rgune, lihtsasti kasvatatav , raviomadustega oran\u017eid \u00f5ied. Sobib kasvatamiseks peenardel ja l\u00f5ikelilleks.","breadcrumb":{"@id":"https:\/\/horticom.ee\/e-pood\/toode\/harilik-saialill-calendula-offic-2\/#breadcrumb"},"inLanguage":"ru-RU","potentialAction":[{"@type":"ReadAction","target":["https:\/\/horticom.ee\/e-pood\/toode\/harilik-saialill-calendula-offic-2\/"]}]},{"@type":"ImageObject","inLanguage":"ru-RU","@id":"https:\/\/horticom.ee\/e-pood\/toode\/harilik-saialill-calendula-offic-2\/#primaryimage","url":"https:\/\/horticom.ee\/e-pood\/wp-content\/uploads\/importedmedia\/product-153527_0-VC196.jpg","contentUrl":"https:\/\/horticom.ee\/e-pood\/wp-content\/uploads\/importedmedia\/product-153527_0-VC196.jpg","width":1000,"height":1865,"caption":"Harilik saialill Calendula offic."},{"@type":"BreadcrumbList","@id":"https:\/\/horticom.ee\/e-pood\/toode\/harilik-saialill-calendula-offic-2\/#breadcrumb","itemListElement":[{"@type":"ListItem","position":1,"name":"Home","item":"https:\/\/horticom.ee\/e-pood\/"},{"@type":"ListItem","position":2,"name":"Pood","item":"https:\/\/horticom.ee\/e-pood\/pood\/"},{"@type":"ListItem","position":3,"name":"Harilik saialill Calendula offic. oran\u017e"}]},{"@type":"WebSite","@id":"https:\/\/horticom.ee\/e-pood\/#website","url":"https:\/\/horticom.ee\/e-pood\/","name":"Horticom.ee","description":"Aianduskaubad ja kodukaubad nii harrastajatele kui professionaalidele","potentialAction":[{"@type":"SearchAction","target":{"@type":"EntryPoint","urlTemplate":"https:\/\/horticom.ee\/e-pood\/?s={search_term_string}"},"query-input":{"@type":"PropertyValueSpecification","valueRequired":true,"valueName":"search_term_string"}}],"inLanguage":"ru-RU"}]}},"_links":{"self":[{"href":"https:\/\/horticom.ee\/e-pood\/ru\/wp-json\/wp\/v2\/product\/153527","targetHints":{"allow":["GET"]}}],"collection":[{"href":"https:\/\/horticom.ee\/e-pood\/ru\/wp-json\/wp\/v2\/product"}],"about":[{"href":"https:\/\/horticom.ee\/e-pood\/ru\/wp-json\/wp\/v2\/types\/product"}],"replies":[{"embeddable":true,"href":"https:\/\/horticom.ee\/e-pood\/ru\/wp-json\/wp\/v2\/comments?post=153527"}],"wp:featuredmedia":[{"embeddable":true,"href":"https:\/\/horticom.ee\/e-pood\/ru\/wp-json\/wp\/v2\/media\/166797"}],"wp:attachment":[{"href":"https:\/\/horticom.ee\/e-pood\/ru\/wp-json\/wp\/v2\/media?parent=153527"}],"wp:term":[{"taxonomy":"product_cat","embeddable":true,"href":"https:\/\/horticom.ee\/e-pood\/ru\/wp-json\/wp\/v2\/product_cat?post=153527"},{"taxonomy":"product_tag","embeddable":true,"href":"https:\/\/horticom.ee\/e-pood\/ru\/wp-json\/wp\/v2\/product_tag?post=153527"}],"curies":[{"name":"wp","href":"https:\/\/api.w.org\/{rel}","templated":true}]}}