{"id":153531,"date":"2022-01-17T16:07:05","date_gmt":"2022-01-17T14:07:05","guid":{"rendered":"https:\/\/aednik24.ee\/toode\/murulauk-allium-schoenaprasum\/"},"modified":"2026-04-29T03:07:12","modified_gmt":"2026-04-29T00:07:12","slug":"murulauk-allium-schoenaprasum","status":"publish","type":"product","link":"https:\/\/horticom.ee\/e-pood\/ru\/toode\/murulauk-allium-schoenaprasum\/","title":{"rendered":"Murulauk Allium schoenaprasum"},"content":{"rendered":"<p>Murulauk n\u00f5uab neutraalset, umbrohtudest puhastatud pinnast. P\u00e4rast 3-4 aastast kasvatamist tuleb taimed v\u00e4lja kaevata, jagada osadeks ja istutada uude kasvukohta. P\u00fcsik, kasvab kiiresti. Talvitub peenral ilma katteta. V\u00f5ib kasvatada aknalaual lillepotis. Vahetuks tarbimiseks v\u00f5ileibade, salatite, toorsalatite juurde.<\/p>\n","protected":false},"excerpt":{"rendered":"<p>Murulauk n\u00f5uab neutraalset, umbrohtudest puhastatud pinnast. P\u00e4rast 3-4 aastast kasvatamist tuleb taimed v\u00e4lja kaevata, jagada osadeks ja istutada uude kasvukohta. P\u00fcsik, kasvab kiiresti. Talvitub peenral ilma katteta. V\u00f5ib kasvatada aknalaual lillepotis. Vahetuks tarbimiseks v\u00f5ileibade, salatite, toorsalatite juurde.<\/p>\n","protected":false},"featured_media":154439,"comment_status":"closed","ping_status":"closed","template":"","meta":{"_themeisle_gutenberg_block_has_review":false},"product_cat":[13483],"product_tag":[],"class_list":{"0":"post-153531","1":"product","2":"type-product","3":"status-publish","4":"has-post-thumbnail","6":"product_cat-sibul-porru-murulauk","8":"first","9":"outofstock","10":"shipping-taxable","11":"purchasable","12":"product-type-simple"},"yoast_head":"<!-- This site is optimized with the Yoast SEO plugin v24.0 - https:\/\/yoast.com\/wordpress\/plugins\/seo\/ -->\n<title>Murulauk Allium schoenaprasum - Horticom.ee\/e-pood<\/title>\n<meta name=\"description\" content=\"Murulauk sobib kasvatamiseks aknalaual ning tarbimiseks salatite ja v\u00f5ileibade juurde.\" \/>\n<meta name=\"robots\" content=\"index, follow, max-snippet:-1, max-image-preview:large, max-video-preview:-1\" \/>\n<link rel=\"canonical\" href=\"https:\/\/horticom.ee\/e-pood\/toode\/murulauk-allium-schoenaprasum\/\" \/>\n<meta property=\"og:locale\" content=\"ru_RU\" \/>\n<meta property=\"og:type\" content=\"article\" \/>\n<meta property=\"og:title\" content=\"Murulauk Allium schoenaprasum - Horticom.ee\/e-pood\" \/>\n<meta property=\"og:description\" content=\"Murulauk sobib kasvatamiseks aknalaual ning tarbimiseks salatite ja v\u00f5ileibade juurde.\" \/>\n<meta property=\"og:url\" content=\"https:\/\/horticom.ee\/e-pood\/toode\/murulauk-allium-schoenaprasum\/\" \/>\n<meta property=\"og:site_name\" content=\"Horticom.ee\" \/>\n<meta property=\"article:publisher\" content=\"https:\/\/www.facebook.com\/horticom.ee\/e-pood\" \/>\n<meta property=\"article:modified_time\" content=\"2026-04-29T00:07:12+00:00\" \/>\n<meta property=\"og:image\" content=\"https:\/\/horticom.ee\/e-pood\/wp-content\/uploads\/importedmedia\/product-153531_0-VC890-520x1024.jpg\" \/>\n\t<meta property=\"og:image:width\" content=\"520\" \/>\n\t<meta property=\"og:image:height\" content=\"1024\" \/>\n\t<meta property=\"og:image:type\" content=\"image\/jpeg\" \/>\n<meta name=\"twitter:card\" content=\"summary_large_image\" \/>\n<script type=\"application\/ld+json\" class=\"yoast-schema-graph\">{\"@context\":\"https:\/\/schema.org\",\"@graph\":[{\"@type\":\"WebPage\",\"@id\":\"https:\/\/horticom.ee\/e-pood\/toode\/murulauk-allium-schoenaprasum\/\",\"url\":\"https:\/\/horticom.ee\/e-pood\/toode\/murulauk-allium-schoenaprasum\/\",\"name\":\"Murulauk Allium schoenaprasum - Horticom.ee\/e-pood\",\"isPartOf\":{\"@id\":\"https:\/\/horticom.ee\/e-pood\/#website\"},\"primaryImageOfPage\":{\"@id\":\"https:\/\/horticom.ee\/e-pood\/toode\/murulauk-allium-schoenaprasum\/#primaryimage\"},\"image\":{\"@id\":\"https:\/\/horticom.ee\/e-pood\/toode\/murulauk-allium-schoenaprasum\/#primaryimage\"},\"thumbnailUrl\":\"https:\/\/horticom.ee\/e-pood\/wp-content\/uploads\/importedmedia\/product-153531_0-VC890.jpg\",\"datePublished\":\"2022-01-17T14:07:05+00:00\",\"dateModified\":\"2026-04-29T00:07:12+00:00\",\"description\":\"Murulauk sobib kasvatamiseks aknalaual ning tarbimiseks salatite ja v\u00f5ileibade juurde.\",\"breadcrumb\":{\"@id\":\"https:\/\/horticom.ee\/e-pood\/toode\/murulauk-allium-schoenaprasum\/#breadcrumb\"},\"inLanguage\":\"ru-RU\",\"potentialAction\":[{\"@type\":\"ReadAction\",\"target\":[\"https:\/\/horticom.ee\/e-pood\/toode\/murulauk-allium-schoenaprasum\/\"]}]},{\"@type\":\"ImageObject\",\"inLanguage\":\"ru-RU\",\"@id\":\"https:\/\/horticom.ee\/e-pood\/toode\/murulauk-allium-schoenaprasum\/#primaryimage\",\"url\":\"https:\/\/horticom.ee\/e-pood\/wp-content\/uploads\/importedmedia\/product-153531_0-VC890.jpg\",\"contentUrl\":\"https:\/\/horticom.ee\/e-pood\/wp-content\/uploads\/importedmedia\/product-153531_0-VC890.jpg\",\"width\":1000,\"height\":1969,\"caption\":\"Murulauk Allium schoenaprasum\"},{\"@type\":\"BreadcrumbList\",\"@id\":\"https:\/\/horticom.ee\/e-pood\/toode\/murulauk-allium-schoenaprasum\/#breadcrumb\",\"itemListElement\":[{\"@type\":\"ListItem\",\"position\":1,\"name\":\"Home\",\"item\":\"https:\/\/horticom.ee\/e-pood\/\"},{\"@type\":\"ListItem\",\"position\":2,\"name\":\"Pood\",\"item\":\"https:\/\/horticom.ee\/e-pood\/pood\/\"},{\"@type\":\"ListItem\",\"position\":3,\"name\":\"Murulauk Allium schoenaprasum\"}]},{\"@type\":\"WebSite\",\"@id\":\"https:\/\/horticom.ee\/e-pood\/#website\",\"url\":\"https:\/\/horticom.ee\/e-pood\/\",\"name\":\"Horticom.ee\",\"description\":\"Aianduskaubad ja kodukaubad nii harrastajatele kui professionaalidele\",\"potentialAction\":[{\"@type\":\"SearchAction\",\"target\":{\"@type\":\"EntryPoint\",\"urlTemplate\":\"https:\/\/horticom.ee\/e-pood\/?s={search_term_string}\"},\"query-input\":{\"@type\":\"PropertyValueSpecification\",\"valueRequired\":true,\"valueName\":\"search_term_string\"}}],\"inLanguage\":\"ru-RU\"}]}<\/script>\n<!-- \/ Yoast SEO plugin. -->","yoast_head_json":{"title":"Murulauk Allium schoenaprasum - Horticom.ee\/e-pood","description":"Murulauk sobib kasvatamiseks aknalaual ning tarbimiseks salatite ja v\u00f5ileibade juurde.","robots":{"index":"index","follow":"follow","max-snippet":"max-snippet:-1","max-image-preview":"max-image-preview:large","max-video-preview":"max-video-preview:-1"},"canonical":"https:\/\/horticom.ee\/e-pood\/toode\/murulauk-allium-schoenaprasum\/","og_locale":"ru_RU","og_type":"article","og_title":"Murulauk Allium schoenaprasum - Horticom.ee\/e-pood","og_description":"Murulauk sobib kasvatamiseks aknalaual ning tarbimiseks salatite ja v\u00f5ileibade juurde.","og_url":"https:\/\/horticom.ee\/e-pood\/toode\/murulauk-allium-schoenaprasum\/","og_site_name":"Horticom.ee","article_publisher":"https:\/\/www.facebook.com\/horticom.ee\/e-pood","article_modified_time":"2026-04-29T00:07:12+00:00","og_image":[{"width":520,"height":1024,"url":"https:\/\/horticom.ee\/e-pood\/wp-content\/uploads\/importedmedia\/product-153531_0-VC890-520x1024.jpg","type":"image\/jpeg"}],"twitter_card":"summary_large_image","schema":{"@context":"https:\/\/schema.org","@graph":[{"@type":"WebPage","@id":"https:\/\/horticom.ee\/e-pood\/toode\/murulauk-allium-schoenaprasum\/","url":"https:\/\/horticom.ee\/e-pood\/toode\/murulauk-allium-schoenaprasum\/","name":"Murulauk Allium schoenaprasum - Horticom.ee\/e-pood","isPartOf":{"@id":"https:\/\/horticom.ee\/e-pood\/#website"},"primaryImageOfPage":{"@id":"https:\/\/horticom.ee\/e-pood\/toode\/murulauk-allium-schoenaprasum\/#primaryimage"},"image":{"@id":"https:\/\/horticom.ee\/e-pood\/toode\/murulauk-allium-schoenaprasum\/#primaryimage"},"thumbnailUrl":"https:\/\/horticom.ee\/e-pood\/wp-content\/uploads\/importedmedia\/product-153531_0-VC890.jpg","datePublished":"2022-01-17T14:07:05+00:00","dateModified":"2026-04-29T00:07:12+00:00","description":"Murulauk sobib kasvatamiseks aknalaual ning tarbimiseks salatite ja v\u00f5ileibade juurde.","breadcrumb":{"@id":"https:\/\/horticom.ee\/e-pood\/toode\/murulauk-allium-schoenaprasum\/#breadcrumb"},"inLanguage":"ru-RU","potentialAction":[{"@type":"ReadAction","target":["https:\/\/horticom.ee\/e-pood\/toode\/murulauk-allium-schoenaprasum\/"]}]},{"@type":"ImageObject","inLanguage":"ru-RU","@id":"https:\/\/horticom.ee\/e-pood\/toode\/murulauk-allium-schoenaprasum\/#primaryimage","url":"https:\/\/horticom.ee\/e-pood\/wp-content\/uploads\/importedmedia\/product-153531_0-VC890.jpg","contentUrl":"https:\/\/horticom.ee\/e-pood\/wp-content\/uploads\/importedmedia\/product-153531_0-VC890.jpg","width":1000,"height":1969,"caption":"Murulauk Allium schoenaprasum"},{"@type":"BreadcrumbList","@id":"https:\/\/horticom.ee\/e-pood\/toode\/murulauk-allium-schoenaprasum\/#breadcrumb","itemListElement":[{"@type":"ListItem","position":1,"name":"Home","item":"https:\/\/horticom.ee\/e-pood\/"},{"@type":"ListItem","position":2,"name":"Pood","item":"https:\/\/horticom.ee\/e-pood\/pood\/"},{"@type":"ListItem","position":3,"name":"Murulauk Allium schoenaprasum"}]},{"@type":"WebSite","@id":"https:\/\/horticom.ee\/e-pood\/#website","url":"https:\/\/horticom.ee\/e-pood\/","name":"Horticom.ee","description":"Aianduskaubad ja kodukaubad nii harrastajatele kui professionaalidele","potentialAction":[{"@type":"SearchAction","target":{"@type":"EntryPoint","urlTemplate":"https:\/\/horticom.ee\/e-pood\/?s={search_term_string}"},"query-input":{"@type":"PropertyValueSpecification","valueRequired":true,"valueName":"search_term_string"}}],"inLanguage":"ru-RU"}]}},"_links":{"self":[{"href":"https:\/\/horticom.ee\/e-pood\/ru\/wp-json\/wp\/v2\/product\/153531","targetHints":{"allow":["GET"]}}],"collection":[{"href":"https:\/\/horticom.ee\/e-pood\/ru\/wp-json\/wp\/v2\/product"}],"about":[{"href":"https:\/\/horticom.ee\/e-pood\/ru\/wp-json\/wp\/v2\/types\/product"}],"replies":[{"embeddable":true,"href":"https:\/\/horticom.ee\/e-pood\/ru\/wp-json\/wp\/v2\/comments?post=153531"}],"wp:featuredmedia":[{"embeddable":true,"href":"https:\/\/horticom.ee\/e-pood\/ru\/wp-json\/wp\/v2\/media\/154439"}],"wp:attachment":[{"href":"https:\/\/horticom.ee\/e-pood\/ru\/wp-json\/wp\/v2\/media?parent=153531"}],"wp:term":[{"taxonomy":"product_cat","embeddable":true,"href":"https:\/\/horticom.ee\/e-pood\/ru\/wp-json\/wp\/v2\/product_cat?post=153531"},{"taxonomy":"product_tag","embeddable":true,"href":"https:\/\/horticom.ee\/e-pood\/ru\/wp-json\/wp\/v2\/product_tag?post=153531"}],"curies":[{"name":"wp","href":"https:\/\/api.w.org\/{rel}","templated":true}]}}