{"id":153532,"date":"2022-01-17T16:07:06","date_gmt":"2022-01-17T14:07:06","guid":{"rendered":"https:\/\/aednik24.ee\/toode\/lehtpetersell-festival-petroselinum-crispum\/"},"modified":"2026-05-04T13:09:24","modified_gmt":"2026-05-04T10:09:24","slug":"lehtpetersell-festival-petroselinum-crispum","status":"publish","type":"product","link":"https:\/\/horticom.ee\/e-pood\/ru\/toode\/lehtpetersell-festival-petroselinum-crispum\/","title":{"rendered":"Lehtpetersell Festival Petroselinum crispum"},"content":{"rendered":"<p>Lehtpetersell Festival on siledate ja aromaatsete lehtedega sort, milles on rikkalikult vitamiine ja mineraalsoolasid. Sobib v\u00e4rskeks tarbimiseks, lisandina toitude juurde, aga ka kuivatamiseks. Seemned k\u00fclvata vahetult avamaale. N\u00f5uab huumusrikast, viljakat, mitte v\u00e4ga rasket pinnast.<\/p>\n","protected":false},"excerpt":{"rendered":"<p>Lehtpetersell Festival on siledate ja aromaatsete lehtedega sort, milles on rikkalikult vitamiine ja mineraalsoolasid. Sobib v\u00e4rskeks tarbimiseks, lisandina toitude juurde, aga ka kuivatamiseks. Seemned k\u00fclvata vahetult avamaale. N\u00f5uab huumusrikast, viljakat, mitte v\u00e4ga rasket pinnast.<\/p>\n","protected":false},"featured_media":154437,"comment_status":"closed","ping_status":"closed","template":"","meta":{"_themeisle_gutenberg_block_has_review":false},"product_cat":[13490],"product_tag":[],"class_list":{"0":"post-153532","1":"product","2":"type-product","3":"status-publish","4":"has-post-thumbnail","6":"product_cat-maitsetaimede-seemned","8":"first","9":"instock","10":"shipping-taxable","11":"purchasable","12":"product-type-simple"},"yoast_head":"<!-- This site is optimized with the Yoast SEO plugin v24.0 - https:\/\/yoast.com\/wordpress\/plugins\/seo\/ -->\n<title>Lehtpetersell Festival Petroselinum crispum - Horticom.ee<\/title>\n<meta name=\"description\" content=\"Lehtpetersell Festival on siledate ja aromaatsete lehtedega sort. Sobib v\u00e4rskeks tarbimiseks, toitudesse ja kuivatamiseks. Vajab huumusrikast pinnast.\" \/>\n<meta name=\"robots\" content=\"index, follow, max-snippet:-1, max-image-preview:large, max-video-preview:-1\" \/>\n<link rel=\"canonical\" href=\"https:\/\/horticom.ee\/e-pood\/toode\/lehtpetersell-festival-petroselinum-crispum\/\" \/>\n<meta property=\"og:locale\" content=\"ru_RU\" \/>\n<meta property=\"og:type\" content=\"article\" \/>\n<meta property=\"og:title\" content=\"Lehtpetersell Festival Petroselinum crispum - Horticom.ee\" \/>\n<meta property=\"og:description\" content=\"Lehtpetersell Festival on siledate ja aromaatsete lehtedega sort. Sobib v\u00e4rskeks tarbimiseks, toitudesse ja kuivatamiseks. Vajab huumusrikast pinnast.\" \/>\n<meta property=\"og:url\" content=\"https:\/\/horticom.ee\/e-pood\/toode\/lehtpetersell-festival-petroselinum-crispum\/\" \/>\n<meta property=\"og:site_name\" content=\"Horticom.ee\" \/>\n<meta property=\"article:publisher\" content=\"https:\/\/www.facebook.com\/horticom.ee\/e-pood\" \/>\n<meta property=\"article:modified_time\" content=\"2026-05-04T10:09:24+00:00\" \/>\n<meta property=\"og:image\" content=\"https:\/\/horticom.ee\/e-pood\/wp-content\/uploads\/importedmedia\/product-153532_0-VC652-539x1024.jpg\" \/>\n\t<meta property=\"og:image:width\" content=\"539\" \/>\n\t<meta property=\"og:image:height\" content=\"1024\" \/>\n\t<meta property=\"og:image:type\" content=\"image\/jpeg\" \/>\n<meta name=\"twitter:card\" content=\"summary_large_image\" \/>\n<script type=\"application\/ld+json\" class=\"yoast-schema-graph\">{\"@context\":\"https:\/\/schema.org\",\"@graph\":[{\"@type\":\"WebPage\",\"@id\":\"https:\/\/horticom.ee\/e-pood\/toode\/lehtpetersell-festival-petroselinum-crispum\/\",\"url\":\"https:\/\/horticom.ee\/e-pood\/toode\/lehtpetersell-festival-petroselinum-crispum\/\",\"name\":\"Lehtpetersell Festival Petroselinum crispum - Horticom.ee\",\"isPartOf\":{\"@id\":\"https:\/\/horticom.ee\/e-pood\/#website\"},\"primaryImageOfPage\":{\"@id\":\"https:\/\/horticom.ee\/e-pood\/toode\/lehtpetersell-festival-petroselinum-crispum\/#primaryimage\"},\"image\":{\"@id\":\"https:\/\/horticom.ee\/e-pood\/toode\/lehtpetersell-festival-petroselinum-crispum\/#primaryimage\"},\"thumbnailUrl\":\"https:\/\/horticom.ee\/e-pood\/wp-content\/uploads\/importedmedia\/product-153532_0-VC652.jpg\",\"datePublished\":\"2022-01-17T14:07:06+00:00\",\"dateModified\":\"2026-05-04T10:09:24+00:00\",\"description\":\"Lehtpetersell Festival on siledate ja aromaatsete lehtedega sort. Sobib v\u00e4rskeks tarbimiseks, toitudesse ja kuivatamiseks. Vajab huumusrikast pinnast.\",\"breadcrumb\":{\"@id\":\"https:\/\/horticom.ee\/e-pood\/toode\/lehtpetersell-festival-petroselinum-crispum\/#breadcrumb\"},\"inLanguage\":\"ru-RU\",\"potentialAction\":[{\"@type\":\"ReadAction\",\"target\":[\"https:\/\/horticom.ee\/e-pood\/toode\/lehtpetersell-festival-petroselinum-crispum\/\"]}]},{\"@type\":\"ImageObject\",\"inLanguage\":\"ru-RU\",\"@id\":\"https:\/\/horticom.ee\/e-pood\/toode\/lehtpetersell-festival-petroselinum-crispum\/#primaryimage\",\"url\":\"https:\/\/horticom.ee\/e-pood\/wp-content\/uploads\/importedmedia\/product-153532_0-VC652.jpg\",\"contentUrl\":\"https:\/\/horticom.ee\/e-pood\/wp-content\/uploads\/importedmedia\/product-153532_0-VC652.jpg\",\"width\":1000,\"height\":1899,\"caption\":\"Lehtpetersell Festival Petroselinum crispum\"},{\"@type\":\"BreadcrumbList\",\"@id\":\"https:\/\/horticom.ee\/e-pood\/toode\/lehtpetersell-festival-petroselinum-crispum\/#breadcrumb\",\"itemListElement\":[{\"@type\":\"ListItem\",\"position\":1,\"name\":\"Home\",\"item\":\"https:\/\/horticom.ee\/e-pood\/\"},{\"@type\":\"ListItem\",\"position\":2,\"name\":\"Pood\",\"item\":\"https:\/\/horticom.ee\/e-pood\/pood\/\"},{\"@type\":\"ListItem\",\"position\":3,\"name\":\"Lehtpetersell Festival Petroselinum crispum\"}]},{\"@type\":\"WebSite\",\"@id\":\"https:\/\/horticom.ee\/e-pood\/#website\",\"url\":\"https:\/\/horticom.ee\/e-pood\/\",\"name\":\"Horticom.ee\",\"description\":\"Aianduskaubad ja kodukaubad nii harrastajatele kui professionaalidele\",\"potentialAction\":[{\"@type\":\"SearchAction\",\"target\":{\"@type\":\"EntryPoint\",\"urlTemplate\":\"https:\/\/horticom.ee\/e-pood\/?s={search_term_string}\"},\"query-input\":{\"@type\":\"PropertyValueSpecification\",\"valueRequired\":true,\"valueName\":\"search_term_string\"}}],\"inLanguage\":\"ru-RU\"}]}<\/script>\n<!-- \/ Yoast SEO plugin. -->","yoast_head_json":{"title":"Lehtpetersell Festival Petroselinum crispum - Horticom.ee","description":"Lehtpetersell Festival on siledate ja aromaatsete lehtedega sort. Sobib v\u00e4rskeks tarbimiseks, toitudesse ja kuivatamiseks. Vajab huumusrikast pinnast.","robots":{"index":"index","follow":"follow","max-snippet":"max-snippet:-1","max-image-preview":"max-image-preview:large","max-video-preview":"max-video-preview:-1"},"canonical":"https:\/\/horticom.ee\/e-pood\/toode\/lehtpetersell-festival-petroselinum-crispum\/","og_locale":"ru_RU","og_type":"article","og_title":"Lehtpetersell Festival Petroselinum crispum - Horticom.ee","og_description":"Lehtpetersell Festival on siledate ja aromaatsete lehtedega sort. Sobib v\u00e4rskeks tarbimiseks, toitudesse ja kuivatamiseks. Vajab huumusrikast pinnast.","og_url":"https:\/\/horticom.ee\/e-pood\/toode\/lehtpetersell-festival-petroselinum-crispum\/","og_site_name":"Horticom.ee","article_publisher":"https:\/\/www.facebook.com\/horticom.ee\/e-pood","article_modified_time":"2026-05-04T10:09:24+00:00","og_image":[{"width":539,"height":1024,"url":"https:\/\/horticom.ee\/e-pood\/wp-content\/uploads\/importedmedia\/product-153532_0-VC652-539x1024.jpg","type":"image\/jpeg"}],"twitter_card":"summary_large_image","schema":{"@context":"https:\/\/schema.org","@graph":[{"@type":"WebPage","@id":"https:\/\/horticom.ee\/e-pood\/toode\/lehtpetersell-festival-petroselinum-crispum\/","url":"https:\/\/horticom.ee\/e-pood\/toode\/lehtpetersell-festival-petroselinum-crispum\/","name":"Lehtpetersell Festival Petroselinum crispum - Horticom.ee","isPartOf":{"@id":"https:\/\/horticom.ee\/e-pood\/#website"},"primaryImageOfPage":{"@id":"https:\/\/horticom.ee\/e-pood\/toode\/lehtpetersell-festival-petroselinum-crispum\/#primaryimage"},"image":{"@id":"https:\/\/horticom.ee\/e-pood\/toode\/lehtpetersell-festival-petroselinum-crispum\/#primaryimage"},"thumbnailUrl":"https:\/\/horticom.ee\/e-pood\/wp-content\/uploads\/importedmedia\/product-153532_0-VC652.jpg","datePublished":"2022-01-17T14:07:06+00:00","dateModified":"2026-05-04T10:09:24+00:00","description":"Lehtpetersell Festival on siledate ja aromaatsete lehtedega sort. Sobib v\u00e4rskeks tarbimiseks, toitudesse ja kuivatamiseks. Vajab huumusrikast pinnast.","breadcrumb":{"@id":"https:\/\/horticom.ee\/e-pood\/toode\/lehtpetersell-festival-petroselinum-crispum\/#breadcrumb"},"inLanguage":"ru-RU","potentialAction":[{"@type":"ReadAction","target":["https:\/\/horticom.ee\/e-pood\/toode\/lehtpetersell-festival-petroselinum-crispum\/"]}]},{"@type":"ImageObject","inLanguage":"ru-RU","@id":"https:\/\/horticom.ee\/e-pood\/toode\/lehtpetersell-festival-petroselinum-crispum\/#primaryimage","url":"https:\/\/horticom.ee\/e-pood\/wp-content\/uploads\/importedmedia\/product-153532_0-VC652.jpg","contentUrl":"https:\/\/horticom.ee\/e-pood\/wp-content\/uploads\/importedmedia\/product-153532_0-VC652.jpg","width":1000,"height":1899,"caption":"Lehtpetersell Festival Petroselinum crispum"},{"@type":"BreadcrumbList","@id":"https:\/\/horticom.ee\/e-pood\/toode\/lehtpetersell-festival-petroselinum-crispum\/#breadcrumb","itemListElement":[{"@type":"ListItem","position":1,"name":"Home","item":"https:\/\/horticom.ee\/e-pood\/"},{"@type":"ListItem","position":2,"name":"Pood","item":"https:\/\/horticom.ee\/e-pood\/pood\/"},{"@type":"ListItem","position":3,"name":"Lehtpetersell Festival Petroselinum crispum"}]},{"@type":"WebSite","@id":"https:\/\/horticom.ee\/e-pood\/#website","url":"https:\/\/horticom.ee\/e-pood\/","name":"Horticom.ee","description":"Aianduskaubad ja kodukaubad nii harrastajatele kui professionaalidele","potentialAction":[{"@type":"SearchAction","target":{"@type":"EntryPoint","urlTemplate":"https:\/\/horticom.ee\/e-pood\/?s={search_term_string}"},"query-input":{"@type":"PropertyValueSpecification","valueRequired":true,"valueName":"search_term_string"}}],"inLanguage":"ru-RU"}]}},"_links":{"self":[{"href":"https:\/\/horticom.ee\/e-pood\/ru\/wp-json\/wp\/v2\/product\/153532","targetHints":{"allow":["GET"]}}],"collection":[{"href":"https:\/\/horticom.ee\/e-pood\/ru\/wp-json\/wp\/v2\/product"}],"about":[{"href":"https:\/\/horticom.ee\/e-pood\/ru\/wp-json\/wp\/v2\/types\/product"}],"replies":[{"embeddable":true,"href":"https:\/\/horticom.ee\/e-pood\/ru\/wp-json\/wp\/v2\/comments?post=153532"}],"wp:featuredmedia":[{"embeddable":true,"href":"https:\/\/horticom.ee\/e-pood\/ru\/wp-json\/wp\/v2\/media\/154437"}],"wp:attachment":[{"href":"https:\/\/horticom.ee\/e-pood\/ru\/wp-json\/wp\/v2\/media?parent=153532"}],"wp:term":[{"taxonomy":"product_cat","embeddable":true,"href":"https:\/\/horticom.ee\/e-pood\/ru\/wp-json\/wp\/v2\/product_cat?post=153532"},{"taxonomy":"product_tag","embeddable":true,"href":"https:\/\/horticom.ee\/e-pood\/ru\/wp-json\/wp\/v2\/product_tag?post=153532"}],"curies":[{"name":"wp","href":"https:\/\/api.w.org\/{rel}","templated":true}]}}