{"id":153559,"date":"2022-01-17T16:07:22","date_gmt":"2022-01-17T14:07:22","guid":{"rendered":"https:\/\/aednik24.ee\/toode\/hernes-avola-pisum-sativum-l-partim-c\/"},"modified":"2026-04-06T16:02:24","modified_gmt":"2026-04-06T13:02:24","slug":"hernes-avola-pisum-sativum-l-partim-c","status":"publish","type":"product","link":"https:\/\/horticom.ee\/e-pood\/ru\/toode\/hernes-avola-pisum-sativum-l-partim-c\/","title":{"rendered":"Hernes Avola &#8211; Pisum sativum L. partim"},"content":{"rendered":"<p>Hernes Avola \u2013 v\u00e4ga varajane hernes k\u00f5rgusega kuni 75cm, vajab toestust. Magusad herned sobivad nii v\u00e4rskelt tarbimiseks kui ka t\u00f6\u00f6tlemiseks, kaasa arvatud k\u00fclmutamiseks. Kata k\u00fclvatud seemned kattelooriga, nii saad saaki veel varem.<\/p>\n","protected":false},"excerpt":{"rendered":"<p>Hernes Avola \u2013 v\u00e4ga varajane hernes k\u00f5rgusega kuni 75cm, vajab toestust. Magusad herned sobivad nii v\u00e4rskelt tarbimiseks kui ka t\u00f6\u00f6tlemiseks, kaasa arvatud k\u00fclmutamiseks. Kata k\u00fclvatud seemned kattelooriga, nii saad saaki veel varem.<\/p>\n","protected":false},"featured_media":154355,"comment_status":"closed","ping_status":"closed","template":"","meta":{"_themeisle_gutenberg_block_has_review":false},"product_cat":[13496],"product_tag":[],"class_list":{"0":"post-153559","1":"product","2":"type-product","3":"status-publish","4":"has-post-thumbnail","6":"product_cat-hernes","8":"first","9":"instock","10":"shipping-taxable","11":"purchasable","12":"product-type-simple"},"yoast_head":"<!-- This site is optimized with the Yoast SEO plugin v24.0 - https:\/\/yoast.com\/wordpress\/plugins\/seo\/ -->\n<title>Hernes Avola - Pisum sativum L. partim - Horticom.ee<\/title>\n<meta name=\"description\" content=\"Hernes Avola \u2013 v\u00e4ga varajane hernes k\u00f5rgusega kuni 75cm, vajab toestust.\" \/>\n<meta name=\"robots\" content=\"index, follow, max-snippet:-1, max-image-preview:large, max-video-preview:-1\" \/>\n<link rel=\"canonical\" href=\"https:\/\/horticom.ee\/e-pood\/toode\/hernes-avola-pisum-sativum-l-partim-c\/\" \/>\n<meta property=\"og:locale\" content=\"ru_RU\" \/>\n<meta property=\"og:type\" content=\"article\" \/>\n<meta property=\"og:title\" content=\"Hernes Avola - Pisum sativum L. partim - Horticom.ee\" \/>\n<meta property=\"og:description\" content=\"Hernes Avola \u2013 v\u00e4ga varajane hernes k\u00f5rgusega kuni 75cm, vajab toestust.\" \/>\n<meta property=\"og:url\" content=\"https:\/\/horticom.ee\/e-pood\/toode\/hernes-avola-pisum-sativum-l-partim-c\/\" \/>\n<meta property=\"og:site_name\" content=\"Horticom.ee\" \/>\n<meta property=\"article:publisher\" content=\"https:\/\/www.facebook.com\/horticom.ee\/e-pood\" \/>\n<meta property=\"article:modified_time\" content=\"2026-04-06T13:02:24+00:00\" \/>\n<meta property=\"og:image\" content=\"https:\/\/horticom.ee\/e-pood\/wp-content\/uploads\/importedmedia\/product-153559_0-L14936.jpg\" \/>\n\t<meta property=\"og:image:width\" content=\"1000\" \/>\n\t<meta property=\"og:image:height\" content=\"1448\" \/>\n\t<meta property=\"og:image:type\" content=\"image\/jpeg\" \/>\n<meta name=\"twitter:card\" content=\"summary_large_image\" \/>\n<script type=\"application\/ld+json\" class=\"yoast-schema-graph\">{\"@context\":\"https:\/\/schema.org\",\"@graph\":[{\"@type\":\"WebPage\",\"@id\":\"https:\/\/horticom.ee\/e-pood\/toode\/hernes-avola-pisum-sativum-l-partim-c\/\",\"url\":\"https:\/\/horticom.ee\/e-pood\/toode\/hernes-avola-pisum-sativum-l-partim-c\/\",\"name\":\"Hernes Avola - Pisum sativum L. partim - Horticom.ee\",\"isPartOf\":{\"@id\":\"https:\/\/horticom.ee\/e-pood\/#website\"},\"primaryImageOfPage\":{\"@id\":\"https:\/\/horticom.ee\/e-pood\/toode\/hernes-avola-pisum-sativum-l-partim-c\/#primaryimage\"},\"image\":{\"@id\":\"https:\/\/horticom.ee\/e-pood\/toode\/hernes-avola-pisum-sativum-l-partim-c\/#primaryimage\"},\"thumbnailUrl\":\"https:\/\/horticom.ee\/e-pood\/wp-content\/uploads\/importedmedia\/product-153559_0-L14936.jpg\",\"datePublished\":\"2022-01-17T14:07:22+00:00\",\"dateModified\":\"2026-04-06T13:02:24+00:00\",\"description\":\"Hernes Avola \u2013 v\u00e4ga varajane hernes k\u00f5rgusega kuni 75cm, vajab toestust.\",\"breadcrumb\":{\"@id\":\"https:\/\/horticom.ee\/e-pood\/toode\/hernes-avola-pisum-sativum-l-partim-c\/#breadcrumb\"},\"inLanguage\":\"ru-RU\",\"potentialAction\":[{\"@type\":\"ReadAction\",\"target\":[\"https:\/\/horticom.ee\/e-pood\/toode\/hernes-avola-pisum-sativum-l-partim-c\/\"]}]},{\"@type\":\"ImageObject\",\"inLanguage\":\"ru-RU\",\"@id\":\"https:\/\/horticom.ee\/e-pood\/toode\/hernes-avola-pisum-sativum-l-partim-c\/#primaryimage\",\"url\":\"https:\/\/horticom.ee\/e-pood\/wp-content\/uploads\/importedmedia\/product-153559_0-L14936.jpg\",\"contentUrl\":\"https:\/\/horticom.ee\/e-pood\/wp-content\/uploads\/importedmedia\/product-153559_0-L14936.jpg\",\"width\":1000,\"height\":1448,\"caption\":\"Hernes Avola - Pisum sativum L. partim\"},{\"@type\":\"BreadcrumbList\",\"@id\":\"https:\/\/horticom.ee\/e-pood\/toode\/hernes-avola-pisum-sativum-l-partim-c\/#breadcrumb\",\"itemListElement\":[{\"@type\":\"ListItem\",\"position\":1,\"name\":\"Home\",\"item\":\"https:\/\/horticom.ee\/e-pood\/\"},{\"@type\":\"ListItem\",\"position\":2,\"name\":\"Pood\",\"item\":\"https:\/\/horticom.ee\/e-pood\/pood\/\"},{\"@type\":\"ListItem\",\"position\":3,\"name\":\"Hernes Avola &#8211; Pisum sativum L. partim\"}]},{\"@type\":\"WebSite\",\"@id\":\"https:\/\/horticom.ee\/e-pood\/#website\",\"url\":\"https:\/\/horticom.ee\/e-pood\/\",\"name\":\"Horticom.ee\",\"description\":\"Aianduskaubad ja kodukaubad nii harrastajatele kui professionaalidele\",\"potentialAction\":[{\"@type\":\"SearchAction\",\"target\":{\"@type\":\"EntryPoint\",\"urlTemplate\":\"https:\/\/horticom.ee\/e-pood\/?s={search_term_string}\"},\"query-input\":{\"@type\":\"PropertyValueSpecification\",\"valueRequired\":true,\"valueName\":\"search_term_string\"}}],\"inLanguage\":\"ru-RU\"}]}<\/script>\n<!-- \/ Yoast SEO plugin. -->","yoast_head_json":{"title":"Hernes Avola - Pisum sativum L. partim - Horticom.ee","description":"Hernes Avola \u2013 v\u00e4ga varajane hernes k\u00f5rgusega kuni 75cm, vajab toestust.","robots":{"index":"index","follow":"follow","max-snippet":"max-snippet:-1","max-image-preview":"max-image-preview:large","max-video-preview":"max-video-preview:-1"},"canonical":"https:\/\/horticom.ee\/e-pood\/toode\/hernes-avola-pisum-sativum-l-partim-c\/","og_locale":"ru_RU","og_type":"article","og_title":"Hernes Avola - Pisum sativum L. partim - Horticom.ee","og_description":"Hernes Avola \u2013 v\u00e4ga varajane hernes k\u00f5rgusega kuni 75cm, vajab toestust.","og_url":"https:\/\/horticom.ee\/e-pood\/toode\/hernes-avola-pisum-sativum-l-partim-c\/","og_site_name":"Horticom.ee","article_publisher":"https:\/\/www.facebook.com\/horticom.ee\/e-pood","article_modified_time":"2026-04-06T13:02:24+00:00","og_image":[{"width":1000,"height":1448,"url":"https:\/\/horticom.ee\/e-pood\/wp-content\/uploads\/importedmedia\/product-153559_0-L14936.jpg","type":"image\/jpeg"}],"twitter_card":"summary_large_image","schema":{"@context":"https:\/\/schema.org","@graph":[{"@type":"WebPage","@id":"https:\/\/horticom.ee\/e-pood\/toode\/hernes-avola-pisum-sativum-l-partim-c\/","url":"https:\/\/horticom.ee\/e-pood\/toode\/hernes-avola-pisum-sativum-l-partim-c\/","name":"Hernes Avola - Pisum sativum L. partim - Horticom.ee","isPartOf":{"@id":"https:\/\/horticom.ee\/e-pood\/#website"},"primaryImageOfPage":{"@id":"https:\/\/horticom.ee\/e-pood\/toode\/hernes-avola-pisum-sativum-l-partim-c\/#primaryimage"},"image":{"@id":"https:\/\/horticom.ee\/e-pood\/toode\/hernes-avola-pisum-sativum-l-partim-c\/#primaryimage"},"thumbnailUrl":"https:\/\/horticom.ee\/e-pood\/wp-content\/uploads\/importedmedia\/product-153559_0-L14936.jpg","datePublished":"2022-01-17T14:07:22+00:00","dateModified":"2026-04-06T13:02:24+00:00","description":"Hernes Avola \u2013 v\u00e4ga varajane hernes k\u00f5rgusega kuni 75cm, vajab toestust.","breadcrumb":{"@id":"https:\/\/horticom.ee\/e-pood\/toode\/hernes-avola-pisum-sativum-l-partim-c\/#breadcrumb"},"inLanguage":"ru-RU","potentialAction":[{"@type":"ReadAction","target":["https:\/\/horticom.ee\/e-pood\/toode\/hernes-avola-pisum-sativum-l-partim-c\/"]}]},{"@type":"ImageObject","inLanguage":"ru-RU","@id":"https:\/\/horticom.ee\/e-pood\/toode\/hernes-avola-pisum-sativum-l-partim-c\/#primaryimage","url":"https:\/\/horticom.ee\/e-pood\/wp-content\/uploads\/importedmedia\/product-153559_0-L14936.jpg","contentUrl":"https:\/\/horticom.ee\/e-pood\/wp-content\/uploads\/importedmedia\/product-153559_0-L14936.jpg","width":1000,"height":1448,"caption":"Hernes Avola - Pisum sativum L. partim"},{"@type":"BreadcrumbList","@id":"https:\/\/horticom.ee\/e-pood\/toode\/hernes-avola-pisum-sativum-l-partim-c\/#breadcrumb","itemListElement":[{"@type":"ListItem","position":1,"name":"Home","item":"https:\/\/horticom.ee\/e-pood\/"},{"@type":"ListItem","position":2,"name":"Pood","item":"https:\/\/horticom.ee\/e-pood\/pood\/"},{"@type":"ListItem","position":3,"name":"Hernes Avola &#8211; Pisum sativum L. partim"}]},{"@type":"WebSite","@id":"https:\/\/horticom.ee\/e-pood\/#website","url":"https:\/\/horticom.ee\/e-pood\/","name":"Horticom.ee","description":"Aianduskaubad ja kodukaubad nii harrastajatele kui professionaalidele","potentialAction":[{"@type":"SearchAction","target":{"@type":"EntryPoint","urlTemplate":"https:\/\/horticom.ee\/e-pood\/?s={search_term_string}"},"query-input":{"@type":"PropertyValueSpecification","valueRequired":true,"valueName":"search_term_string"}}],"inLanguage":"ru-RU"}]}},"_links":{"self":[{"href":"https:\/\/horticom.ee\/e-pood\/ru\/wp-json\/wp\/v2\/product\/153559","targetHints":{"allow":["GET"]}}],"collection":[{"href":"https:\/\/horticom.ee\/e-pood\/ru\/wp-json\/wp\/v2\/product"}],"about":[{"href":"https:\/\/horticom.ee\/e-pood\/ru\/wp-json\/wp\/v2\/types\/product"}],"replies":[{"embeddable":true,"href":"https:\/\/horticom.ee\/e-pood\/ru\/wp-json\/wp\/v2\/comments?post=153559"}],"wp:featuredmedia":[{"embeddable":true,"href":"https:\/\/horticom.ee\/e-pood\/ru\/wp-json\/wp\/v2\/media\/154355"}],"wp:attachment":[{"href":"https:\/\/horticom.ee\/e-pood\/ru\/wp-json\/wp\/v2\/media?parent=153559"}],"wp:term":[{"taxonomy":"product_cat","embeddable":true,"href":"https:\/\/horticom.ee\/e-pood\/ru\/wp-json\/wp\/v2\/product_cat?post=153559"},{"taxonomy":"product_tag","embeddable":true,"href":"https:\/\/horticom.ee\/e-pood\/ru\/wp-json\/wp\/v2\/product_tag?post=153559"}],"curies":[{"name":"wp","href":"https:\/\/api.w.org\/{rel}","templated":true}]}}