{"id":153607,"date":"2022-01-17T16:07:50","date_gmt":"2022-01-17T14:07:50","guid":{"rendered":"https:\/\/aednik24.ee\/toode\/hernes-ambrosia-pisum-sativum-l-partim-b\/"},"modified":"2026-04-06T03:11:19","modified_gmt":"2026-04-06T00:11:19","slug":"hernes-ambrosia-pisum-sativum-l-partim-b","status":"publish","type":"product","link":"https:\/\/horticom.ee\/e-pood\/ru\/toode\/hernes-ambrosia-pisum-sativum-l-partim-b\/","title":{"rendered":"Hernes Ambrosia &#8211; Pisum sativum L. partim"},"content":{"rendered":"<p>Hernes Ambrosia \u2013 keskmiselt varajane spargelherne sort. Toiduks kasutatakse kaunasid koos hernestega. Viljad sobivad keetmiseks, hautamiseks, konserveerimiseks, k\u00fclmutamiseks. K\u00f5ige paremini kasvab keskmise raskusega, \u00f5hku ja vett l\u00e4bilaskvas pinnases. Valmib 50\u201365 p\u00e4eva jooksul. Taim on umbes 60cm k\u00f5rgune.<\/p>\n","protected":false},"excerpt":{"rendered":"<p>Hernes Ambrosia \u2013 keskmiselt varajane spargelherne sort. Toiduks kasutatakse kaunasid koos hernestega. Viljad sobivad keetmiseks, hautamiseks, konserveerimiseks, k\u00fclmutamiseks. K\u00f5ige paremini kasvab keskmise raskusega, \u00f5hku ja vett l\u00e4bilaskvas pinnases. Valmib 50\u201365 p\u00e4eva jooksul. Taim on umbes 60cm k\u00f5rgune.<\/p>\n","protected":false},"featured_media":154239,"comment_status":"closed","ping_status":"closed","template":"","meta":{"_themeisle_gutenberg_block_has_review":false},"product_cat":[13496],"product_tag":[],"class_list":{"0":"post-153607","1":"product","2":"type-product","3":"status-publish","4":"has-post-thumbnail","6":"product_cat-hernes","8":"first","9":"instock","10":"shipping-taxable","11":"purchasable","12":"product-type-simple"},"yoast_head":"<!-- This site is optimized with the Yoast SEO plugin v24.0 - https:\/\/yoast.com\/wordpress\/plugins\/seo\/ -->\n<title>Hernes Ambrosia - Pisum sativum L. partim - Horticom.ee<\/title>\n<meta name=\"description\" content=\"Hernes Ambrosia \u2013 keskmiselt varajane spargelherne sort. Toiduks kasutatakse kaunasid koos hernestega. Taim on umbes 60cm k\u00f5rgune.\" \/>\n<meta name=\"robots\" content=\"index, follow, max-snippet:-1, max-image-preview:large, max-video-preview:-1\" \/>\n<link rel=\"canonical\" href=\"https:\/\/horticom.ee\/e-pood\/toode\/hernes-ambrosia-pisum-sativum-l-partim-b\/\" \/>\n<meta property=\"og:locale\" content=\"ru_RU\" \/>\n<meta property=\"og:type\" content=\"article\" \/>\n<meta property=\"og:title\" content=\"Hernes Ambrosia - Pisum sativum L. partim - Horticom.ee\" \/>\n<meta property=\"og:description\" content=\"Hernes Ambrosia \u2013 keskmiselt varajane spargelherne sort. Toiduks kasutatakse kaunasid koos hernestega. Taim on umbes 60cm k\u00f5rgune.\" \/>\n<meta property=\"og:url\" content=\"https:\/\/horticom.ee\/e-pood\/toode\/hernes-ambrosia-pisum-sativum-l-partim-b\/\" \/>\n<meta property=\"og:site_name\" content=\"Horticom.ee\" \/>\n<meta property=\"article:publisher\" content=\"https:\/\/www.facebook.com\/horticom.ee\/e-pood\" \/>\n<meta property=\"article:modified_time\" content=\"2026-04-06T00:11:19+00:00\" \/>\n<meta property=\"og:image\" content=\"https:\/\/horticom.ee\/e-pood\/wp-content\/uploads\/importedmedia\/product-153607_0-L4905.jpg\" \/>\n\t<meta property=\"og:image:width\" content=\"1000\" \/>\n\t<meta property=\"og:image:height\" content=\"1461\" \/>\n\t<meta property=\"og:image:type\" content=\"image\/jpeg\" \/>\n<meta name=\"twitter:card\" content=\"summary_large_image\" \/>\n<script type=\"application\/ld+json\" class=\"yoast-schema-graph\">{\"@context\":\"https:\/\/schema.org\",\"@graph\":[{\"@type\":\"WebPage\",\"@id\":\"https:\/\/horticom.ee\/e-pood\/toode\/hernes-ambrosia-pisum-sativum-l-partim-b\/\",\"url\":\"https:\/\/horticom.ee\/e-pood\/toode\/hernes-ambrosia-pisum-sativum-l-partim-b\/\",\"name\":\"Hernes Ambrosia - Pisum sativum L. partim - Horticom.ee\",\"isPartOf\":{\"@id\":\"https:\/\/horticom.ee\/e-pood\/#website\"},\"primaryImageOfPage\":{\"@id\":\"https:\/\/horticom.ee\/e-pood\/toode\/hernes-ambrosia-pisum-sativum-l-partim-b\/#primaryimage\"},\"image\":{\"@id\":\"https:\/\/horticom.ee\/e-pood\/toode\/hernes-ambrosia-pisum-sativum-l-partim-b\/#primaryimage\"},\"thumbnailUrl\":\"https:\/\/horticom.ee\/e-pood\/wp-content\/uploads\/importedmedia\/product-153607_0-L4905.jpg\",\"datePublished\":\"2022-01-17T14:07:50+00:00\",\"dateModified\":\"2026-04-06T00:11:19+00:00\",\"description\":\"Hernes Ambrosia \u2013 keskmiselt varajane spargelherne sort. Toiduks kasutatakse kaunasid koos hernestega. Taim on umbes 60cm k\u00f5rgune.\",\"breadcrumb\":{\"@id\":\"https:\/\/horticom.ee\/e-pood\/toode\/hernes-ambrosia-pisum-sativum-l-partim-b\/#breadcrumb\"},\"inLanguage\":\"ru-RU\",\"potentialAction\":[{\"@type\":\"ReadAction\",\"target\":[\"https:\/\/horticom.ee\/e-pood\/toode\/hernes-ambrosia-pisum-sativum-l-partim-b\/\"]}]},{\"@type\":\"ImageObject\",\"inLanguage\":\"ru-RU\",\"@id\":\"https:\/\/horticom.ee\/e-pood\/toode\/hernes-ambrosia-pisum-sativum-l-partim-b\/#primaryimage\",\"url\":\"https:\/\/horticom.ee\/e-pood\/wp-content\/uploads\/importedmedia\/product-153607_0-L4905.jpg\",\"contentUrl\":\"https:\/\/horticom.ee\/e-pood\/wp-content\/uploads\/importedmedia\/product-153607_0-L4905.jpg\",\"width\":1000,\"height\":1461,\"caption\":\"Hernes Ambrosia - Pisum sativum L. partim\"},{\"@type\":\"BreadcrumbList\",\"@id\":\"https:\/\/horticom.ee\/e-pood\/toode\/hernes-ambrosia-pisum-sativum-l-partim-b\/#breadcrumb\",\"itemListElement\":[{\"@type\":\"ListItem\",\"position\":1,\"name\":\"Home\",\"item\":\"https:\/\/horticom.ee\/e-pood\/\"},{\"@type\":\"ListItem\",\"position\":2,\"name\":\"Pood\",\"item\":\"https:\/\/horticom.ee\/e-pood\/pood\/\"},{\"@type\":\"ListItem\",\"position\":3,\"name\":\"Hernes Ambrosia &#8211; Pisum sativum L. partim\"}]},{\"@type\":\"WebSite\",\"@id\":\"https:\/\/horticom.ee\/e-pood\/#website\",\"url\":\"https:\/\/horticom.ee\/e-pood\/\",\"name\":\"Horticom.ee\",\"description\":\"Aianduskaubad ja kodukaubad nii harrastajatele kui professionaalidele\",\"potentialAction\":[{\"@type\":\"SearchAction\",\"target\":{\"@type\":\"EntryPoint\",\"urlTemplate\":\"https:\/\/horticom.ee\/e-pood\/?s={search_term_string}\"},\"query-input\":{\"@type\":\"PropertyValueSpecification\",\"valueRequired\":true,\"valueName\":\"search_term_string\"}}],\"inLanguage\":\"ru-RU\"}]}<\/script>\n<!-- \/ Yoast SEO plugin. -->","yoast_head_json":{"title":"Hernes Ambrosia - Pisum sativum L. partim - Horticom.ee","description":"Hernes Ambrosia \u2013 keskmiselt varajane spargelherne sort. Toiduks kasutatakse kaunasid koos hernestega. Taim on umbes 60cm k\u00f5rgune.","robots":{"index":"index","follow":"follow","max-snippet":"max-snippet:-1","max-image-preview":"max-image-preview:large","max-video-preview":"max-video-preview:-1"},"canonical":"https:\/\/horticom.ee\/e-pood\/toode\/hernes-ambrosia-pisum-sativum-l-partim-b\/","og_locale":"ru_RU","og_type":"article","og_title":"Hernes Ambrosia - Pisum sativum L. partim - Horticom.ee","og_description":"Hernes Ambrosia \u2013 keskmiselt varajane spargelherne sort. Toiduks kasutatakse kaunasid koos hernestega. Taim on umbes 60cm k\u00f5rgune.","og_url":"https:\/\/horticom.ee\/e-pood\/toode\/hernes-ambrosia-pisum-sativum-l-partim-b\/","og_site_name":"Horticom.ee","article_publisher":"https:\/\/www.facebook.com\/horticom.ee\/e-pood","article_modified_time":"2026-04-06T00:11:19+00:00","og_image":[{"width":1000,"height":1461,"url":"https:\/\/horticom.ee\/e-pood\/wp-content\/uploads\/importedmedia\/product-153607_0-L4905.jpg","type":"image\/jpeg"}],"twitter_card":"summary_large_image","schema":{"@context":"https:\/\/schema.org","@graph":[{"@type":"WebPage","@id":"https:\/\/horticom.ee\/e-pood\/toode\/hernes-ambrosia-pisum-sativum-l-partim-b\/","url":"https:\/\/horticom.ee\/e-pood\/toode\/hernes-ambrosia-pisum-sativum-l-partim-b\/","name":"Hernes Ambrosia - Pisum sativum L. partim - Horticom.ee","isPartOf":{"@id":"https:\/\/horticom.ee\/e-pood\/#website"},"primaryImageOfPage":{"@id":"https:\/\/horticom.ee\/e-pood\/toode\/hernes-ambrosia-pisum-sativum-l-partim-b\/#primaryimage"},"image":{"@id":"https:\/\/horticom.ee\/e-pood\/toode\/hernes-ambrosia-pisum-sativum-l-partim-b\/#primaryimage"},"thumbnailUrl":"https:\/\/horticom.ee\/e-pood\/wp-content\/uploads\/importedmedia\/product-153607_0-L4905.jpg","datePublished":"2022-01-17T14:07:50+00:00","dateModified":"2026-04-06T00:11:19+00:00","description":"Hernes Ambrosia \u2013 keskmiselt varajane spargelherne sort. Toiduks kasutatakse kaunasid koos hernestega. Taim on umbes 60cm k\u00f5rgune.","breadcrumb":{"@id":"https:\/\/horticom.ee\/e-pood\/toode\/hernes-ambrosia-pisum-sativum-l-partim-b\/#breadcrumb"},"inLanguage":"ru-RU","potentialAction":[{"@type":"ReadAction","target":["https:\/\/horticom.ee\/e-pood\/toode\/hernes-ambrosia-pisum-sativum-l-partim-b\/"]}]},{"@type":"ImageObject","inLanguage":"ru-RU","@id":"https:\/\/horticom.ee\/e-pood\/toode\/hernes-ambrosia-pisum-sativum-l-partim-b\/#primaryimage","url":"https:\/\/horticom.ee\/e-pood\/wp-content\/uploads\/importedmedia\/product-153607_0-L4905.jpg","contentUrl":"https:\/\/horticom.ee\/e-pood\/wp-content\/uploads\/importedmedia\/product-153607_0-L4905.jpg","width":1000,"height":1461,"caption":"Hernes Ambrosia - Pisum sativum L. partim"},{"@type":"BreadcrumbList","@id":"https:\/\/horticom.ee\/e-pood\/toode\/hernes-ambrosia-pisum-sativum-l-partim-b\/#breadcrumb","itemListElement":[{"@type":"ListItem","position":1,"name":"Home","item":"https:\/\/horticom.ee\/e-pood\/"},{"@type":"ListItem","position":2,"name":"Pood","item":"https:\/\/horticom.ee\/e-pood\/pood\/"},{"@type":"ListItem","position":3,"name":"Hernes Ambrosia &#8211; Pisum sativum L. partim"}]},{"@type":"WebSite","@id":"https:\/\/horticom.ee\/e-pood\/#website","url":"https:\/\/horticom.ee\/e-pood\/","name":"Horticom.ee","description":"Aianduskaubad ja kodukaubad nii harrastajatele kui professionaalidele","potentialAction":[{"@type":"SearchAction","target":{"@type":"EntryPoint","urlTemplate":"https:\/\/horticom.ee\/e-pood\/?s={search_term_string}"},"query-input":{"@type":"PropertyValueSpecification","valueRequired":true,"valueName":"search_term_string"}}],"inLanguage":"ru-RU"}]}},"_links":{"self":[{"href":"https:\/\/horticom.ee\/e-pood\/ru\/wp-json\/wp\/v2\/product\/153607","targetHints":{"allow":["GET"]}}],"collection":[{"href":"https:\/\/horticom.ee\/e-pood\/ru\/wp-json\/wp\/v2\/product"}],"about":[{"href":"https:\/\/horticom.ee\/e-pood\/ru\/wp-json\/wp\/v2\/types\/product"}],"replies":[{"embeddable":true,"href":"https:\/\/horticom.ee\/e-pood\/ru\/wp-json\/wp\/v2\/comments?post=153607"}],"wp:featuredmedia":[{"embeddable":true,"href":"https:\/\/horticom.ee\/e-pood\/ru\/wp-json\/wp\/v2\/media\/154239"}],"wp:attachment":[{"href":"https:\/\/horticom.ee\/e-pood\/ru\/wp-json\/wp\/v2\/media?parent=153607"}],"wp:term":[{"taxonomy":"product_cat","embeddable":true,"href":"https:\/\/horticom.ee\/e-pood\/ru\/wp-json\/wp\/v2\/product_cat?post=153607"},{"taxonomy":"product_tag","embeddable":true,"href":"https:\/\/horticom.ee\/e-pood\/ru\/wp-json\/wp\/v2\/product_tag?post=153607"}],"curies":[{"name":"wp","href":"https:\/\/api.w.org\/{rel}","templated":true}]}}