{"id":153608,"date":"2022-01-17T16:07:51","date_gmt":"2022-01-17T14:07:51","guid":{"rendered":"https:\/\/aednik24.ee\/toode\/peet-egipski-beta-vulgaris\/"},"modified":"2026-04-24T03:10:07","modified_gmt":"2026-04-24T00:10:07","slug":"peet-egipski-beta-vulgaris","status":"publish","type":"product","link":"https:\/\/horticom.ee\/e-pood\/ru\/toode\/peet-egipski-beta-vulgaris\/","title":{"rendered":"Peet Egipski Beta vulgaris"},"content":{"rendered":"<p>Peet Egiptus on saagikas sort. Sobib varaseks korjeks, n\u00e4iteks pealsete korjamiseks. Ideaalne talviseks s\u00e4ilitamiseks, vahetuks tarbimiseks, suppide, mahlade jms. valmistamiseks. Peetide kasvatamiseks sobib p\u00f5ld teist v\u00f5i kolmandat aastat p\u00e4rast s\u00f5nnikuga v\u00e4etamist. Peedid ei talu varjulist kasvukohta. Nende kasvatamiseks sobib peaaegu iga pinnas, mis on piisavalt niiske ja viljakas, h\u00e4sti haritud ega ole happeline.<\/p>\n","protected":false},"excerpt":{"rendered":"<p>Peet Egiptus on saagikas sort. Sobib varaseks korjeks, n\u00e4iteks pealsete korjamiseks. Ideaalne talviseks s\u00e4ilitamiseks, vahetuks tarbimiseks, suppide, mahlade jms. valmistamiseks. Peetide kasvatamiseks sobib p\u00f5ld teist v\u00f5i kolmandat aastat p\u00e4rast s\u00f5nnikuga v\u00e4etamist. Peedid ei talu varjulist kasvukohta. Nende kasvatamiseks sobib peaaegu iga pinnas, mis on piisavalt niiske ja viljakas, h\u00e4sti haritud ega ole happeline.<\/p>\n","protected":false},"featured_media":154237,"comment_status":"closed","ping_status":"closed","template":"","meta":{"_themeisle_gutenberg_block_has_review":false},"product_cat":[13488],"product_tag":[],"class_list":{"0":"post-153608","1":"product","2":"type-product","3":"status-publish","4":"has-post-thumbnail","6":"product_cat-peet-punapeet-kaalikas","8":"first","9":"outofstock","10":"shipping-taxable","11":"purchasable","12":"product-type-simple"},"yoast_head":"<!-- This site is optimized with the Yoast SEO plugin v24.0 - https:\/\/yoast.com\/wordpress\/plugins\/seo\/ -->\n<title>Peet Egipski Beta vulgaris - Horticom.ee\/e-pood<\/title>\n<meta name=\"description\" content=\"Peet Egiptus, varajane ja saagikas sort. Sobib korjeks ja talviseks s\u00e4ilitamiseks. Kasvab h\u00e4sti niiskes ja viljakas pinnases.\" \/>\n<meta name=\"robots\" content=\"index, follow, max-snippet:-1, max-image-preview:large, max-video-preview:-1\" \/>\n<link rel=\"canonical\" href=\"https:\/\/horticom.ee\/e-pood\/toode\/peet-egipski-beta-vulgaris\/\" \/>\n<meta property=\"og:locale\" content=\"ru_RU\" \/>\n<meta property=\"og:type\" content=\"article\" \/>\n<meta property=\"og:title\" content=\"Peet Egipski Beta vulgaris - Horticom.ee\/e-pood\" \/>\n<meta property=\"og:description\" content=\"Peet Egiptus, varajane ja saagikas sort. Sobib korjeks ja talviseks s\u00e4ilitamiseks. Kasvab h\u00e4sti niiskes ja viljakas pinnases.\" \/>\n<meta property=\"og:url\" content=\"https:\/\/horticom.ee\/e-pood\/toode\/peet-egipski-beta-vulgaris\/\" \/>\n<meta property=\"og:site_name\" content=\"Horticom.ee\" \/>\n<meta property=\"article:publisher\" content=\"https:\/\/www.facebook.com\/horticom.ee\/e-pood\" \/>\n<meta property=\"article:modified_time\" content=\"2026-04-24T00:10:07+00:00\" \/>\n<meta property=\"og:image\" content=\"https:\/\/horticom.ee\/e-pood\/wp-content\/uploads\/importedmedia\/product-153608_0-VC606.jpg\" \/>\n\t<meta property=\"og:image:width\" content=\"1000\" \/>\n\t<meta property=\"og:image:height\" content=\"1398\" \/>\n\t<meta property=\"og:image:type\" content=\"image\/jpeg\" \/>\n<meta name=\"twitter:card\" content=\"summary_large_image\" \/>\n<script type=\"application\/ld+json\" class=\"yoast-schema-graph\">{\"@context\":\"https:\/\/schema.org\",\"@graph\":[{\"@type\":\"WebPage\",\"@id\":\"https:\/\/horticom.ee\/e-pood\/toode\/peet-egipski-beta-vulgaris\/\",\"url\":\"https:\/\/horticom.ee\/e-pood\/toode\/peet-egipski-beta-vulgaris\/\",\"name\":\"Peet Egipski Beta vulgaris - Horticom.ee\/e-pood\",\"isPartOf\":{\"@id\":\"https:\/\/horticom.ee\/e-pood\/#website\"},\"primaryImageOfPage\":{\"@id\":\"https:\/\/horticom.ee\/e-pood\/toode\/peet-egipski-beta-vulgaris\/#primaryimage\"},\"image\":{\"@id\":\"https:\/\/horticom.ee\/e-pood\/toode\/peet-egipski-beta-vulgaris\/#primaryimage\"},\"thumbnailUrl\":\"https:\/\/horticom.ee\/e-pood\/wp-content\/uploads\/importedmedia\/product-153608_0-VC606.jpg\",\"datePublished\":\"2022-01-17T14:07:51+00:00\",\"dateModified\":\"2026-04-24T00:10:07+00:00\",\"description\":\"Peet Egiptus, varajane ja saagikas sort. Sobib korjeks ja talviseks s\u00e4ilitamiseks. Kasvab h\u00e4sti niiskes ja viljakas pinnases.\",\"breadcrumb\":{\"@id\":\"https:\/\/horticom.ee\/e-pood\/toode\/peet-egipski-beta-vulgaris\/#breadcrumb\"},\"inLanguage\":\"ru-RU\",\"potentialAction\":[{\"@type\":\"ReadAction\",\"target\":[\"https:\/\/horticom.ee\/e-pood\/toode\/peet-egipski-beta-vulgaris\/\"]}]},{\"@type\":\"ImageObject\",\"inLanguage\":\"ru-RU\",\"@id\":\"https:\/\/horticom.ee\/e-pood\/toode\/peet-egipski-beta-vulgaris\/#primaryimage\",\"url\":\"https:\/\/horticom.ee\/e-pood\/wp-content\/uploads\/importedmedia\/product-153608_0-VC606.jpg\",\"contentUrl\":\"https:\/\/horticom.ee\/e-pood\/wp-content\/uploads\/importedmedia\/product-153608_0-VC606.jpg\",\"width\":1000,\"height\":1398,\"caption\":\"Peet Egipski Beta vulgaris\"},{\"@type\":\"BreadcrumbList\",\"@id\":\"https:\/\/horticom.ee\/e-pood\/toode\/peet-egipski-beta-vulgaris\/#breadcrumb\",\"itemListElement\":[{\"@type\":\"ListItem\",\"position\":1,\"name\":\"Home\",\"item\":\"https:\/\/horticom.ee\/e-pood\/\"},{\"@type\":\"ListItem\",\"position\":2,\"name\":\"Pood\",\"item\":\"https:\/\/horticom.ee\/e-pood\/pood\/\"},{\"@type\":\"ListItem\",\"position\":3,\"name\":\"Peet Egipski Beta vulgaris\"}]},{\"@type\":\"WebSite\",\"@id\":\"https:\/\/horticom.ee\/e-pood\/#website\",\"url\":\"https:\/\/horticom.ee\/e-pood\/\",\"name\":\"Horticom.ee\",\"description\":\"Aianduskaubad ja kodukaubad nii harrastajatele kui professionaalidele\",\"potentialAction\":[{\"@type\":\"SearchAction\",\"target\":{\"@type\":\"EntryPoint\",\"urlTemplate\":\"https:\/\/horticom.ee\/e-pood\/?s={search_term_string}\"},\"query-input\":{\"@type\":\"PropertyValueSpecification\",\"valueRequired\":true,\"valueName\":\"search_term_string\"}}],\"inLanguage\":\"ru-RU\"}]}<\/script>\n<!-- \/ Yoast SEO plugin. -->","yoast_head_json":{"title":"Peet Egipski Beta vulgaris - Horticom.ee\/e-pood","description":"Peet Egiptus, varajane ja saagikas sort. Sobib korjeks ja talviseks s\u00e4ilitamiseks. Kasvab h\u00e4sti niiskes ja viljakas pinnases.","robots":{"index":"index","follow":"follow","max-snippet":"max-snippet:-1","max-image-preview":"max-image-preview:large","max-video-preview":"max-video-preview:-1"},"canonical":"https:\/\/horticom.ee\/e-pood\/toode\/peet-egipski-beta-vulgaris\/","og_locale":"ru_RU","og_type":"article","og_title":"Peet Egipski Beta vulgaris - Horticom.ee\/e-pood","og_description":"Peet Egiptus, varajane ja saagikas sort. Sobib korjeks ja talviseks s\u00e4ilitamiseks. Kasvab h\u00e4sti niiskes ja viljakas pinnases.","og_url":"https:\/\/horticom.ee\/e-pood\/toode\/peet-egipski-beta-vulgaris\/","og_site_name":"Horticom.ee","article_publisher":"https:\/\/www.facebook.com\/horticom.ee\/e-pood","article_modified_time":"2026-04-24T00:10:07+00:00","og_image":[{"width":1000,"height":1398,"url":"https:\/\/horticom.ee\/e-pood\/wp-content\/uploads\/importedmedia\/product-153608_0-VC606.jpg","type":"image\/jpeg"}],"twitter_card":"summary_large_image","schema":{"@context":"https:\/\/schema.org","@graph":[{"@type":"WebPage","@id":"https:\/\/horticom.ee\/e-pood\/toode\/peet-egipski-beta-vulgaris\/","url":"https:\/\/horticom.ee\/e-pood\/toode\/peet-egipski-beta-vulgaris\/","name":"Peet Egipski Beta vulgaris - Horticom.ee\/e-pood","isPartOf":{"@id":"https:\/\/horticom.ee\/e-pood\/#website"},"primaryImageOfPage":{"@id":"https:\/\/horticom.ee\/e-pood\/toode\/peet-egipski-beta-vulgaris\/#primaryimage"},"image":{"@id":"https:\/\/horticom.ee\/e-pood\/toode\/peet-egipski-beta-vulgaris\/#primaryimage"},"thumbnailUrl":"https:\/\/horticom.ee\/e-pood\/wp-content\/uploads\/importedmedia\/product-153608_0-VC606.jpg","datePublished":"2022-01-17T14:07:51+00:00","dateModified":"2026-04-24T00:10:07+00:00","description":"Peet Egiptus, varajane ja saagikas sort. Sobib korjeks ja talviseks s\u00e4ilitamiseks. Kasvab h\u00e4sti niiskes ja viljakas pinnases.","breadcrumb":{"@id":"https:\/\/horticom.ee\/e-pood\/toode\/peet-egipski-beta-vulgaris\/#breadcrumb"},"inLanguage":"ru-RU","potentialAction":[{"@type":"ReadAction","target":["https:\/\/horticom.ee\/e-pood\/toode\/peet-egipski-beta-vulgaris\/"]}]},{"@type":"ImageObject","inLanguage":"ru-RU","@id":"https:\/\/horticom.ee\/e-pood\/toode\/peet-egipski-beta-vulgaris\/#primaryimage","url":"https:\/\/horticom.ee\/e-pood\/wp-content\/uploads\/importedmedia\/product-153608_0-VC606.jpg","contentUrl":"https:\/\/horticom.ee\/e-pood\/wp-content\/uploads\/importedmedia\/product-153608_0-VC606.jpg","width":1000,"height":1398,"caption":"Peet Egipski Beta vulgaris"},{"@type":"BreadcrumbList","@id":"https:\/\/horticom.ee\/e-pood\/toode\/peet-egipski-beta-vulgaris\/#breadcrumb","itemListElement":[{"@type":"ListItem","position":1,"name":"Home","item":"https:\/\/horticom.ee\/e-pood\/"},{"@type":"ListItem","position":2,"name":"Pood","item":"https:\/\/horticom.ee\/e-pood\/pood\/"},{"@type":"ListItem","position":3,"name":"Peet Egipski Beta vulgaris"}]},{"@type":"WebSite","@id":"https:\/\/horticom.ee\/e-pood\/#website","url":"https:\/\/horticom.ee\/e-pood\/","name":"Horticom.ee","description":"Aianduskaubad ja kodukaubad nii harrastajatele kui professionaalidele","potentialAction":[{"@type":"SearchAction","target":{"@type":"EntryPoint","urlTemplate":"https:\/\/horticom.ee\/e-pood\/?s={search_term_string}"},"query-input":{"@type":"PropertyValueSpecification","valueRequired":true,"valueName":"search_term_string"}}],"inLanguage":"ru-RU"}]}},"_links":{"self":[{"href":"https:\/\/horticom.ee\/e-pood\/ru\/wp-json\/wp\/v2\/product\/153608","targetHints":{"allow":["GET"]}}],"collection":[{"href":"https:\/\/horticom.ee\/e-pood\/ru\/wp-json\/wp\/v2\/product"}],"about":[{"href":"https:\/\/horticom.ee\/e-pood\/ru\/wp-json\/wp\/v2\/types\/product"}],"replies":[{"embeddable":true,"href":"https:\/\/horticom.ee\/e-pood\/ru\/wp-json\/wp\/v2\/comments?post=153608"}],"wp:featuredmedia":[{"embeddable":true,"href":"https:\/\/horticom.ee\/e-pood\/ru\/wp-json\/wp\/v2\/media\/154237"}],"wp:attachment":[{"href":"https:\/\/horticom.ee\/e-pood\/ru\/wp-json\/wp\/v2\/media?parent=153608"}],"wp:term":[{"taxonomy":"product_cat","embeddable":true,"href":"https:\/\/horticom.ee\/e-pood\/ru\/wp-json\/wp\/v2\/product_cat?post=153608"},{"taxonomy":"product_tag","embeddable":true,"href":"https:\/\/horticom.ee\/e-pood\/ru\/wp-json\/wp\/v2\/product_tag?post=153608"}],"curies":[{"name":"wp","href":"https:\/\/api.w.org\/{rel}","templated":true}]}}