{"id":153609,"date":"2022-01-17T16:07:52","date_gmt":"2022-01-17T14:07:52","guid":{"rendered":"https:\/\/aednik24.ee\/toode\/till-lucullus-anethum-graveolens\/"},"modified":"2026-05-04T13:09:25","modified_gmt":"2026-05-04T10:09:25","slug":"till-lucullus-anethum-graveolens","status":"publish","type":"product","link":"https:\/\/horticom.ee\/e-pood\/ru\/toode\/till-lucullus-anethum-graveolens\/","title":{"rendered":"Till Lucullus Anethum graveolens"},"content":{"rendered":"<p>Till Lucullus on v\u00e4ga aromaatne sort, sisaldab vitamiine, mineraalsoolasid ja eeterlikku \u00f5li, mis toimib ka antiseptikuna. Ideaalne lisandina igasuguste toitude, salatite, v\u00f5ileibade, toorsalatite juurde ja maitseainena. K\u00fclvi korratakse paar korda, varakevadest augusti keskpaigani. N\u00f5uab mitte v\u00e4ga rasket, viljakat, parasniisket pinnast ja p\u00e4ikesepaistelist kasvukohta.<\/p>\n","protected":false},"excerpt":{"rendered":"<p>Till Lucullus on v\u00e4ga aromaatne sort, sisaldab vitamiine, mineraalsoolasid ja eeterlikku \u00f5li, mis toimib ka antiseptikuna. Ideaalne lisandina igasuguste toitude, salatite, v\u00f5ileibade, toorsalatite juurde ja maitseainena. K\u00fclvi korratakse paar korda, varakevadest augusti keskpaigani. N\u00f5uab mitte v\u00e4ga rasket, viljakat, parasniisket pinnast ja p\u00e4ikesepaistelist kasvukohta.<\/p>\n","protected":false},"featured_media":154235,"comment_status":"closed","ping_status":"closed","template":"","meta":{"_themeisle_gutenberg_block_has_review":false},"product_cat":[13490],"product_tag":[],"class_list":{"0":"post-153609","1":"product","2":"type-product","3":"status-publish","4":"has-post-thumbnail","6":"product_cat-maitsetaimede-seemned","8":"first","9":"instock","10":"shipping-taxable","11":"purchasable","12":"product-type-simple"},"yoast_head":"<!-- This site is optimized with the Yoast SEO plugin v24.0 - https:\/\/yoast.com\/wordpress\/plugins\/seo\/ -->\n<title>Till Lucullus Anethum graveolens - Horticom.ee\/e-pood<\/title>\n<meta name=\"description\" content=\"Till Lucullus \u2013 v\u00e4ga aromaatne, sisaldab vitamiine ja mineraale. Ideaalne lisand salatitesse ja roogadesse.\" \/>\n<meta name=\"robots\" content=\"index, follow, max-snippet:-1, max-image-preview:large, max-video-preview:-1\" \/>\n<link rel=\"canonical\" href=\"https:\/\/horticom.ee\/e-pood\/toode\/till-lucullus-anethum-graveolens\/\" \/>\n<meta property=\"og:locale\" content=\"ru_RU\" \/>\n<meta property=\"og:type\" content=\"article\" \/>\n<meta property=\"og:title\" content=\"Till Lucullus Anethum graveolens - Horticom.ee\/e-pood\" \/>\n<meta property=\"og:description\" content=\"Till Lucullus \u2013 v\u00e4ga aromaatne, sisaldab vitamiine ja mineraale. Ideaalne lisand salatitesse ja roogadesse.\" \/>\n<meta property=\"og:url\" content=\"https:\/\/horticom.ee\/e-pood\/toode\/till-lucullus-anethum-graveolens\/\" \/>\n<meta property=\"og:site_name\" content=\"Horticom.ee\" \/>\n<meta property=\"article:publisher\" content=\"https:\/\/www.facebook.com\/horticom.ee\/e-pood\" \/>\n<meta property=\"article:modified_time\" content=\"2026-05-04T10:09:25+00:00\" \/>\n<meta property=\"og:image\" content=\"https:\/\/horticom.ee\/e-pood\/wp-content\/uploads\/importedmedia\/product-153609_0-VC835-522x1024.jpg\" \/>\n\t<meta property=\"og:image:width\" content=\"522\" \/>\n\t<meta property=\"og:image:height\" content=\"1024\" \/>\n\t<meta property=\"og:image:type\" content=\"image\/jpeg\" \/>\n<meta name=\"twitter:card\" content=\"summary_large_image\" \/>\n<script type=\"application\/ld+json\" class=\"yoast-schema-graph\">{\"@context\":\"https:\/\/schema.org\",\"@graph\":[{\"@type\":\"WebPage\",\"@id\":\"https:\/\/horticom.ee\/e-pood\/toode\/till-lucullus-anethum-graveolens\/\",\"url\":\"https:\/\/horticom.ee\/e-pood\/toode\/till-lucullus-anethum-graveolens\/\",\"name\":\"Till Lucullus Anethum graveolens - Horticom.ee\/e-pood\",\"isPartOf\":{\"@id\":\"https:\/\/horticom.ee\/e-pood\/#website\"},\"primaryImageOfPage\":{\"@id\":\"https:\/\/horticom.ee\/e-pood\/toode\/till-lucullus-anethum-graveolens\/#primaryimage\"},\"image\":{\"@id\":\"https:\/\/horticom.ee\/e-pood\/toode\/till-lucullus-anethum-graveolens\/#primaryimage\"},\"thumbnailUrl\":\"https:\/\/horticom.ee\/e-pood\/wp-content\/uploads\/importedmedia\/product-153609_0-VC835.jpg\",\"datePublished\":\"2022-01-17T14:07:52+00:00\",\"dateModified\":\"2026-05-04T10:09:25+00:00\",\"description\":\"Till Lucullus \u2013 v\u00e4ga aromaatne, sisaldab vitamiine ja mineraale. Ideaalne lisand salatitesse ja roogadesse.\",\"breadcrumb\":{\"@id\":\"https:\/\/horticom.ee\/e-pood\/toode\/till-lucullus-anethum-graveolens\/#breadcrumb\"},\"inLanguage\":\"ru-RU\",\"potentialAction\":[{\"@type\":\"ReadAction\",\"target\":[\"https:\/\/horticom.ee\/e-pood\/toode\/till-lucullus-anethum-graveolens\/\"]}]},{\"@type\":\"ImageObject\",\"inLanguage\":\"ru-RU\",\"@id\":\"https:\/\/horticom.ee\/e-pood\/toode\/till-lucullus-anethum-graveolens\/#primaryimage\",\"url\":\"https:\/\/horticom.ee\/e-pood\/wp-content\/uploads\/importedmedia\/product-153609_0-VC835.jpg\",\"contentUrl\":\"https:\/\/horticom.ee\/e-pood\/wp-content\/uploads\/importedmedia\/product-153609_0-VC835.jpg\",\"width\":1000,\"height\":1960,\"caption\":\"Till Lucullus Anethum graveolens\"},{\"@type\":\"BreadcrumbList\",\"@id\":\"https:\/\/horticom.ee\/e-pood\/toode\/till-lucullus-anethum-graveolens\/#breadcrumb\",\"itemListElement\":[{\"@type\":\"ListItem\",\"position\":1,\"name\":\"Home\",\"item\":\"https:\/\/horticom.ee\/e-pood\/\"},{\"@type\":\"ListItem\",\"position\":2,\"name\":\"Pood\",\"item\":\"https:\/\/horticom.ee\/e-pood\/pood\/\"},{\"@type\":\"ListItem\",\"position\":3,\"name\":\"Till Lucullus Anethum graveolens\"}]},{\"@type\":\"WebSite\",\"@id\":\"https:\/\/horticom.ee\/e-pood\/#website\",\"url\":\"https:\/\/horticom.ee\/e-pood\/\",\"name\":\"Horticom.ee\",\"description\":\"Aianduskaubad ja kodukaubad nii harrastajatele kui professionaalidele\",\"potentialAction\":[{\"@type\":\"SearchAction\",\"target\":{\"@type\":\"EntryPoint\",\"urlTemplate\":\"https:\/\/horticom.ee\/e-pood\/?s={search_term_string}\"},\"query-input\":{\"@type\":\"PropertyValueSpecification\",\"valueRequired\":true,\"valueName\":\"search_term_string\"}}],\"inLanguage\":\"ru-RU\"}]}<\/script>\n<!-- \/ Yoast SEO plugin. -->","yoast_head_json":{"title":"Till Lucullus Anethum graveolens - Horticom.ee\/e-pood","description":"Till Lucullus \u2013 v\u00e4ga aromaatne, sisaldab vitamiine ja mineraale. Ideaalne lisand salatitesse ja roogadesse.","robots":{"index":"index","follow":"follow","max-snippet":"max-snippet:-1","max-image-preview":"max-image-preview:large","max-video-preview":"max-video-preview:-1"},"canonical":"https:\/\/horticom.ee\/e-pood\/toode\/till-lucullus-anethum-graveolens\/","og_locale":"ru_RU","og_type":"article","og_title":"Till Lucullus Anethum graveolens - Horticom.ee\/e-pood","og_description":"Till Lucullus \u2013 v\u00e4ga aromaatne, sisaldab vitamiine ja mineraale. Ideaalne lisand salatitesse ja roogadesse.","og_url":"https:\/\/horticom.ee\/e-pood\/toode\/till-lucullus-anethum-graveolens\/","og_site_name":"Horticom.ee","article_publisher":"https:\/\/www.facebook.com\/horticom.ee\/e-pood","article_modified_time":"2026-05-04T10:09:25+00:00","og_image":[{"width":522,"height":1024,"url":"https:\/\/horticom.ee\/e-pood\/wp-content\/uploads\/importedmedia\/product-153609_0-VC835-522x1024.jpg","type":"image\/jpeg"}],"twitter_card":"summary_large_image","schema":{"@context":"https:\/\/schema.org","@graph":[{"@type":"WebPage","@id":"https:\/\/horticom.ee\/e-pood\/toode\/till-lucullus-anethum-graveolens\/","url":"https:\/\/horticom.ee\/e-pood\/toode\/till-lucullus-anethum-graveolens\/","name":"Till Lucullus Anethum graveolens - Horticom.ee\/e-pood","isPartOf":{"@id":"https:\/\/horticom.ee\/e-pood\/#website"},"primaryImageOfPage":{"@id":"https:\/\/horticom.ee\/e-pood\/toode\/till-lucullus-anethum-graveolens\/#primaryimage"},"image":{"@id":"https:\/\/horticom.ee\/e-pood\/toode\/till-lucullus-anethum-graveolens\/#primaryimage"},"thumbnailUrl":"https:\/\/horticom.ee\/e-pood\/wp-content\/uploads\/importedmedia\/product-153609_0-VC835.jpg","datePublished":"2022-01-17T14:07:52+00:00","dateModified":"2026-05-04T10:09:25+00:00","description":"Till Lucullus \u2013 v\u00e4ga aromaatne, sisaldab vitamiine ja mineraale. Ideaalne lisand salatitesse ja roogadesse.","breadcrumb":{"@id":"https:\/\/horticom.ee\/e-pood\/toode\/till-lucullus-anethum-graveolens\/#breadcrumb"},"inLanguage":"ru-RU","potentialAction":[{"@type":"ReadAction","target":["https:\/\/horticom.ee\/e-pood\/toode\/till-lucullus-anethum-graveolens\/"]}]},{"@type":"ImageObject","inLanguage":"ru-RU","@id":"https:\/\/horticom.ee\/e-pood\/toode\/till-lucullus-anethum-graveolens\/#primaryimage","url":"https:\/\/horticom.ee\/e-pood\/wp-content\/uploads\/importedmedia\/product-153609_0-VC835.jpg","contentUrl":"https:\/\/horticom.ee\/e-pood\/wp-content\/uploads\/importedmedia\/product-153609_0-VC835.jpg","width":1000,"height":1960,"caption":"Till Lucullus Anethum graveolens"},{"@type":"BreadcrumbList","@id":"https:\/\/horticom.ee\/e-pood\/toode\/till-lucullus-anethum-graveolens\/#breadcrumb","itemListElement":[{"@type":"ListItem","position":1,"name":"Home","item":"https:\/\/horticom.ee\/e-pood\/"},{"@type":"ListItem","position":2,"name":"Pood","item":"https:\/\/horticom.ee\/e-pood\/pood\/"},{"@type":"ListItem","position":3,"name":"Till Lucullus Anethum graveolens"}]},{"@type":"WebSite","@id":"https:\/\/horticom.ee\/e-pood\/#website","url":"https:\/\/horticom.ee\/e-pood\/","name":"Horticom.ee","description":"Aianduskaubad ja kodukaubad nii harrastajatele kui professionaalidele","potentialAction":[{"@type":"SearchAction","target":{"@type":"EntryPoint","urlTemplate":"https:\/\/horticom.ee\/e-pood\/?s={search_term_string}"},"query-input":{"@type":"PropertyValueSpecification","valueRequired":true,"valueName":"search_term_string"}}],"inLanguage":"ru-RU"}]}},"_links":{"self":[{"href":"https:\/\/horticom.ee\/e-pood\/ru\/wp-json\/wp\/v2\/product\/153609","targetHints":{"allow":["GET"]}}],"collection":[{"href":"https:\/\/horticom.ee\/e-pood\/ru\/wp-json\/wp\/v2\/product"}],"about":[{"href":"https:\/\/horticom.ee\/e-pood\/ru\/wp-json\/wp\/v2\/types\/product"}],"replies":[{"embeddable":true,"href":"https:\/\/horticom.ee\/e-pood\/ru\/wp-json\/wp\/v2\/comments?post=153609"}],"wp:featuredmedia":[{"embeddable":true,"href":"https:\/\/horticom.ee\/e-pood\/ru\/wp-json\/wp\/v2\/media\/154235"}],"wp:attachment":[{"href":"https:\/\/horticom.ee\/e-pood\/ru\/wp-json\/wp\/v2\/media?parent=153609"}],"wp:term":[{"taxonomy":"product_cat","embeddable":true,"href":"https:\/\/horticom.ee\/e-pood\/ru\/wp-json\/wp\/v2\/product_cat?post=153609"},{"taxonomy":"product_tag","embeddable":true,"href":"https:\/\/horticom.ee\/e-pood\/ru\/wp-json\/wp\/v2\/product_tag?post=153609"}],"curies":[{"name":"wp","href":"https:\/\/api.w.org\/{rel}","templated":true}]}}