{"id":153616,"date":"2022-01-17T16:07:56","date_gmt":"2022-01-17T14:07:56","guid":{"rendered":"https:\/\/aednik24.ee\/toode\/istutuspott-green-basics-30-x-28cm-tumehall\/"},"modified":"2026-04-13T15:02:30","modified_gmt":"2026-04-13T12:02:30","slug":"istutuspott-green-basics-30-x-28cm-tumehall","status":"publish","type":"product","link":"https:\/\/horticom.ee\/e-pood\/ru\/toode\/istutuspott-green-basics-30-x-28cm-tumehall\/","title":{"rendered":"Istutuspott Elho Green Basics d 30 x 28cm 12L must"},"content":{"rendered":"<p>Istutuspott Green Basics on valmistatud kvaliteetsest \u00fcmbert\u00f6\u00f6deldud plastikust ning v\u00e4ljat\u00f6\u00f6tatud koost\u00f6\u00f6s professionaalsete kasvatajatega. T\u00e4nu unikaalsele p\u00f5hjale saavad taimed hea ventilatsiooni. Istutamiseks potti sobivad, taimed, maitsetaimed, k\u00f6\u00f6giviljad v\u00f5i puuviljad. Potid on saadaval erinevates m\u00f5\u00f5tudes ja v\u00e4rvitoonides. Toote valmistamisel kasutatakse erilisi v\u00e4rvipigmente, mist\u00f5ttu toodetel p\u00fcsib originaalv\u00e4rv kauem. Istutuspotile on sobiv alus &#8211; Istutuspoti alus Green Basics 29cm tumehall.<\/p>\n","protected":false},"excerpt":{"rendered":"<p>Istutuspott Green Basics on valmistatud kvaliteetsest \u00fcmbert\u00f6\u00f6deldud plastikust ning v\u00e4ljat\u00f6\u00f6tatud koost\u00f6\u00f6s professionaalsete kasvatajatega. T\u00e4nu unikaalsele p\u00f5hjale saavad taimed hea ventilatsiooni. Istutamiseks potti sobivad, taimed, maitsetaimed, k\u00f6\u00f6giviljad v\u00f5i puuviljad. Potid on saadaval erinevates m\u00f5\u00f5tudes ja v\u00e4rvitoonides. Toote valmistamisel kasutatakse erilisi v\u00e4rvipigmente, mist\u00f5ttu toodetel p\u00fcsib originaalv\u00e4rv kauem. Istutuspotile on sobiv alus &#8211; Istutuspoti alus Green Basics 29cm [&hellip;]<\/p>\n","protected":false},"featured_media":154217,"comment_status":"closed","ping_status":"closed","template":"","meta":{"_themeisle_gutenberg_block_has_review":false},"product_cat":[13475],"product_tag":[],"class_list":{"0":"post-153616","1":"product","2":"type-product","3":"status-publish","4":"has-post-thumbnail","6":"product_cat-istutuspotid","8":"first","9":"instock","10":"shipping-taxable","11":"purchasable","12":"product-type-simple"},"yoast_head":"<!-- This site is optimized with the Yoast SEO plugin v24.0 - https:\/\/yoast.com\/wordpress\/plugins\/seo\/ -->\n<title>Istutuspott Elho Green Basics d 30 x 28cm 12L must<\/title>\n<meta name=\"description\" content=\"Istutuspott Green Basics on kvaliteetsest plastikust. Istutamiseks potti sobivad, taimed, maitsetaimed, k\u00f6\u00f6giviljad v\u00f5i puuviljad.\" \/>\n<meta name=\"robots\" content=\"index, follow, max-snippet:-1, max-image-preview:large, max-video-preview:-1\" \/>\n<link rel=\"canonical\" href=\"https:\/\/horticom.ee\/e-pood\/toode\/istutuspott-green-basics-30-x-28cm-tumehall\/\" \/>\n<meta property=\"og:locale\" content=\"ru_RU\" \/>\n<meta property=\"og:type\" content=\"article\" \/>\n<meta property=\"og:title\" content=\"Istutuspott Elho Green Basics d 30 x 28cm 12L must\" \/>\n<meta property=\"og:description\" content=\"Istutuspott Green Basics on kvaliteetsest plastikust. Istutamiseks potti sobivad, taimed, maitsetaimed, k\u00f6\u00f6giviljad v\u00f5i puuviljad.\" \/>\n<meta property=\"og:url\" content=\"https:\/\/horticom.ee\/e-pood\/toode\/istutuspott-green-basics-30-x-28cm-tumehall\/\" \/>\n<meta property=\"og:site_name\" content=\"Horticom.ee\" \/>\n<meta property=\"article:publisher\" content=\"https:\/\/www.facebook.com\/horticom.ee\/e-pood\" \/>\n<meta property=\"article:modified_time\" content=\"2026-04-13T12:02:30+00:00\" \/>\n<meta property=\"og:image\" content=\"https:\/\/horticom.ee\/e-pood\/wp-content\/uploads\/importedmedia\/product-153616_0-640213_433.jpg\" \/>\n\t<meta property=\"og:image:width\" content=\"640\" \/>\n\t<meta property=\"og:image:height\" content=\"640\" \/>\n\t<meta property=\"og:image:type\" content=\"image\/jpeg\" \/>\n<meta name=\"twitter:card\" content=\"summary_large_image\" \/>\n<meta name=\"twitter:label1\" content=\"\u041f\u0440\u0438\u043c\u0435\u0440\u043d\u043e\u0435 \u0432\u0440\u0435\u043c\u044f \u0434\u043b\u044f \u0447\u0442\u0435\u043d\u0438\u044f\" \/>\n\t<meta name=\"twitter:data1\" content=\"1 \u043c\u0438\u043d\u0443\u0442\u0430\" \/>\n<script type=\"application\/ld+json\" class=\"yoast-schema-graph\">{\"@context\":\"https:\/\/schema.org\",\"@graph\":[{\"@type\":\"WebPage\",\"@id\":\"https:\/\/horticom.ee\/e-pood\/toode\/istutuspott-green-basics-30-x-28cm-tumehall\/\",\"url\":\"https:\/\/horticom.ee\/e-pood\/toode\/istutuspott-green-basics-30-x-28cm-tumehall\/\",\"name\":\"Istutuspott Elho Green Basics d 30 x 28cm 12L must\",\"isPartOf\":{\"@id\":\"https:\/\/horticom.ee\/e-pood\/#website\"},\"primaryImageOfPage\":{\"@id\":\"https:\/\/horticom.ee\/e-pood\/toode\/istutuspott-green-basics-30-x-28cm-tumehall\/#primaryimage\"},\"image\":{\"@id\":\"https:\/\/horticom.ee\/e-pood\/toode\/istutuspott-green-basics-30-x-28cm-tumehall\/#primaryimage\"},\"thumbnailUrl\":\"https:\/\/horticom.ee\/e-pood\/wp-content\/uploads\/importedmedia\/product-153616_0-640213_433.jpg\",\"datePublished\":\"2022-01-17T14:07:56+00:00\",\"dateModified\":\"2026-04-13T12:02:30+00:00\",\"description\":\"Istutuspott Green Basics on kvaliteetsest plastikust. Istutamiseks potti sobivad, taimed, maitsetaimed, k\u00f6\u00f6giviljad v\u00f5i puuviljad.\",\"breadcrumb\":{\"@id\":\"https:\/\/horticom.ee\/e-pood\/toode\/istutuspott-green-basics-30-x-28cm-tumehall\/#breadcrumb\"},\"inLanguage\":\"ru-RU\",\"potentialAction\":[{\"@type\":\"ReadAction\",\"target\":[\"https:\/\/horticom.ee\/e-pood\/toode\/istutuspott-green-basics-30-x-28cm-tumehall\/\"]}]},{\"@type\":\"ImageObject\",\"inLanguage\":\"ru-RU\",\"@id\":\"https:\/\/horticom.ee\/e-pood\/toode\/istutuspott-green-basics-30-x-28cm-tumehall\/#primaryimage\",\"url\":\"https:\/\/horticom.ee\/e-pood\/wp-content\/uploads\/importedmedia\/product-153616_0-640213_433.jpg\",\"contentUrl\":\"https:\/\/horticom.ee\/e-pood\/wp-content\/uploads\/importedmedia\/product-153616_0-640213_433.jpg\",\"width\":1000,\"height\":1000,\"caption\":\"Istutuspott Elho Green Basics d 30 x 28cm 12L must\"},{\"@type\":\"BreadcrumbList\",\"@id\":\"https:\/\/horticom.ee\/e-pood\/toode\/istutuspott-green-basics-30-x-28cm-tumehall\/#breadcrumb\",\"itemListElement\":[{\"@type\":\"ListItem\",\"position\":1,\"name\":\"Home\",\"item\":\"https:\/\/horticom.ee\/e-pood\/\"},{\"@type\":\"ListItem\",\"position\":2,\"name\":\"Pood\",\"item\":\"https:\/\/horticom.ee\/e-pood\/pood\/\"},{\"@type\":\"ListItem\",\"position\":3,\"name\":\"Istutuspott Elho Green Basics d 30 x 28cm 12L must\"}]},{\"@type\":\"WebSite\",\"@id\":\"https:\/\/horticom.ee\/e-pood\/#website\",\"url\":\"https:\/\/horticom.ee\/e-pood\/\",\"name\":\"Horticom.ee\",\"description\":\"Aianduskaubad ja kodukaubad nii harrastajatele kui professionaalidele\",\"potentialAction\":[{\"@type\":\"SearchAction\",\"target\":{\"@type\":\"EntryPoint\",\"urlTemplate\":\"https:\/\/horticom.ee\/e-pood\/?s={search_term_string}\"},\"query-input\":{\"@type\":\"PropertyValueSpecification\",\"valueRequired\":true,\"valueName\":\"search_term_string\"}}],\"inLanguage\":\"ru-RU\"}]}<\/script>\n<!-- \/ Yoast SEO plugin. -->","yoast_head_json":{"title":"Istutuspott Elho Green Basics d 30 x 28cm 12L must","description":"Istutuspott Green Basics on kvaliteetsest plastikust. Istutamiseks potti sobivad, taimed, maitsetaimed, k\u00f6\u00f6giviljad v\u00f5i puuviljad.","robots":{"index":"index","follow":"follow","max-snippet":"max-snippet:-1","max-image-preview":"max-image-preview:large","max-video-preview":"max-video-preview:-1"},"canonical":"https:\/\/horticom.ee\/e-pood\/toode\/istutuspott-green-basics-30-x-28cm-tumehall\/","og_locale":"ru_RU","og_type":"article","og_title":"Istutuspott Elho Green Basics d 30 x 28cm 12L must","og_description":"Istutuspott Green Basics on kvaliteetsest plastikust. Istutamiseks potti sobivad, taimed, maitsetaimed, k\u00f6\u00f6giviljad v\u00f5i puuviljad.","og_url":"https:\/\/horticom.ee\/e-pood\/toode\/istutuspott-green-basics-30-x-28cm-tumehall\/","og_site_name":"Horticom.ee","article_publisher":"https:\/\/www.facebook.com\/horticom.ee\/e-pood","article_modified_time":"2026-04-13T12:02:30+00:00","og_image":[{"url":"https:\/\/horticom.ee\/e-pood\/wp-content\/uploads\/importedmedia\/product-153616_0-640213_433.jpg","width":640,"height":640,"type":"image\/jpeg"}],"twitter_card":"summary_large_image","twitter_misc":{"\u041f\u0440\u0438\u043c\u0435\u0440\u043d\u043e\u0435 \u0432\u0440\u0435\u043c\u044f \u0434\u043b\u044f \u0447\u0442\u0435\u043d\u0438\u044f":"1 \u043c\u0438\u043d\u0443\u0442\u0430"},"schema":{"@context":"https:\/\/schema.org","@graph":[{"@type":"WebPage","@id":"https:\/\/horticom.ee\/e-pood\/toode\/istutuspott-green-basics-30-x-28cm-tumehall\/","url":"https:\/\/horticom.ee\/e-pood\/toode\/istutuspott-green-basics-30-x-28cm-tumehall\/","name":"Istutuspott Elho Green Basics d 30 x 28cm 12L must","isPartOf":{"@id":"https:\/\/horticom.ee\/e-pood\/#website"},"primaryImageOfPage":{"@id":"https:\/\/horticom.ee\/e-pood\/toode\/istutuspott-green-basics-30-x-28cm-tumehall\/#primaryimage"},"image":{"@id":"https:\/\/horticom.ee\/e-pood\/toode\/istutuspott-green-basics-30-x-28cm-tumehall\/#primaryimage"},"thumbnailUrl":"https:\/\/horticom.ee\/e-pood\/wp-content\/uploads\/importedmedia\/product-153616_0-640213_433.jpg","datePublished":"2022-01-17T14:07:56+00:00","dateModified":"2026-04-13T12:02:30+00:00","description":"Istutuspott Green Basics on kvaliteetsest plastikust. Istutamiseks potti sobivad, taimed, maitsetaimed, k\u00f6\u00f6giviljad v\u00f5i puuviljad.","breadcrumb":{"@id":"https:\/\/horticom.ee\/e-pood\/toode\/istutuspott-green-basics-30-x-28cm-tumehall\/#breadcrumb"},"inLanguage":"ru-RU","potentialAction":[{"@type":"ReadAction","target":["https:\/\/horticom.ee\/e-pood\/toode\/istutuspott-green-basics-30-x-28cm-tumehall\/"]}]},{"@type":"ImageObject","inLanguage":"ru-RU","@id":"https:\/\/horticom.ee\/e-pood\/toode\/istutuspott-green-basics-30-x-28cm-tumehall\/#primaryimage","url":"https:\/\/horticom.ee\/e-pood\/wp-content\/uploads\/importedmedia\/product-153616_0-640213_433.jpg","contentUrl":"https:\/\/horticom.ee\/e-pood\/wp-content\/uploads\/importedmedia\/product-153616_0-640213_433.jpg","width":1000,"height":1000,"caption":"Istutuspott Elho Green Basics d 30 x 28cm 12L must"},{"@type":"BreadcrumbList","@id":"https:\/\/horticom.ee\/e-pood\/toode\/istutuspott-green-basics-30-x-28cm-tumehall\/#breadcrumb","itemListElement":[{"@type":"ListItem","position":1,"name":"Home","item":"https:\/\/horticom.ee\/e-pood\/"},{"@type":"ListItem","position":2,"name":"Pood","item":"https:\/\/horticom.ee\/e-pood\/pood\/"},{"@type":"ListItem","position":3,"name":"Istutuspott Elho Green Basics d 30 x 28cm 12L must"}]},{"@type":"WebSite","@id":"https:\/\/horticom.ee\/e-pood\/#website","url":"https:\/\/horticom.ee\/e-pood\/","name":"Horticom.ee","description":"Aianduskaubad ja kodukaubad nii harrastajatele kui professionaalidele","potentialAction":[{"@type":"SearchAction","target":{"@type":"EntryPoint","urlTemplate":"https:\/\/horticom.ee\/e-pood\/?s={search_term_string}"},"query-input":{"@type":"PropertyValueSpecification","valueRequired":true,"valueName":"search_term_string"}}],"inLanguage":"ru-RU"}]}},"_links":{"self":[{"href":"https:\/\/horticom.ee\/e-pood\/ru\/wp-json\/wp\/v2\/product\/153616","targetHints":{"allow":["GET"]}}],"collection":[{"href":"https:\/\/horticom.ee\/e-pood\/ru\/wp-json\/wp\/v2\/product"}],"about":[{"href":"https:\/\/horticom.ee\/e-pood\/ru\/wp-json\/wp\/v2\/types\/product"}],"replies":[{"embeddable":true,"href":"https:\/\/horticom.ee\/e-pood\/ru\/wp-json\/wp\/v2\/comments?post=153616"}],"wp:featuredmedia":[{"embeddable":true,"href":"https:\/\/horticom.ee\/e-pood\/ru\/wp-json\/wp\/v2\/media\/154217"}],"wp:attachment":[{"href":"https:\/\/horticom.ee\/e-pood\/ru\/wp-json\/wp\/v2\/media?parent=153616"}],"wp:term":[{"taxonomy":"product_cat","embeddable":true,"href":"https:\/\/horticom.ee\/e-pood\/ru\/wp-json\/wp\/v2\/product_cat?post=153616"},{"taxonomy":"product_tag","embeddable":true,"href":"https:\/\/horticom.ee\/e-pood\/ru\/wp-json\/wp\/v2\/product_tag?post=153616"}],"curies":[{"name":"wp","href":"https:\/\/api.w.org\/{rel}","templated":true}]}}