{"id":153672,"date":"2022-01-17T16:08:29","date_gmt":"2022-01-17T14:08:29","guid":{"rendered":"https:\/\/aednik24.ee\/toode\/mungalill-bunte-juweln-tropaleum-majus\/"},"modified":"2026-05-03T03:09:12","modified_gmt":"2026-05-03T00:09:12","slug":"mungalill-bunte-juweln-tropaleum-majus","status":"publish","type":"product","link":"https:\/\/horticom.ee\/e-pood\/ru\/toode\/mungalill-bunte-juweln-tropaleum-majus\/","title":{"rendered":"Mungalill Bunte juweln Tropaleum majus"},"content":{"rendered":"<p>Mungalill Bunte Juwelen on t\u00e4idis\u00f5ieline ja \u00f5itseb v\u00e4ga rikkalikult kuni k\u00fclmadeni. Kasutamine: lehtlate, r\u00f5dude dekoreerimiseks, l\u00f5ikelillena. Kasvukoht: p\u00e4ikeseline. N\u00f5uab kerget, sooja, mitte eriti viljakat pinnast.<\/p>\n","protected":false},"excerpt":{"rendered":"<p>Mungalill Bunte Juwelen on t\u00e4idis\u00f5ieline ja \u00f5itseb v\u00e4ga rikkalikult kuni k\u00fclmadeni. Kasutamine: lehtlate, r\u00f5dude dekoreerimiseks, l\u00f5ikelillena. Kasvukoht: p\u00e4ikeseline. N\u00f5uab kerget, sooja, mitte eriti viljakat pinnast.<\/p>\n","protected":false},"featured_media":154061,"comment_status":"closed","ping_status":"closed","template":"","meta":{"_themeisle_gutenberg_block_has_review":false},"product_cat":[13514],"product_tag":[],"class_list":{"0":"post-153672","1":"product","2":"type-product","3":"status-publish","4":"has-post-thumbnail","6":"product_cat-mungalill","8":"first","9":"instock","10":"shipping-taxable","11":"purchasable","12":"product-type-simple"},"yoast_head":"<!-- This site is optimized with the Yoast SEO plugin v24.0 - https:\/\/yoast.com\/wordpress\/plugins\/seo\/ -->\n<title>Mungalill Bunte juweln Tropaleum majus - Horticom.ee<\/title>\n<meta name=\"description\" content=\"Mungalill Bunte Juwelen \u2013 t\u00e4idis\u00f5ieline taim, \u00f5itseb rikkalikult kuni k\u00fclmadeni. Sobib lehtlate ja r\u00f5dude dekoreerimiseks ning l\u00f5ikelilleks.\" \/>\n<meta name=\"robots\" content=\"index, follow, max-snippet:-1, max-image-preview:large, max-video-preview:-1\" \/>\n<link rel=\"canonical\" href=\"https:\/\/horticom.ee\/e-pood\/toode\/mungalill-bunte-juweln-tropaleum-majus\/\" \/>\n<meta property=\"og:locale\" content=\"ru_RU\" \/>\n<meta property=\"og:type\" content=\"article\" \/>\n<meta property=\"og:title\" content=\"Mungalill Bunte juweln Tropaleum majus - Horticom.ee\" \/>\n<meta property=\"og:description\" content=\"Mungalill Bunte Juwelen \u2013 t\u00e4idis\u00f5ieline taim, \u00f5itseb rikkalikult kuni k\u00fclmadeni. Sobib lehtlate ja r\u00f5dude dekoreerimiseks ning l\u00f5ikelilleks.\" \/>\n<meta property=\"og:url\" content=\"https:\/\/horticom.ee\/e-pood\/toode\/mungalill-bunte-juweln-tropaleum-majus\/\" \/>\n<meta property=\"og:site_name\" content=\"Horticom.ee\" \/>\n<meta property=\"article:publisher\" content=\"https:\/\/www.facebook.com\/horticom.ee\/e-pood\" \/>\n<meta property=\"article:modified_time\" content=\"2026-05-03T00:09:12+00:00\" \/>\n<meta property=\"og:image\" content=\"https:\/\/horticom.ee\/e-pood\/wp-content\/uploads\/importedmedia\/product-153672_0-VC200-523x1024.jpg\" \/>\n\t<meta property=\"og:image:width\" content=\"523\" \/>\n\t<meta property=\"og:image:height\" content=\"1024\" \/>\n\t<meta property=\"og:image:type\" content=\"image\/jpeg\" \/>\n<meta name=\"twitter:card\" content=\"summary_large_image\" \/>\n<script type=\"application\/ld+json\" class=\"yoast-schema-graph\">{\"@context\":\"https:\/\/schema.org\",\"@graph\":[{\"@type\":\"WebPage\",\"@id\":\"https:\/\/horticom.ee\/e-pood\/toode\/mungalill-bunte-juweln-tropaleum-majus\/\",\"url\":\"https:\/\/horticom.ee\/e-pood\/toode\/mungalill-bunte-juweln-tropaleum-majus\/\",\"name\":\"Mungalill Bunte juweln Tropaleum majus - Horticom.ee\",\"isPartOf\":{\"@id\":\"https:\/\/horticom.ee\/e-pood\/#website\"},\"primaryImageOfPage\":{\"@id\":\"https:\/\/horticom.ee\/e-pood\/toode\/mungalill-bunte-juweln-tropaleum-majus\/#primaryimage\"},\"image\":{\"@id\":\"https:\/\/horticom.ee\/e-pood\/toode\/mungalill-bunte-juweln-tropaleum-majus\/#primaryimage\"},\"thumbnailUrl\":\"https:\/\/horticom.ee\/e-pood\/wp-content\/uploads\/importedmedia\/product-153672_0-VC200.jpg\",\"datePublished\":\"2022-01-17T14:08:29+00:00\",\"dateModified\":\"2026-05-03T00:09:12+00:00\",\"description\":\"Mungalill Bunte Juwelen \u2013 t\u00e4idis\u00f5ieline taim, \u00f5itseb rikkalikult kuni k\u00fclmadeni. Sobib lehtlate ja r\u00f5dude dekoreerimiseks ning l\u00f5ikelilleks.\",\"breadcrumb\":{\"@id\":\"https:\/\/horticom.ee\/e-pood\/toode\/mungalill-bunte-juweln-tropaleum-majus\/#breadcrumb\"},\"inLanguage\":\"ru-RU\",\"potentialAction\":[{\"@type\":\"ReadAction\",\"target\":[\"https:\/\/horticom.ee\/e-pood\/toode\/mungalill-bunte-juweln-tropaleum-majus\/\"]}]},{\"@type\":\"ImageObject\",\"inLanguage\":\"ru-RU\",\"@id\":\"https:\/\/horticom.ee\/e-pood\/toode\/mungalill-bunte-juweln-tropaleum-majus\/#primaryimage\",\"url\":\"https:\/\/horticom.ee\/e-pood\/wp-content\/uploads\/importedmedia\/product-153672_0-VC200.jpg\",\"contentUrl\":\"https:\/\/horticom.ee\/e-pood\/wp-content\/uploads\/importedmedia\/product-153672_0-VC200.jpg\",\"width\":999,\"height\":1956,\"caption\":\"Mungalill Bunte juweln Tropaleum majus\"},{\"@type\":\"BreadcrumbList\",\"@id\":\"https:\/\/horticom.ee\/e-pood\/toode\/mungalill-bunte-juweln-tropaleum-majus\/#breadcrumb\",\"itemListElement\":[{\"@type\":\"ListItem\",\"position\":1,\"name\":\"Home\",\"item\":\"https:\/\/horticom.ee\/e-pood\/\"},{\"@type\":\"ListItem\",\"position\":2,\"name\":\"Pood\",\"item\":\"https:\/\/horticom.ee\/e-pood\/pood\/\"},{\"@type\":\"ListItem\",\"position\":3,\"name\":\"Mungalill Bunte juweln Tropaleum majus\"}]},{\"@type\":\"WebSite\",\"@id\":\"https:\/\/horticom.ee\/e-pood\/#website\",\"url\":\"https:\/\/horticom.ee\/e-pood\/\",\"name\":\"Horticom.ee\",\"description\":\"Aianduskaubad ja kodukaubad nii harrastajatele kui professionaalidele\",\"potentialAction\":[{\"@type\":\"SearchAction\",\"target\":{\"@type\":\"EntryPoint\",\"urlTemplate\":\"https:\/\/horticom.ee\/e-pood\/?s={search_term_string}\"},\"query-input\":{\"@type\":\"PropertyValueSpecification\",\"valueRequired\":true,\"valueName\":\"search_term_string\"}}],\"inLanguage\":\"ru-RU\"}]}<\/script>\n<!-- \/ Yoast SEO plugin. -->","yoast_head_json":{"title":"Mungalill Bunte juweln Tropaleum majus - Horticom.ee","description":"Mungalill Bunte Juwelen \u2013 t\u00e4idis\u00f5ieline taim, \u00f5itseb rikkalikult kuni k\u00fclmadeni. Sobib lehtlate ja r\u00f5dude dekoreerimiseks ning l\u00f5ikelilleks.","robots":{"index":"index","follow":"follow","max-snippet":"max-snippet:-1","max-image-preview":"max-image-preview:large","max-video-preview":"max-video-preview:-1"},"canonical":"https:\/\/horticom.ee\/e-pood\/toode\/mungalill-bunte-juweln-tropaleum-majus\/","og_locale":"ru_RU","og_type":"article","og_title":"Mungalill Bunte juweln Tropaleum majus - Horticom.ee","og_description":"Mungalill Bunte Juwelen \u2013 t\u00e4idis\u00f5ieline taim, \u00f5itseb rikkalikult kuni k\u00fclmadeni. Sobib lehtlate ja r\u00f5dude dekoreerimiseks ning l\u00f5ikelilleks.","og_url":"https:\/\/horticom.ee\/e-pood\/toode\/mungalill-bunte-juweln-tropaleum-majus\/","og_site_name":"Horticom.ee","article_publisher":"https:\/\/www.facebook.com\/horticom.ee\/e-pood","article_modified_time":"2026-05-03T00:09:12+00:00","og_image":[{"width":523,"height":1024,"url":"https:\/\/horticom.ee\/e-pood\/wp-content\/uploads\/importedmedia\/product-153672_0-VC200-523x1024.jpg","type":"image\/jpeg"}],"twitter_card":"summary_large_image","schema":{"@context":"https:\/\/schema.org","@graph":[{"@type":"WebPage","@id":"https:\/\/horticom.ee\/e-pood\/toode\/mungalill-bunte-juweln-tropaleum-majus\/","url":"https:\/\/horticom.ee\/e-pood\/toode\/mungalill-bunte-juweln-tropaleum-majus\/","name":"Mungalill Bunte juweln Tropaleum majus - Horticom.ee","isPartOf":{"@id":"https:\/\/horticom.ee\/e-pood\/#website"},"primaryImageOfPage":{"@id":"https:\/\/horticom.ee\/e-pood\/toode\/mungalill-bunte-juweln-tropaleum-majus\/#primaryimage"},"image":{"@id":"https:\/\/horticom.ee\/e-pood\/toode\/mungalill-bunte-juweln-tropaleum-majus\/#primaryimage"},"thumbnailUrl":"https:\/\/horticom.ee\/e-pood\/wp-content\/uploads\/importedmedia\/product-153672_0-VC200.jpg","datePublished":"2022-01-17T14:08:29+00:00","dateModified":"2026-05-03T00:09:12+00:00","description":"Mungalill Bunte Juwelen \u2013 t\u00e4idis\u00f5ieline taim, \u00f5itseb rikkalikult kuni k\u00fclmadeni. Sobib lehtlate ja r\u00f5dude dekoreerimiseks ning l\u00f5ikelilleks.","breadcrumb":{"@id":"https:\/\/horticom.ee\/e-pood\/toode\/mungalill-bunte-juweln-tropaleum-majus\/#breadcrumb"},"inLanguage":"ru-RU","potentialAction":[{"@type":"ReadAction","target":["https:\/\/horticom.ee\/e-pood\/toode\/mungalill-bunte-juweln-tropaleum-majus\/"]}]},{"@type":"ImageObject","inLanguage":"ru-RU","@id":"https:\/\/horticom.ee\/e-pood\/toode\/mungalill-bunte-juweln-tropaleum-majus\/#primaryimage","url":"https:\/\/horticom.ee\/e-pood\/wp-content\/uploads\/importedmedia\/product-153672_0-VC200.jpg","contentUrl":"https:\/\/horticom.ee\/e-pood\/wp-content\/uploads\/importedmedia\/product-153672_0-VC200.jpg","width":999,"height":1956,"caption":"Mungalill Bunte juweln Tropaleum majus"},{"@type":"BreadcrumbList","@id":"https:\/\/horticom.ee\/e-pood\/toode\/mungalill-bunte-juweln-tropaleum-majus\/#breadcrumb","itemListElement":[{"@type":"ListItem","position":1,"name":"Home","item":"https:\/\/horticom.ee\/e-pood\/"},{"@type":"ListItem","position":2,"name":"Pood","item":"https:\/\/horticom.ee\/e-pood\/pood\/"},{"@type":"ListItem","position":3,"name":"Mungalill Bunte juweln Tropaleum majus"}]},{"@type":"WebSite","@id":"https:\/\/horticom.ee\/e-pood\/#website","url":"https:\/\/horticom.ee\/e-pood\/","name":"Horticom.ee","description":"Aianduskaubad ja kodukaubad nii harrastajatele kui professionaalidele","potentialAction":[{"@type":"SearchAction","target":{"@type":"EntryPoint","urlTemplate":"https:\/\/horticom.ee\/e-pood\/?s={search_term_string}"},"query-input":{"@type":"PropertyValueSpecification","valueRequired":true,"valueName":"search_term_string"}}],"inLanguage":"ru-RU"}]}},"_links":{"self":[{"href":"https:\/\/horticom.ee\/e-pood\/ru\/wp-json\/wp\/v2\/product\/153672","targetHints":{"allow":["GET"]}}],"collection":[{"href":"https:\/\/horticom.ee\/e-pood\/ru\/wp-json\/wp\/v2\/product"}],"about":[{"href":"https:\/\/horticom.ee\/e-pood\/ru\/wp-json\/wp\/v2\/types\/product"}],"replies":[{"embeddable":true,"href":"https:\/\/horticom.ee\/e-pood\/ru\/wp-json\/wp\/v2\/comments?post=153672"}],"wp:featuredmedia":[{"embeddable":true,"href":"https:\/\/horticom.ee\/e-pood\/ru\/wp-json\/wp\/v2\/media\/154061"}],"wp:attachment":[{"href":"https:\/\/horticom.ee\/e-pood\/ru\/wp-json\/wp\/v2\/media?parent=153672"}],"wp:term":[{"taxonomy":"product_cat","embeddable":true,"href":"https:\/\/horticom.ee\/e-pood\/ru\/wp-json\/wp\/v2\/product_cat?post=153672"},{"taxonomy":"product_tag","embeddable":true,"href":"https:\/\/horticom.ee\/e-pood\/ru\/wp-json\/wp\/v2\/product_tag?post=153672"}],"curies":[{"name":"wp","href":"https:\/\/api.w.org\/{rel}","templated":true}]}}