{"id":153754,"date":"2022-01-17T16:09:18","date_gmt":"2022-01-17T14:09:18","guid":{"rendered":"https:\/\/aednik24.ee\/toode\/kurk-libelle-h-cucumis-sativus-l-2\/"},"modified":"2026-05-03T03:09:27","modified_gmt":"2026-05-03T00:09:27","slug":"kurk-libelle-h-cucumis-sativus-l-2","status":"publish","type":"product","link":"https:\/\/horticom.ee\/e-pood\/ru\/toode\/kurk-libelle-h-cucumis-sativus-l-2\/","title":{"rendered":"Kurk Libelle H &#8211; Cucumis sativus L."},"content":{"rendered":"<p>Kurk Libelle H &#8211; keskmiselt varajane h\u00fcbriidsort. Tumerohelised, 11\u201312cm pikkused, tihedak\u00fchmulised viljad, mis kaaluvad umbes 90 grammi. Annavad \u00fcheaegselt suure osa saagist. Sobivad hapendamiseks ja konserveerimiseks.V\u00f5ib kasvatada nii avamaal kui ka kasvuhoones. Klassikaline vabaltolmlev (mesilastolmlev) sort. Samasse kohta on kurki soovitatav istutada iga 2-3 aasta m\u00f6\u00f6dumisel. 1g umbes 40 seemet.<\/p>\n","protected":false},"excerpt":{"rendered":"<p>Kurk Libelle H &#8211; keskmiselt varajane h\u00fcbriidsort. Tumerohelised, 11\u201312cm pikkused, tihedak\u00fchmulised viljad, mis kaaluvad umbes 90 grammi. Annavad \u00fcheaegselt suure osa saagist. Sobivad hapendamiseks ja konserveerimiseks.V\u00f5ib kasvatada nii avamaal kui ka kasvuhoones. Klassikaline vabaltolmlev (mesilastolmlev) sort. Samasse kohta on kurki soovitatav istutada iga 2-3 aasta m\u00f6\u00f6dumisel. 1g umbes 40 seemet.<\/p>\n","protected":false},"featured_media":153831,"comment_status":"closed","ping_status":"closed","template":"","meta":{"_themeisle_gutenberg_block_has_review":false},"product_cat":[13493],"product_tag":[],"class_list":{"0":"post-153754","1":"product","2":"type-product","3":"status-publish","4":"has-post-thumbnail","6":"product_cat-kurk","8":"first","9":"instock","10":"shipping-taxable","11":"purchasable","12":"product-type-simple"},"yoast_head":"<!-- This site is optimized with the Yoast SEO plugin v24.0 - https:\/\/yoast.com\/wordpress\/plugins\/seo\/ -->\n<title>Kurk Libelle H - Cucumis sativus L. - Horticom.ee\/e-pood<\/title>\n<meta name=\"description\" content=\"Kurk Libelle H \u2013 keskmiselt varajane h\u00fcbriid, tumerohelised k\u00fchmulised viljad. Sobib hapendamiseks ja kasvatamiseks avamaal, kasvuhoones.\" \/>\n<meta name=\"robots\" content=\"index, follow, max-snippet:-1, max-image-preview:large, max-video-preview:-1\" \/>\n<link rel=\"canonical\" href=\"https:\/\/horticom.ee\/e-pood\/toode\/kurk-libelle-h-cucumis-sativus-l-2\/\" \/>\n<meta property=\"og:locale\" content=\"ru_RU\" \/>\n<meta property=\"og:type\" content=\"article\" \/>\n<meta property=\"og:title\" content=\"Kurk Libelle H - Cucumis sativus L. - Horticom.ee\/e-pood\" \/>\n<meta property=\"og:description\" content=\"Kurk Libelle H \u2013 keskmiselt varajane h\u00fcbriid, tumerohelised k\u00fchmulised viljad. Sobib hapendamiseks ja kasvatamiseks avamaal, kasvuhoones.\" \/>\n<meta property=\"og:url\" content=\"https:\/\/horticom.ee\/e-pood\/toode\/kurk-libelle-h-cucumis-sativus-l-2\/\" \/>\n<meta property=\"og:site_name\" content=\"Horticom.ee\" \/>\n<meta property=\"article:publisher\" content=\"https:\/\/www.facebook.com\/horticom.ee\/e-pood\" \/>\n<meta property=\"article:modified_time\" content=\"2026-05-03T00:09:27+00:00\" \/>\n<meta property=\"og:image\" content=\"https:\/\/horticom.ee\/e-pood\/wp-content\/uploads\/importedmedia\/product-153754_0-LA1009.jpg\" \/>\n\t<meta property=\"og:image:width\" content=\"1000\" \/>\n\t<meta property=\"og:image:height\" content=\"1760\" \/>\n\t<meta property=\"og:image:type\" content=\"image\/jpeg\" \/>\n<meta name=\"twitter:card\" content=\"summary_large_image\" \/>\n<script type=\"application\/ld+json\" class=\"yoast-schema-graph\">{\"@context\":\"https:\/\/schema.org\",\"@graph\":[{\"@type\":\"WebPage\",\"@id\":\"https:\/\/horticom.ee\/e-pood\/toode\/kurk-libelle-h-cucumis-sativus-l-2\/\",\"url\":\"https:\/\/horticom.ee\/e-pood\/toode\/kurk-libelle-h-cucumis-sativus-l-2\/\",\"name\":\"Kurk Libelle H - Cucumis sativus L. - Horticom.ee\/e-pood\",\"isPartOf\":{\"@id\":\"https:\/\/horticom.ee\/e-pood\/#website\"},\"primaryImageOfPage\":{\"@id\":\"https:\/\/horticom.ee\/e-pood\/toode\/kurk-libelle-h-cucumis-sativus-l-2\/#primaryimage\"},\"image\":{\"@id\":\"https:\/\/horticom.ee\/e-pood\/toode\/kurk-libelle-h-cucumis-sativus-l-2\/#primaryimage\"},\"thumbnailUrl\":\"https:\/\/horticom.ee\/e-pood\/wp-content\/uploads\/importedmedia\/product-153754_0-LA1009.jpg\",\"datePublished\":\"2022-01-17T14:09:18+00:00\",\"dateModified\":\"2026-05-03T00:09:27+00:00\",\"description\":\"Kurk Libelle H \u2013 keskmiselt varajane h\u00fcbriid, tumerohelised k\u00fchmulised viljad. Sobib hapendamiseks ja kasvatamiseks avamaal, kasvuhoones.\",\"breadcrumb\":{\"@id\":\"https:\/\/horticom.ee\/e-pood\/toode\/kurk-libelle-h-cucumis-sativus-l-2\/#breadcrumb\"},\"inLanguage\":\"ru-RU\",\"potentialAction\":[{\"@type\":\"ReadAction\",\"target\":[\"https:\/\/horticom.ee\/e-pood\/toode\/kurk-libelle-h-cucumis-sativus-l-2\/\"]}]},{\"@type\":\"ImageObject\",\"inLanguage\":\"ru-RU\",\"@id\":\"https:\/\/horticom.ee\/e-pood\/toode\/kurk-libelle-h-cucumis-sativus-l-2\/#primaryimage\",\"url\":\"https:\/\/horticom.ee\/e-pood\/wp-content\/uploads\/importedmedia\/product-153754_0-LA1009.jpg\",\"contentUrl\":\"https:\/\/horticom.ee\/e-pood\/wp-content\/uploads\/importedmedia\/product-153754_0-LA1009.jpg\",\"width\":1000,\"height\":1760,\"caption\":\"Kurk Libelle H - Cucumis sativus L.\"},{\"@type\":\"BreadcrumbList\",\"@id\":\"https:\/\/horticom.ee\/e-pood\/toode\/kurk-libelle-h-cucumis-sativus-l-2\/#breadcrumb\",\"itemListElement\":[{\"@type\":\"ListItem\",\"position\":1,\"name\":\"Home\",\"item\":\"https:\/\/horticom.ee\/e-pood\/\"},{\"@type\":\"ListItem\",\"position\":2,\"name\":\"Pood\",\"item\":\"https:\/\/horticom.ee\/e-pood\/pood\/\"},{\"@type\":\"ListItem\",\"position\":3,\"name\":\"Kurk Libelle H &#8211; Cucumis sativus L.\"}]},{\"@type\":\"WebSite\",\"@id\":\"https:\/\/horticom.ee\/e-pood\/#website\",\"url\":\"https:\/\/horticom.ee\/e-pood\/\",\"name\":\"Horticom.ee\",\"description\":\"Aianduskaubad ja kodukaubad nii harrastajatele kui professionaalidele\",\"potentialAction\":[{\"@type\":\"SearchAction\",\"target\":{\"@type\":\"EntryPoint\",\"urlTemplate\":\"https:\/\/horticom.ee\/e-pood\/?s={search_term_string}\"},\"query-input\":{\"@type\":\"PropertyValueSpecification\",\"valueRequired\":true,\"valueName\":\"search_term_string\"}}],\"inLanguage\":\"ru-RU\"}]}<\/script>\n<!-- \/ Yoast SEO plugin. -->","yoast_head_json":{"title":"Kurk Libelle H - Cucumis sativus L. - Horticom.ee\/e-pood","description":"Kurk Libelle H \u2013 keskmiselt varajane h\u00fcbriid, tumerohelised k\u00fchmulised viljad. Sobib hapendamiseks ja kasvatamiseks avamaal, kasvuhoones.","robots":{"index":"index","follow":"follow","max-snippet":"max-snippet:-1","max-image-preview":"max-image-preview:large","max-video-preview":"max-video-preview:-1"},"canonical":"https:\/\/horticom.ee\/e-pood\/toode\/kurk-libelle-h-cucumis-sativus-l-2\/","og_locale":"ru_RU","og_type":"article","og_title":"Kurk Libelle H - Cucumis sativus L. - Horticom.ee\/e-pood","og_description":"Kurk Libelle H \u2013 keskmiselt varajane h\u00fcbriid, tumerohelised k\u00fchmulised viljad. Sobib hapendamiseks ja kasvatamiseks avamaal, kasvuhoones.","og_url":"https:\/\/horticom.ee\/e-pood\/toode\/kurk-libelle-h-cucumis-sativus-l-2\/","og_site_name":"Horticom.ee","article_publisher":"https:\/\/www.facebook.com\/horticom.ee\/e-pood","article_modified_time":"2026-05-03T00:09:27+00:00","og_image":[{"width":1000,"height":1760,"url":"https:\/\/horticom.ee\/e-pood\/wp-content\/uploads\/importedmedia\/product-153754_0-LA1009.jpg","type":"image\/jpeg"}],"twitter_card":"summary_large_image","schema":{"@context":"https:\/\/schema.org","@graph":[{"@type":"WebPage","@id":"https:\/\/horticom.ee\/e-pood\/toode\/kurk-libelle-h-cucumis-sativus-l-2\/","url":"https:\/\/horticom.ee\/e-pood\/toode\/kurk-libelle-h-cucumis-sativus-l-2\/","name":"Kurk Libelle H - Cucumis sativus L. - Horticom.ee\/e-pood","isPartOf":{"@id":"https:\/\/horticom.ee\/e-pood\/#website"},"primaryImageOfPage":{"@id":"https:\/\/horticom.ee\/e-pood\/toode\/kurk-libelle-h-cucumis-sativus-l-2\/#primaryimage"},"image":{"@id":"https:\/\/horticom.ee\/e-pood\/toode\/kurk-libelle-h-cucumis-sativus-l-2\/#primaryimage"},"thumbnailUrl":"https:\/\/horticom.ee\/e-pood\/wp-content\/uploads\/importedmedia\/product-153754_0-LA1009.jpg","datePublished":"2022-01-17T14:09:18+00:00","dateModified":"2026-05-03T00:09:27+00:00","description":"Kurk Libelle H \u2013 keskmiselt varajane h\u00fcbriid, tumerohelised k\u00fchmulised viljad. Sobib hapendamiseks ja kasvatamiseks avamaal, kasvuhoones.","breadcrumb":{"@id":"https:\/\/horticom.ee\/e-pood\/toode\/kurk-libelle-h-cucumis-sativus-l-2\/#breadcrumb"},"inLanguage":"ru-RU","potentialAction":[{"@type":"ReadAction","target":["https:\/\/horticom.ee\/e-pood\/toode\/kurk-libelle-h-cucumis-sativus-l-2\/"]}]},{"@type":"ImageObject","inLanguage":"ru-RU","@id":"https:\/\/horticom.ee\/e-pood\/toode\/kurk-libelle-h-cucumis-sativus-l-2\/#primaryimage","url":"https:\/\/horticom.ee\/e-pood\/wp-content\/uploads\/importedmedia\/product-153754_0-LA1009.jpg","contentUrl":"https:\/\/horticom.ee\/e-pood\/wp-content\/uploads\/importedmedia\/product-153754_0-LA1009.jpg","width":1000,"height":1760,"caption":"Kurk Libelle H - Cucumis sativus L."},{"@type":"BreadcrumbList","@id":"https:\/\/horticom.ee\/e-pood\/toode\/kurk-libelle-h-cucumis-sativus-l-2\/#breadcrumb","itemListElement":[{"@type":"ListItem","position":1,"name":"Home","item":"https:\/\/horticom.ee\/e-pood\/"},{"@type":"ListItem","position":2,"name":"Pood","item":"https:\/\/horticom.ee\/e-pood\/pood\/"},{"@type":"ListItem","position":3,"name":"Kurk Libelle H &#8211; Cucumis sativus L."}]},{"@type":"WebSite","@id":"https:\/\/horticom.ee\/e-pood\/#website","url":"https:\/\/horticom.ee\/e-pood\/","name":"Horticom.ee","description":"Aianduskaubad ja kodukaubad nii harrastajatele kui professionaalidele","potentialAction":[{"@type":"SearchAction","target":{"@type":"EntryPoint","urlTemplate":"https:\/\/horticom.ee\/e-pood\/?s={search_term_string}"},"query-input":{"@type":"PropertyValueSpecification","valueRequired":true,"valueName":"search_term_string"}}],"inLanguage":"ru-RU"}]}},"_links":{"self":[{"href":"https:\/\/horticom.ee\/e-pood\/ru\/wp-json\/wp\/v2\/product\/153754","targetHints":{"allow":["GET"]}}],"collection":[{"href":"https:\/\/horticom.ee\/e-pood\/ru\/wp-json\/wp\/v2\/product"}],"about":[{"href":"https:\/\/horticom.ee\/e-pood\/ru\/wp-json\/wp\/v2\/types\/product"}],"replies":[{"embeddable":true,"href":"https:\/\/horticom.ee\/e-pood\/ru\/wp-json\/wp\/v2\/comments?post=153754"}],"wp:featuredmedia":[{"embeddable":true,"href":"https:\/\/horticom.ee\/e-pood\/ru\/wp-json\/wp\/v2\/media\/153831"}],"wp:attachment":[{"href":"https:\/\/horticom.ee\/e-pood\/ru\/wp-json\/wp\/v2\/media?parent=153754"}],"wp:term":[{"taxonomy":"product_cat","embeddable":true,"href":"https:\/\/horticom.ee\/e-pood\/ru\/wp-json\/wp\/v2\/product_cat?post=153754"},{"taxonomy":"product_tag","embeddable":true,"href":"https:\/\/horticom.ee\/e-pood\/ru\/wp-json\/wp\/v2\/product_tag?post=153754"}],"curies":[{"name":"wp","href":"https:\/\/api.w.org\/{rel}","templated":true}]}}