{"id":153776,"date":"2022-01-17T16:09:31","date_gmt":"2022-01-17T14:09:31","guid":{"rendered":"https:\/\/aednik24.ee\/toode\/salat-punane-crimson-lactuca-sativa\/"},"modified":"2026-05-04T03:06:42","modified_gmt":"2026-05-04T00:06:42","slug":"salat-punane-crimson-lactuca-sativa","status":"publish","type":"product","link":"https:\/\/horticom.ee\/e-pood\/ru\/toode\/salat-punane-crimson-lactuca-sativa\/","title":{"rendered":"Salat punane Crimson Lactuca sativa"},"content":{"rendered":"<p>Salat punane Crimson on Lollo Rossa t\u00fc\u00fcpi varajane-keskvarajane sort. Moodustab tihedad suletaoliste lehtedega rosetid. Lehed on tugevalt gofreeritud ja k\u00e4harad, huvitava, intensiivse helepunase v\u00e4rvusega. Lehtede juurepoolne osa on roheline. Lehed on kr\u00f5mpsuvad, \u00f5rnad ja v\u00e4ga maitsvad, aga ka v\u00e4ga dekoratiivsed. Vegetatsiooniperiood 60-70p. V\u00e4rskelt tarbimiseks toorsalatite, salatite lisana v\u00f5i toitude ja v\u00f5ileibade kaunistamiseks. Seemned k\u00fclvatakse seemikute saamiseks kasvulavadesse, kastidesse veebruarist aprilli keskpaigani. V\u00f5ib k\u00fclvata ka vahetult avamaale varakevadel ja harvendada. Kasvab h\u00e4sti p\u00e4ikesepaistelistes, tuule eest kaitstud kohtades. Vajab viljakat, toitaineterikast pinnast.<\/p>\n","protected":false},"excerpt":{"rendered":"<p>Salat punane Crimson on Lollo Rossa t\u00fc\u00fcpi varajane-keskvarajane sort. Moodustab tihedad suletaoliste lehtedega rosetid. Lehed on tugevalt gofreeritud ja k\u00e4harad, huvitava, intensiivse helepunase v\u00e4rvusega. Lehtede juurepoolne osa on roheline. Lehed on kr\u00f5mpsuvad, \u00f5rnad ja v\u00e4ga maitsvad, aga ka v\u00e4ga dekoratiivsed. Vegetatsiooniperiood 60-70p. V\u00e4rskelt tarbimiseks toorsalatite, salatite lisana v\u00f5i toitude ja v\u00f5ileibade kaunistamiseks. Seemned k\u00fclvatakse seemikute [&hellip;]<\/p>\n","protected":false},"featured_media":153777,"comment_status":"closed","ping_status":"closed","template":"","meta":{"_themeisle_gutenberg_block_has_review":false},"product_cat":[13484],"product_tag":[],"class_list":{"0":"post-153776","1":"product","2":"type-product","3":"status-publish","4":"has-post-thumbnail","6":"product_cat-salat-spinat-ruccola","8":"first","9":"instock","10":"shipping-taxable","11":"purchasable","12":"product-type-simple"},"yoast_head":"<!-- This site is optimized with the Yoast SEO plugin v24.0 - https:\/\/yoast.com\/wordpress\/plugins\/seo\/ -->\n<title>Salat punane Crimson Lactuca sativa - Horticom.ee\/e-pood<\/title>\n<meta name=\"description\" content=\"Salat punane Crimson on intensiivse helepunase v\u00e4rvusega, tugevalt gofreeritud ja kr\u00f5mpsuvate lehtedega. Sobib salatite ja toitude kaunistamiseks.\" \/>\n<meta name=\"robots\" content=\"index, follow, max-snippet:-1, max-image-preview:large, max-video-preview:-1\" \/>\n<link rel=\"canonical\" href=\"https:\/\/horticom.ee\/e-pood\/toode\/salat-punane-crimson-lactuca-sativa\/\" \/>\n<meta property=\"og:locale\" content=\"ru_RU\" \/>\n<meta property=\"og:type\" content=\"article\" \/>\n<meta property=\"og:title\" content=\"Salat punane Crimson Lactuca sativa - Horticom.ee\/e-pood\" \/>\n<meta property=\"og:description\" content=\"Salat punane Crimson on intensiivse helepunase v\u00e4rvusega, tugevalt gofreeritud ja kr\u00f5mpsuvate lehtedega. Sobib salatite ja toitude kaunistamiseks.\" \/>\n<meta property=\"og:url\" content=\"https:\/\/horticom.ee\/e-pood\/toode\/salat-punane-crimson-lactuca-sativa\/\" \/>\n<meta property=\"og:site_name\" content=\"Horticom.ee\" \/>\n<meta property=\"article:publisher\" content=\"https:\/\/www.facebook.com\/horticom.ee\/e-pood\" \/>\n<meta property=\"article:modified_time\" content=\"2026-05-04T00:06:42+00:00\" \/>\n<meta property=\"og:image\" content=\"https:\/\/horticom.ee\/e-pood\/wp-content\/uploads\/importedmedia\/product-153776_0-VC874-534x1024.jpg\" \/>\n\t<meta property=\"og:image:width\" content=\"534\" \/>\n\t<meta property=\"og:image:height\" content=\"1024\" \/>\n\t<meta property=\"og:image:type\" content=\"image\/jpeg\" \/>\n<meta name=\"twitter:card\" content=\"summary_large_image\" \/>\n<script type=\"application\/ld+json\" class=\"yoast-schema-graph\">{\"@context\":\"https:\/\/schema.org\",\"@graph\":[{\"@type\":\"WebPage\",\"@id\":\"https:\/\/horticom.ee\/e-pood\/toode\/salat-punane-crimson-lactuca-sativa\/\",\"url\":\"https:\/\/horticom.ee\/e-pood\/toode\/salat-punane-crimson-lactuca-sativa\/\",\"name\":\"Salat punane Crimson Lactuca sativa - Horticom.ee\/e-pood\",\"isPartOf\":{\"@id\":\"https:\/\/horticom.ee\/e-pood\/#website\"},\"primaryImageOfPage\":{\"@id\":\"https:\/\/horticom.ee\/e-pood\/toode\/salat-punane-crimson-lactuca-sativa\/#primaryimage\"},\"image\":{\"@id\":\"https:\/\/horticom.ee\/e-pood\/toode\/salat-punane-crimson-lactuca-sativa\/#primaryimage\"},\"thumbnailUrl\":\"https:\/\/horticom.ee\/e-pood\/wp-content\/uploads\/importedmedia\/product-153776_0-VC874.jpg\",\"datePublished\":\"2022-01-17T14:09:31+00:00\",\"dateModified\":\"2026-05-04T00:06:42+00:00\",\"description\":\"Salat punane Crimson on intensiivse helepunase v\u00e4rvusega, tugevalt gofreeritud ja kr\u00f5mpsuvate lehtedega. Sobib salatite ja toitude kaunistamiseks.\",\"breadcrumb\":{\"@id\":\"https:\/\/horticom.ee\/e-pood\/toode\/salat-punane-crimson-lactuca-sativa\/#breadcrumb\"},\"inLanguage\":\"ru-RU\",\"potentialAction\":[{\"@type\":\"ReadAction\",\"target\":[\"https:\/\/horticom.ee\/e-pood\/toode\/salat-punane-crimson-lactuca-sativa\/\"]}]},{\"@type\":\"ImageObject\",\"inLanguage\":\"ru-RU\",\"@id\":\"https:\/\/horticom.ee\/e-pood\/toode\/salat-punane-crimson-lactuca-sativa\/#primaryimage\",\"url\":\"https:\/\/horticom.ee\/e-pood\/wp-content\/uploads\/importedmedia\/product-153776_0-VC874.jpg\",\"contentUrl\":\"https:\/\/horticom.ee\/e-pood\/wp-content\/uploads\/importedmedia\/product-153776_0-VC874.jpg\",\"width\":1000,\"height\":1918,\"caption\":\"Salat punane Crimson Lactuca sativa\"},{\"@type\":\"BreadcrumbList\",\"@id\":\"https:\/\/horticom.ee\/e-pood\/toode\/salat-punane-crimson-lactuca-sativa\/#breadcrumb\",\"itemListElement\":[{\"@type\":\"ListItem\",\"position\":1,\"name\":\"Home\",\"item\":\"https:\/\/horticom.ee\/e-pood\/\"},{\"@type\":\"ListItem\",\"position\":2,\"name\":\"Pood\",\"item\":\"https:\/\/horticom.ee\/e-pood\/pood\/\"},{\"@type\":\"ListItem\",\"position\":3,\"name\":\"Salat punane Crimson Lactuca sativa\"}]},{\"@type\":\"WebSite\",\"@id\":\"https:\/\/horticom.ee\/e-pood\/#website\",\"url\":\"https:\/\/horticom.ee\/e-pood\/\",\"name\":\"Horticom.ee\",\"description\":\"Aianduskaubad ja kodukaubad nii harrastajatele kui professionaalidele\",\"potentialAction\":[{\"@type\":\"SearchAction\",\"target\":{\"@type\":\"EntryPoint\",\"urlTemplate\":\"https:\/\/horticom.ee\/e-pood\/?s={search_term_string}\"},\"query-input\":{\"@type\":\"PropertyValueSpecification\",\"valueRequired\":true,\"valueName\":\"search_term_string\"}}],\"inLanguage\":\"ru-RU\"}]}<\/script>\n<!-- \/ Yoast SEO plugin. -->","yoast_head_json":{"title":"Salat punane Crimson Lactuca sativa - Horticom.ee\/e-pood","description":"Salat punane Crimson on intensiivse helepunase v\u00e4rvusega, tugevalt gofreeritud ja kr\u00f5mpsuvate lehtedega. Sobib salatite ja toitude kaunistamiseks.","robots":{"index":"index","follow":"follow","max-snippet":"max-snippet:-1","max-image-preview":"max-image-preview:large","max-video-preview":"max-video-preview:-1"},"canonical":"https:\/\/horticom.ee\/e-pood\/toode\/salat-punane-crimson-lactuca-sativa\/","og_locale":"ru_RU","og_type":"article","og_title":"Salat punane Crimson Lactuca sativa - Horticom.ee\/e-pood","og_description":"Salat punane Crimson on intensiivse helepunase v\u00e4rvusega, tugevalt gofreeritud ja kr\u00f5mpsuvate lehtedega. Sobib salatite ja toitude kaunistamiseks.","og_url":"https:\/\/horticom.ee\/e-pood\/toode\/salat-punane-crimson-lactuca-sativa\/","og_site_name":"Horticom.ee","article_publisher":"https:\/\/www.facebook.com\/horticom.ee\/e-pood","article_modified_time":"2026-05-04T00:06:42+00:00","og_image":[{"width":534,"height":1024,"url":"https:\/\/horticom.ee\/e-pood\/wp-content\/uploads\/importedmedia\/product-153776_0-VC874-534x1024.jpg","type":"image\/jpeg"}],"twitter_card":"summary_large_image","schema":{"@context":"https:\/\/schema.org","@graph":[{"@type":"WebPage","@id":"https:\/\/horticom.ee\/e-pood\/toode\/salat-punane-crimson-lactuca-sativa\/","url":"https:\/\/horticom.ee\/e-pood\/toode\/salat-punane-crimson-lactuca-sativa\/","name":"Salat punane Crimson Lactuca sativa - Horticom.ee\/e-pood","isPartOf":{"@id":"https:\/\/horticom.ee\/e-pood\/#website"},"primaryImageOfPage":{"@id":"https:\/\/horticom.ee\/e-pood\/toode\/salat-punane-crimson-lactuca-sativa\/#primaryimage"},"image":{"@id":"https:\/\/horticom.ee\/e-pood\/toode\/salat-punane-crimson-lactuca-sativa\/#primaryimage"},"thumbnailUrl":"https:\/\/horticom.ee\/e-pood\/wp-content\/uploads\/importedmedia\/product-153776_0-VC874.jpg","datePublished":"2022-01-17T14:09:31+00:00","dateModified":"2026-05-04T00:06:42+00:00","description":"Salat punane Crimson on intensiivse helepunase v\u00e4rvusega, tugevalt gofreeritud ja kr\u00f5mpsuvate lehtedega. Sobib salatite ja toitude kaunistamiseks.","breadcrumb":{"@id":"https:\/\/horticom.ee\/e-pood\/toode\/salat-punane-crimson-lactuca-sativa\/#breadcrumb"},"inLanguage":"ru-RU","potentialAction":[{"@type":"ReadAction","target":["https:\/\/horticom.ee\/e-pood\/toode\/salat-punane-crimson-lactuca-sativa\/"]}]},{"@type":"ImageObject","inLanguage":"ru-RU","@id":"https:\/\/horticom.ee\/e-pood\/toode\/salat-punane-crimson-lactuca-sativa\/#primaryimage","url":"https:\/\/horticom.ee\/e-pood\/wp-content\/uploads\/importedmedia\/product-153776_0-VC874.jpg","contentUrl":"https:\/\/horticom.ee\/e-pood\/wp-content\/uploads\/importedmedia\/product-153776_0-VC874.jpg","width":1000,"height":1918,"caption":"Salat punane Crimson Lactuca sativa"},{"@type":"BreadcrumbList","@id":"https:\/\/horticom.ee\/e-pood\/toode\/salat-punane-crimson-lactuca-sativa\/#breadcrumb","itemListElement":[{"@type":"ListItem","position":1,"name":"Home","item":"https:\/\/horticom.ee\/e-pood\/"},{"@type":"ListItem","position":2,"name":"Pood","item":"https:\/\/horticom.ee\/e-pood\/pood\/"},{"@type":"ListItem","position":3,"name":"Salat punane Crimson Lactuca sativa"}]},{"@type":"WebSite","@id":"https:\/\/horticom.ee\/e-pood\/#website","url":"https:\/\/horticom.ee\/e-pood\/","name":"Horticom.ee","description":"Aianduskaubad ja kodukaubad nii harrastajatele kui professionaalidele","potentialAction":[{"@type":"SearchAction","target":{"@type":"EntryPoint","urlTemplate":"https:\/\/horticom.ee\/e-pood\/?s={search_term_string}"},"query-input":{"@type":"PropertyValueSpecification","valueRequired":true,"valueName":"search_term_string"}}],"inLanguage":"ru-RU"}]}},"_links":{"self":[{"href":"https:\/\/horticom.ee\/e-pood\/ru\/wp-json\/wp\/v2\/product\/153776","targetHints":{"allow":["GET"]}}],"collection":[{"href":"https:\/\/horticom.ee\/e-pood\/ru\/wp-json\/wp\/v2\/product"}],"about":[{"href":"https:\/\/horticom.ee\/e-pood\/ru\/wp-json\/wp\/v2\/types\/product"}],"replies":[{"embeddable":true,"href":"https:\/\/horticom.ee\/e-pood\/ru\/wp-json\/wp\/v2\/comments?post=153776"}],"wp:featuredmedia":[{"embeddable":true,"href":"https:\/\/horticom.ee\/e-pood\/ru\/wp-json\/wp\/v2\/media\/153777"}],"wp:attachment":[{"href":"https:\/\/horticom.ee\/e-pood\/ru\/wp-json\/wp\/v2\/media?parent=153776"}],"wp:term":[{"taxonomy":"product_cat","embeddable":true,"href":"https:\/\/horticom.ee\/e-pood\/ru\/wp-json\/wp\/v2\/product_cat?post=153776"},{"taxonomy":"product_tag","embeddable":true,"href":"https:\/\/horticom.ee\/e-pood\/ru\/wp-json\/wp\/v2\/product_tag?post=153776"}],"curies":[{"name":"wp","href":"https:\/\/api.w.org\/{rel}","templated":true}]}}