{"id":154475,"date":"2022-01-18T00:05:31","date_gmt":"2022-01-17T22:05:31","guid":{"rendered":"https:\/\/aednik24.ee\/toode\/talisibul-bajkal-allium-fistulosum-l-2\/"},"modified":"2026-05-04T03:06:42","modified_gmt":"2026-05-04T00:06:42","slug":"talisibul-bajkal-allium-fistulosum-l-2","status":"publish","type":"product","link":"https:\/\/horticom.ee\/e-pood\/ru\/toode\/talisibul-bajkal-allium-fistulosum-l-2\/","title":{"rendered":"Talisibul &#8216;Bajkal&#8217; &#8211; Allium fistulosum L."},"content":{"rendered":"<p>Talisibul Bajkal on mitmeaastane taim. See on \u00fcks esimesi kevadel valmivaid aedvilju. \u00dches kohas v\u00f5ib kasvada 3\u20135 aastat. Vastupidav k\u00fclmadele, kevadel hakkab v\u00e4ga vara kasvama. Lehti kasutatakse salatite valmistamiseks alates varakevadest kuni hiliss\u00fcgiseni. Kasvab h\u00e4sti huumuselises saviliiv- ja kerge v\u00f5i keskmise raskusega mullas.<\/p>\n","protected":false},"excerpt":{"rendered":"<p>Talisibul Bajkal on mitmeaastane taim. See on \u00fcks esimesi kevadel valmivaid aedvilju. \u00dches kohas v\u00f5ib kasvada 3\u20135 aastat. Vastupidav k\u00fclmadele, kevadel hakkab v\u00e4ga vara kasvama. Lehti kasutatakse salatite valmistamiseks alates varakevadest kuni hiliss\u00fcgiseni. Kasvab h\u00e4sti huumuselises saviliiv- ja kerge v\u00f5i keskmise raskusega mullas.<\/p>\n","protected":false},"featured_media":166723,"comment_status":"closed","ping_status":"closed","template":"","meta":{"_themeisle_gutenberg_block_has_review":false},"product_cat":[13483],"product_tag":[],"class_list":{"0":"post-154475","1":"product","2":"type-product","3":"status-publish","4":"has-post-thumbnail","6":"product_cat-sibul-porru-murulauk","8":"first","9":"instock","10":"shipping-taxable","11":"purchasable","12":"product-type-simple"},"yoast_head":"<!-- This site is optimized with the Yoast SEO plugin v24.0 - https:\/\/yoast.com\/wordpress\/plugins\/seo\/ -->\n<title>Talisibul &#039;Bajkal&#039; - Allium fistulosum L. - Horticom.ee<\/title>\n<meta name=\"description\" content=\"Talisibul Bajkal \u2013 Mitmeaastane taim, talub k\u00fclma. Kasvab h\u00e4sti varakevadest hiliss\u00fcgiseni. Lehti kasutatakse salatites, sobib saviliivmullale.\" \/>\n<meta name=\"robots\" content=\"index, follow, max-snippet:-1, max-image-preview:large, max-video-preview:-1\" \/>\n<link rel=\"canonical\" href=\"https:\/\/horticom.ee\/e-pood\/toode\/talisibul-bajkal-allium-fistulosum-l-2\/\" \/>\n<meta property=\"og:locale\" content=\"ru_RU\" \/>\n<meta property=\"og:type\" content=\"article\" \/>\n<meta property=\"og:title\" content=\"Talisibul &#039;Bajkal&#039; - Allium fistulosum L. - Horticom.ee\" \/>\n<meta property=\"og:description\" content=\"Talisibul Bajkal \u2013 Mitmeaastane taim, talub k\u00fclma. Kasvab h\u00e4sti varakevadest hiliss\u00fcgiseni. Lehti kasutatakse salatites, sobib saviliivmullale.\" \/>\n<meta property=\"og:url\" content=\"https:\/\/horticom.ee\/e-pood\/toode\/talisibul-bajkal-allium-fistulosum-l-2\/\" \/>\n<meta property=\"og:site_name\" content=\"Horticom.ee\" \/>\n<meta property=\"article:publisher\" content=\"https:\/\/www.facebook.com\/horticom.ee\/e-pood\" \/>\n<meta property=\"article:modified_time\" content=\"2026-05-04T00:06:42+00:00\" \/>\n<meta property=\"og:image\" content=\"https:\/\/horticom.ee\/e-pood\/wp-content\/uploads\/importedmedia\/product-154475_0-LA1136.jpg\" \/>\n\t<meta property=\"og:image:width\" content=\"1000\" \/>\n\t<meta property=\"og:image:height\" content=\"1743\" \/>\n\t<meta property=\"og:image:type\" content=\"image\/jpeg\" \/>\n<meta name=\"twitter:card\" content=\"summary_large_image\" \/>\n<script type=\"application\/ld+json\" class=\"yoast-schema-graph\">{\"@context\":\"https:\/\/schema.org\",\"@graph\":[{\"@type\":\"WebPage\",\"@id\":\"https:\/\/horticom.ee\/e-pood\/toode\/talisibul-bajkal-allium-fistulosum-l-2\/\",\"url\":\"https:\/\/horticom.ee\/e-pood\/toode\/talisibul-bajkal-allium-fistulosum-l-2\/\",\"name\":\"Talisibul 'Bajkal' - Allium fistulosum L. - Horticom.ee\",\"isPartOf\":{\"@id\":\"https:\/\/horticom.ee\/e-pood\/#website\"},\"primaryImageOfPage\":{\"@id\":\"https:\/\/horticom.ee\/e-pood\/toode\/talisibul-bajkal-allium-fistulosum-l-2\/#primaryimage\"},\"image\":{\"@id\":\"https:\/\/horticom.ee\/e-pood\/toode\/talisibul-bajkal-allium-fistulosum-l-2\/#primaryimage\"},\"thumbnailUrl\":\"https:\/\/horticom.ee\/e-pood\/wp-content\/uploads\/importedmedia\/product-154475_0-LA1136.jpg\",\"datePublished\":\"2022-01-17T22:05:31+00:00\",\"dateModified\":\"2026-05-04T00:06:42+00:00\",\"description\":\"Talisibul Bajkal \u2013 Mitmeaastane taim, talub k\u00fclma. Kasvab h\u00e4sti varakevadest hiliss\u00fcgiseni. Lehti kasutatakse salatites, sobib saviliivmullale.\",\"breadcrumb\":{\"@id\":\"https:\/\/horticom.ee\/e-pood\/toode\/talisibul-bajkal-allium-fistulosum-l-2\/#breadcrumb\"},\"inLanguage\":\"ru-RU\",\"potentialAction\":[{\"@type\":\"ReadAction\",\"target\":[\"https:\/\/horticom.ee\/e-pood\/toode\/talisibul-bajkal-allium-fistulosum-l-2\/\"]}]},{\"@type\":\"ImageObject\",\"inLanguage\":\"ru-RU\",\"@id\":\"https:\/\/horticom.ee\/e-pood\/toode\/talisibul-bajkal-allium-fistulosum-l-2\/#primaryimage\",\"url\":\"https:\/\/horticom.ee\/e-pood\/wp-content\/uploads\/importedmedia\/product-154475_0-LA1136.jpg\",\"contentUrl\":\"https:\/\/horticom.ee\/e-pood\/wp-content\/uploads\/importedmedia\/product-154475_0-LA1136.jpg\",\"width\":1000,\"height\":1743,\"caption\":\"Talisibul 'Bajkal' - Allium fistulosum L.\"},{\"@type\":\"BreadcrumbList\",\"@id\":\"https:\/\/horticom.ee\/e-pood\/toode\/talisibul-bajkal-allium-fistulosum-l-2\/#breadcrumb\",\"itemListElement\":[{\"@type\":\"ListItem\",\"position\":1,\"name\":\"Home\",\"item\":\"https:\/\/horticom.ee\/e-pood\/\"},{\"@type\":\"ListItem\",\"position\":2,\"name\":\"Pood\",\"item\":\"https:\/\/horticom.ee\/e-pood\/pood\/\"},{\"@type\":\"ListItem\",\"position\":3,\"name\":\"Talisibul &#8216;Bajkal&#8217; &#8211; Allium fistulosum L.\"}]},{\"@type\":\"WebSite\",\"@id\":\"https:\/\/horticom.ee\/e-pood\/#website\",\"url\":\"https:\/\/horticom.ee\/e-pood\/\",\"name\":\"Horticom.ee\",\"description\":\"Aianduskaubad ja kodukaubad nii harrastajatele kui professionaalidele\",\"potentialAction\":[{\"@type\":\"SearchAction\",\"target\":{\"@type\":\"EntryPoint\",\"urlTemplate\":\"https:\/\/horticom.ee\/e-pood\/?s={search_term_string}\"},\"query-input\":{\"@type\":\"PropertyValueSpecification\",\"valueRequired\":true,\"valueName\":\"search_term_string\"}}],\"inLanguage\":\"ru-RU\"}]}<\/script>\n<!-- \/ Yoast SEO plugin. -->","yoast_head_json":{"title":"Talisibul 'Bajkal' - Allium fistulosum L. - Horticom.ee","description":"Talisibul Bajkal \u2013 Mitmeaastane taim, talub k\u00fclma. Kasvab h\u00e4sti varakevadest hiliss\u00fcgiseni. Lehti kasutatakse salatites, sobib saviliivmullale.","robots":{"index":"index","follow":"follow","max-snippet":"max-snippet:-1","max-image-preview":"max-image-preview:large","max-video-preview":"max-video-preview:-1"},"canonical":"https:\/\/horticom.ee\/e-pood\/toode\/talisibul-bajkal-allium-fistulosum-l-2\/","og_locale":"ru_RU","og_type":"article","og_title":"Talisibul 'Bajkal' - Allium fistulosum L. - Horticom.ee","og_description":"Talisibul Bajkal \u2013 Mitmeaastane taim, talub k\u00fclma. Kasvab h\u00e4sti varakevadest hiliss\u00fcgiseni. Lehti kasutatakse salatites, sobib saviliivmullale.","og_url":"https:\/\/horticom.ee\/e-pood\/toode\/talisibul-bajkal-allium-fistulosum-l-2\/","og_site_name":"Horticom.ee","article_publisher":"https:\/\/www.facebook.com\/horticom.ee\/e-pood","article_modified_time":"2026-05-04T00:06:42+00:00","og_image":[{"width":1000,"height":1743,"url":"https:\/\/horticom.ee\/e-pood\/wp-content\/uploads\/importedmedia\/product-154475_0-LA1136.jpg","type":"image\/jpeg"}],"twitter_card":"summary_large_image","schema":{"@context":"https:\/\/schema.org","@graph":[{"@type":"WebPage","@id":"https:\/\/horticom.ee\/e-pood\/toode\/talisibul-bajkal-allium-fistulosum-l-2\/","url":"https:\/\/horticom.ee\/e-pood\/toode\/talisibul-bajkal-allium-fistulosum-l-2\/","name":"Talisibul 'Bajkal' - Allium fistulosum L. - Horticom.ee","isPartOf":{"@id":"https:\/\/horticom.ee\/e-pood\/#website"},"primaryImageOfPage":{"@id":"https:\/\/horticom.ee\/e-pood\/toode\/talisibul-bajkal-allium-fistulosum-l-2\/#primaryimage"},"image":{"@id":"https:\/\/horticom.ee\/e-pood\/toode\/talisibul-bajkal-allium-fistulosum-l-2\/#primaryimage"},"thumbnailUrl":"https:\/\/horticom.ee\/e-pood\/wp-content\/uploads\/importedmedia\/product-154475_0-LA1136.jpg","datePublished":"2022-01-17T22:05:31+00:00","dateModified":"2026-05-04T00:06:42+00:00","description":"Talisibul Bajkal \u2013 Mitmeaastane taim, talub k\u00fclma. Kasvab h\u00e4sti varakevadest hiliss\u00fcgiseni. Lehti kasutatakse salatites, sobib saviliivmullale.","breadcrumb":{"@id":"https:\/\/horticom.ee\/e-pood\/toode\/talisibul-bajkal-allium-fistulosum-l-2\/#breadcrumb"},"inLanguage":"ru-RU","potentialAction":[{"@type":"ReadAction","target":["https:\/\/horticom.ee\/e-pood\/toode\/talisibul-bajkal-allium-fistulosum-l-2\/"]}]},{"@type":"ImageObject","inLanguage":"ru-RU","@id":"https:\/\/horticom.ee\/e-pood\/toode\/talisibul-bajkal-allium-fistulosum-l-2\/#primaryimage","url":"https:\/\/horticom.ee\/e-pood\/wp-content\/uploads\/importedmedia\/product-154475_0-LA1136.jpg","contentUrl":"https:\/\/horticom.ee\/e-pood\/wp-content\/uploads\/importedmedia\/product-154475_0-LA1136.jpg","width":1000,"height":1743,"caption":"Talisibul 'Bajkal' - Allium fistulosum L."},{"@type":"BreadcrumbList","@id":"https:\/\/horticom.ee\/e-pood\/toode\/talisibul-bajkal-allium-fistulosum-l-2\/#breadcrumb","itemListElement":[{"@type":"ListItem","position":1,"name":"Home","item":"https:\/\/horticom.ee\/e-pood\/"},{"@type":"ListItem","position":2,"name":"Pood","item":"https:\/\/horticom.ee\/e-pood\/pood\/"},{"@type":"ListItem","position":3,"name":"Talisibul &#8216;Bajkal&#8217; &#8211; Allium fistulosum L."}]},{"@type":"WebSite","@id":"https:\/\/horticom.ee\/e-pood\/#website","url":"https:\/\/horticom.ee\/e-pood\/","name":"Horticom.ee","description":"Aianduskaubad ja kodukaubad nii harrastajatele kui professionaalidele","potentialAction":[{"@type":"SearchAction","target":{"@type":"EntryPoint","urlTemplate":"https:\/\/horticom.ee\/e-pood\/?s={search_term_string}"},"query-input":{"@type":"PropertyValueSpecification","valueRequired":true,"valueName":"search_term_string"}}],"inLanguage":"ru-RU"}]}},"_links":{"self":[{"href":"https:\/\/horticom.ee\/e-pood\/ru\/wp-json\/wp\/v2\/product\/154475","targetHints":{"allow":["GET"]}}],"collection":[{"href":"https:\/\/horticom.ee\/e-pood\/ru\/wp-json\/wp\/v2\/product"}],"about":[{"href":"https:\/\/horticom.ee\/e-pood\/ru\/wp-json\/wp\/v2\/types\/product"}],"replies":[{"embeddable":true,"href":"https:\/\/horticom.ee\/e-pood\/ru\/wp-json\/wp\/v2\/comments?post=154475"}],"wp:featuredmedia":[{"embeddable":true,"href":"https:\/\/horticom.ee\/e-pood\/ru\/wp-json\/wp\/v2\/media\/166723"}],"wp:attachment":[{"href":"https:\/\/horticom.ee\/e-pood\/ru\/wp-json\/wp\/v2\/media?parent=154475"}],"wp:term":[{"taxonomy":"product_cat","embeddable":true,"href":"https:\/\/horticom.ee\/e-pood\/ru\/wp-json\/wp\/v2\/product_cat?post=154475"},{"taxonomy":"product_tag","embeddable":true,"href":"https:\/\/horticom.ee\/e-pood\/ru\/wp-json\/wp\/v2\/product_tag?post=154475"}],"curies":[{"name":"wp","href":"https:\/\/api.w.org\/{rel}","templated":true}]}}