{"id":154515,"date":"2022-01-18T00:05:55","date_gmt":"2022-01-17T22:05:55","guid":{"rendered":"https:\/\/aednik24.ee\/toode\/juuretokkematt-23-x-26m-6m2-tihedus-220g-m2\/"},"modified":"2026-04-24T03:11:39","modified_gmt":"2026-04-24T00:11:39","slug":"juuretokkematt-23-x-26m-6m2-tihedus-220g-m2","status":"publish","type":"product","link":"https:\/\/horticom.ee\/e-pood\/ru\/toode\/juuretokkematt-23-x-26m-6m2-tihedus-220g-m2\/","title":{"rendered":"Juuret\u00f5kkematt 2,3 x 2,6m 6m2 tihedus 220g\/m2"},"content":{"rendered":"<p>Juuret\u00f5ke on vett l\u00e4bilaskev j\u00e4ik kiudkangas, mis t\u00f5kestab puujuurte tungimist puu alla istutatud taimepuhmastesse v\u00f5i lubab taimi istuda ebatavalistesse kasvukohtadesse, n\u00e4iteks killustikku, kivide vahele v\u00f5i liiva sisse. Ideaalne abivahend turbaaedade rajamisel. Juuret\u00f5kkega vooderdatud istutusauk takistab mulla kadumise juurte \u00fcmbert ning filtreerib \u00fcleliigse kastmis- ja sademetevee.<\/p>\n","protected":false},"excerpt":{"rendered":"<p>Juuret\u00f5ke on vett l\u00e4bilaskev j\u00e4ik kiudkangas, mis t\u00f5kestab puujuurte tungimist puu alla istutatud taimepuhmastesse v\u00f5i lubab taimi istuda ebatavalistesse kasvukohtadesse, n\u00e4iteks killustikku, kivide vahele v\u00f5i liiva sisse. Ideaalne abivahend turbaaedade rajamisel. Juuret\u00f5kkega vooderdatud istutusauk takistab mulla kadumise juurte \u00fcmbert ning filtreerib \u00fcleliigse kastmis- ja sademetevee.<\/p>\n","protected":false},"featured_media":165881,"comment_status":"closed","ping_status":"closed","template":"","meta":{"_themeisle_gutenberg_block_has_review":false},"product_cat":[13385,13637],"product_tag":[],"class_list":{"0":"post-154515","1":"product","2":"type-product","3":"status-publish","4":"has-post-thumbnail","6":"product_cat-geotekstiilid","7":"product_cat-geotekstiil-tootjale","9":"first","10":"instock","11":"shipping-taxable","12":"purchasable","13":"product-type-simple"},"yoast_head":"<!-- This site is optimized with the Yoast SEO plugin v24.0 - https:\/\/yoast.com\/wordpress\/plugins\/seo\/ -->\n<title>Juuret\u00f5kkematt 2,3 x 2,6m 6m2 tihedus 220g\/m2 - Horticom<\/title>\n<meta name=\"robots\" content=\"index, follow, max-snippet:-1, max-image-preview:large, max-video-preview:-1\" \/>\n<link rel=\"canonical\" href=\"https:\/\/horticom.ee\/e-pood\/toode\/juuretokkematt-23-x-26m-6m2-tihedus-220g-m2\/\" \/>\n<meta property=\"og:locale\" content=\"ru_RU\" \/>\n<meta property=\"og:type\" content=\"article\" \/>\n<meta property=\"og:title\" content=\"Juuret\u00f5kkematt 2,3 x 2,6m 6m2 tihedus 220g\/m2 - Horticom\" \/>\n<meta property=\"og:description\" content=\"Juuret\u00f5ke on vett l\u00e4bilaskev j\u00e4ik kiudkangas, mis t\u00f5kestab puujuurte tungimist puu alla istutatud taimepuhmastesse v\u00f5i lubab taimi istuda ebatavalistesse kasvukohtadesse, n\u00e4iteks killustikku, kivide vahele v\u00f5i liiva sisse. Ideaalne abivahend turbaaedade rajamisel. Juuret\u00f5kkega vooderdatud istutusauk takistab mulla kadumise juurte \u00fcmbert ning filtreerib \u00fcleliigse kastmis- ja sademetevee.\" \/>\n<meta property=\"og:url\" content=\"https:\/\/horticom.ee\/e-pood\/toode\/juuretokkematt-23-x-26m-6m2-tihedus-220g-m2\/\" \/>\n<meta property=\"og:site_name\" content=\"Horticom.ee\" \/>\n<meta property=\"article:publisher\" content=\"https:\/\/www.facebook.com\/horticom.ee\/e-pood\" \/>\n<meta property=\"article:modified_time\" content=\"2026-04-24T00:11:39+00:00\" \/>\n<meta property=\"og:image\" content=\"https:\/\/horticom.ee\/e-pood\/wp-content\/uploads\/importedmedia\/product-154515_0-672251.jpg\" \/>\n\t<meta property=\"og:image:width\" content=\"999\" \/>\n\t<meta property=\"og:image:height\" content=\"666\" \/>\n\t<meta property=\"og:image:type\" content=\"image\/jpeg\" \/>\n<meta name=\"twitter:card\" content=\"summary_large_image\" \/>\n<script type=\"application\/ld+json\" class=\"yoast-schema-graph\">{\"@context\":\"https:\/\/schema.org\",\"@graph\":[{\"@type\":\"WebPage\",\"@id\":\"https:\/\/horticom.ee\/e-pood\/toode\/juuretokkematt-23-x-26m-6m2-tihedus-220g-m2\/\",\"url\":\"https:\/\/horticom.ee\/e-pood\/toode\/juuretokkematt-23-x-26m-6m2-tihedus-220g-m2\/\",\"name\":\"Juuret\u00f5kkematt 2,3 x 2,6m 6m2 tihedus 220g\/m2 - Horticom\",\"isPartOf\":{\"@id\":\"https:\/\/horticom.ee\/e-pood\/#website\"},\"primaryImageOfPage\":{\"@id\":\"https:\/\/horticom.ee\/e-pood\/toode\/juuretokkematt-23-x-26m-6m2-tihedus-220g-m2\/#primaryimage\"},\"image\":{\"@id\":\"https:\/\/horticom.ee\/e-pood\/toode\/juuretokkematt-23-x-26m-6m2-tihedus-220g-m2\/#primaryimage\"},\"thumbnailUrl\":\"https:\/\/horticom.ee\/e-pood\/wp-content\/uploads\/importedmedia\/product-154515_0-672251.jpg\",\"datePublished\":\"2022-01-17T22:05:55+00:00\",\"dateModified\":\"2026-04-24T00:11:39+00:00\",\"breadcrumb\":{\"@id\":\"https:\/\/horticom.ee\/e-pood\/toode\/juuretokkematt-23-x-26m-6m2-tihedus-220g-m2\/#breadcrumb\"},\"inLanguage\":\"ru-RU\",\"potentialAction\":[{\"@type\":\"ReadAction\",\"target\":[\"https:\/\/horticom.ee\/e-pood\/toode\/juuretokkematt-23-x-26m-6m2-tihedus-220g-m2\/\"]}]},{\"@type\":\"ImageObject\",\"inLanguage\":\"ru-RU\",\"@id\":\"https:\/\/horticom.ee\/e-pood\/toode\/juuretokkematt-23-x-26m-6m2-tihedus-220g-m2\/#primaryimage\",\"url\":\"https:\/\/horticom.ee\/e-pood\/wp-content\/uploads\/importedmedia\/product-154515_0-672251.jpg\",\"contentUrl\":\"https:\/\/horticom.ee\/e-pood\/wp-content\/uploads\/importedmedia\/product-154515_0-672251.jpg\",\"width\":999,\"height\":666},{\"@type\":\"BreadcrumbList\",\"@id\":\"https:\/\/horticom.ee\/e-pood\/toode\/juuretokkematt-23-x-26m-6m2-tihedus-220g-m2\/#breadcrumb\",\"itemListElement\":[{\"@type\":\"ListItem\",\"position\":1,\"name\":\"Home\",\"item\":\"https:\/\/horticom.ee\/e-pood\/\"},{\"@type\":\"ListItem\",\"position\":2,\"name\":\"Pood\",\"item\":\"https:\/\/horticom.ee\/e-pood\/pood\/\"},{\"@type\":\"ListItem\",\"position\":3,\"name\":\"Juuret\u00f5kkematt 2,3 x 2,6m 6m2 tihedus 220g\/m2\"}]},{\"@type\":\"WebSite\",\"@id\":\"https:\/\/horticom.ee\/e-pood\/#website\",\"url\":\"https:\/\/horticom.ee\/e-pood\/\",\"name\":\"Horticom.ee\",\"description\":\"Aianduskaubad ja kodukaubad nii harrastajatele kui professionaalidele\",\"potentialAction\":[{\"@type\":\"SearchAction\",\"target\":{\"@type\":\"EntryPoint\",\"urlTemplate\":\"https:\/\/horticom.ee\/e-pood\/?s={search_term_string}\"},\"query-input\":{\"@type\":\"PropertyValueSpecification\",\"valueRequired\":true,\"valueName\":\"search_term_string\"}}],\"inLanguage\":\"ru-RU\"}]}<\/script>\n<!-- \/ Yoast SEO plugin. -->","yoast_head_json":{"title":"Juuret\u00f5kkematt 2,3 x 2,6m 6m2 tihedus 220g\/m2 - Horticom","robots":{"index":"index","follow":"follow","max-snippet":"max-snippet:-1","max-image-preview":"max-image-preview:large","max-video-preview":"max-video-preview:-1"},"canonical":"https:\/\/horticom.ee\/e-pood\/toode\/juuretokkematt-23-x-26m-6m2-tihedus-220g-m2\/","og_locale":"ru_RU","og_type":"article","og_title":"Juuret\u00f5kkematt 2,3 x 2,6m 6m2 tihedus 220g\/m2 - Horticom","og_description":"Juuret\u00f5ke on vett l\u00e4bilaskev j\u00e4ik kiudkangas, mis t\u00f5kestab puujuurte tungimist puu alla istutatud taimepuhmastesse v\u00f5i lubab taimi istuda ebatavalistesse kasvukohtadesse, n\u00e4iteks killustikku, kivide vahele v\u00f5i liiva sisse. Ideaalne abivahend turbaaedade rajamisel. Juuret\u00f5kkega vooderdatud istutusauk takistab mulla kadumise juurte \u00fcmbert ning filtreerib \u00fcleliigse kastmis- ja sademetevee.","og_url":"https:\/\/horticom.ee\/e-pood\/toode\/juuretokkematt-23-x-26m-6m2-tihedus-220g-m2\/","og_site_name":"Horticom.ee","article_publisher":"https:\/\/www.facebook.com\/horticom.ee\/e-pood","article_modified_time":"2026-04-24T00:11:39+00:00","og_image":[{"width":999,"height":666,"url":"https:\/\/horticom.ee\/e-pood\/wp-content\/uploads\/importedmedia\/product-154515_0-672251.jpg","type":"image\/jpeg"}],"twitter_card":"summary_large_image","schema":{"@context":"https:\/\/schema.org","@graph":[{"@type":"WebPage","@id":"https:\/\/horticom.ee\/e-pood\/toode\/juuretokkematt-23-x-26m-6m2-tihedus-220g-m2\/","url":"https:\/\/horticom.ee\/e-pood\/toode\/juuretokkematt-23-x-26m-6m2-tihedus-220g-m2\/","name":"Juuret\u00f5kkematt 2,3 x 2,6m 6m2 tihedus 220g\/m2 - Horticom","isPartOf":{"@id":"https:\/\/horticom.ee\/e-pood\/#website"},"primaryImageOfPage":{"@id":"https:\/\/horticom.ee\/e-pood\/toode\/juuretokkematt-23-x-26m-6m2-tihedus-220g-m2\/#primaryimage"},"image":{"@id":"https:\/\/horticom.ee\/e-pood\/toode\/juuretokkematt-23-x-26m-6m2-tihedus-220g-m2\/#primaryimage"},"thumbnailUrl":"https:\/\/horticom.ee\/e-pood\/wp-content\/uploads\/importedmedia\/product-154515_0-672251.jpg","datePublished":"2022-01-17T22:05:55+00:00","dateModified":"2026-04-24T00:11:39+00:00","breadcrumb":{"@id":"https:\/\/horticom.ee\/e-pood\/toode\/juuretokkematt-23-x-26m-6m2-tihedus-220g-m2\/#breadcrumb"},"inLanguage":"ru-RU","potentialAction":[{"@type":"ReadAction","target":["https:\/\/horticom.ee\/e-pood\/toode\/juuretokkematt-23-x-26m-6m2-tihedus-220g-m2\/"]}]},{"@type":"ImageObject","inLanguage":"ru-RU","@id":"https:\/\/horticom.ee\/e-pood\/toode\/juuretokkematt-23-x-26m-6m2-tihedus-220g-m2\/#primaryimage","url":"https:\/\/horticom.ee\/e-pood\/wp-content\/uploads\/importedmedia\/product-154515_0-672251.jpg","contentUrl":"https:\/\/horticom.ee\/e-pood\/wp-content\/uploads\/importedmedia\/product-154515_0-672251.jpg","width":999,"height":666},{"@type":"BreadcrumbList","@id":"https:\/\/horticom.ee\/e-pood\/toode\/juuretokkematt-23-x-26m-6m2-tihedus-220g-m2\/#breadcrumb","itemListElement":[{"@type":"ListItem","position":1,"name":"Home","item":"https:\/\/horticom.ee\/e-pood\/"},{"@type":"ListItem","position":2,"name":"Pood","item":"https:\/\/horticom.ee\/e-pood\/pood\/"},{"@type":"ListItem","position":3,"name":"Juuret\u00f5kkematt 2,3 x 2,6m 6m2 tihedus 220g\/m2"}]},{"@type":"WebSite","@id":"https:\/\/horticom.ee\/e-pood\/#website","url":"https:\/\/horticom.ee\/e-pood\/","name":"Horticom.ee","description":"Aianduskaubad ja kodukaubad nii harrastajatele kui professionaalidele","potentialAction":[{"@type":"SearchAction","target":{"@type":"EntryPoint","urlTemplate":"https:\/\/horticom.ee\/e-pood\/?s={search_term_string}"},"query-input":{"@type":"PropertyValueSpecification","valueRequired":true,"valueName":"search_term_string"}}],"inLanguage":"ru-RU"}]}},"_links":{"self":[{"href":"https:\/\/horticom.ee\/e-pood\/ru\/wp-json\/wp\/v2\/product\/154515","targetHints":{"allow":["GET"]}}],"collection":[{"href":"https:\/\/horticom.ee\/e-pood\/ru\/wp-json\/wp\/v2\/product"}],"about":[{"href":"https:\/\/horticom.ee\/e-pood\/ru\/wp-json\/wp\/v2\/types\/product"}],"replies":[{"embeddable":true,"href":"https:\/\/horticom.ee\/e-pood\/ru\/wp-json\/wp\/v2\/comments?post=154515"}],"wp:featuredmedia":[{"embeddable":true,"href":"https:\/\/horticom.ee\/e-pood\/ru\/wp-json\/wp\/v2\/media\/165881"}],"wp:attachment":[{"href":"https:\/\/horticom.ee\/e-pood\/ru\/wp-json\/wp\/v2\/media?parent=154515"}],"wp:term":[{"taxonomy":"product_cat","embeddable":true,"href":"https:\/\/horticom.ee\/e-pood\/ru\/wp-json\/wp\/v2\/product_cat?post=154515"},{"taxonomy":"product_tag","embeddable":true,"href":"https:\/\/horticom.ee\/e-pood\/ru\/wp-json\/wp\/v2\/product_tag?post=154515"}],"curies":[{"name":"wp","href":"https:\/\/api.w.org\/{rel}","templated":true}]}}