{"id":154543,"date":"2022-01-18T00:06:12","date_gmt":"2022-01-17T22:06:12","guid":{"rendered":"https:\/\/aednik24.ee\/toode\/juuretokkematt-175-x-175m-3m2-tihedus-220g-m2\/"},"modified":"2026-04-09T03:10:16","modified_gmt":"2026-04-09T00:10:16","slug":"juuretokkematt-175-x-175m-3m2-tihedus-220g-m2","status":"publish","type":"product","link":"https:\/\/horticom.ee\/e-pood\/ru\/toode\/juuretokkematt-175-x-175m-3m2-tihedus-220g-m2\/","title":{"rendered":"Juuret\u00f5kkematt 1,75 x 1,75m 3m2 tihedus 220g\/m2"},"content":{"rendered":"<p>Juuret\u00f5ke on vett l\u00e4bilaskev j\u00e4ik kiudkangas, mis t\u00f5kestab puujuurte tungimist puu alla istutatud taimepuhmastesse v\u00f5i lubab taimi istuda ebatavalistesse kasvukohtadesse, n\u00e4iteks killustikku, kivide vahele v\u00f5i liiva sisse. Ideaalne abivahend turbaaedade rajamisel. Juuret\u00f5kkega vooderdatud istutusauk takistab mulla kadumise juurte \u00fcmbert ning filtreerib \u00fcleliigse kastmis- ja sademetevee. Paigaldamise n\u00e4pun\u00e4iteid: Kaeva vajaliku suurusega istutusauk. Lille- ja k\u00f6\u00f6giviljapeenardele on sobiv s\u00fcgavus 30-40 cm, roosidele ja rododendronitele &#8211; 80 cm. Puhasta istutusauk juurtest, kividest ja mittevajalikust pinnasest. Aseta juuret\u00f5ke istutusauku ja venita nurgad paika. J\u00e4ta v\u00e4ike serv (umbes 2cm) \u00fcle maapinna, et takistada juurte levikut pinna kaudu. Kangast j\u00e4tkates naeluta servad kahe lauajupi vahele. Pragusid ei maksa j\u00e4tta, sest sealtkaudu levivad mittevajalikud juured. Juuret\u00f5ke on vett l\u00e4bilaskev kiudkangas, mis ei k\u00f5dune ega m\u00e4dane ning on vastupidav maapinnas leiduvate hapete ning aluse suhtes.<\/p>\n","protected":false},"excerpt":{"rendered":"<p>Juuret\u00f5ke on vett l\u00e4bilaskev j\u00e4ik kiudkangas, mis t\u00f5kestab puujuurte tungimist puu alla istutatud taimepuhmastesse v\u00f5i lubab taimi istuda ebatavalistesse kasvukohtadesse, n\u00e4iteks killustikku, kivide vahele v\u00f5i liiva sisse. Ideaalne abivahend turbaaedade rajamisel. Juuret\u00f5kkega vooderdatud istutusauk takistab mulla kadumise juurte \u00fcmbert ning filtreerib \u00fcleliigse kastmis- ja sademetevee. Paigaldamise n\u00e4pun\u00e4iteid: Kaeva vajaliku suurusega istutusauk. Lille- ja k\u00f6\u00f6giviljapeenardele on [&hellip;]<\/p>\n","protected":false},"featured_media":165810,"comment_status":"closed","ping_status":"closed","template":"","meta":{"_themeisle_gutenberg_block_has_review":false},"product_cat":[13385,13637],"product_tag":[],"class_list":{"0":"post-154543","1":"product","2":"type-product","3":"status-publish","4":"has-post-thumbnail","6":"product_cat-geotekstiilid","7":"product_cat-geotekstiil-tootjale","9":"first","10":"instock","11":"shipping-taxable","12":"purchasable","13":"product-type-simple"},"yoast_head":"<!-- This site is optimized with the Yoast SEO plugin v24.0 - https:\/\/yoast.com\/wordpress\/plugins\/seo\/ -->\n<title>Juuret\u00f5kkematt 1,75 x 1,75m 3m2 tihedus 220g\/m2 - Horticom<\/title>\n<meta name=\"robots\" content=\"index, follow, max-snippet:-1, max-image-preview:large, max-video-preview:-1\" \/>\n<link rel=\"canonical\" href=\"https:\/\/horticom.ee\/e-pood\/toode\/juuretokkematt-175-x-175m-3m2-tihedus-220g-m2\/\" \/>\n<meta property=\"og:locale\" content=\"ru_RU\" \/>\n<meta property=\"og:type\" content=\"article\" \/>\n<meta property=\"og:title\" content=\"Juuret\u00f5kkematt 1,75 x 1,75m 3m2 tihedus 220g\/m2 - Horticom\" \/>\n<meta property=\"og:description\" content=\"Juuret\u00f5ke on vett l\u00e4bilaskev j\u00e4ik kiudkangas, mis t\u00f5kestab puujuurte tungimist puu alla istutatud taimepuhmastesse v\u00f5i lubab taimi istuda ebatavalistesse kasvukohtadesse, n\u00e4iteks killustikku, kivide vahele v\u00f5i liiva sisse. Ideaalne abivahend turbaaedade rajamisel. Juuret\u00f5kkega vooderdatud istutusauk takistab mulla kadumise juurte \u00fcmbert ning filtreerib \u00fcleliigse kastmis- ja sademetevee. Paigaldamise n\u00e4pun\u00e4iteid: Kaeva vajaliku suurusega istutusauk. Lille- ja k\u00f6\u00f6giviljapeenardele on [&hellip;]\" \/>\n<meta property=\"og:url\" content=\"https:\/\/horticom.ee\/e-pood\/toode\/juuretokkematt-175-x-175m-3m2-tihedus-220g-m2\/\" \/>\n<meta property=\"og:site_name\" content=\"Horticom.ee\" \/>\n<meta property=\"article:publisher\" content=\"https:\/\/www.facebook.com\/horticom.ee\/e-pood\" \/>\n<meta property=\"article:modified_time\" content=\"2026-04-09T00:10:16+00:00\" \/>\n<meta property=\"og:image\" content=\"https:\/\/horticom.ee\/e-pood\/wp-content\/uploads\/importedmedia\/product-154543_0-672252.jpg\" \/>\n\t<meta property=\"og:image:width\" content=\"1000\" \/>\n\t<meta property=\"og:image:height\" content=\"1121\" \/>\n\t<meta property=\"og:image:type\" content=\"image\/jpeg\" \/>\n<meta name=\"twitter:card\" content=\"summary_large_image\" \/>\n<meta name=\"twitter:label1\" content=\"\u041f\u0440\u0438\u043c\u0435\u0440\u043d\u043e\u0435 \u0432\u0440\u0435\u043c\u044f \u0434\u043b\u044f \u0447\u0442\u0435\u043d\u0438\u044f\" \/>\n\t<meta name=\"twitter:data1\" content=\"1 \u043c\u0438\u043d\u0443\u0442\u0430\" \/>\n<script type=\"application\/ld+json\" class=\"yoast-schema-graph\">{\"@context\":\"https:\/\/schema.org\",\"@graph\":[{\"@type\":\"WebPage\",\"@id\":\"https:\/\/horticom.ee\/e-pood\/toode\/juuretokkematt-175-x-175m-3m2-tihedus-220g-m2\/\",\"url\":\"https:\/\/horticom.ee\/e-pood\/toode\/juuretokkematt-175-x-175m-3m2-tihedus-220g-m2\/\",\"name\":\"Juuret\u00f5kkematt 1,75 x 1,75m 3m2 tihedus 220g\/m2 - Horticom\",\"isPartOf\":{\"@id\":\"https:\/\/horticom.ee\/e-pood\/#website\"},\"primaryImageOfPage\":{\"@id\":\"https:\/\/horticom.ee\/e-pood\/toode\/juuretokkematt-175-x-175m-3m2-tihedus-220g-m2\/#primaryimage\"},\"image\":{\"@id\":\"https:\/\/horticom.ee\/e-pood\/toode\/juuretokkematt-175-x-175m-3m2-tihedus-220g-m2\/#primaryimage\"},\"thumbnailUrl\":\"https:\/\/horticom.ee\/e-pood\/wp-content\/uploads\/importedmedia\/product-154543_0-672252.jpg\",\"datePublished\":\"2022-01-17T22:06:12+00:00\",\"dateModified\":\"2026-04-09T00:10:16+00:00\",\"breadcrumb\":{\"@id\":\"https:\/\/horticom.ee\/e-pood\/toode\/juuretokkematt-175-x-175m-3m2-tihedus-220g-m2\/#breadcrumb\"},\"inLanguage\":\"ru-RU\",\"potentialAction\":[{\"@type\":\"ReadAction\",\"target\":[\"https:\/\/horticom.ee\/e-pood\/toode\/juuretokkematt-175-x-175m-3m2-tihedus-220g-m2\/\"]}]},{\"@type\":\"ImageObject\",\"inLanguage\":\"ru-RU\",\"@id\":\"https:\/\/horticom.ee\/e-pood\/toode\/juuretokkematt-175-x-175m-3m2-tihedus-220g-m2\/#primaryimage\",\"url\":\"https:\/\/horticom.ee\/e-pood\/wp-content\/uploads\/importedmedia\/product-154543_0-672252.jpg\",\"contentUrl\":\"https:\/\/horticom.ee\/e-pood\/wp-content\/uploads\/importedmedia\/product-154543_0-672252.jpg\",\"width\":1000,\"height\":1121},{\"@type\":\"BreadcrumbList\",\"@id\":\"https:\/\/horticom.ee\/e-pood\/toode\/juuretokkematt-175-x-175m-3m2-tihedus-220g-m2\/#breadcrumb\",\"itemListElement\":[{\"@type\":\"ListItem\",\"position\":1,\"name\":\"Home\",\"item\":\"https:\/\/horticom.ee\/e-pood\/\"},{\"@type\":\"ListItem\",\"position\":2,\"name\":\"Pood\",\"item\":\"https:\/\/horticom.ee\/e-pood\/pood\/\"},{\"@type\":\"ListItem\",\"position\":3,\"name\":\"Juuret\u00f5kkematt 1,75 x 1,75m 3m2 tihedus 220g\/m2\"}]},{\"@type\":\"WebSite\",\"@id\":\"https:\/\/horticom.ee\/e-pood\/#website\",\"url\":\"https:\/\/horticom.ee\/e-pood\/\",\"name\":\"Horticom.ee\",\"description\":\"Aianduskaubad ja kodukaubad nii harrastajatele kui professionaalidele\",\"potentialAction\":[{\"@type\":\"SearchAction\",\"target\":{\"@type\":\"EntryPoint\",\"urlTemplate\":\"https:\/\/horticom.ee\/e-pood\/?s={search_term_string}\"},\"query-input\":{\"@type\":\"PropertyValueSpecification\",\"valueRequired\":true,\"valueName\":\"search_term_string\"}}],\"inLanguage\":\"ru-RU\"}]}<\/script>\n<!-- \/ Yoast SEO plugin. -->","yoast_head_json":{"title":"Juuret\u00f5kkematt 1,75 x 1,75m 3m2 tihedus 220g\/m2 - Horticom","robots":{"index":"index","follow":"follow","max-snippet":"max-snippet:-1","max-image-preview":"max-image-preview:large","max-video-preview":"max-video-preview:-1"},"canonical":"https:\/\/horticom.ee\/e-pood\/toode\/juuretokkematt-175-x-175m-3m2-tihedus-220g-m2\/","og_locale":"ru_RU","og_type":"article","og_title":"Juuret\u00f5kkematt 1,75 x 1,75m 3m2 tihedus 220g\/m2 - Horticom","og_description":"Juuret\u00f5ke on vett l\u00e4bilaskev j\u00e4ik kiudkangas, mis t\u00f5kestab puujuurte tungimist puu alla istutatud taimepuhmastesse v\u00f5i lubab taimi istuda ebatavalistesse kasvukohtadesse, n\u00e4iteks killustikku, kivide vahele v\u00f5i liiva sisse. Ideaalne abivahend turbaaedade rajamisel. Juuret\u00f5kkega vooderdatud istutusauk takistab mulla kadumise juurte \u00fcmbert ning filtreerib \u00fcleliigse kastmis- ja sademetevee. Paigaldamise n\u00e4pun\u00e4iteid: Kaeva vajaliku suurusega istutusauk. Lille- ja k\u00f6\u00f6giviljapeenardele on [&hellip;]","og_url":"https:\/\/horticom.ee\/e-pood\/toode\/juuretokkematt-175-x-175m-3m2-tihedus-220g-m2\/","og_site_name":"Horticom.ee","article_publisher":"https:\/\/www.facebook.com\/horticom.ee\/e-pood","article_modified_time":"2026-04-09T00:10:16+00:00","og_image":[{"width":1000,"height":1121,"url":"https:\/\/horticom.ee\/e-pood\/wp-content\/uploads\/importedmedia\/product-154543_0-672252.jpg","type":"image\/jpeg"}],"twitter_card":"summary_large_image","twitter_misc":{"\u041f\u0440\u0438\u043c\u0435\u0440\u043d\u043e\u0435 \u0432\u0440\u0435\u043c\u044f \u0434\u043b\u044f \u0447\u0442\u0435\u043d\u0438\u044f":"1 \u043c\u0438\u043d\u0443\u0442\u0430"},"schema":{"@context":"https:\/\/schema.org","@graph":[{"@type":"WebPage","@id":"https:\/\/horticom.ee\/e-pood\/toode\/juuretokkematt-175-x-175m-3m2-tihedus-220g-m2\/","url":"https:\/\/horticom.ee\/e-pood\/toode\/juuretokkematt-175-x-175m-3m2-tihedus-220g-m2\/","name":"Juuret\u00f5kkematt 1,75 x 1,75m 3m2 tihedus 220g\/m2 - Horticom","isPartOf":{"@id":"https:\/\/horticom.ee\/e-pood\/#website"},"primaryImageOfPage":{"@id":"https:\/\/horticom.ee\/e-pood\/toode\/juuretokkematt-175-x-175m-3m2-tihedus-220g-m2\/#primaryimage"},"image":{"@id":"https:\/\/horticom.ee\/e-pood\/toode\/juuretokkematt-175-x-175m-3m2-tihedus-220g-m2\/#primaryimage"},"thumbnailUrl":"https:\/\/horticom.ee\/e-pood\/wp-content\/uploads\/importedmedia\/product-154543_0-672252.jpg","datePublished":"2022-01-17T22:06:12+00:00","dateModified":"2026-04-09T00:10:16+00:00","breadcrumb":{"@id":"https:\/\/horticom.ee\/e-pood\/toode\/juuretokkematt-175-x-175m-3m2-tihedus-220g-m2\/#breadcrumb"},"inLanguage":"ru-RU","potentialAction":[{"@type":"ReadAction","target":["https:\/\/horticom.ee\/e-pood\/toode\/juuretokkematt-175-x-175m-3m2-tihedus-220g-m2\/"]}]},{"@type":"ImageObject","inLanguage":"ru-RU","@id":"https:\/\/horticom.ee\/e-pood\/toode\/juuretokkematt-175-x-175m-3m2-tihedus-220g-m2\/#primaryimage","url":"https:\/\/horticom.ee\/e-pood\/wp-content\/uploads\/importedmedia\/product-154543_0-672252.jpg","contentUrl":"https:\/\/horticom.ee\/e-pood\/wp-content\/uploads\/importedmedia\/product-154543_0-672252.jpg","width":1000,"height":1121},{"@type":"BreadcrumbList","@id":"https:\/\/horticom.ee\/e-pood\/toode\/juuretokkematt-175-x-175m-3m2-tihedus-220g-m2\/#breadcrumb","itemListElement":[{"@type":"ListItem","position":1,"name":"Home","item":"https:\/\/horticom.ee\/e-pood\/"},{"@type":"ListItem","position":2,"name":"Pood","item":"https:\/\/horticom.ee\/e-pood\/pood\/"},{"@type":"ListItem","position":3,"name":"Juuret\u00f5kkematt 1,75 x 1,75m 3m2 tihedus 220g\/m2"}]},{"@type":"WebSite","@id":"https:\/\/horticom.ee\/e-pood\/#website","url":"https:\/\/horticom.ee\/e-pood\/","name":"Horticom.ee","description":"Aianduskaubad ja kodukaubad nii harrastajatele kui professionaalidele","potentialAction":[{"@type":"SearchAction","target":{"@type":"EntryPoint","urlTemplate":"https:\/\/horticom.ee\/e-pood\/?s={search_term_string}"},"query-input":{"@type":"PropertyValueSpecification","valueRequired":true,"valueName":"search_term_string"}}],"inLanguage":"ru-RU"}]}},"_links":{"self":[{"href":"https:\/\/horticom.ee\/e-pood\/ru\/wp-json\/wp\/v2\/product\/154543","targetHints":{"allow":["GET"]}}],"collection":[{"href":"https:\/\/horticom.ee\/e-pood\/ru\/wp-json\/wp\/v2\/product"}],"about":[{"href":"https:\/\/horticom.ee\/e-pood\/ru\/wp-json\/wp\/v2\/types\/product"}],"replies":[{"embeddable":true,"href":"https:\/\/horticom.ee\/e-pood\/ru\/wp-json\/wp\/v2\/comments?post=154543"}],"wp:featuredmedia":[{"embeddable":true,"href":"https:\/\/horticom.ee\/e-pood\/ru\/wp-json\/wp\/v2\/media\/165810"}],"wp:attachment":[{"href":"https:\/\/horticom.ee\/e-pood\/ru\/wp-json\/wp\/v2\/media?parent=154543"}],"wp:term":[{"taxonomy":"product_cat","embeddable":true,"href":"https:\/\/horticom.ee\/e-pood\/ru\/wp-json\/wp\/v2\/product_cat?post=154543"},{"taxonomy":"product_tag","embeddable":true,"href":"https:\/\/horticom.ee\/e-pood\/ru\/wp-json\/wp\/v2\/product_tag?post=154543"}],"curies":[{"name":"wp","href":"https:\/\/api.w.org\/{rel}","templated":true}]}}