{"id":154582,"date":"2022-01-18T00:06:35","date_gmt":"2022-01-17T22:06:35","guid":{"rendered":"https:\/\/aednik24.ee\/toode\/madal-peiulill-lemon-drop-tagetes-patula-l\/"},"modified":"2026-05-08T03:07:40","modified_gmt":"2026-05-08T00:07:40","slug":"madal-peiulill-lemon-drop-tagetes-patula-l","status":"publish","type":"product","link":"https:\/\/horticom.ee\/e-pood\/ru\/toode\/madal-peiulill-lemon-drop-tagetes-patula-l\/","title":{"rendered":"Madal peiulill Lemon Drop Tagetes patula L."},"content":{"rendered":"<p>Madal peiulill Lemon Drop on \u00fcheaastane, 20cm k\u00f5rgune taim. 1g umbes 300 seemet. Kasvatatakse haljasaladel, lillepeenardes, haudadel, sobib ka vaasides kasvatamiseks. \u00d5ied on 5\u20136cm l\u00e4bim\u00f5\u00f5duga. Kasvab ja \u00f5itseb h\u00e4sti nii p\u00e4ikesepaistelistes kui ka varjulistes kohtades.<\/p>\n","protected":false},"excerpt":{"rendered":"<p>Madal peiulill Lemon Drop on \u00fcheaastane, 20cm k\u00f5rgune taim. 1g umbes 300 seemet. Kasvatatakse haljasaladel, lillepeenardes, haudadel, sobib ka vaasides kasvatamiseks. \u00d5ied on 5\u20136cm l\u00e4bim\u00f5\u00f5duga. Kasvab ja \u00f5itseb h\u00e4sti nii p\u00e4ikesepaistelistes kui ka varjulistes kohtades.<\/p>\n","protected":false},"featured_media":164936,"comment_status":"closed","ping_status":"closed","template":"","meta":{"_themeisle_gutenberg_block_has_review":false},"product_cat":[13510],"product_tag":[],"class_list":{"0":"post-154582","1":"product","2":"type-product","3":"status-publish","4":"has-post-thumbnail","6":"product_cat-peiulill","8":"first","9":"outofstock","10":"shipping-taxable","11":"purchasable","12":"product-type-simple"},"yoast_head":"<!-- This site is optimized with the Yoast SEO plugin v24.0 - https:\/\/yoast.com\/wordpress\/plugins\/seo\/ -->\n<title>Madal peiulill Lemon Drop Tagetes patula L. - Horticom.ee<\/title>\n<meta name=\"description\" content=\"Madal peiulill Lemon Drop on 20cm k\u00f5rgune taim, 5-6cm \u00f5itega. Sobib p\u00e4ikeselisse ja varjulisse kohta, ideaalne haljasaladele ja vaasidesse.\" \/>\n<meta name=\"robots\" content=\"index, follow, max-snippet:-1, max-image-preview:large, max-video-preview:-1\" \/>\n<link rel=\"canonical\" href=\"https:\/\/horticom.ee\/e-pood\/toode\/madal-peiulill-lemon-drop-tagetes-patula-l\/\" \/>\n<meta property=\"og:locale\" content=\"ru_RU\" \/>\n<meta property=\"og:type\" content=\"article\" \/>\n<meta property=\"og:title\" content=\"Madal peiulill Lemon Drop Tagetes patula L. - Horticom.ee\" \/>\n<meta property=\"og:description\" content=\"Madal peiulill Lemon Drop on 20cm k\u00f5rgune taim, 5-6cm \u00f5itega. Sobib p\u00e4ikeselisse ja varjulisse kohta, ideaalne haljasaladele ja vaasidesse.\" \/>\n<meta property=\"og:url\" content=\"https:\/\/horticom.ee\/e-pood\/toode\/madal-peiulill-lemon-drop-tagetes-patula-l\/\" \/>\n<meta property=\"og:site_name\" content=\"Horticom.ee\" \/>\n<meta property=\"article:publisher\" content=\"https:\/\/www.facebook.com\/horticom.ee\/e-pood\" \/>\n<meta property=\"article:modified_time\" content=\"2026-05-08T00:07:40+00:00\" \/>\n<meta property=\"og:image\" content=\"https:\/\/horticom.ee\/e-pood\/wp-content\/uploads\/importedmedia\/product-154582_0-LB2047.jpg\" \/>\n\t<meta property=\"og:image:width\" content=\"1000\" \/>\n\t<meta property=\"og:image:height\" content=\"1755\" \/>\n\t<meta property=\"og:image:type\" content=\"image\/jpeg\" \/>\n<meta name=\"twitter:card\" content=\"summary_large_image\" \/>\n<script type=\"application\/ld+json\" class=\"yoast-schema-graph\">{\"@context\":\"https:\/\/schema.org\",\"@graph\":[{\"@type\":\"WebPage\",\"@id\":\"https:\/\/horticom.ee\/e-pood\/toode\/madal-peiulill-lemon-drop-tagetes-patula-l\/\",\"url\":\"https:\/\/horticom.ee\/e-pood\/toode\/madal-peiulill-lemon-drop-tagetes-patula-l\/\",\"name\":\"Madal peiulill Lemon Drop Tagetes patula L. - Horticom.ee\",\"isPartOf\":{\"@id\":\"https:\/\/horticom.ee\/e-pood\/#website\"},\"primaryImageOfPage\":{\"@id\":\"https:\/\/horticom.ee\/e-pood\/toode\/madal-peiulill-lemon-drop-tagetes-patula-l\/#primaryimage\"},\"image\":{\"@id\":\"https:\/\/horticom.ee\/e-pood\/toode\/madal-peiulill-lemon-drop-tagetes-patula-l\/#primaryimage\"},\"thumbnailUrl\":\"https:\/\/horticom.ee\/e-pood\/wp-content\/uploads\/importedmedia\/product-154582_0-LB2047.jpg\",\"datePublished\":\"2022-01-17T22:06:35+00:00\",\"dateModified\":\"2026-05-08T00:07:40+00:00\",\"description\":\"Madal peiulill Lemon Drop on 20cm k\u00f5rgune taim, 5-6cm \u00f5itega. Sobib p\u00e4ikeselisse ja varjulisse kohta, ideaalne haljasaladele ja vaasidesse.\",\"breadcrumb\":{\"@id\":\"https:\/\/horticom.ee\/e-pood\/toode\/madal-peiulill-lemon-drop-tagetes-patula-l\/#breadcrumb\"},\"inLanguage\":\"ru-RU\",\"potentialAction\":[{\"@type\":\"ReadAction\",\"target\":[\"https:\/\/horticom.ee\/e-pood\/toode\/madal-peiulill-lemon-drop-tagetes-patula-l\/\"]}]},{\"@type\":\"ImageObject\",\"inLanguage\":\"ru-RU\",\"@id\":\"https:\/\/horticom.ee\/e-pood\/toode\/madal-peiulill-lemon-drop-tagetes-patula-l\/#primaryimage\",\"url\":\"https:\/\/horticom.ee\/e-pood\/wp-content\/uploads\/importedmedia\/product-154582_0-LB2047.jpg\",\"contentUrl\":\"https:\/\/horticom.ee\/e-pood\/wp-content\/uploads\/importedmedia\/product-154582_0-LB2047.jpg\",\"width\":1000,\"height\":1755,\"caption\":\"Madal peiulill Lemon Drop Tagetes patula L.\"},{\"@type\":\"BreadcrumbList\",\"@id\":\"https:\/\/horticom.ee\/e-pood\/toode\/madal-peiulill-lemon-drop-tagetes-patula-l\/#breadcrumb\",\"itemListElement\":[{\"@type\":\"ListItem\",\"position\":1,\"name\":\"Home\",\"item\":\"https:\/\/horticom.ee\/e-pood\/\"},{\"@type\":\"ListItem\",\"position\":2,\"name\":\"Pood\",\"item\":\"https:\/\/horticom.ee\/e-pood\/pood\/\"},{\"@type\":\"ListItem\",\"position\":3,\"name\":\"Madal peiulill Lemon Drop Tagetes patula L.\"}]},{\"@type\":\"WebSite\",\"@id\":\"https:\/\/horticom.ee\/e-pood\/#website\",\"url\":\"https:\/\/horticom.ee\/e-pood\/\",\"name\":\"Horticom.ee\",\"description\":\"Aianduskaubad ja kodukaubad nii harrastajatele kui professionaalidele\",\"potentialAction\":[{\"@type\":\"SearchAction\",\"target\":{\"@type\":\"EntryPoint\",\"urlTemplate\":\"https:\/\/horticom.ee\/e-pood\/?s={search_term_string}\"},\"query-input\":{\"@type\":\"PropertyValueSpecification\",\"valueRequired\":true,\"valueName\":\"search_term_string\"}}],\"inLanguage\":\"ru-RU\"}]}<\/script>\n<!-- \/ Yoast SEO plugin. -->","yoast_head_json":{"title":"Madal peiulill Lemon Drop Tagetes patula L. - Horticom.ee","description":"Madal peiulill Lemon Drop on 20cm k\u00f5rgune taim, 5-6cm \u00f5itega. Sobib p\u00e4ikeselisse ja varjulisse kohta, ideaalne haljasaladele ja vaasidesse.","robots":{"index":"index","follow":"follow","max-snippet":"max-snippet:-1","max-image-preview":"max-image-preview:large","max-video-preview":"max-video-preview:-1"},"canonical":"https:\/\/horticom.ee\/e-pood\/toode\/madal-peiulill-lemon-drop-tagetes-patula-l\/","og_locale":"ru_RU","og_type":"article","og_title":"Madal peiulill Lemon Drop Tagetes patula L. - Horticom.ee","og_description":"Madal peiulill Lemon Drop on 20cm k\u00f5rgune taim, 5-6cm \u00f5itega. Sobib p\u00e4ikeselisse ja varjulisse kohta, ideaalne haljasaladele ja vaasidesse.","og_url":"https:\/\/horticom.ee\/e-pood\/toode\/madal-peiulill-lemon-drop-tagetes-patula-l\/","og_site_name":"Horticom.ee","article_publisher":"https:\/\/www.facebook.com\/horticom.ee\/e-pood","article_modified_time":"2026-05-08T00:07:40+00:00","og_image":[{"width":1000,"height":1755,"url":"https:\/\/horticom.ee\/e-pood\/wp-content\/uploads\/importedmedia\/product-154582_0-LB2047.jpg","type":"image\/jpeg"}],"twitter_card":"summary_large_image","schema":{"@context":"https:\/\/schema.org","@graph":[{"@type":"WebPage","@id":"https:\/\/horticom.ee\/e-pood\/toode\/madal-peiulill-lemon-drop-tagetes-patula-l\/","url":"https:\/\/horticom.ee\/e-pood\/toode\/madal-peiulill-lemon-drop-tagetes-patula-l\/","name":"Madal peiulill Lemon Drop Tagetes patula L. - Horticom.ee","isPartOf":{"@id":"https:\/\/horticom.ee\/e-pood\/#website"},"primaryImageOfPage":{"@id":"https:\/\/horticom.ee\/e-pood\/toode\/madal-peiulill-lemon-drop-tagetes-patula-l\/#primaryimage"},"image":{"@id":"https:\/\/horticom.ee\/e-pood\/toode\/madal-peiulill-lemon-drop-tagetes-patula-l\/#primaryimage"},"thumbnailUrl":"https:\/\/horticom.ee\/e-pood\/wp-content\/uploads\/importedmedia\/product-154582_0-LB2047.jpg","datePublished":"2022-01-17T22:06:35+00:00","dateModified":"2026-05-08T00:07:40+00:00","description":"Madal peiulill Lemon Drop on 20cm k\u00f5rgune taim, 5-6cm \u00f5itega. Sobib p\u00e4ikeselisse ja varjulisse kohta, ideaalne haljasaladele ja vaasidesse.","breadcrumb":{"@id":"https:\/\/horticom.ee\/e-pood\/toode\/madal-peiulill-lemon-drop-tagetes-patula-l\/#breadcrumb"},"inLanguage":"ru-RU","potentialAction":[{"@type":"ReadAction","target":["https:\/\/horticom.ee\/e-pood\/toode\/madal-peiulill-lemon-drop-tagetes-patula-l\/"]}]},{"@type":"ImageObject","inLanguage":"ru-RU","@id":"https:\/\/horticom.ee\/e-pood\/toode\/madal-peiulill-lemon-drop-tagetes-patula-l\/#primaryimage","url":"https:\/\/horticom.ee\/e-pood\/wp-content\/uploads\/importedmedia\/product-154582_0-LB2047.jpg","contentUrl":"https:\/\/horticom.ee\/e-pood\/wp-content\/uploads\/importedmedia\/product-154582_0-LB2047.jpg","width":1000,"height":1755,"caption":"Madal peiulill Lemon Drop Tagetes patula L."},{"@type":"BreadcrumbList","@id":"https:\/\/horticom.ee\/e-pood\/toode\/madal-peiulill-lemon-drop-tagetes-patula-l\/#breadcrumb","itemListElement":[{"@type":"ListItem","position":1,"name":"Home","item":"https:\/\/horticom.ee\/e-pood\/"},{"@type":"ListItem","position":2,"name":"Pood","item":"https:\/\/horticom.ee\/e-pood\/pood\/"},{"@type":"ListItem","position":3,"name":"Madal peiulill Lemon Drop Tagetes patula L."}]},{"@type":"WebSite","@id":"https:\/\/horticom.ee\/e-pood\/#website","url":"https:\/\/horticom.ee\/e-pood\/","name":"Horticom.ee","description":"Aianduskaubad ja kodukaubad nii harrastajatele kui professionaalidele","potentialAction":[{"@type":"SearchAction","target":{"@type":"EntryPoint","urlTemplate":"https:\/\/horticom.ee\/e-pood\/?s={search_term_string}"},"query-input":{"@type":"PropertyValueSpecification","valueRequired":true,"valueName":"search_term_string"}}],"inLanguage":"ru-RU"}]}},"_links":{"self":[{"href":"https:\/\/horticom.ee\/e-pood\/ru\/wp-json\/wp\/v2\/product\/154582","targetHints":{"allow":["GET"]}}],"collection":[{"href":"https:\/\/horticom.ee\/e-pood\/ru\/wp-json\/wp\/v2\/product"}],"about":[{"href":"https:\/\/horticom.ee\/e-pood\/ru\/wp-json\/wp\/v2\/types\/product"}],"replies":[{"embeddable":true,"href":"https:\/\/horticom.ee\/e-pood\/ru\/wp-json\/wp\/v2\/comments?post=154582"}],"wp:featuredmedia":[{"embeddable":true,"href":"https:\/\/horticom.ee\/e-pood\/ru\/wp-json\/wp\/v2\/media\/164936"}],"wp:attachment":[{"href":"https:\/\/horticom.ee\/e-pood\/ru\/wp-json\/wp\/v2\/media?parent=154582"}],"wp:term":[{"taxonomy":"product_cat","embeddable":true,"href":"https:\/\/horticom.ee\/e-pood\/ru\/wp-json\/wp\/v2\/product_cat?post=154582"},{"taxonomy":"product_tag","embeddable":true,"href":"https:\/\/horticom.ee\/e-pood\/ru\/wp-json\/wp\/v2\/product_tag?post=154582"}],"curies":[{"name":"wp","href":"https:\/\/api.w.org\/{rel}","templated":true}]}}