{"id":154584,"date":"2022-01-18T00:06:37","date_gmt":"2022-01-17T22:06:37","guid":{"rendered":"https:\/\/aednik24.ee\/toode\/kurk-rodniciok-natur-h-cucumis-sativus-l-2\/"},"modified":"2026-04-30T03:08:27","modified_gmt":"2026-04-30T00:08:27","slug":"kurk-rodniciok-natur-h-cucumis-sativus-l-2","status":"publish","type":"product","link":"https:\/\/horticom.ee\/e-pood\/ru\/toode\/kurk-rodniciok-natur-h-cucumis-sativus-l-2\/","title":{"rendered":"Kurk &#8216;Rodniciok Natur H&#8217; &#8211; Cucumis sativus L."},"content":{"rendered":"<p>Kurk Rodniciok Natur H on armastatud ja tunnustatud h\u00fcbriidsordi Rodniciok asendaja. See h\u00fcbriidsort on keskmiselt varajane. Valmima hakkab 48\u201352 p\u00e4eva m\u00f6\u00f6dumisel alates istikute istutamisest. Vili on korrap\u00e4rase kujuga, erkrohelist v\u00e4rvi, keskmise suurusega k\u00fchmuline, mustade okastega, maitsev, aromaatne. Sobib marineerimiseks ja hapendamiseks.<br \/>\nV\u00f5ib kasvatada nii avamaal kui ka kasvuhoones. 1g umbes 40 seemet.<\/p>\n","protected":false},"excerpt":{"rendered":"<p>Kurk Rodniciok Natur H on armastatud ja tunnustatud h\u00fcbriidsordi Rodniciok asendaja. See h\u00fcbriidsort on keskmiselt varajane. Valmima hakkab 48\u201352 p\u00e4eva m\u00f6\u00f6dumisel alates istikute istutamisest. Vili on korrap\u00e4rase kujuga, erkrohelist v\u00e4rvi, keskmise suurusega k\u00fchmuline, mustade okastega, maitsev, aromaatne. Sobib marineerimiseks ja hapendamiseks. V\u00f5ib kasvatada nii avamaal kui ka kasvuhoones. 1g umbes 40 seemet.<\/p>\n","protected":false},"featured_media":164930,"comment_status":"closed","ping_status":"closed","template":"","meta":{"_themeisle_gutenberg_block_has_review":false},"product_cat":[13493],"product_tag":[],"class_list":{"0":"post-154584","1":"product","2":"type-product","3":"status-publish","4":"has-post-thumbnail","6":"product_cat-kurk","8":"first","9":"instock","10":"shipping-taxable","11":"purchasable","12":"product-type-simple"},"yoast_head":"<!-- This site is optimized with the Yoast SEO plugin v24.0 - https:\/\/yoast.com\/wordpress\/plugins\/seo\/ -->\n<title>Kurk &#039;Rodniciok Natur H&#039; - Cucumis sativus L. - Horticom<\/title>\n<meta name=\"description\" content=\"Kurk Rodniciok Natur H keskvarajane. Erkrohelised, aromaatsed viljad, sobib h\u00e4sti marineerimiseks ja hapendamiseks. Sobib avamaale ja kasvuhoonesse.\" \/>\n<meta name=\"robots\" content=\"index, follow, max-snippet:-1, max-image-preview:large, max-video-preview:-1\" \/>\n<link rel=\"canonical\" href=\"https:\/\/horticom.ee\/e-pood\/toode\/kurk-rodniciok-natur-h-cucumis-sativus-l-2\/\" \/>\n<meta property=\"og:locale\" content=\"ru_RU\" \/>\n<meta property=\"og:type\" content=\"article\" \/>\n<meta property=\"og:title\" content=\"Kurk &#039;Rodniciok Natur H&#039; - Cucumis sativus L. - Horticom\" \/>\n<meta property=\"og:description\" content=\"Kurk Rodniciok Natur H keskvarajane. Erkrohelised, aromaatsed viljad, sobib h\u00e4sti marineerimiseks ja hapendamiseks. Sobib avamaale ja kasvuhoonesse.\" \/>\n<meta property=\"og:url\" content=\"https:\/\/horticom.ee\/e-pood\/toode\/kurk-rodniciok-natur-h-cucumis-sativus-l-2\/\" \/>\n<meta property=\"og:site_name\" content=\"Horticom.ee\" \/>\n<meta property=\"article:publisher\" content=\"https:\/\/www.facebook.com\/horticom.ee\/e-pood\" \/>\n<meta property=\"article:modified_time\" content=\"2026-04-30T00:08:27+00:00\" \/>\n<meta property=\"og:image\" content=\"https:\/\/horticom.ee\/e-pood\/wp-content\/uploads\/importedmedia\/product-154584_0-LA1014.jpg\" \/>\n\t<meta property=\"og:image:width\" content=\"1000\" \/>\n\t<meta property=\"og:image:height\" content=\"1797\" \/>\n\t<meta property=\"og:image:type\" content=\"image\/jpeg\" \/>\n<meta name=\"twitter:card\" content=\"summary_large_image\" \/>\n<script type=\"application\/ld+json\" class=\"yoast-schema-graph\">{\"@context\":\"https:\/\/schema.org\",\"@graph\":[{\"@type\":\"WebPage\",\"@id\":\"https:\/\/horticom.ee\/e-pood\/toode\/kurk-rodniciok-natur-h-cucumis-sativus-l-2\/\",\"url\":\"https:\/\/horticom.ee\/e-pood\/toode\/kurk-rodniciok-natur-h-cucumis-sativus-l-2\/\",\"name\":\"Kurk 'Rodniciok Natur H' - Cucumis sativus L. - Horticom\",\"isPartOf\":{\"@id\":\"https:\/\/horticom.ee\/e-pood\/#website\"},\"primaryImageOfPage\":{\"@id\":\"https:\/\/horticom.ee\/e-pood\/toode\/kurk-rodniciok-natur-h-cucumis-sativus-l-2\/#primaryimage\"},\"image\":{\"@id\":\"https:\/\/horticom.ee\/e-pood\/toode\/kurk-rodniciok-natur-h-cucumis-sativus-l-2\/#primaryimage\"},\"thumbnailUrl\":\"https:\/\/horticom.ee\/e-pood\/wp-content\/uploads\/importedmedia\/product-154584_0-LA1014.jpg\",\"datePublished\":\"2022-01-17T22:06:37+00:00\",\"dateModified\":\"2026-04-30T00:08:27+00:00\",\"description\":\"Kurk Rodniciok Natur H keskvarajane. Erkrohelised, aromaatsed viljad, sobib h\u00e4sti marineerimiseks ja hapendamiseks. Sobib avamaale ja kasvuhoonesse.\",\"breadcrumb\":{\"@id\":\"https:\/\/horticom.ee\/e-pood\/toode\/kurk-rodniciok-natur-h-cucumis-sativus-l-2\/#breadcrumb\"},\"inLanguage\":\"ru-RU\",\"potentialAction\":[{\"@type\":\"ReadAction\",\"target\":[\"https:\/\/horticom.ee\/e-pood\/toode\/kurk-rodniciok-natur-h-cucumis-sativus-l-2\/\"]}]},{\"@type\":\"ImageObject\",\"inLanguage\":\"ru-RU\",\"@id\":\"https:\/\/horticom.ee\/e-pood\/toode\/kurk-rodniciok-natur-h-cucumis-sativus-l-2\/#primaryimage\",\"url\":\"https:\/\/horticom.ee\/e-pood\/wp-content\/uploads\/importedmedia\/product-154584_0-LA1014.jpg\",\"contentUrl\":\"https:\/\/horticom.ee\/e-pood\/wp-content\/uploads\/importedmedia\/product-154584_0-LA1014.jpg\",\"width\":1000,\"height\":1797,\"caption\":\"Kurk 'Rodniciok Natur H' - Cucumis sativus L.\"},{\"@type\":\"BreadcrumbList\",\"@id\":\"https:\/\/horticom.ee\/e-pood\/toode\/kurk-rodniciok-natur-h-cucumis-sativus-l-2\/#breadcrumb\",\"itemListElement\":[{\"@type\":\"ListItem\",\"position\":1,\"name\":\"Home\",\"item\":\"https:\/\/horticom.ee\/e-pood\/\"},{\"@type\":\"ListItem\",\"position\":2,\"name\":\"Pood\",\"item\":\"https:\/\/horticom.ee\/e-pood\/pood\/\"},{\"@type\":\"ListItem\",\"position\":3,\"name\":\"Kurk &#8216;Rodniciok Natur H&#8217; &#8211; Cucumis sativus L.\"}]},{\"@type\":\"WebSite\",\"@id\":\"https:\/\/horticom.ee\/e-pood\/#website\",\"url\":\"https:\/\/horticom.ee\/e-pood\/\",\"name\":\"Horticom.ee\",\"description\":\"Aianduskaubad ja kodukaubad nii harrastajatele kui professionaalidele\",\"potentialAction\":[{\"@type\":\"SearchAction\",\"target\":{\"@type\":\"EntryPoint\",\"urlTemplate\":\"https:\/\/horticom.ee\/e-pood\/?s={search_term_string}\"},\"query-input\":{\"@type\":\"PropertyValueSpecification\",\"valueRequired\":true,\"valueName\":\"search_term_string\"}}],\"inLanguage\":\"ru-RU\"}]}<\/script>\n<!-- \/ Yoast SEO plugin. -->","yoast_head_json":{"title":"Kurk 'Rodniciok Natur H' - Cucumis sativus L. - Horticom","description":"Kurk Rodniciok Natur H keskvarajane. Erkrohelised, aromaatsed viljad, sobib h\u00e4sti marineerimiseks ja hapendamiseks. Sobib avamaale ja kasvuhoonesse.","robots":{"index":"index","follow":"follow","max-snippet":"max-snippet:-1","max-image-preview":"max-image-preview:large","max-video-preview":"max-video-preview:-1"},"canonical":"https:\/\/horticom.ee\/e-pood\/toode\/kurk-rodniciok-natur-h-cucumis-sativus-l-2\/","og_locale":"ru_RU","og_type":"article","og_title":"Kurk 'Rodniciok Natur H' - Cucumis sativus L. - Horticom","og_description":"Kurk Rodniciok Natur H keskvarajane. Erkrohelised, aromaatsed viljad, sobib h\u00e4sti marineerimiseks ja hapendamiseks. Sobib avamaale ja kasvuhoonesse.","og_url":"https:\/\/horticom.ee\/e-pood\/toode\/kurk-rodniciok-natur-h-cucumis-sativus-l-2\/","og_site_name":"Horticom.ee","article_publisher":"https:\/\/www.facebook.com\/horticom.ee\/e-pood","article_modified_time":"2026-04-30T00:08:27+00:00","og_image":[{"width":1000,"height":1797,"url":"https:\/\/horticom.ee\/e-pood\/wp-content\/uploads\/importedmedia\/product-154584_0-LA1014.jpg","type":"image\/jpeg"}],"twitter_card":"summary_large_image","schema":{"@context":"https:\/\/schema.org","@graph":[{"@type":"WebPage","@id":"https:\/\/horticom.ee\/e-pood\/toode\/kurk-rodniciok-natur-h-cucumis-sativus-l-2\/","url":"https:\/\/horticom.ee\/e-pood\/toode\/kurk-rodniciok-natur-h-cucumis-sativus-l-2\/","name":"Kurk 'Rodniciok Natur H' - Cucumis sativus L. - Horticom","isPartOf":{"@id":"https:\/\/horticom.ee\/e-pood\/#website"},"primaryImageOfPage":{"@id":"https:\/\/horticom.ee\/e-pood\/toode\/kurk-rodniciok-natur-h-cucumis-sativus-l-2\/#primaryimage"},"image":{"@id":"https:\/\/horticom.ee\/e-pood\/toode\/kurk-rodniciok-natur-h-cucumis-sativus-l-2\/#primaryimage"},"thumbnailUrl":"https:\/\/horticom.ee\/e-pood\/wp-content\/uploads\/importedmedia\/product-154584_0-LA1014.jpg","datePublished":"2022-01-17T22:06:37+00:00","dateModified":"2026-04-30T00:08:27+00:00","description":"Kurk Rodniciok Natur H keskvarajane. Erkrohelised, aromaatsed viljad, sobib h\u00e4sti marineerimiseks ja hapendamiseks. Sobib avamaale ja kasvuhoonesse.","breadcrumb":{"@id":"https:\/\/horticom.ee\/e-pood\/toode\/kurk-rodniciok-natur-h-cucumis-sativus-l-2\/#breadcrumb"},"inLanguage":"ru-RU","potentialAction":[{"@type":"ReadAction","target":["https:\/\/horticom.ee\/e-pood\/toode\/kurk-rodniciok-natur-h-cucumis-sativus-l-2\/"]}]},{"@type":"ImageObject","inLanguage":"ru-RU","@id":"https:\/\/horticom.ee\/e-pood\/toode\/kurk-rodniciok-natur-h-cucumis-sativus-l-2\/#primaryimage","url":"https:\/\/horticom.ee\/e-pood\/wp-content\/uploads\/importedmedia\/product-154584_0-LA1014.jpg","contentUrl":"https:\/\/horticom.ee\/e-pood\/wp-content\/uploads\/importedmedia\/product-154584_0-LA1014.jpg","width":1000,"height":1797,"caption":"Kurk 'Rodniciok Natur H' - Cucumis sativus L."},{"@type":"BreadcrumbList","@id":"https:\/\/horticom.ee\/e-pood\/toode\/kurk-rodniciok-natur-h-cucumis-sativus-l-2\/#breadcrumb","itemListElement":[{"@type":"ListItem","position":1,"name":"Home","item":"https:\/\/horticom.ee\/e-pood\/"},{"@type":"ListItem","position":2,"name":"Pood","item":"https:\/\/horticom.ee\/e-pood\/pood\/"},{"@type":"ListItem","position":3,"name":"Kurk &#8216;Rodniciok Natur H&#8217; &#8211; Cucumis sativus L."}]},{"@type":"WebSite","@id":"https:\/\/horticom.ee\/e-pood\/#website","url":"https:\/\/horticom.ee\/e-pood\/","name":"Horticom.ee","description":"Aianduskaubad ja kodukaubad nii harrastajatele kui professionaalidele","potentialAction":[{"@type":"SearchAction","target":{"@type":"EntryPoint","urlTemplate":"https:\/\/horticom.ee\/e-pood\/?s={search_term_string}"},"query-input":{"@type":"PropertyValueSpecification","valueRequired":true,"valueName":"search_term_string"}}],"inLanguage":"ru-RU"}]}},"_links":{"self":[{"href":"https:\/\/horticom.ee\/e-pood\/ru\/wp-json\/wp\/v2\/product\/154584","targetHints":{"allow":["GET"]}}],"collection":[{"href":"https:\/\/horticom.ee\/e-pood\/ru\/wp-json\/wp\/v2\/product"}],"about":[{"href":"https:\/\/horticom.ee\/e-pood\/ru\/wp-json\/wp\/v2\/types\/product"}],"replies":[{"embeddable":true,"href":"https:\/\/horticom.ee\/e-pood\/ru\/wp-json\/wp\/v2\/comments?post=154584"}],"wp:featuredmedia":[{"embeddable":true,"href":"https:\/\/horticom.ee\/e-pood\/ru\/wp-json\/wp\/v2\/media\/164930"}],"wp:attachment":[{"href":"https:\/\/horticom.ee\/e-pood\/ru\/wp-json\/wp\/v2\/media?parent=154584"}],"wp:term":[{"taxonomy":"product_cat","embeddable":true,"href":"https:\/\/horticom.ee\/e-pood\/ru\/wp-json\/wp\/v2\/product_cat?post=154584"},{"taxonomy":"product_tag","embeddable":true,"href":"https:\/\/horticom.ee\/e-pood\/ru\/wp-json\/wp\/v2\/product_tag?post=154584"}],"curies":[{"name":"wp","href":"https:\/\/api.w.org\/{rel}","templated":true}]}}