{"id":154611,"date":"2022-01-18T00:06:52","date_gmt":"2022-01-17T22:06:52","guid":{"rendered":"https:\/\/aednik24.ee\/toode\/arbuus-crimson-sweet-citrullus-lanatus-thunb-matsum-et-nakai\/"},"modified":"2026-04-24T03:11:43","modified_gmt":"2026-04-24T00:11:43","slug":"arbuus-crimson-sweet-citrullus-lanatus-thunb-matsum-et-nakai","status":"publish","type":"product","link":"https:\/\/horticom.ee\/e-pood\/ru\/toode\/arbuus-crimson-sweet-citrullus-lanatus-thunb-matsum-et-nakai\/","title":{"rendered":"Arbuus Crimson Sweet &#8211; Citrullus lanatus Thunb. Matsum. et Nakai"},"content":{"rendered":"<p>Arbuus Crimson Sweet \u2013 soojan\u00f5udlik aedvili, kasvatatakse kasvuhoones ja avamaal. Vegetatsiooniperiood \u2013 80 p\u00e4eva. Viljaliha tumepunane, magus, mahlane. Selleks, et viljad j\u00f5uaksid valmida, istutage nii kasvuhoonesse kui avamaale ettekasvatatud istikud. Vili tuleb kindlasti korjata \u00e4ra esimeste k\u00fclmade ajal. 1 g umbes 10-12 seemet.<\/p>\n","protected":false},"excerpt":{"rendered":"<p>Arbuus Crimson Sweet \u2013 soojan\u00f5udlik aedvili, kasvatatakse kasvuhoones ja avamaal. Vegetatsiooniperiood \u2013 80 p\u00e4eva. Viljaliha tumepunane, magus, mahlane. Selleks, et viljad j\u00f5uaksid valmida, istutage nii kasvuhoonesse kui avamaale ettekasvatatud istikud. Vili tuleb kindlasti korjata \u00e4ra esimeste k\u00fclmade ajal. 1 g umbes 10-12 seemet.<\/p>\n","protected":false},"featured_media":164864,"comment_status":"closed","ping_status":"closed","template":"","meta":{"_themeisle_gutenberg_block_has_review":false},"product_cat":[13498],"product_tag":[],"class_list":{"0":"post-154611","1":"product","2":"type-product","3":"status-publish","4":"has-post-thumbnail","6":"product_cat-arbuus-melon","8":"first","9":"instock","10":"shipping-taxable","11":"purchasable","12":"product-type-simple"},"yoast_head":"<!-- This site is optimized with the Yoast SEO plugin v24.0 - https:\/\/yoast.com\/wordpress\/plugins\/seo\/ -->\n<title>Arbuus Crimson Sweet<\/title>\n<meta name=\"description\" content=\"Arbuus Crimson Sweet on soojan\u00f5udlik aedvili, tumepunase magusa viljalihaga. Sobib kasvatamiseks kasvuhoones ja avamaal soojades tingimustes.\" \/>\n<meta name=\"robots\" content=\"index, follow, max-snippet:-1, max-image-preview:large, max-video-preview:-1\" \/>\n<link rel=\"canonical\" href=\"https:\/\/horticom.ee\/e-pood\/toode\/arbuus-crimson-sweet-citrullus-lanatus-thunb-matsum-et-nakai\/\" \/>\n<meta property=\"og:locale\" content=\"ru_RU\" \/>\n<meta property=\"og:type\" content=\"article\" \/>\n<meta property=\"og:title\" content=\"Arbuus Crimson Sweet\" \/>\n<meta property=\"og:description\" content=\"Arbuus Crimson Sweet on soojan\u00f5udlik aedvili, tumepunase magusa viljalihaga. Sobib kasvatamiseks kasvuhoones ja avamaal soojades tingimustes.\" \/>\n<meta property=\"og:url\" content=\"https:\/\/horticom.ee\/e-pood\/toode\/arbuus-crimson-sweet-citrullus-lanatus-thunb-matsum-et-nakai\/\" \/>\n<meta property=\"og:site_name\" content=\"Horticom.ee\" \/>\n<meta property=\"article:publisher\" content=\"https:\/\/www.facebook.com\/horticom.ee\/e-pood\" \/>\n<meta property=\"article:modified_time\" content=\"2026-04-24T00:11:43+00:00\" \/>\n<meta property=\"og:image\" content=\"https:\/\/horticom.ee\/e-pood\/wp-content\/uploads\/importedmedia\/product-154611_0-LA1017.jpg\" \/>\n\t<meta property=\"og:image:width\" content=\"1000\" \/>\n\t<meta property=\"og:image:height\" content=\"1805\" \/>\n\t<meta property=\"og:image:type\" content=\"image\/jpeg\" \/>\n<meta name=\"twitter:card\" content=\"summary_large_image\" \/>\n<script type=\"application\/ld+json\" class=\"yoast-schema-graph\">{\"@context\":\"https:\/\/schema.org\",\"@graph\":[{\"@type\":\"WebPage\",\"@id\":\"https:\/\/horticom.ee\/e-pood\/toode\/arbuus-crimson-sweet-citrullus-lanatus-thunb-matsum-et-nakai\/\",\"url\":\"https:\/\/horticom.ee\/e-pood\/toode\/arbuus-crimson-sweet-citrullus-lanatus-thunb-matsum-et-nakai\/\",\"name\":\"Arbuus Crimson Sweet\",\"isPartOf\":{\"@id\":\"https:\/\/horticom.ee\/e-pood\/#website\"},\"primaryImageOfPage\":{\"@id\":\"https:\/\/horticom.ee\/e-pood\/toode\/arbuus-crimson-sweet-citrullus-lanatus-thunb-matsum-et-nakai\/#primaryimage\"},\"image\":{\"@id\":\"https:\/\/horticom.ee\/e-pood\/toode\/arbuus-crimson-sweet-citrullus-lanatus-thunb-matsum-et-nakai\/#primaryimage\"},\"thumbnailUrl\":\"https:\/\/horticom.ee\/e-pood\/wp-content\/uploads\/importedmedia\/product-154611_0-LA1017.jpg\",\"datePublished\":\"2022-01-17T22:06:52+00:00\",\"dateModified\":\"2026-04-24T00:11:43+00:00\",\"description\":\"Arbuus Crimson Sweet on soojan\u00f5udlik aedvili, tumepunase magusa viljalihaga. Sobib kasvatamiseks kasvuhoones ja avamaal soojades tingimustes.\",\"breadcrumb\":{\"@id\":\"https:\/\/horticom.ee\/e-pood\/toode\/arbuus-crimson-sweet-citrullus-lanatus-thunb-matsum-et-nakai\/#breadcrumb\"},\"inLanguage\":\"ru-RU\",\"potentialAction\":[{\"@type\":\"ReadAction\",\"target\":[\"https:\/\/horticom.ee\/e-pood\/toode\/arbuus-crimson-sweet-citrullus-lanatus-thunb-matsum-et-nakai\/\"]}]},{\"@type\":\"ImageObject\",\"inLanguage\":\"ru-RU\",\"@id\":\"https:\/\/horticom.ee\/e-pood\/toode\/arbuus-crimson-sweet-citrullus-lanatus-thunb-matsum-et-nakai\/#primaryimage\",\"url\":\"https:\/\/horticom.ee\/e-pood\/wp-content\/uploads\/importedmedia\/product-154611_0-LA1017.jpg\",\"contentUrl\":\"https:\/\/horticom.ee\/e-pood\/wp-content\/uploads\/importedmedia\/product-154611_0-LA1017.jpg\",\"width\":1000,\"height\":1805,\"caption\":\"Arbuus Crimson Sweet - Citrullus lanatus Thunb. Matsum. et Nakai\"},{\"@type\":\"BreadcrumbList\",\"@id\":\"https:\/\/horticom.ee\/e-pood\/toode\/arbuus-crimson-sweet-citrullus-lanatus-thunb-matsum-et-nakai\/#breadcrumb\",\"itemListElement\":[{\"@type\":\"ListItem\",\"position\":1,\"name\":\"Home\",\"item\":\"https:\/\/horticom.ee\/e-pood\/\"},{\"@type\":\"ListItem\",\"position\":2,\"name\":\"Pood\",\"item\":\"https:\/\/horticom.ee\/e-pood\/pood\/\"},{\"@type\":\"ListItem\",\"position\":3,\"name\":\"Arbuus Crimson Sweet &#8211; Citrullus lanatus Thunb. Matsum. et Nakai\"}]},{\"@type\":\"WebSite\",\"@id\":\"https:\/\/horticom.ee\/e-pood\/#website\",\"url\":\"https:\/\/horticom.ee\/e-pood\/\",\"name\":\"Horticom.ee\",\"description\":\"Aianduskaubad ja kodukaubad nii harrastajatele kui professionaalidele\",\"potentialAction\":[{\"@type\":\"SearchAction\",\"target\":{\"@type\":\"EntryPoint\",\"urlTemplate\":\"https:\/\/horticom.ee\/e-pood\/?s={search_term_string}\"},\"query-input\":{\"@type\":\"PropertyValueSpecification\",\"valueRequired\":true,\"valueName\":\"search_term_string\"}}],\"inLanguage\":\"ru-RU\"}]}<\/script>\n<!-- \/ Yoast SEO plugin. -->","yoast_head_json":{"title":"Arbuus Crimson Sweet","description":"Arbuus Crimson Sweet on soojan\u00f5udlik aedvili, tumepunase magusa viljalihaga. Sobib kasvatamiseks kasvuhoones ja avamaal soojades tingimustes.","robots":{"index":"index","follow":"follow","max-snippet":"max-snippet:-1","max-image-preview":"max-image-preview:large","max-video-preview":"max-video-preview:-1"},"canonical":"https:\/\/horticom.ee\/e-pood\/toode\/arbuus-crimson-sweet-citrullus-lanatus-thunb-matsum-et-nakai\/","og_locale":"ru_RU","og_type":"article","og_title":"Arbuus Crimson Sweet","og_description":"Arbuus Crimson Sweet on soojan\u00f5udlik aedvili, tumepunase magusa viljalihaga. Sobib kasvatamiseks kasvuhoones ja avamaal soojades tingimustes.","og_url":"https:\/\/horticom.ee\/e-pood\/toode\/arbuus-crimson-sweet-citrullus-lanatus-thunb-matsum-et-nakai\/","og_site_name":"Horticom.ee","article_publisher":"https:\/\/www.facebook.com\/horticom.ee\/e-pood","article_modified_time":"2026-04-24T00:11:43+00:00","og_image":[{"width":1000,"height":1805,"url":"https:\/\/horticom.ee\/e-pood\/wp-content\/uploads\/importedmedia\/product-154611_0-LA1017.jpg","type":"image\/jpeg"}],"twitter_card":"summary_large_image","schema":{"@context":"https:\/\/schema.org","@graph":[{"@type":"WebPage","@id":"https:\/\/horticom.ee\/e-pood\/toode\/arbuus-crimson-sweet-citrullus-lanatus-thunb-matsum-et-nakai\/","url":"https:\/\/horticom.ee\/e-pood\/toode\/arbuus-crimson-sweet-citrullus-lanatus-thunb-matsum-et-nakai\/","name":"Arbuus Crimson Sweet","isPartOf":{"@id":"https:\/\/horticom.ee\/e-pood\/#website"},"primaryImageOfPage":{"@id":"https:\/\/horticom.ee\/e-pood\/toode\/arbuus-crimson-sweet-citrullus-lanatus-thunb-matsum-et-nakai\/#primaryimage"},"image":{"@id":"https:\/\/horticom.ee\/e-pood\/toode\/arbuus-crimson-sweet-citrullus-lanatus-thunb-matsum-et-nakai\/#primaryimage"},"thumbnailUrl":"https:\/\/horticom.ee\/e-pood\/wp-content\/uploads\/importedmedia\/product-154611_0-LA1017.jpg","datePublished":"2022-01-17T22:06:52+00:00","dateModified":"2026-04-24T00:11:43+00:00","description":"Arbuus Crimson Sweet on soojan\u00f5udlik aedvili, tumepunase magusa viljalihaga. Sobib kasvatamiseks kasvuhoones ja avamaal soojades tingimustes.","breadcrumb":{"@id":"https:\/\/horticom.ee\/e-pood\/toode\/arbuus-crimson-sweet-citrullus-lanatus-thunb-matsum-et-nakai\/#breadcrumb"},"inLanguage":"ru-RU","potentialAction":[{"@type":"ReadAction","target":["https:\/\/horticom.ee\/e-pood\/toode\/arbuus-crimson-sweet-citrullus-lanatus-thunb-matsum-et-nakai\/"]}]},{"@type":"ImageObject","inLanguage":"ru-RU","@id":"https:\/\/horticom.ee\/e-pood\/toode\/arbuus-crimson-sweet-citrullus-lanatus-thunb-matsum-et-nakai\/#primaryimage","url":"https:\/\/horticom.ee\/e-pood\/wp-content\/uploads\/importedmedia\/product-154611_0-LA1017.jpg","contentUrl":"https:\/\/horticom.ee\/e-pood\/wp-content\/uploads\/importedmedia\/product-154611_0-LA1017.jpg","width":1000,"height":1805,"caption":"Arbuus Crimson Sweet - Citrullus lanatus Thunb. Matsum. et Nakai"},{"@type":"BreadcrumbList","@id":"https:\/\/horticom.ee\/e-pood\/toode\/arbuus-crimson-sweet-citrullus-lanatus-thunb-matsum-et-nakai\/#breadcrumb","itemListElement":[{"@type":"ListItem","position":1,"name":"Home","item":"https:\/\/horticom.ee\/e-pood\/"},{"@type":"ListItem","position":2,"name":"Pood","item":"https:\/\/horticom.ee\/e-pood\/pood\/"},{"@type":"ListItem","position":3,"name":"Arbuus Crimson Sweet &#8211; Citrullus lanatus Thunb. Matsum. et Nakai"}]},{"@type":"WebSite","@id":"https:\/\/horticom.ee\/e-pood\/#website","url":"https:\/\/horticom.ee\/e-pood\/","name":"Horticom.ee","description":"Aianduskaubad ja kodukaubad nii harrastajatele kui professionaalidele","potentialAction":[{"@type":"SearchAction","target":{"@type":"EntryPoint","urlTemplate":"https:\/\/horticom.ee\/e-pood\/?s={search_term_string}"},"query-input":{"@type":"PropertyValueSpecification","valueRequired":true,"valueName":"search_term_string"}}],"inLanguage":"ru-RU"}]}},"_links":{"self":[{"href":"https:\/\/horticom.ee\/e-pood\/ru\/wp-json\/wp\/v2\/product\/154611","targetHints":{"allow":["GET"]}}],"collection":[{"href":"https:\/\/horticom.ee\/e-pood\/ru\/wp-json\/wp\/v2\/product"}],"about":[{"href":"https:\/\/horticom.ee\/e-pood\/ru\/wp-json\/wp\/v2\/types\/product"}],"replies":[{"embeddable":true,"href":"https:\/\/horticom.ee\/e-pood\/ru\/wp-json\/wp\/v2\/comments?post=154611"}],"wp:featuredmedia":[{"embeddable":true,"href":"https:\/\/horticom.ee\/e-pood\/ru\/wp-json\/wp\/v2\/media\/164864"}],"wp:attachment":[{"href":"https:\/\/horticom.ee\/e-pood\/ru\/wp-json\/wp\/v2\/media?parent=154611"}],"wp:term":[{"taxonomy":"product_cat","embeddable":true,"href":"https:\/\/horticom.ee\/e-pood\/ru\/wp-json\/wp\/v2\/product_cat?post=154611"},{"taxonomy":"product_tag","embeddable":true,"href":"https:\/\/horticom.ee\/e-pood\/ru\/wp-json\/wp\/v2\/product_tag?post=154611"}],"curies":[{"name":"wp","href":"https:\/\/api.w.org\/{rel}","templated":true}]}}