{"id":154612,"date":"2022-01-18T00:06:52","date_gmt":"2022-01-17T22:06:52","guid":{"rendered":"https:\/\/aednik24.ee\/toode\/tekstiilmults-50g-m2-105-x-143m-15m2\/"},"modified":"2026-04-24T03:11:43","modified_gmt":"2026-04-24T00:11:43","slug":"tekstiilmults-50g-m2-105-x-143m-15m2","status":"publish","type":"product","link":"https:\/\/horticom.ee\/e-pood\/ru\/toode\/tekstiilmults-50g-m2-105-x-143m-15m2\/","title":{"rendered":"Tekstiilmult\u0161 50g\/m2 1,05 x 14,3m 15m2"},"content":{"rendered":"<p>UV kindel, vett ja \u00f5hku l\u00e4bi laskev, kerge pinnakattekangas. Sobib kasutamiseks k\u00f6\u00f6givilja- ja maasikapeenardes, istutusalades jms kohtades. Tekstiilmult\u0161i kasutamine takistab umbrohtude ja taimehaiguste levikut, aitab hoida pinnast niiskena ja t\u00f5sta pinnase temperatuuri ning istutusalades eraldada mult\u0161i kihti.<\/p>\n","protected":false},"excerpt":{"rendered":"<p>UV kindel, vett ja \u00f5hku l\u00e4bi laskev, kerge pinnakattekangas. Sobib kasutamiseks k\u00f6\u00f6givilja- ja maasikapeenardes, istutusalades jms kohtades. Tekstiilmult\u0161i kasutamine takistab umbrohtude ja taimehaiguste levikut, aitab hoida pinnast niiskena ja t\u00f5sta pinnase temperatuuri ning istutusalades eraldada mult\u0161i kihti.<\/p>\n","protected":false},"featured_media":2381392,"comment_status":"closed","ping_status":"closed","template":"","meta":{"_themeisle_gutenberg_block_has_review":false},"product_cat":[13382,13641],"product_tag":[],"class_list":{"0":"post-154612","1":"product","2":"type-product","3":"status-publish","4":"has-post-thumbnail","6":"product_cat-multskangad","7":"product_cat-multskangad-tootjale","9":"first","10":"instock","11":"shipping-taxable","12":"purchasable","13":"product-type-simple"},"yoast_head":"<!-- This site is optimized with the Yoast SEO plugin v24.0 - https:\/\/yoast.com\/wordpress\/plugins\/seo\/ -->\n<title>Tekstiilmult\u0161 50g\/m2 1,05 x 14,3m 15m2 - Horticom<\/title>\n<meta name=\"robots\" content=\"index, follow, max-snippet:-1, max-image-preview:large, max-video-preview:-1\" \/>\n<link rel=\"canonical\" href=\"https:\/\/horticom.ee\/e-pood\/toode\/tekstiilmults-50g-m2-105-x-143m-15m2\/\" \/>\n<meta property=\"og:locale\" content=\"ru_RU\" \/>\n<meta property=\"og:type\" content=\"article\" \/>\n<meta property=\"og:title\" content=\"Tekstiilmult\u0161 50g\/m2 1,05 x 14,3m 15m2 - Horticom\" \/>\n<meta property=\"og:description\" content=\"UV kindel, vett ja \u00f5hku l\u00e4bi laskev, kerge pinnakattekangas. Sobib kasutamiseks k\u00f6\u00f6givilja- ja maasikapeenardes, istutusalades jms kohtades. Tekstiilmult\u0161i kasutamine takistab umbrohtude ja taimehaiguste levikut, aitab hoida pinnast niiskena ja t\u00f5sta pinnase temperatuuri ning istutusalades eraldada mult\u0161i kihti.\" \/>\n<meta property=\"og:url\" content=\"https:\/\/horticom.ee\/e-pood\/toode\/tekstiilmults-50g-m2-105-x-143m-15m2\/\" \/>\n<meta property=\"og:site_name\" content=\"Horticom.ee\" \/>\n<meta property=\"article:publisher\" content=\"https:\/\/www.facebook.com\/horticom.ee\/e-pood\" \/>\n<meta property=\"article:modified_time\" content=\"2026-04-24T00:11:43+00:00\" \/>\n<meta property=\"og:image\" content=\"https:\/\/horticom.ee\/e-pood\/wp-content\/uploads\/importedmedia\/product-154612_0-672253.jpg\" \/>\n\t<meta property=\"og:image:width\" content=\"1000\" \/>\n\t<meta property=\"og:image:height\" content=\"1928\" \/>\n\t<meta property=\"og:image:type\" content=\"image\/jpeg\" \/>\n<meta name=\"twitter:card\" content=\"summary_large_image\" \/>\n<script type=\"application\/ld+json\" class=\"yoast-schema-graph\">{\"@context\":\"https:\/\/schema.org\",\"@graph\":[{\"@type\":\"WebPage\",\"@id\":\"https:\/\/horticom.ee\/e-pood\/toode\/tekstiilmults-50g-m2-105-x-143m-15m2\/\",\"url\":\"https:\/\/horticom.ee\/e-pood\/toode\/tekstiilmults-50g-m2-105-x-143m-15m2\/\",\"name\":\"Tekstiilmult\u0161 50g\/m2 1,05 x 14,3m 15m2 - Horticom\",\"isPartOf\":{\"@id\":\"https:\/\/horticom.ee\/e-pood\/#website\"},\"primaryImageOfPage\":{\"@id\":\"https:\/\/horticom.ee\/e-pood\/toode\/tekstiilmults-50g-m2-105-x-143m-15m2\/#primaryimage\"},\"image\":{\"@id\":\"https:\/\/horticom.ee\/e-pood\/toode\/tekstiilmults-50g-m2-105-x-143m-15m2\/#primaryimage\"},\"thumbnailUrl\":\"https:\/\/horticom.ee\/e-pood\/wp-content\/uploads\/importedmedia\/product-154612_0-672253.jpg\",\"datePublished\":\"2022-01-17T22:06:52+00:00\",\"dateModified\":\"2026-04-24T00:11:43+00:00\",\"breadcrumb\":{\"@id\":\"https:\/\/horticom.ee\/e-pood\/toode\/tekstiilmults-50g-m2-105-x-143m-15m2\/#breadcrumb\"},\"inLanguage\":\"ru-RU\",\"potentialAction\":[{\"@type\":\"ReadAction\",\"target\":[\"https:\/\/horticom.ee\/e-pood\/toode\/tekstiilmults-50g-m2-105-x-143m-15m2\/\"]}]},{\"@type\":\"ImageObject\",\"inLanguage\":\"ru-RU\",\"@id\":\"https:\/\/horticom.ee\/e-pood\/toode\/tekstiilmults-50g-m2-105-x-143m-15m2\/#primaryimage\",\"url\":\"https:\/\/horticom.ee\/e-pood\/wp-content\/uploads\/importedmedia\/product-154612_0-672253.jpg\",\"contentUrl\":\"https:\/\/horticom.ee\/e-pood\/wp-content\/uploads\/importedmedia\/product-154612_0-672253.jpg\",\"width\":1000,\"height\":1928},{\"@type\":\"BreadcrumbList\",\"@id\":\"https:\/\/horticom.ee\/e-pood\/toode\/tekstiilmults-50g-m2-105-x-143m-15m2\/#breadcrumb\",\"itemListElement\":[{\"@type\":\"ListItem\",\"position\":1,\"name\":\"Home\",\"item\":\"https:\/\/horticom.ee\/e-pood\/\"},{\"@type\":\"ListItem\",\"position\":2,\"name\":\"Pood\",\"item\":\"https:\/\/horticom.ee\/e-pood\/pood\/\"},{\"@type\":\"ListItem\",\"position\":3,\"name\":\"Tekstiilmult\u0161 50g\/m2 1,05 x 14,3m 15m2\"}]},{\"@type\":\"WebSite\",\"@id\":\"https:\/\/horticom.ee\/e-pood\/#website\",\"url\":\"https:\/\/horticom.ee\/e-pood\/\",\"name\":\"Horticom.ee\",\"description\":\"Aianduskaubad ja kodukaubad nii harrastajatele kui professionaalidele\",\"potentialAction\":[{\"@type\":\"SearchAction\",\"target\":{\"@type\":\"EntryPoint\",\"urlTemplate\":\"https:\/\/horticom.ee\/e-pood\/?s={search_term_string}\"},\"query-input\":{\"@type\":\"PropertyValueSpecification\",\"valueRequired\":true,\"valueName\":\"search_term_string\"}}],\"inLanguage\":\"ru-RU\"}]}<\/script>\n<!-- \/ Yoast SEO plugin. -->","yoast_head_json":{"title":"Tekstiilmult\u0161 50g\/m2 1,05 x 14,3m 15m2 - Horticom","robots":{"index":"index","follow":"follow","max-snippet":"max-snippet:-1","max-image-preview":"max-image-preview:large","max-video-preview":"max-video-preview:-1"},"canonical":"https:\/\/horticom.ee\/e-pood\/toode\/tekstiilmults-50g-m2-105-x-143m-15m2\/","og_locale":"ru_RU","og_type":"article","og_title":"Tekstiilmult\u0161 50g\/m2 1,05 x 14,3m 15m2 - Horticom","og_description":"UV kindel, vett ja \u00f5hku l\u00e4bi laskev, kerge pinnakattekangas. Sobib kasutamiseks k\u00f6\u00f6givilja- ja maasikapeenardes, istutusalades jms kohtades. Tekstiilmult\u0161i kasutamine takistab umbrohtude ja taimehaiguste levikut, aitab hoida pinnast niiskena ja t\u00f5sta pinnase temperatuuri ning istutusalades eraldada mult\u0161i kihti.","og_url":"https:\/\/horticom.ee\/e-pood\/toode\/tekstiilmults-50g-m2-105-x-143m-15m2\/","og_site_name":"Horticom.ee","article_publisher":"https:\/\/www.facebook.com\/horticom.ee\/e-pood","article_modified_time":"2026-04-24T00:11:43+00:00","og_image":[{"width":1000,"height":1928,"url":"https:\/\/horticom.ee\/e-pood\/wp-content\/uploads\/importedmedia\/product-154612_0-672253.jpg","type":"image\/jpeg"}],"twitter_card":"summary_large_image","schema":{"@context":"https:\/\/schema.org","@graph":[{"@type":"WebPage","@id":"https:\/\/horticom.ee\/e-pood\/toode\/tekstiilmults-50g-m2-105-x-143m-15m2\/","url":"https:\/\/horticom.ee\/e-pood\/toode\/tekstiilmults-50g-m2-105-x-143m-15m2\/","name":"Tekstiilmult\u0161 50g\/m2 1,05 x 14,3m 15m2 - Horticom","isPartOf":{"@id":"https:\/\/horticom.ee\/e-pood\/#website"},"primaryImageOfPage":{"@id":"https:\/\/horticom.ee\/e-pood\/toode\/tekstiilmults-50g-m2-105-x-143m-15m2\/#primaryimage"},"image":{"@id":"https:\/\/horticom.ee\/e-pood\/toode\/tekstiilmults-50g-m2-105-x-143m-15m2\/#primaryimage"},"thumbnailUrl":"https:\/\/horticom.ee\/e-pood\/wp-content\/uploads\/importedmedia\/product-154612_0-672253.jpg","datePublished":"2022-01-17T22:06:52+00:00","dateModified":"2026-04-24T00:11:43+00:00","breadcrumb":{"@id":"https:\/\/horticom.ee\/e-pood\/toode\/tekstiilmults-50g-m2-105-x-143m-15m2\/#breadcrumb"},"inLanguage":"ru-RU","potentialAction":[{"@type":"ReadAction","target":["https:\/\/horticom.ee\/e-pood\/toode\/tekstiilmults-50g-m2-105-x-143m-15m2\/"]}]},{"@type":"ImageObject","inLanguage":"ru-RU","@id":"https:\/\/horticom.ee\/e-pood\/toode\/tekstiilmults-50g-m2-105-x-143m-15m2\/#primaryimage","url":"https:\/\/horticom.ee\/e-pood\/wp-content\/uploads\/importedmedia\/product-154612_0-672253.jpg","contentUrl":"https:\/\/horticom.ee\/e-pood\/wp-content\/uploads\/importedmedia\/product-154612_0-672253.jpg","width":1000,"height":1928},{"@type":"BreadcrumbList","@id":"https:\/\/horticom.ee\/e-pood\/toode\/tekstiilmults-50g-m2-105-x-143m-15m2\/#breadcrumb","itemListElement":[{"@type":"ListItem","position":1,"name":"Home","item":"https:\/\/horticom.ee\/e-pood\/"},{"@type":"ListItem","position":2,"name":"Pood","item":"https:\/\/horticom.ee\/e-pood\/pood\/"},{"@type":"ListItem","position":3,"name":"Tekstiilmult\u0161 50g\/m2 1,05 x 14,3m 15m2"}]},{"@type":"WebSite","@id":"https:\/\/horticom.ee\/e-pood\/#website","url":"https:\/\/horticom.ee\/e-pood\/","name":"Horticom.ee","description":"Aianduskaubad ja kodukaubad nii harrastajatele kui professionaalidele","potentialAction":[{"@type":"SearchAction","target":{"@type":"EntryPoint","urlTemplate":"https:\/\/horticom.ee\/e-pood\/?s={search_term_string}"},"query-input":{"@type":"PropertyValueSpecification","valueRequired":true,"valueName":"search_term_string"}}],"inLanguage":"ru-RU"}]}},"_links":{"self":[{"href":"https:\/\/horticom.ee\/e-pood\/ru\/wp-json\/wp\/v2\/product\/154612","targetHints":{"allow":["GET"]}}],"collection":[{"href":"https:\/\/horticom.ee\/e-pood\/ru\/wp-json\/wp\/v2\/product"}],"about":[{"href":"https:\/\/horticom.ee\/e-pood\/ru\/wp-json\/wp\/v2\/types\/product"}],"replies":[{"embeddable":true,"href":"https:\/\/horticom.ee\/e-pood\/ru\/wp-json\/wp\/v2\/comments?post=154612"}],"wp:featuredmedia":[{"embeddable":true,"href":"https:\/\/horticom.ee\/e-pood\/ru\/wp-json\/wp\/v2\/media\/2381392"}],"wp:attachment":[{"href":"https:\/\/horticom.ee\/e-pood\/ru\/wp-json\/wp\/v2\/media?parent=154612"}],"wp:term":[{"taxonomy":"product_cat","embeddable":true,"href":"https:\/\/horticom.ee\/e-pood\/ru\/wp-json\/wp\/v2\/product_cat?post=154612"},{"taxonomy":"product_tag","embeddable":true,"href":"https:\/\/horticom.ee\/e-pood\/ru\/wp-json\/wp\/v2\/product_tag?post=154612"}],"curies":[{"name":"wp","href":"https:\/\/api.w.org\/{rel}","templated":true}]}}