{"id":154655,"date":"2022-01-18T00:07:16","date_gmt":"2022-01-17T22:07:16","guid":{"rendered":"https:\/\/aednik24.ee\/toode\/kuumaasikas-rugia-fragaria-vesca\/"},"modified":"2026-05-01T03:08:31","modified_gmt":"2026-05-01T00:08:31","slug":"kuumaasikas-rugia-fragaria-vesca","status":"publish","type":"product","link":"https:\/\/horticom.ee\/e-pood\/ru\/toode\/kuumaasikas-rugia-fragaria-vesca\/","title":{"rendered":"Kuumaasikas Rugia Fragaria vesca"},"content":{"rendered":"<p>Kuumaasikas Rugia on v\u00f5sundeid mitte moodustav, korduvalt viljuv, saagikas, k\u00fclmakindel sort. Maasikal on piklikud, suured, aromaatsed, v\u00e4ga maitsvad viljad. Kasutamiseks toorelt, magustoitude, j\u00e4\u00e4tiste ja kookide lisandina. Seemnete k\u00fclvamine kasvulavadesse v\u00f5i kastidesse soojas ruumis. Noored seemikud pikeeritakse, kui on moodustunud 2-3 p\u00e4rislehte. Taimed istutada \u00fcmber avamaale mai l\u00f5puni, viljuvad k\u00fclviaastal. P\u00e4ikesepaisteline kasvukoht.<\/p>\n","protected":false},"excerpt":{"rendered":"<p>Kuumaasikas Rugia on v\u00f5sundeid mitte moodustav, korduvalt viljuv, saagikas, k\u00fclmakindel sort. Maasikal on piklikud, suured, aromaatsed, v\u00e4ga maitsvad viljad. Kasutamiseks toorelt, magustoitude, j\u00e4\u00e4tiste ja kookide lisandina. Seemnete k\u00fclvamine kasvulavadesse v\u00f5i kastidesse soojas ruumis. Noored seemikud pikeeritakse, kui on moodustunud 2-3 p\u00e4rislehte. Taimed istutada \u00fcmber avamaale mai l\u00f5puni, viljuvad k\u00fclviaastal. P\u00e4ikesepaisteline kasvukoht.<\/p>\n","protected":false},"featured_media":163984,"comment_status":"closed","ping_status":"closed","template":"","meta":{"_themeisle_gutenberg_block_has_review":false},"product_cat":[13492],"product_tag":[],"class_list":{"0":"post-154655","1":"product","2":"type-product","3":"status-publish","4":"has-post-thumbnail","6":"product_cat-maasikas","8":"first","9":"instock","10":"shipping-taxable","11":"purchasable","12":"product-type-simple"},"yoast_head":"<!-- This site is optimized with the Yoast SEO plugin v24.0 - https:\/\/yoast.com\/wordpress\/plugins\/seo\/ -->\n<title>Kuumaasikas Rugia Fragaria vesca - Horticom.ee\/e-pood<\/title>\n<meta name=\"description\" content=\"Kuumaasikas Rugia \u2013 V\u00f5sundeid mitte moodustav sort, saagikas ja k\u00fclmakindel. Piklikud aromaatsed viljad, sobivad magustoitude ja kookide juurde.\" \/>\n<meta name=\"robots\" content=\"index, follow, max-snippet:-1, max-image-preview:large, max-video-preview:-1\" \/>\n<link rel=\"canonical\" href=\"https:\/\/horticom.ee\/e-pood\/toode\/kuumaasikas-rugia-fragaria-vesca\/\" \/>\n<meta property=\"og:locale\" content=\"ru_RU\" \/>\n<meta property=\"og:type\" content=\"article\" \/>\n<meta property=\"og:title\" content=\"Kuumaasikas Rugia Fragaria vesca - Horticom.ee\/e-pood\" \/>\n<meta property=\"og:description\" content=\"Kuumaasikas Rugia \u2013 V\u00f5sundeid mitte moodustav sort, saagikas ja k\u00fclmakindel. Piklikud aromaatsed viljad, sobivad magustoitude ja kookide juurde.\" \/>\n<meta property=\"og:url\" content=\"https:\/\/horticom.ee\/e-pood\/toode\/kuumaasikas-rugia-fragaria-vesca\/\" \/>\n<meta property=\"og:site_name\" content=\"Horticom.ee\" \/>\n<meta property=\"article:publisher\" content=\"https:\/\/www.facebook.com\/horticom.ee\/e-pood\" \/>\n<meta property=\"article:modified_time\" content=\"2026-05-01T00:08:31+00:00\" \/>\n<meta property=\"og:image\" content=\"https:\/\/horticom.ee\/e-pood\/wp-content\/uploads\/importedmedia\/product-154655_0-VC793-529x1024.jpg\" \/>\n\t<meta property=\"og:image:width\" content=\"529\" \/>\n\t<meta property=\"og:image:height\" content=\"1024\" \/>\n\t<meta property=\"og:image:type\" content=\"image\/jpeg\" \/>\n<meta name=\"twitter:card\" content=\"summary_large_image\" \/>\n<script type=\"application\/ld+json\" class=\"yoast-schema-graph\">{\"@context\":\"https:\/\/schema.org\",\"@graph\":[{\"@type\":\"WebPage\",\"@id\":\"https:\/\/horticom.ee\/e-pood\/toode\/kuumaasikas-rugia-fragaria-vesca\/\",\"url\":\"https:\/\/horticom.ee\/e-pood\/toode\/kuumaasikas-rugia-fragaria-vesca\/\",\"name\":\"Kuumaasikas Rugia Fragaria vesca - Horticom.ee\/e-pood\",\"isPartOf\":{\"@id\":\"https:\/\/horticom.ee\/e-pood\/#website\"},\"primaryImageOfPage\":{\"@id\":\"https:\/\/horticom.ee\/e-pood\/toode\/kuumaasikas-rugia-fragaria-vesca\/#primaryimage\"},\"image\":{\"@id\":\"https:\/\/horticom.ee\/e-pood\/toode\/kuumaasikas-rugia-fragaria-vesca\/#primaryimage\"},\"thumbnailUrl\":\"https:\/\/horticom.ee\/e-pood\/wp-content\/uploads\/importedmedia\/product-154655_0-VC793.jpg\",\"datePublished\":\"2022-01-17T22:07:16+00:00\",\"dateModified\":\"2026-05-01T00:08:31+00:00\",\"description\":\"Kuumaasikas Rugia \u2013 V\u00f5sundeid mitte moodustav sort, saagikas ja k\u00fclmakindel. Piklikud aromaatsed viljad, sobivad magustoitude ja kookide juurde.\",\"breadcrumb\":{\"@id\":\"https:\/\/horticom.ee\/e-pood\/toode\/kuumaasikas-rugia-fragaria-vesca\/#breadcrumb\"},\"inLanguage\":\"ru-RU\",\"potentialAction\":[{\"@type\":\"ReadAction\",\"target\":[\"https:\/\/horticom.ee\/e-pood\/toode\/kuumaasikas-rugia-fragaria-vesca\/\"]}]},{\"@type\":\"ImageObject\",\"inLanguage\":\"ru-RU\",\"@id\":\"https:\/\/horticom.ee\/e-pood\/toode\/kuumaasikas-rugia-fragaria-vesca\/#primaryimage\",\"url\":\"https:\/\/horticom.ee\/e-pood\/wp-content\/uploads\/importedmedia\/product-154655_0-VC793.jpg\",\"contentUrl\":\"https:\/\/horticom.ee\/e-pood\/wp-content\/uploads\/importedmedia\/product-154655_0-VC793.jpg\",\"width\":1000,\"height\":1936,\"caption\":\"Kuumaasikas Rugia Fragaria vesca\"},{\"@type\":\"BreadcrumbList\",\"@id\":\"https:\/\/horticom.ee\/e-pood\/toode\/kuumaasikas-rugia-fragaria-vesca\/#breadcrumb\",\"itemListElement\":[{\"@type\":\"ListItem\",\"position\":1,\"name\":\"Home\",\"item\":\"https:\/\/horticom.ee\/e-pood\/\"},{\"@type\":\"ListItem\",\"position\":2,\"name\":\"Pood\",\"item\":\"https:\/\/horticom.ee\/e-pood\/pood\/\"},{\"@type\":\"ListItem\",\"position\":3,\"name\":\"Kuumaasikas Rugia Fragaria vesca\"}]},{\"@type\":\"WebSite\",\"@id\":\"https:\/\/horticom.ee\/e-pood\/#website\",\"url\":\"https:\/\/horticom.ee\/e-pood\/\",\"name\":\"Horticom.ee\",\"description\":\"Aianduskaubad ja kodukaubad nii harrastajatele kui professionaalidele\",\"potentialAction\":[{\"@type\":\"SearchAction\",\"target\":{\"@type\":\"EntryPoint\",\"urlTemplate\":\"https:\/\/horticom.ee\/e-pood\/?s={search_term_string}\"},\"query-input\":{\"@type\":\"PropertyValueSpecification\",\"valueRequired\":true,\"valueName\":\"search_term_string\"}}],\"inLanguage\":\"ru-RU\"}]}<\/script>\n<!-- \/ Yoast SEO plugin. -->","yoast_head_json":{"title":"Kuumaasikas Rugia Fragaria vesca - Horticom.ee\/e-pood","description":"Kuumaasikas Rugia \u2013 V\u00f5sundeid mitte moodustav sort, saagikas ja k\u00fclmakindel. Piklikud aromaatsed viljad, sobivad magustoitude ja kookide juurde.","robots":{"index":"index","follow":"follow","max-snippet":"max-snippet:-1","max-image-preview":"max-image-preview:large","max-video-preview":"max-video-preview:-1"},"canonical":"https:\/\/horticom.ee\/e-pood\/toode\/kuumaasikas-rugia-fragaria-vesca\/","og_locale":"ru_RU","og_type":"article","og_title":"Kuumaasikas Rugia Fragaria vesca - Horticom.ee\/e-pood","og_description":"Kuumaasikas Rugia \u2013 V\u00f5sundeid mitte moodustav sort, saagikas ja k\u00fclmakindel. Piklikud aromaatsed viljad, sobivad magustoitude ja kookide juurde.","og_url":"https:\/\/horticom.ee\/e-pood\/toode\/kuumaasikas-rugia-fragaria-vesca\/","og_site_name":"Horticom.ee","article_publisher":"https:\/\/www.facebook.com\/horticom.ee\/e-pood","article_modified_time":"2026-05-01T00:08:31+00:00","og_image":[{"width":529,"height":1024,"url":"https:\/\/horticom.ee\/e-pood\/wp-content\/uploads\/importedmedia\/product-154655_0-VC793-529x1024.jpg","type":"image\/jpeg"}],"twitter_card":"summary_large_image","schema":{"@context":"https:\/\/schema.org","@graph":[{"@type":"WebPage","@id":"https:\/\/horticom.ee\/e-pood\/toode\/kuumaasikas-rugia-fragaria-vesca\/","url":"https:\/\/horticom.ee\/e-pood\/toode\/kuumaasikas-rugia-fragaria-vesca\/","name":"Kuumaasikas Rugia Fragaria vesca - Horticom.ee\/e-pood","isPartOf":{"@id":"https:\/\/horticom.ee\/e-pood\/#website"},"primaryImageOfPage":{"@id":"https:\/\/horticom.ee\/e-pood\/toode\/kuumaasikas-rugia-fragaria-vesca\/#primaryimage"},"image":{"@id":"https:\/\/horticom.ee\/e-pood\/toode\/kuumaasikas-rugia-fragaria-vesca\/#primaryimage"},"thumbnailUrl":"https:\/\/horticom.ee\/e-pood\/wp-content\/uploads\/importedmedia\/product-154655_0-VC793.jpg","datePublished":"2022-01-17T22:07:16+00:00","dateModified":"2026-05-01T00:08:31+00:00","description":"Kuumaasikas Rugia \u2013 V\u00f5sundeid mitte moodustav sort, saagikas ja k\u00fclmakindel. Piklikud aromaatsed viljad, sobivad magustoitude ja kookide juurde.","breadcrumb":{"@id":"https:\/\/horticom.ee\/e-pood\/toode\/kuumaasikas-rugia-fragaria-vesca\/#breadcrumb"},"inLanguage":"ru-RU","potentialAction":[{"@type":"ReadAction","target":["https:\/\/horticom.ee\/e-pood\/toode\/kuumaasikas-rugia-fragaria-vesca\/"]}]},{"@type":"ImageObject","inLanguage":"ru-RU","@id":"https:\/\/horticom.ee\/e-pood\/toode\/kuumaasikas-rugia-fragaria-vesca\/#primaryimage","url":"https:\/\/horticom.ee\/e-pood\/wp-content\/uploads\/importedmedia\/product-154655_0-VC793.jpg","contentUrl":"https:\/\/horticom.ee\/e-pood\/wp-content\/uploads\/importedmedia\/product-154655_0-VC793.jpg","width":1000,"height":1936,"caption":"Kuumaasikas Rugia Fragaria vesca"},{"@type":"BreadcrumbList","@id":"https:\/\/horticom.ee\/e-pood\/toode\/kuumaasikas-rugia-fragaria-vesca\/#breadcrumb","itemListElement":[{"@type":"ListItem","position":1,"name":"Home","item":"https:\/\/horticom.ee\/e-pood\/"},{"@type":"ListItem","position":2,"name":"Pood","item":"https:\/\/horticom.ee\/e-pood\/pood\/"},{"@type":"ListItem","position":3,"name":"Kuumaasikas Rugia Fragaria vesca"}]},{"@type":"WebSite","@id":"https:\/\/horticom.ee\/e-pood\/#website","url":"https:\/\/horticom.ee\/e-pood\/","name":"Horticom.ee","description":"Aianduskaubad ja kodukaubad nii harrastajatele kui professionaalidele","potentialAction":[{"@type":"SearchAction","target":{"@type":"EntryPoint","urlTemplate":"https:\/\/horticom.ee\/e-pood\/?s={search_term_string}"},"query-input":{"@type":"PropertyValueSpecification","valueRequired":true,"valueName":"search_term_string"}}],"inLanguage":"ru-RU"}]}},"_links":{"self":[{"href":"https:\/\/horticom.ee\/e-pood\/ru\/wp-json\/wp\/v2\/product\/154655","targetHints":{"allow":["GET"]}}],"collection":[{"href":"https:\/\/horticom.ee\/e-pood\/ru\/wp-json\/wp\/v2\/product"}],"about":[{"href":"https:\/\/horticom.ee\/e-pood\/ru\/wp-json\/wp\/v2\/types\/product"}],"replies":[{"embeddable":true,"href":"https:\/\/horticom.ee\/e-pood\/ru\/wp-json\/wp\/v2\/comments?post=154655"}],"wp:featuredmedia":[{"embeddable":true,"href":"https:\/\/horticom.ee\/e-pood\/ru\/wp-json\/wp\/v2\/media\/163984"}],"wp:attachment":[{"href":"https:\/\/horticom.ee\/e-pood\/ru\/wp-json\/wp\/v2\/media?parent=154655"}],"wp:term":[{"taxonomy":"product_cat","embeddable":true,"href":"https:\/\/horticom.ee\/e-pood\/ru\/wp-json\/wp\/v2\/product_cat?post=154655"},{"taxonomy":"product_tag","embeddable":true,"href":"https:\/\/horticom.ee\/e-pood\/ru\/wp-json\/wp\/v2\/product_tag?post=154655"}],"curies":[{"name":"wp","href":"https:\/\/api.w.org\/{rel}","templated":true}]}}