{"id":154663,"date":"2022-01-18T00:07:21","date_gmt":"2022-01-17T22:07:21","guid":{"rendered":"https:\/\/aednik24.ee\/toode\/istutuspoti-alus-provence-25cm-heleroheline-sp\/"},"modified":"2026-05-11T03:07:56","modified_gmt":"2026-05-11T00:07:56","slug":"istutuspoti-alus-provence-25cm-heleroheline-sp","status":"publish","type":"product","link":"https:\/\/horticom.ee\/e-pood\/ru\/toode\/istutuspoti-alus-provence-25cm-heleroheline-sp\/","title":{"rendered":"Istutuspoti alus Elho Provence d 25cm laimiroheline"},"content":{"rendered":"<p>Istutuspoti alus Provence on kvaliteetne ja valmistatud vastupidavast plastikust. Alustaldrik on parim taimede jootmise s\u00fcsteem, mis mahutab alusele vee \u00fclej\u00e4\u00e4gi ja salvestab selle taime jaoks. See t\u00e4hendab, et taim saab alati vajalikul ajal oma vee k\u00e4tte. Toote valmistamisel kasutatakse erilisi v\u00e4rvipigmente, mist\u00f5ttu toodetel p\u00fcsib originaalv\u00e4rv kauem.<\/p>\n","protected":false},"excerpt":{"rendered":"<p>Istutuspoti alus Provence on kvaliteetne ja valmistatud vastupidavast plastikust. Alustaldrik on parim taimede jootmise s\u00fcsteem, mis mahutab alusele vee \u00fclej\u00e4\u00e4gi ja salvestab selle taime jaoks. See t\u00e4hendab, et taim saab alati vajalikul ajal oma vee k\u00e4tte. Toote valmistamisel kasutatakse erilisi v\u00e4rvipigmente, mist\u00f5ttu toodetel p\u00fcsib originaalv\u00e4rv kauem.<\/p>\n","protected":false},"featured_media":163966,"comment_status":"closed","ping_status":"closed","template":"","meta":{"_themeisle_gutenberg_block_has_review":false},"product_cat":[18563,13474],"product_tag":[],"class_list":{"0":"post-154663","1":"product","2":"type-product","3":"status-publish","4":"has-post-thumbnail","6":"product_cat-lopumuugitooted","7":"product_cat-potialused","9":"first","10":"instock","11":"sale","12":"shipping-taxable","13":"purchasable","14":"product-type-simple"},"yoast_head":"<!-- This site is optimized with the Yoast SEO plugin v24.0 - https:\/\/yoast.com\/wordpress\/plugins\/seo\/ -->\n<title>Istutuspoti alus Elho Provence d 25cm heleroheline<\/title>\n<meta name=\"description\" content=\"Istutuspoti alus Provence on valmistatud vastupidavast plastikust. Alustaldrik on parim taimede jootmise s\u00fcsteem, hoiab vee \u00fclej\u00e4\u00e4ki taime jaoks.\" \/>\n<meta name=\"robots\" content=\"index, follow, max-snippet:-1, max-image-preview:large, max-video-preview:-1\" \/>\n<link rel=\"canonical\" href=\"https:\/\/horticom.ee\/e-pood\/toode\/istutuspoti-alus-provence-25cm-heleroheline-sp\/\" \/>\n<meta property=\"og:locale\" content=\"ru_RU\" \/>\n<meta property=\"og:type\" content=\"article\" \/>\n<meta property=\"og:title\" content=\"Istutuspoti alus Elho Provence d 25cm heleroheline\" \/>\n<meta property=\"og:description\" content=\"Istutuspoti alus Provence on valmistatud vastupidavast plastikust. Alustaldrik on parim taimede jootmise s\u00fcsteem, hoiab vee \u00fclej\u00e4\u00e4ki taime jaoks.\" \/>\n<meta property=\"og:url\" content=\"https:\/\/horticom.ee\/e-pood\/toode\/istutuspoti-alus-provence-25cm-heleroheline-sp\/\" \/>\n<meta property=\"og:site_name\" content=\"Horticom.ee\" \/>\n<meta property=\"article:publisher\" content=\"https:\/\/www.facebook.com\/horticom.ee\/e-pood\" \/>\n<meta property=\"article:modified_time\" content=\"2026-05-11T00:07:56+00:00\" \/>\n<meta property=\"og:image\" content=\"https:\/\/horticom.ee\/e-pood\/wp-content\/uploads\/importedmedia\/product-154663_0-640219_383.jpg\" \/>\n\t<meta property=\"og:image:width\" content=\"999\" \/>\n\t<meta property=\"og:image:height\" content=\"666\" \/>\n\t<meta property=\"og:image:type\" content=\"image\/jpeg\" \/>\n<meta name=\"twitter:card\" content=\"summary_large_image\" \/>\n<script type=\"application\/ld+json\" class=\"yoast-schema-graph\">{\"@context\":\"https:\/\/schema.org\",\"@graph\":[{\"@type\":\"WebPage\",\"@id\":\"https:\/\/horticom.ee\/e-pood\/toode\/istutuspoti-alus-provence-25cm-heleroheline-sp\/\",\"url\":\"https:\/\/horticom.ee\/e-pood\/toode\/istutuspoti-alus-provence-25cm-heleroheline-sp\/\",\"name\":\"Istutuspoti alus Elho Provence d 25cm heleroheline\",\"isPartOf\":{\"@id\":\"https:\/\/horticom.ee\/e-pood\/#website\"},\"primaryImageOfPage\":{\"@id\":\"https:\/\/horticom.ee\/e-pood\/toode\/istutuspoti-alus-provence-25cm-heleroheline-sp\/#primaryimage\"},\"image\":{\"@id\":\"https:\/\/horticom.ee\/e-pood\/toode\/istutuspoti-alus-provence-25cm-heleroheline-sp\/#primaryimage\"},\"thumbnailUrl\":\"https:\/\/horticom.ee\/e-pood\/wp-content\/uploads\/importedmedia\/product-154663_0-640219_383.jpg\",\"datePublished\":\"2022-01-17T22:07:21+00:00\",\"dateModified\":\"2026-05-11T00:07:56+00:00\",\"description\":\"Istutuspoti alus Provence on valmistatud vastupidavast plastikust. Alustaldrik on parim taimede jootmise s\u00fcsteem, hoiab vee \u00fclej\u00e4\u00e4ki taime jaoks.\",\"breadcrumb\":{\"@id\":\"https:\/\/horticom.ee\/e-pood\/toode\/istutuspoti-alus-provence-25cm-heleroheline-sp\/#breadcrumb\"},\"inLanguage\":\"ru-RU\",\"potentialAction\":[{\"@type\":\"ReadAction\",\"target\":[\"https:\/\/horticom.ee\/e-pood\/toode\/istutuspoti-alus-provence-25cm-heleroheline-sp\/\"]}]},{\"@type\":\"ImageObject\",\"inLanguage\":\"ru-RU\",\"@id\":\"https:\/\/horticom.ee\/e-pood\/toode\/istutuspoti-alus-provence-25cm-heleroheline-sp\/#primaryimage\",\"url\":\"https:\/\/horticom.ee\/e-pood\/wp-content\/uploads\/importedmedia\/product-154663_0-640219_383.jpg\",\"contentUrl\":\"https:\/\/horticom.ee\/e-pood\/wp-content\/uploads\/importedmedia\/product-154663_0-640219_383.jpg\",\"width\":999,\"height\":666,\"caption\":\"Istutuspoti alus Elho Provence d 25cm heleroheline\"},{\"@type\":\"BreadcrumbList\",\"@id\":\"https:\/\/horticom.ee\/e-pood\/toode\/istutuspoti-alus-provence-25cm-heleroheline-sp\/#breadcrumb\",\"itemListElement\":[{\"@type\":\"ListItem\",\"position\":1,\"name\":\"Home\",\"item\":\"https:\/\/horticom.ee\/e-pood\/\"},{\"@type\":\"ListItem\",\"position\":2,\"name\":\"Pood\",\"item\":\"https:\/\/horticom.ee\/e-pood\/pood\/\"},{\"@type\":\"ListItem\",\"position\":3,\"name\":\"Istutuspoti alus Elho Provence d 25cm laimiroheline\"}]},{\"@type\":\"WebSite\",\"@id\":\"https:\/\/horticom.ee\/e-pood\/#website\",\"url\":\"https:\/\/horticom.ee\/e-pood\/\",\"name\":\"Horticom.ee\",\"description\":\"Aianduskaubad ja kodukaubad nii harrastajatele kui professionaalidele\",\"potentialAction\":[{\"@type\":\"SearchAction\",\"target\":{\"@type\":\"EntryPoint\",\"urlTemplate\":\"https:\/\/horticom.ee\/e-pood\/?s={search_term_string}\"},\"query-input\":{\"@type\":\"PropertyValueSpecification\",\"valueRequired\":true,\"valueName\":\"search_term_string\"}}],\"inLanguage\":\"ru-RU\"}]}<\/script>\n<!-- \/ Yoast SEO plugin. -->","yoast_head_json":{"title":"Istutuspoti alus Elho Provence d 25cm heleroheline","description":"Istutuspoti alus Provence on valmistatud vastupidavast plastikust. Alustaldrik on parim taimede jootmise s\u00fcsteem, hoiab vee \u00fclej\u00e4\u00e4ki taime jaoks.","robots":{"index":"index","follow":"follow","max-snippet":"max-snippet:-1","max-image-preview":"max-image-preview:large","max-video-preview":"max-video-preview:-1"},"canonical":"https:\/\/horticom.ee\/e-pood\/toode\/istutuspoti-alus-provence-25cm-heleroheline-sp\/","og_locale":"ru_RU","og_type":"article","og_title":"Istutuspoti alus Elho Provence d 25cm heleroheline","og_description":"Istutuspoti alus Provence on valmistatud vastupidavast plastikust. Alustaldrik on parim taimede jootmise s\u00fcsteem, hoiab vee \u00fclej\u00e4\u00e4ki taime jaoks.","og_url":"https:\/\/horticom.ee\/e-pood\/toode\/istutuspoti-alus-provence-25cm-heleroheline-sp\/","og_site_name":"Horticom.ee","article_publisher":"https:\/\/www.facebook.com\/horticom.ee\/e-pood","article_modified_time":"2026-05-11T00:07:56+00:00","og_image":[{"width":999,"height":666,"url":"https:\/\/horticom.ee\/e-pood\/wp-content\/uploads\/importedmedia\/product-154663_0-640219_383.jpg","type":"image\/jpeg"}],"twitter_card":"summary_large_image","schema":{"@context":"https:\/\/schema.org","@graph":[{"@type":"WebPage","@id":"https:\/\/horticom.ee\/e-pood\/toode\/istutuspoti-alus-provence-25cm-heleroheline-sp\/","url":"https:\/\/horticom.ee\/e-pood\/toode\/istutuspoti-alus-provence-25cm-heleroheline-sp\/","name":"Istutuspoti alus Elho Provence d 25cm heleroheline","isPartOf":{"@id":"https:\/\/horticom.ee\/e-pood\/#website"},"primaryImageOfPage":{"@id":"https:\/\/horticom.ee\/e-pood\/toode\/istutuspoti-alus-provence-25cm-heleroheline-sp\/#primaryimage"},"image":{"@id":"https:\/\/horticom.ee\/e-pood\/toode\/istutuspoti-alus-provence-25cm-heleroheline-sp\/#primaryimage"},"thumbnailUrl":"https:\/\/horticom.ee\/e-pood\/wp-content\/uploads\/importedmedia\/product-154663_0-640219_383.jpg","datePublished":"2022-01-17T22:07:21+00:00","dateModified":"2026-05-11T00:07:56+00:00","description":"Istutuspoti alus Provence on valmistatud vastupidavast plastikust. Alustaldrik on parim taimede jootmise s\u00fcsteem, hoiab vee \u00fclej\u00e4\u00e4ki taime jaoks.","breadcrumb":{"@id":"https:\/\/horticom.ee\/e-pood\/toode\/istutuspoti-alus-provence-25cm-heleroheline-sp\/#breadcrumb"},"inLanguage":"ru-RU","potentialAction":[{"@type":"ReadAction","target":["https:\/\/horticom.ee\/e-pood\/toode\/istutuspoti-alus-provence-25cm-heleroheline-sp\/"]}]},{"@type":"ImageObject","inLanguage":"ru-RU","@id":"https:\/\/horticom.ee\/e-pood\/toode\/istutuspoti-alus-provence-25cm-heleroheline-sp\/#primaryimage","url":"https:\/\/horticom.ee\/e-pood\/wp-content\/uploads\/importedmedia\/product-154663_0-640219_383.jpg","contentUrl":"https:\/\/horticom.ee\/e-pood\/wp-content\/uploads\/importedmedia\/product-154663_0-640219_383.jpg","width":999,"height":666,"caption":"Istutuspoti alus Elho Provence d 25cm heleroheline"},{"@type":"BreadcrumbList","@id":"https:\/\/horticom.ee\/e-pood\/toode\/istutuspoti-alus-provence-25cm-heleroheline-sp\/#breadcrumb","itemListElement":[{"@type":"ListItem","position":1,"name":"Home","item":"https:\/\/horticom.ee\/e-pood\/"},{"@type":"ListItem","position":2,"name":"Pood","item":"https:\/\/horticom.ee\/e-pood\/pood\/"},{"@type":"ListItem","position":3,"name":"Istutuspoti alus Elho Provence d 25cm laimiroheline"}]},{"@type":"WebSite","@id":"https:\/\/horticom.ee\/e-pood\/#website","url":"https:\/\/horticom.ee\/e-pood\/","name":"Horticom.ee","description":"Aianduskaubad ja kodukaubad nii harrastajatele kui professionaalidele","potentialAction":[{"@type":"SearchAction","target":{"@type":"EntryPoint","urlTemplate":"https:\/\/horticom.ee\/e-pood\/?s={search_term_string}"},"query-input":{"@type":"PropertyValueSpecification","valueRequired":true,"valueName":"search_term_string"}}],"inLanguage":"ru-RU"}]}},"_links":{"self":[{"href":"https:\/\/horticom.ee\/e-pood\/ru\/wp-json\/wp\/v2\/product\/154663","targetHints":{"allow":["GET"]}}],"collection":[{"href":"https:\/\/horticom.ee\/e-pood\/ru\/wp-json\/wp\/v2\/product"}],"about":[{"href":"https:\/\/horticom.ee\/e-pood\/ru\/wp-json\/wp\/v2\/types\/product"}],"replies":[{"embeddable":true,"href":"https:\/\/horticom.ee\/e-pood\/ru\/wp-json\/wp\/v2\/comments?post=154663"}],"wp:featuredmedia":[{"embeddable":true,"href":"https:\/\/horticom.ee\/e-pood\/ru\/wp-json\/wp\/v2\/media\/163966"}],"wp:attachment":[{"href":"https:\/\/horticom.ee\/e-pood\/ru\/wp-json\/wp\/v2\/media?parent=154663"}],"wp:term":[{"taxonomy":"product_cat","embeddable":true,"href":"https:\/\/horticom.ee\/e-pood\/ru\/wp-json\/wp\/v2\/product_cat?post=154663"},{"taxonomy":"product_tag","embeddable":true,"href":"https:\/\/horticom.ee\/e-pood\/ru\/wp-json\/wp\/v2\/product_tag?post=154663"}],"curies":[{"name":"wp","href":"https:\/\/api.w.org\/{rel}","templated":true}]}}