{"id":154667,"date":"2022-01-18T00:07:24","date_gmt":"2022-01-17T22:07:24","guid":{"rendered":"https:\/\/aednik24.ee\/toode\/previcur-energy-15ml\/"},"modified":"2026-04-20T18:14:18","modified_gmt":"2026-04-20T15:14:18","slug":"previcur-energy-15ml","status":"publish","type":"product","link":"https:\/\/horticom.ee\/e-pood\/ru\/toode\/previcur-energy-15ml\/","title":{"rendered":"Previcur Energy 15ml"},"content":{"rendered":"<p>Laia toimespektriga, s\u00fcsteemse ja pikaajalise m\u00f5juga fungitsiid. Omastatav nii lehtede kui juurte kaudu. Kasutusala: kurgi, suvik\u00f5rvitsa, baklazaani, meloni, arbuusi jt k\u00f5rvitsaliste; tomati, paprika, salati, redise, pea-, leht- ja lillkapsa ning dekoratiivtaimede haiguste t\u00f5rjeks kasvuhoones;  seenhaiguste t\u00f5rjeks avamaal kasvaval salatil, l\u00fchiviljalisel avamaakurgil, redisel ja dekoratiivtaimedel. T\u00f5rjutavad haigused: t\u00f5usmep\u00f5letik (Phytophthora, Pythium, Aphanomyces, Peronospora jt) ja ebajahukaste.<\/p>\n","protected":false},"excerpt":{"rendered":"<p>Laia toimespektriga, s\u00fcsteemse ja pikaajalise m\u00f5juga fungitsiid. Omastatav nii lehtede kui juurte kaudu. Kasutusala: kurgi, suvik\u00f5rvitsa, baklazaani, meloni, arbuusi jt k\u00f5rvitsaliste; tomati, paprika, salati, redise, pea-, leht- ja lillkapsa ning dekoratiivtaimede haiguste t\u00f5rjeks kasvuhoones; seenhaiguste t\u00f5rjeks avamaal kasvaval salatil, l\u00fchiviljalisel avamaakurgil, redisel ja dekoratiivtaimedel. T\u00f5rjutavad haigused: t\u00f5usmep\u00f5letik (Phytophthora, Pythium, Aphanomyces, Peronospora jt) ja ebajahukaste.<\/p>\n","protected":false},"featured_media":163952,"comment_status":"closed","ping_status":"closed","template":"","meta":{"_themeisle_gutenberg_block_has_review":false},"product_cat":[13587],"product_tag":[],"class_list":{"0":"post-154667","1":"product","2":"type-product","3":"status-publish","4":"has-post-thumbnail","6":"product_cat-fungitsiidid","8":"first","9":"instock","10":"shipping-taxable","11":"purchasable","12":"product-type-simple"},"yoast_head":"<!-- This site is optimized with the Yoast SEO plugin v24.0 - https:\/\/yoast.com\/wordpress\/plugins\/seo\/ -->\n<title>Previcur Energy 15ml - Horticom.ee\/e-pood<\/title>\n<meta name=\"description\" content=\"Previcur Energy 15ml \u2013 Laia toimespektriga fungitsiid kurgi, suvik\u00f5rvitsa, meloni jt seenhaiguste t\u00f5rjeks. S\u00fcsteemne m\u00f5ju lehtede ja juurte kaudu.\" \/>\n<meta name=\"robots\" content=\"index, follow, max-snippet:-1, max-image-preview:large, max-video-preview:-1\" \/>\n<link rel=\"canonical\" href=\"https:\/\/horticom.ee\/e-pood\/toode\/previcur-energy-15ml\/\" \/>\n<meta property=\"og:locale\" content=\"ru_RU\" \/>\n<meta property=\"og:type\" content=\"article\" \/>\n<meta property=\"og:title\" content=\"Previcur Energy 15ml - Horticom.ee\/e-pood\" \/>\n<meta property=\"og:description\" content=\"Previcur Energy 15ml \u2013 Laia toimespektriga fungitsiid kurgi, suvik\u00f5rvitsa, meloni jt seenhaiguste t\u00f5rjeks. S\u00fcsteemne m\u00f5ju lehtede ja juurte kaudu.\" \/>\n<meta property=\"og:url\" content=\"https:\/\/horticom.ee\/e-pood\/toode\/previcur-energy-15ml\/\" \/>\n<meta property=\"og:site_name\" content=\"Horticom.ee\" \/>\n<meta property=\"article:publisher\" content=\"https:\/\/www.facebook.com\/horticom.ee\/e-pood\" \/>\n<meta property=\"article:modified_time\" content=\"2026-04-20T15:14:18+00:00\" \/>\n<meta property=\"og:image\" content=\"https:\/\/horticom.ee\/e-pood\/wp-content\/uploads\/importedmedia\/product-154667_0-P3079.jpg\" \/>\n\t<meta property=\"og:image:width\" content=\"1000\" \/>\n\t<meta property=\"og:image:height\" content=\"749\" \/>\n\t<meta property=\"og:image:type\" content=\"image\/jpeg\" \/>\n<meta name=\"twitter:card\" content=\"summary_large_image\" \/>\n<script type=\"application\/ld+json\" class=\"yoast-schema-graph\">{\"@context\":\"https:\/\/schema.org\",\"@graph\":[{\"@type\":\"WebPage\",\"@id\":\"https:\/\/horticom.ee\/e-pood\/toode\/previcur-energy-15ml\/\",\"url\":\"https:\/\/horticom.ee\/e-pood\/toode\/previcur-energy-15ml\/\",\"name\":\"Previcur Energy 15ml - Horticom.ee\/e-pood\",\"isPartOf\":{\"@id\":\"https:\/\/horticom.ee\/e-pood\/#website\"},\"primaryImageOfPage\":{\"@id\":\"https:\/\/horticom.ee\/e-pood\/toode\/previcur-energy-15ml\/#primaryimage\"},\"image\":{\"@id\":\"https:\/\/horticom.ee\/e-pood\/toode\/previcur-energy-15ml\/#primaryimage\"},\"thumbnailUrl\":\"https:\/\/horticom.ee\/e-pood\/wp-content\/uploads\/importedmedia\/product-154667_0-P3079.jpg\",\"datePublished\":\"2022-01-17T22:07:24+00:00\",\"dateModified\":\"2026-04-20T15:14:18+00:00\",\"description\":\"Previcur Energy 15ml \u2013 Laia toimespektriga fungitsiid kurgi, suvik\u00f5rvitsa, meloni jt seenhaiguste t\u00f5rjeks. S\u00fcsteemne m\u00f5ju lehtede ja juurte kaudu.\",\"breadcrumb\":{\"@id\":\"https:\/\/horticom.ee\/e-pood\/toode\/previcur-energy-15ml\/#breadcrumb\"},\"inLanguage\":\"ru-RU\",\"potentialAction\":[{\"@type\":\"ReadAction\",\"target\":[\"https:\/\/horticom.ee\/e-pood\/toode\/previcur-energy-15ml\/\"]}]},{\"@type\":\"ImageObject\",\"inLanguage\":\"ru-RU\",\"@id\":\"https:\/\/horticom.ee\/e-pood\/toode\/previcur-energy-15ml\/#primaryimage\",\"url\":\"https:\/\/horticom.ee\/e-pood\/wp-content\/uploads\/importedmedia\/product-154667_0-P3079.jpg\",\"contentUrl\":\"https:\/\/horticom.ee\/e-pood\/wp-content\/uploads\/importedmedia\/product-154667_0-P3079.jpg\",\"width\":1000,\"height\":749,\"caption\":\"Previcur Energy 15ml\"},{\"@type\":\"BreadcrumbList\",\"@id\":\"https:\/\/horticom.ee\/e-pood\/toode\/previcur-energy-15ml\/#breadcrumb\",\"itemListElement\":[{\"@type\":\"ListItem\",\"position\":1,\"name\":\"Home\",\"item\":\"https:\/\/horticom.ee\/e-pood\/\"},{\"@type\":\"ListItem\",\"position\":2,\"name\":\"Pood\",\"item\":\"https:\/\/horticom.ee\/e-pood\/pood\/\"},{\"@type\":\"ListItem\",\"position\":3,\"name\":\"Previcur Energy 15ml\"}]},{\"@type\":\"WebSite\",\"@id\":\"https:\/\/horticom.ee\/e-pood\/#website\",\"url\":\"https:\/\/horticom.ee\/e-pood\/\",\"name\":\"Horticom.ee\",\"description\":\"Aianduskaubad ja kodukaubad nii harrastajatele kui professionaalidele\",\"potentialAction\":[{\"@type\":\"SearchAction\",\"target\":{\"@type\":\"EntryPoint\",\"urlTemplate\":\"https:\/\/horticom.ee\/e-pood\/?s={search_term_string}\"},\"query-input\":{\"@type\":\"PropertyValueSpecification\",\"valueRequired\":true,\"valueName\":\"search_term_string\"}}],\"inLanguage\":\"ru-RU\"}]}<\/script>\n<!-- \/ Yoast SEO plugin. -->","yoast_head_json":{"title":"Previcur Energy 15ml - Horticom.ee\/e-pood","description":"Previcur Energy 15ml \u2013 Laia toimespektriga fungitsiid kurgi, suvik\u00f5rvitsa, meloni jt seenhaiguste t\u00f5rjeks. S\u00fcsteemne m\u00f5ju lehtede ja juurte kaudu.","robots":{"index":"index","follow":"follow","max-snippet":"max-snippet:-1","max-image-preview":"max-image-preview:large","max-video-preview":"max-video-preview:-1"},"canonical":"https:\/\/horticom.ee\/e-pood\/toode\/previcur-energy-15ml\/","og_locale":"ru_RU","og_type":"article","og_title":"Previcur Energy 15ml - Horticom.ee\/e-pood","og_description":"Previcur Energy 15ml \u2013 Laia toimespektriga fungitsiid kurgi, suvik\u00f5rvitsa, meloni jt seenhaiguste t\u00f5rjeks. S\u00fcsteemne m\u00f5ju lehtede ja juurte kaudu.","og_url":"https:\/\/horticom.ee\/e-pood\/toode\/previcur-energy-15ml\/","og_site_name":"Horticom.ee","article_publisher":"https:\/\/www.facebook.com\/horticom.ee\/e-pood","article_modified_time":"2026-04-20T15:14:18+00:00","og_image":[{"width":1000,"height":749,"url":"https:\/\/horticom.ee\/e-pood\/wp-content\/uploads\/importedmedia\/product-154667_0-P3079.jpg","type":"image\/jpeg"}],"twitter_card":"summary_large_image","schema":{"@context":"https:\/\/schema.org","@graph":[{"@type":"WebPage","@id":"https:\/\/horticom.ee\/e-pood\/toode\/previcur-energy-15ml\/","url":"https:\/\/horticom.ee\/e-pood\/toode\/previcur-energy-15ml\/","name":"Previcur Energy 15ml - Horticom.ee\/e-pood","isPartOf":{"@id":"https:\/\/horticom.ee\/e-pood\/#website"},"primaryImageOfPage":{"@id":"https:\/\/horticom.ee\/e-pood\/toode\/previcur-energy-15ml\/#primaryimage"},"image":{"@id":"https:\/\/horticom.ee\/e-pood\/toode\/previcur-energy-15ml\/#primaryimage"},"thumbnailUrl":"https:\/\/horticom.ee\/e-pood\/wp-content\/uploads\/importedmedia\/product-154667_0-P3079.jpg","datePublished":"2022-01-17T22:07:24+00:00","dateModified":"2026-04-20T15:14:18+00:00","description":"Previcur Energy 15ml \u2013 Laia toimespektriga fungitsiid kurgi, suvik\u00f5rvitsa, meloni jt seenhaiguste t\u00f5rjeks. S\u00fcsteemne m\u00f5ju lehtede ja juurte kaudu.","breadcrumb":{"@id":"https:\/\/horticom.ee\/e-pood\/toode\/previcur-energy-15ml\/#breadcrumb"},"inLanguage":"ru-RU","potentialAction":[{"@type":"ReadAction","target":["https:\/\/horticom.ee\/e-pood\/toode\/previcur-energy-15ml\/"]}]},{"@type":"ImageObject","inLanguage":"ru-RU","@id":"https:\/\/horticom.ee\/e-pood\/toode\/previcur-energy-15ml\/#primaryimage","url":"https:\/\/horticom.ee\/e-pood\/wp-content\/uploads\/importedmedia\/product-154667_0-P3079.jpg","contentUrl":"https:\/\/horticom.ee\/e-pood\/wp-content\/uploads\/importedmedia\/product-154667_0-P3079.jpg","width":1000,"height":749,"caption":"Previcur Energy 15ml"},{"@type":"BreadcrumbList","@id":"https:\/\/horticom.ee\/e-pood\/toode\/previcur-energy-15ml\/#breadcrumb","itemListElement":[{"@type":"ListItem","position":1,"name":"Home","item":"https:\/\/horticom.ee\/e-pood\/"},{"@type":"ListItem","position":2,"name":"Pood","item":"https:\/\/horticom.ee\/e-pood\/pood\/"},{"@type":"ListItem","position":3,"name":"Previcur Energy 15ml"}]},{"@type":"WebSite","@id":"https:\/\/horticom.ee\/e-pood\/#website","url":"https:\/\/horticom.ee\/e-pood\/","name":"Horticom.ee","description":"Aianduskaubad ja kodukaubad nii harrastajatele kui professionaalidele","potentialAction":[{"@type":"SearchAction","target":{"@type":"EntryPoint","urlTemplate":"https:\/\/horticom.ee\/e-pood\/?s={search_term_string}"},"query-input":{"@type":"PropertyValueSpecification","valueRequired":true,"valueName":"search_term_string"}}],"inLanguage":"ru-RU"}]}},"_links":{"self":[{"href":"https:\/\/horticom.ee\/e-pood\/ru\/wp-json\/wp\/v2\/product\/154667","targetHints":{"allow":["GET"]}}],"collection":[{"href":"https:\/\/horticom.ee\/e-pood\/ru\/wp-json\/wp\/v2\/product"}],"about":[{"href":"https:\/\/horticom.ee\/e-pood\/ru\/wp-json\/wp\/v2\/types\/product"}],"replies":[{"embeddable":true,"href":"https:\/\/horticom.ee\/e-pood\/ru\/wp-json\/wp\/v2\/comments?post=154667"}],"wp:featuredmedia":[{"embeddable":true,"href":"https:\/\/horticom.ee\/e-pood\/ru\/wp-json\/wp\/v2\/media\/163952"}],"wp:attachment":[{"href":"https:\/\/horticom.ee\/e-pood\/ru\/wp-json\/wp\/v2\/media?parent=154667"}],"wp:term":[{"taxonomy":"product_cat","embeddable":true,"href":"https:\/\/horticom.ee\/e-pood\/ru\/wp-json\/wp\/v2\/product_cat?post=154667"},{"taxonomy":"product_tag","embeddable":true,"href":"https:\/\/horticom.ee\/e-pood\/ru\/wp-json\/wp\/v2\/product_tag?post=154667"}],"curies":[{"name":"wp","href":"https:\/\/api.w.org\/{rel}","templated":true}]}}