{"id":154674,"date":"2022-01-18T00:07:27","date_gmt":"2022-01-17T22:07:27","guid":{"rendered":"https:\/\/aednik24.ee\/toode\/tomat-marmande-maxi-solanum-lycopersicum-l\/"},"modified":"2026-05-03T03:10:31","modified_gmt":"2026-05-03T00:10:31","slug":"tomat-marmande-maxi-solanum-lycopersicum-l","status":"publish","type":"product","link":"https:\/\/horticom.ee\/e-pood\/ru\/toode\/tomat-marmande-maxi-solanum-lycopersicum-l\/","title":{"rendered":"Tomat Marmande Maxi &#8211; Solanum lycopersicum L."},"content":{"rendered":"<p>Tomat Marmande on varajane k\u00f5rgekasvuline sort. 150\u2013170g viljad punased, mahlased, \u00f5hukese koorega. Vegetatsiooniperiood 70\u201375 p\u00e4eva. Kasvatatakse avamaal ja kasvuhoonetes. Istikuid istutatakse pottidesse \u00fcmber siis, kui ilmub esimene p\u00e4ris leht. K\u00f5ige paremini kasvab +22\u201324 C temperatuuril. 1g umbes 200\u2013300 seemet.<\/p>\n","protected":false},"excerpt":{"rendered":"<p>Tomat Marmande on varajane k\u00f5rgekasvuline sort. 150\u2013170g viljad punased, mahlased, \u00f5hukese koorega. Vegetatsiooniperiood 70\u201375 p\u00e4eva. Kasvatatakse avamaal ja kasvuhoonetes. Istikuid istutatakse pottidesse \u00fcmber siis, kui ilmub esimene p\u00e4ris leht. K\u00f5ige paremini kasvab +22\u201324 C temperatuuril. 1g umbes 200\u2013300 seemet.<\/p>\n","protected":false},"featured_media":163936,"comment_status":"closed","ping_status":"closed","template":"","meta":{"_themeisle_gutenberg_block_has_review":false},"product_cat":[13481],"product_tag":[],"class_list":{"0":"post-154674","1":"product","2":"type-product","3":"status-publish","4":"has-post-thumbnail","6":"product_cat-tomat","8":"first","9":"instock","10":"shipping-taxable","11":"purchasable","12":"product-type-simple"},"yoast_head":"<!-- This site is optimized with the Yoast SEO plugin v24.0 - https:\/\/yoast.com\/wordpress\/plugins\/seo\/ -->\n<title>Tomat Marmande Maxi - Solanum lycopersicum L. - Horticom<\/title>\n<meta name=\"description\" content=\"Tomat Marmande \u2013 varajane k\u00f5rgekasvuline sort, mahlased 150\u2013170g punased ja \u00f5hukese koorega viljad. Sobib kasvatamiseks avamaal ja kasvuhoones.\" \/>\n<meta name=\"robots\" content=\"index, follow, max-snippet:-1, max-image-preview:large, max-video-preview:-1\" \/>\n<link rel=\"canonical\" href=\"https:\/\/horticom.ee\/e-pood\/toode\/tomat-marmande-maxi-solanum-lycopersicum-l\/\" \/>\n<meta property=\"og:locale\" content=\"ru_RU\" \/>\n<meta property=\"og:type\" content=\"article\" \/>\n<meta property=\"og:title\" content=\"Tomat Marmande Maxi - Solanum lycopersicum L. - Horticom\" \/>\n<meta property=\"og:description\" content=\"Tomat Marmande \u2013 varajane k\u00f5rgekasvuline sort, mahlased 150\u2013170g punased ja \u00f5hukese koorega viljad. Sobib kasvatamiseks avamaal ja kasvuhoones.\" \/>\n<meta property=\"og:url\" content=\"https:\/\/horticom.ee\/e-pood\/toode\/tomat-marmande-maxi-solanum-lycopersicum-l\/\" \/>\n<meta property=\"og:site_name\" content=\"Horticom.ee\" \/>\n<meta property=\"article:publisher\" content=\"https:\/\/www.facebook.com\/horticom.ee\/e-pood\" \/>\n<meta property=\"article:modified_time\" content=\"2026-05-03T00:10:31+00:00\" \/>\n<meta property=\"og:image\" content=\"https:\/\/horticom.ee\/e-pood\/wp-content\/uploads\/importedmedia\/product-154674_0-LA1083.jpg\" \/>\n\t<meta property=\"og:image:width\" content=\"1000\" \/>\n\t<meta property=\"og:image:height\" content=\"1802\" \/>\n\t<meta property=\"og:image:type\" content=\"image\/jpeg\" \/>\n<meta name=\"twitter:card\" content=\"summary_large_image\" \/>\n<script type=\"application\/ld+json\" class=\"yoast-schema-graph\">{\"@context\":\"https:\/\/schema.org\",\"@graph\":[{\"@type\":\"WebPage\",\"@id\":\"https:\/\/horticom.ee\/e-pood\/toode\/tomat-marmande-maxi-solanum-lycopersicum-l\/\",\"url\":\"https:\/\/horticom.ee\/e-pood\/toode\/tomat-marmande-maxi-solanum-lycopersicum-l\/\",\"name\":\"Tomat Marmande Maxi - Solanum lycopersicum L. - Horticom\",\"isPartOf\":{\"@id\":\"https:\/\/horticom.ee\/e-pood\/#website\"},\"primaryImageOfPage\":{\"@id\":\"https:\/\/horticom.ee\/e-pood\/toode\/tomat-marmande-maxi-solanum-lycopersicum-l\/#primaryimage\"},\"image\":{\"@id\":\"https:\/\/horticom.ee\/e-pood\/toode\/tomat-marmande-maxi-solanum-lycopersicum-l\/#primaryimage\"},\"thumbnailUrl\":\"https:\/\/horticom.ee\/e-pood\/wp-content\/uploads\/importedmedia\/product-154674_0-LA1083.jpg\",\"datePublished\":\"2022-01-17T22:07:27+00:00\",\"dateModified\":\"2026-05-03T00:10:31+00:00\",\"description\":\"Tomat Marmande \u2013 varajane k\u00f5rgekasvuline sort, mahlased 150\u2013170g punased ja \u00f5hukese koorega viljad. Sobib kasvatamiseks avamaal ja kasvuhoones.\",\"breadcrumb\":{\"@id\":\"https:\/\/horticom.ee\/e-pood\/toode\/tomat-marmande-maxi-solanum-lycopersicum-l\/#breadcrumb\"},\"inLanguage\":\"ru-RU\",\"potentialAction\":[{\"@type\":\"ReadAction\",\"target\":[\"https:\/\/horticom.ee\/e-pood\/toode\/tomat-marmande-maxi-solanum-lycopersicum-l\/\"]}]},{\"@type\":\"ImageObject\",\"inLanguage\":\"ru-RU\",\"@id\":\"https:\/\/horticom.ee\/e-pood\/toode\/tomat-marmande-maxi-solanum-lycopersicum-l\/#primaryimage\",\"url\":\"https:\/\/horticom.ee\/e-pood\/wp-content\/uploads\/importedmedia\/product-154674_0-LA1083.jpg\",\"contentUrl\":\"https:\/\/horticom.ee\/e-pood\/wp-content\/uploads\/importedmedia\/product-154674_0-LA1083.jpg\",\"width\":1000,\"height\":1802,\"caption\":\"Tomat Marmande Maxi - Solanum lycopersicum L.\"},{\"@type\":\"BreadcrumbList\",\"@id\":\"https:\/\/horticom.ee\/e-pood\/toode\/tomat-marmande-maxi-solanum-lycopersicum-l\/#breadcrumb\",\"itemListElement\":[{\"@type\":\"ListItem\",\"position\":1,\"name\":\"Home\",\"item\":\"https:\/\/horticom.ee\/e-pood\/\"},{\"@type\":\"ListItem\",\"position\":2,\"name\":\"Pood\",\"item\":\"https:\/\/horticom.ee\/e-pood\/pood\/\"},{\"@type\":\"ListItem\",\"position\":3,\"name\":\"Tomat Marmande Maxi &#8211; Solanum lycopersicum L.\"}]},{\"@type\":\"WebSite\",\"@id\":\"https:\/\/horticom.ee\/e-pood\/#website\",\"url\":\"https:\/\/horticom.ee\/e-pood\/\",\"name\":\"Horticom.ee\",\"description\":\"Aianduskaubad ja kodukaubad nii harrastajatele kui professionaalidele\",\"potentialAction\":[{\"@type\":\"SearchAction\",\"target\":{\"@type\":\"EntryPoint\",\"urlTemplate\":\"https:\/\/horticom.ee\/e-pood\/?s={search_term_string}\"},\"query-input\":{\"@type\":\"PropertyValueSpecification\",\"valueRequired\":true,\"valueName\":\"search_term_string\"}}],\"inLanguage\":\"ru-RU\"}]}<\/script>\n<!-- \/ Yoast SEO plugin. -->","yoast_head_json":{"title":"Tomat Marmande Maxi - Solanum lycopersicum L. - Horticom","description":"Tomat Marmande \u2013 varajane k\u00f5rgekasvuline sort, mahlased 150\u2013170g punased ja \u00f5hukese koorega viljad. Sobib kasvatamiseks avamaal ja kasvuhoones.","robots":{"index":"index","follow":"follow","max-snippet":"max-snippet:-1","max-image-preview":"max-image-preview:large","max-video-preview":"max-video-preview:-1"},"canonical":"https:\/\/horticom.ee\/e-pood\/toode\/tomat-marmande-maxi-solanum-lycopersicum-l\/","og_locale":"ru_RU","og_type":"article","og_title":"Tomat Marmande Maxi - Solanum lycopersicum L. - Horticom","og_description":"Tomat Marmande \u2013 varajane k\u00f5rgekasvuline sort, mahlased 150\u2013170g punased ja \u00f5hukese koorega viljad. Sobib kasvatamiseks avamaal ja kasvuhoones.","og_url":"https:\/\/horticom.ee\/e-pood\/toode\/tomat-marmande-maxi-solanum-lycopersicum-l\/","og_site_name":"Horticom.ee","article_publisher":"https:\/\/www.facebook.com\/horticom.ee\/e-pood","article_modified_time":"2026-05-03T00:10:31+00:00","og_image":[{"width":1000,"height":1802,"url":"https:\/\/horticom.ee\/e-pood\/wp-content\/uploads\/importedmedia\/product-154674_0-LA1083.jpg","type":"image\/jpeg"}],"twitter_card":"summary_large_image","schema":{"@context":"https:\/\/schema.org","@graph":[{"@type":"WebPage","@id":"https:\/\/horticom.ee\/e-pood\/toode\/tomat-marmande-maxi-solanum-lycopersicum-l\/","url":"https:\/\/horticom.ee\/e-pood\/toode\/tomat-marmande-maxi-solanum-lycopersicum-l\/","name":"Tomat Marmande Maxi - Solanum lycopersicum L. - Horticom","isPartOf":{"@id":"https:\/\/horticom.ee\/e-pood\/#website"},"primaryImageOfPage":{"@id":"https:\/\/horticom.ee\/e-pood\/toode\/tomat-marmande-maxi-solanum-lycopersicum-l\/#primaryimage"},"image":{"@id":"https:\/\/horticom.ee\/e-pood\/toode\/tomat-marmande-maxi-solanum-lycopersicum-l\/#primaryimage"},"thumbnailUrl":"https:\/\/horticom.ee\/e-pood\/wp-content\/uploads\/importedmedia\/product-154674_0-LA1083.jpg","datePublished":"2022-01-17T22:07:27+00:00","dateModified":"2026-05-03T00:10:31+00:00","description":"Tomat Marmande \u2013 varajane k\u00f5rgekasvuline sort, mahlased 150\u2013170g punased ja \u00f5hukese koorega viljad. Sobib kasvatamiseks avamaal ja kasvuhoones.","breadcrumb":{"@id":"https:\/\/horticom.ee\/e-pood\/toode\/tomat-marmande-maxi-solanum-lycopersicum-l\/#breadcrumb"},"inLanguage":"ru-RU","potentialAction":[{"@type":"ReadAction","target":["https:\/\/horticom.ee\/e-pood\/toode\/tomat-marmande-maxi-solanum-lycopersicum-l\/"]}]},{"@type":"ImageObject","inLanguage":"ru-RU","@id":"https:\/\/horticom.ee\/e-pood\/toode\/tomat-marmande-maxi-solanum-lycopersicum-l\/#primaryimage","url":"https:\/\/horticom.ee\/e-pood\/wp-content\/uploads\/importedmedia\/product-154674_0-LA1083.jpg","contentUrl":"https:\/\/horticom.ee\/e-pood\/wp-content\/uploads\/importedmedia\/product-154674_0-LA1083.jpg","width":1000,"height":1802,"caption":"Tomat Marmande Maxi - Solanum lycopersicum L."},{"@type":"BreadcrumbList","@id":"https:\/\/horticom.ee\/e-pood\/toode\/tomat-marmande-maxi-solanum-lycopersicum-l\/#breadcrumb","itemListElement":[{"@type":"ListItem","position":1,"name":"Home","item":"https:\/\/horticom.ee\/e-pood\/"},{"@type":"ListItem","position":2,"name":"Pood","item":"https:\/\/horticom.ee\/e-pood\/pood\/"},{"@type":"ListItem","position":3,"name":"Tomat Marmande Maxi &#8211; Solanum lycopersicum L."}]},{"@type":"WebSite","@id":"https:\/\/horticom.ee\/e-pood\/#website","url":"https:\/\/horticom.ee\/e-pood\/","name":"Horticom.ee","description":"Aianduskaubad ja kodukaubad nii harrastajatele kui professionaalidele","potentialAction":[{"@type":"SearchAction","target":{"@type":"EntryPoint","urlTemplate":"https:\/\/horticom.ee\/e-pood\/?s={search_term_string}"},"query-input":{"@type":"PropertyValueSpecification","valueRequired":true,"valueName":"search_term_string"}}],"inLanguage":"ru-RU"}]}},"_links":{"self":[{"href":"https:\/\/horticom.ee\/e-pood\/ru\/wp-json\/wp\/v2\/product\/154674","targetHints":{"allow":["GET"]}}],"collection":[{"href":"https:\/\/horticom.ee\/e-pood\/ru\/wp-json\/wp\/v2\/product"}],"about":[{"href":"https:\/\/horticom.ee\/e-pood\/ru\/wp-json\/wp\/v2\/types\/product"}],"replies":[{"embeddable":true,"href":"https:\/\/horticom.ee\/e-pood\/ru\/wp-json\/wp\/v2\/comments?post=154674"}],"wp:featuredmedia":[{"embeddable":true,"href":"https:\/\/horticom.ee\/e-pood\/ru\/wp-json\/wp\/v2\/media\/163936"}],"wp:attachment":[{"href":"https:\/\/horticom.ee\/e-pood\/ru\/wp-json\/wp\/v2\/media?parent=154674"}],"wp:term":[{"taxonomy":"product_cat","embeddable":true,"href":"https:\/\/horticom.ee\/e-pood\/ru\/wp-json\/wp\/v2\/product_cat?post=154674"},{"taxonomy":"product_tag","embeddable":true,"href":"https:\/\/horticom.ee\/e-pood\/ru\/wp-json\/wp\/v2\/product_tag?post=154674"}],"curies":[{"name":"wp","href":"https:\/\/api.w.org\/{rel}","templated":true}]}}