{"id":154742,"date":"2022-01-18T00:08:05","date_gmt":"2022-01-17T22:08:05","guid":{"rendered":"https:\/\/aednik24.ee\/toode\/rand-kivikilbik-snowcloth-mini-lobuliaria-maritima-l-desv\/"},"modified":"2026-04-19T03:11:51","modified_gmt":"2026-04-19T00:11:51","slug":"rand-kivikilbik-snowcloth-mini-lobuliaria-maritima-l-desv","status":"publish","type":"product","link":"https:\/\/horticom.ee\/e-pood\/ru\/toode\/rand-kivikilbik-snowcloth-mini-lobuliaria-maritima-l-desv\/","title":{"rendered":"Rand-kivikilbik Snowcloth mini &#8211; Lobuliaria maritima (L.) Desv."},"content":{"rendered":"<p>Rand-kivikilbik Snowcloth on \u00fcheaastane, 12cm k\u00f5rgune vaiptaim. 1g umbes 2500 seemet. Kasvatatakse haljasaladel, lillepeenardes, haudadel, r\u00f5dudel. On meerikas taim. \u00d5ied on v\u00e4ikesed, meeldiva l\u00f5hnaga. Kasvab ja \u00f5itseb h\u00e4sti p\u00e4ikesepaistelistes kohtades ja osaliselt varjus, kerges pinnases. K\u00fclmakindel.<\/p>\n","protected":false},"excerpt":{"rendered":"<p>Rand-kivikilbik Snowcloth on \u00fcheaastane, 12cm k\u00f5rgune vaiptaim. 1g umbes 2500 seemet. Kasvatatakse haljasaladel, lillepeenardes, haudadel, r\u00f5dudel. On meerikas taim. \u00d5ied on v\u00e4ikesed, meeldiva l\u00f5hnaga. Kasvab ja \u00f5itseb h\u00e4sti p\u00e4ikesepaistelistes kohtades ja osaliselt varjus, kerges pinnases. K\u00fclmakindel.<\/p>\n","protected":false},"featured_media":163004,"comment_status":"closed","ping_status":"closed","template":"","meta":{"_themeisle_gutenberg_block_has_review":false},"product_cat":[13527],"product_tag":[],"class_list":{"0":"post-154742","1":"product","2":"type-product","3":"status-publish","4":"has-post-thumbnail","6":"product_cat-kivikilbik-pasmaslill-keskpaevalill-portulak","8":"first","9":"instock","10":"shipping-taxable","11":"purchasable","12":"product-type-simple"},"yoast_head":"<!-- This site is optimized with the Yoast SEO plugin v24.0 - https:\/\/yoast.com\/wordpress\/plugins\/seo\/ -->\n<title>Rand-kivikilbik Snowcloth mini<\/title>\n<meta name=\"description\" content=\"Rand-kivikilbik Snowcloth, l\u00f5hnav vaiptaim, sobib lillepeenardesse ja r\u00f5dudele, k\u00fclmakindel.\" \/>\n<meta name=\"robots\" content=\"index, follow, max-snippet:-1, max-image-preview:large, max-video-preview:-1\" \/>\n<link rel=\"canonical\" href=\"https:\/\/horticom.ee\/e-pood\/toode\/rand-kivikilbik-snowcloth-mini-lobuliaria-maritima-l-desv\/\" \/>\n<meta property=\"og:locale\" content=\"ru_RU\" \/>\n<meta property=\"og:type\" content=\"article\" \/>\n<meta property=\"og:title\" content=\"Rand-kivikilbik Snowcloth mini\" \/>\n<meta property=\"og:description\" content=\"Rand-kivikilbik Snowcloth, l\u00f5hnav vaiptaim, sobib lillepeenardesse ja r\u00f5dudele, k\u00fclmakindel.\" \/>\n<meta property=\"og:url\" content=\"https:\/\/horticom.ee\/e-pood\/toode\/rand-kivikilbik-snowcloth-mini-lobuliaria-maritima-l-desv\/\" \/>\n<meta property=\"og:site_name\" content=\"Horticom.ee\" \/>\n<meta property=\"article:publisher\" content=\"https:\/\/www.facebook.com\/horticom.ee\/e-pood\" \/>\n<meta property=\"article:modified_time\" content=\"2026-04-19T00:11:51+00:00\" \/>\n<meta property=\"og:image\" content=\"https:\/\/horticom.ee\/e-pood\/wp-content\/uploads\/importedmedia\/product-154742_0-LB2025.jpg\" \/>\n\t<meta property=\"og:image:width\" content=\"1000\" \/>\n\t<meta property=\"og:image:height\" content=\"1755\" \/>\n\t<meta property=\"og:image:type\" content=\"image\/jpeg\" \/>\n<meta name=\"twitter:card\" content=\"summary_large_image\" \/>\n<script type=\"application\/ld+json\" class=\"yoast-schema-graph\">{\"@context\":\"https:\/\/schema.org\",\"@graph\":[{\"@type\":\"WebPage\",\"@id\":\"https:\/\/horticom.ee\/e-pood\/toode\/rand-kivikilbik-snowcloth-mini-lobuliaria-maritima-l-desv\/\",\"url\":\"https:\/\/horticom.ee\/e-pood\/toode\/rand-kivikilbik-snowcloth-mini-lobuliaria-maritima-l-desv\/\",\"name\":\"Rand-kivikilbik Snowcloth mini\",\"isPartOf\":{\"@id\":\"https:\/\/horticom.ee\/e-pood\/#website\"},\"primaryImageOfPage\":{\"@id\":\"https:\/\/horticom.ee\/e-pood\/toode\/rand-kivikilbik-snowcloth-mini-lobuliaria-maritima-l-desv\/#primaryimage\"},\"image\":{\"@id\":\"https:\/\/horticom.ee\/e-pood\/toode\/rand-kivikilbik-snowcloth-mini-lobuliaria-maritima-l-desv\/#primaryimage\"},\"thumbnailUrl\":\"https:\/\/horticom.ee\/e-pood\/wp-content\/uploads\/importedmedia\/product-154742_0-LB2025.jpg\",\"datePublished\":\"2022-01-17T22:08:05+00:00\",\"dateModified\":\"2026-04-19T00:11:51+00:00\",\"description\":\"Rand-kivikilbik Snowcloth, l\u00f5hnav vaiptaim, sobib lillepeenardesse ja r\u00f5dudele, k\u00fclmakindel.\",\"breadcrumb\":{\"@id\":\"https:\/\/horticom.ee\/e-pood\/toode\/rand-kivikilbik-snowcloth-mini-lobuliaria-maritima-l-desv\/#breadcrumb\"},\"inLanguage\":\"ru-RU\",\"potentialAction\":[{\"@type\":\"ReadAction\",\"target\":[\"https:\/\/horticom.ee\/e-pood\/toode\/rand-kivikilbik-snowcloth-mini-lobuliaria-maritima-l-desv\/\"]}]},{\"@type\":\"ImageObject\",\"inLanguage\":\"ru-RU\",\"@id\":\"https:\/\/horticom.ee\/e-pood\/toode\/rand-kivikilbik-snowcloth-mini-lobuliaria-maritima-l-desv\/#primaryimage\",\"url\":\"https:\/\/horticom.ee\/e-pood\/wp-content\/uploads\/importedmedia\/product-154742_0-LB2025.jpg\",\"contentUrl\":\"https:\/\/horticom.ee\/e-pood\/wp-content\/uploads\/importedmedia\/product-154742_0-LB2025.jpg\",\"width\":1000,\"height\":1755,\"caption\":\"Rand-kivikilbik Snowcloth mini - Lobuliaria maritima (L.) Desv.\"},{\"@type\":\"BreadcrumbList\",\"@id\":\"https:\/\/horticom.ee\/e-pood\/toode\/rand-kivikilbik-snowcloth-mini-lobuliaria-maritima-l-desv\/#breadcrumb\",\"itemListElement\":[{\"@type\":\"ListItem\",\"position\":1,\"name\":\"Home\",\"item\":\"https:\/\/horticom.ee\/e-pood\/\"},{\"@type\":\"ListItem\",\"position\":2,\"name\":\"Pood\",\"item\":\"https:\/\/horticom.ee\/e-pood\/pood\/\"},{\"@type\":\"ListItem\",\"position\":3,\"name\":\"Rand-kivikilbik Snowcloth mini &#8211; Lobuliaria maritima (L.) Desv.\"}]},{\"@type\":\"WebSite\",\"@id\":\"https:\/\/horticom.ee\/e-pood\/#website\",\"url\":\"https:\/\/horticom.ee\/e-pood\/\",\"name\":\"Horticom.ee\",\"description\":\"Aianduskaubad ja kodukaubad nii harrastajatele kui professionaalidele\",\"potentialAction\":[{\"@type\":\"SearchAction\",\"target\":{\"@type\":\"EntryPoint\",\"urlTemplate\":\"https:\/\/horticom.ee\/e-pood\/?s={search_term_string}\"},\"query-input\":{\"@type\":\"PropertyValueSpecification\",\"valueRequired\":true,\"valueName\":\"search_term_string\"}}],\"inLanguage\":\"ru-RU\"}]}<\/script>\n<!-- \/ Yoast SEO plugin. -->","yoast_head_json":{"title":"Rand-kivikilbik Snowcloth mini","description":"Rand-kivikilbik Snowcloth, l\u00f5hnav vaiptaim, sobib lillepeenardesse ja r\u00f5dudele, k\u00fclmakindel.","robots":{"index":"index","follow":"follow","max-snippet":"max-snippet:-1","max-image-preview":"max-image-preview:large","max-video-preview":"max-video-preview:-1"},"canonical":"https:\/\/horticom.ee\/e-pood\/toode\/rand-kivikilbik-snowcloth-mini-lobuliaria-maritima-l-desv\/","og_locale":"ru_RU","og_type":"article","og_title":"Rand-kivikilbik Snowcloth mini","og_description":"Rand-kivikilbik Snowcloth, l\u00f5hnav vaiptaim, sobib lillepeenardesse ja r\u00f5dudele, k\u00fclmakindel.","og_url":"https:\/\/horticom.ee\/e-pood\/toode\/rand-kivikilbik-snowcloth-mini-lobuliaria-maritima-l-desv\/","og_site_name":"Horticom.ee","article_publisher":"https:\/\/www.facebook.com\/horticom.ee\/e-pood","article_modified_time":"2026-04-19T00:11:51+00:00","og_image":[{"width":1000,"height":1755,"url":"https:\/\/horticom.ee\/e-pood\/wp-content\/uploads\/importedmedia\/product-154742_0-LB2025.jpg","type":"image\/jpeg"}],"twitter_card":"summary_large_image","schema":{"@context":"https:\/\/schema.org","@graph":[{"@type":"WebPage","@id":"https:\/\/horticom.ee\/e-pood\/toode\/rand-kivikilbik-snowcloth-mini-lobuliaria-maritima-l-desv\/","url":"https:\/\/horticom.ee\/e-pood\/toode\/rand-kivikilbik-snowcloth-mini-lobuliaria-maritima-l-desv\/","name":"Rand-kivikilbik Snowcloth mini","isPartOf":{"@id":"https:\/\/horticom.ee\/e-pood\/#website"},"primaryImageOfPage":{"@id":"https:\/\/horticom.ee\/e-pood\/toode\/rand-kivikilbik-snowcloth-mini-lobuliaria-maritima-l-desv\/#primaryimage"},"image":{"@id":"https:\/\/horticom.ee\/e-pood\/toode\/rand-kivikilbik-snowcloth-mini-lobuliaria-maritima-l-desv\/#primaryimage"},"thumbnailUrl":"https:\/\/horticom.ee\/e-pood\/wp-content\/uploads\/importedmedia\/product-154742_0-LB2025.jpg","datePublished":"2022-01-17T22:08:05+00:00","dateModified":"2026-04-19T00:11:51+00:00","description":"Rand-kivikilbik Snowcloth, l\u00f5hnav vaiptaim, sobib lillepeenardesse ja r\u00f5dudele, k\u00fclmakindel.","breadcrumb":{"@id":"https:\/\/horticom.ee\/e-pood\/toode\/rand-kivikilbik-snowcloth-mini-lobuliaria-maritima-l-desv\/#breadcrumb"},"inLanguage":"ru-RU","potentialAction":[{"@type":"ReadAction","target":["https:\/\/horticom.ee\/e-pood\/toode\/rand-kivikilbik-snowcloth-mini-lobuliaria-maritima-l-desv\/"]}]},{"@type":"ImageObject","inLanguage":"ru-RU","@id":"https:\/\/horticom.ee\/e-pood\/toode\/rand-kivikilbik-snowcloth-mini-lobuliaria-maritima-l-desv\/#primaryimage","url":"https:\/\/horticom.ee\/e-pood\/wp-content\/uploads\/importedmedia\/product-154742_0-LB2025.jpg","contentUrl":"https:\/\/horticom.ee\/e-pood\/wp-content\/uploads\/importedmedia\/product-154742_0-LB2025.jpg","width":1000,"height":1755,"caption":"Rand-kivikilbik Snowcloth mini - Lobuliaria maritima (L.) Desv."},{"@type":"BreadcrumbList","@id":"https:\/\/horticom.ee\/e-pood\/toode\/rand-kivikilbik-snowcloth-mini-lobuliaria-maritima-l-desv\/#breadcrumb","itemListElement":[{"@type":"ListItem","position":1,"name":"Home","item":"https:\/\/horticom.ee\/e-pood\/"},{"@type":"ListItem","position":2,"name":"Pood","item":"https:\/\/horticom.ee\/e-pood\/pood\/"},{"@type":"ListItem","position":3,"name":"Rand-kivikilbik Snowcloth mini &#8211; Lobuliaria maritima (L.) Desv."}]},{"@type":"WebSite","@id":"https:\/\/horticom.ee\/e-pood\/#website","url":"https:\/\/horticom.ee\/e-pood\/","name":"Horticom.ee","description":"Aianduskaubad ja kodukaubad nii harrastajatele kui professionaalidele","potentialAction":[{"@type":"SearchAction","target":{"@type":"EntryPoint","urlTemplate":"https:\/\/horticom.ee\/e-pood\/?s={search_term_string}"},"query-input":{"@type":"PropertyValueSpecification","valueRequired":true,"valueName":"search_term_string"}}],"inLanguage":"ru-RU"}]}},"_links":{"self":[{"href":"https:\/\/horticom.ee\/e-pood\/ru\/wp-json\/wp\/v2\/product\/154742","targetHints":{"allow":["GET"]}}],"collection":[{"href":"https:\/\/horticom.ee\/e-pood\/ru\/wp-json\/wp\/v2\/product"}],"about":[{"href":"https:\/\/horticom.ee\/e-pood\/ru\/wp-json\/wp\/v2\/types\/product"}],"replies":[{"embeddable":true,"href":"https:\/\/horticom.ee\/e-pood\/ru\/wp-json\/wp\/v2\/comments?post=154742"}],"wp:featuredmedia":[{"embeddable":true,"href":"https:\/\/horticom.ee\/e-pood\/ru\/wp-json\/wp\/v2\/media\/163004"}],"wp:attachment":[{"href":"https:\/\/horticom.ee\/e-pood\/ru\/wp-json\/wp\/v2\/media?parent=154742"}],"wp:term":[{"taxonomy":"product_cat","embeddable":true,"href":"https:\/\/horticom.ee\/e-pood\/ru\/wp-json\/wp\/v2\/product_cat?post=154742"},{"taxonomy":"product_tag","embeddable":true,"href":"https:\/\/horticom.ee\/e-pood\/ru\/wp-json\/wp\/v2\/product_tag?post=154742"}],"curies":[{"name":"wp","href":"https:\/\/api.w.org\/{rel}","templated":true}]}}