{"id":154743,"date":"2022-01-18T00:08:05","date_gmt":"2022-01-17T22:08:05","guid":{"rendered":"https:\/\/aednik24.ee\/toode\/rukkilill-blue-ball-centaurea-cyanus-l-2\/"},"modified":"2026-05-03T03:10:41","modified_gmt":"2026-05-03T00:10:41","slug":"rukkilill-blue-ball-centaurea-cyanus-l-2","status":"publish","type":"product","link":"https:\/\/horticom.ee\/e-pood\/ru\/toode\/rukkilill-blue-ball-centaurea-cyanus-l-2\/","title":{"rendered":"Rukkilill Blue Ball &#8211; Centaurea cyanus L."},"content":{"rendered":"<p>Rukkilill Blue Ball on \u00fcheaastane, 70 cm k\u00f5rgune lill. T\u00e4idetud, erksad \u00f5ied, \u00f5itsevad kaua ja rikkalikult. Kergesti kasvatatav, sobib kimpude jaoks. Kasvatatakse iluaedades, etnograafilistes aedades. Pinnase suhtes mitten\u00f5udlik, kasvab h\u00e4sti vett ja \u00f5hku l\u00e4bilaskvas pinnases. 1g umbes 220 seemet.<\/p>\n","protected":false},"excerpt":{"rendered":"<p>Rukkilill Blue Ball on \u00fcheaastane, 70 cm k\u00f5rgune lill. T\u00e4idetud, erksad \u00f5ied, \u00f5itsevad kaua ja rikkalikult. Kergesti kasvatatav, sobib kimpude jaoks. Kasvatatakse iluaedades, etnograafilistes aedades. Pinnase suhtes mitten\u00f5udlik, kasvab h\u00e4sti vett ja \u00f5hku l\u00e4bilaskvas pinnases. 1g umbes 220 seemet.<\/p>\n","protected":false},"featured_media":163006,"comment_status":"closed","ping_status":"closed","template":"","meta":{"_themeisle_gutenberg_block_has_review":false},"product_cat":[13503],"product_tag":[],"class_list":{"0":"post-154743","1":"product","2":"type-product","3":"status-publish","4":"has-post-thumbnail","6":"product_cat-rukkilill","8":"first","9":"instock","10":"shipping-taxable","11":"purchasable","12":"product-type-simple"},"yoast_head":"<!-- This site is optimized with the Yoast SEO plugin v24.0 - https:\/\/yoast.com\/wordpress\/plugins\/seo\/ -->\n<title>Rukkilill Blue Ball - Centaurea cyanus L. - Horticom.ee<\/title>\n<meta name=\"description\" content=\"Rukkilill Blue Ball \u2013 \u00fcheaastane, kuni 70cm k\u00f5rge taim. Erksad t\u00e4idis\u00f5ied, \u00f5itseb rikkalikult juunist septembrini. Pinnase suhtes v\u00e4hen\u00f5udlik.\" \/>\n<meta name=\"robots\" content=\"index, follow, max-snippet:-1, max-image-preview:large, max-video-preview:-1\" \/>\n<link rel=\"canonical\" href=\"https:\/\/horticom.ee\/e-pood\/toode\/rukkilill-blue-ball-centaurea-cyanus-l-2\/\" \/>\n<meta property=\"og:locale\" content=\"ru_RU\" \/>\n<meta property=\"og:type\" content=\"article\" \/>\n<meta property=\"og:title\" content=\"Rukkilill Blue Ball - Centaurea cyanus L. - Horticom.ee\" \/>\n<meta property=\"og:description\" content=\"Rukkilill Blue Ball \u2013 \u00fcheaastane, kuni 70cm k\u00f5rge taim. Erksad t\u00e4idis\u00f5ied, \u00f5itseb rikkalikult juunist septembrini. Pinnase suhtes v\u00e4hen\u00f5udlik.\" \/>\n<meta property=\"og:url\" content=\"https:\/\/horticom.ee\/e-pood\/toode\/rukkilill-blue-ball-centaurea-cyanus-l-2\/\" \/>\n<meta property=\"og:site_name\" content=\"Horticom.ee\" \/>\n<meta property=\"article:publisher\" content=\"https:\/\/www.facebook.com\/horticom.ee\/e-pood\" \/>\n<meta property=\"article:modified_time\" content=\"2026-05-03T00:10:41+00:00\" \/>\n<meta property=\"og:image\" content=\"https:\/\/horticom.ee\/e-pood\/wp-content\/uploads\/importedmedia\/product-154743_0-LB2044.jpg\" \/>\n\t<meta property=\"og:image:width\" content=\"1000\" \/>\n\t<meta property=\"og:image:height\" content=\"1501\" \/>\n\t<meta property=\"og:image:type\" content=\"image\/jpeg\" \/>\n<meta name=\"twitter:card\" content=\"summary_large_image\" \/>\n<script type=\"application\/ld+json\" class=\"yoast-schema-graph\">{\"@context\":\"https:\/\/schema.org\",\"@graph\":[{\"@type\":\"WebPage\",\"@id\":\"https:\/\/horticom.ee\/e-pood\/toode\/rukkilill-blue-ball-centaurea-cyanus-l-2\/\",\"url\":\"https:\/\/horticom.ee\/e-pood\/toode\/rukkilill-blue-ball-centaurea-cyanus-l-2\/\",\"name\":\"Rukkilill Blue Ball - Centaurea cyanus L. - Horticom.ee\",\"isPartOf\":{\"@id\":\"https:\/\/horticom.ee\/e-pood\/#website\"},\"primaryImageOfPage\":{\"@id\":\"https:\/\/horticom.ee\/e-pood\/toode\/rukkilill-blue-ball-centaurea-cyanus-l-2\/#primaryimage\"},\"image\":{\"@id\":\"https:\/\/horticom.ee\/e-pood\/toode\/rukkilill-blue-ball-centaurea-cyanus-l-2\/#primaryimage\"},\"thumbnailUrl\":\"https:\/\/horticom.ee\/e-pood\/wp-content\/uploads\/importedmedia\/product-154743_0-LB2044.jpg\",\"datePublished\":\"2022-01-17T22:08:05+00:00\",\"dateModified\":\"2026-05-03T00:10:41+00:00\",\"description\":\"Rukkilill Blue Ball \u2013 \u00fcheaastane, kuni 70cm k\u00f5rge taim. Erksad t\u00e4idis\u00f5ied, \u00f5itseb rikkalikult juunist septembrini. Pinnase suhtes v\u00e4hen\u00f5udlik.\",\"breadcrumb\":{\"@id\":\"https:\/\/horticom.ee\/e-pood\/toode\/rukkilill-blue-ball-centaurea-cyanus-l-2\/#breadcrumb\"},\"inLanguage\":\"ru-RU\",\"potentialAction\":[{\"@type\":\"ReadAction\",\"target\":[\"https:\/\/horticom.ee\/e-pood\/toode\/rukkilill-blue-ball-centaurea-cyanus-l-2\/\"]}]},{\"@type\":\"ImageObject\",\"inLanguage\":\"ru-RU\",\"@id\":\"https:\/\/horticom.ee\/e-pood\/toode\/rukkilill-blue-ball-centaurea-cyanus-l-2\/#primaryimage\",\"url\":\"https:\/\/horticom.ee\/e-pood\/wp-content\/uploads\/importedmedia\/product-154743_0-LB2044.jpg\",\"contentUrl\":\"https:\/\/horticom.ee\/e-pood\/wp-content\/uploads\/importedmedia\/product-154743_0-LB2044.jpg\",\"width\":1000,\"height\":1501,\"caption\":\"Rukkilill Blue Ball - Centaurea cyanus L.\"},{\"@type\":\"BreadcrumbList\",\"@id\":\"https:\/\/horticom.ee\/e-pood\/toode\/rukkilill-blue-ball-centaurea-cyanus-l-2\/#breadcrumb\",\"itemListElement\":[{\"@type\":\"ListItem\",\"position\":1,\"name\":\"Home\",\"item\":\"https:\/\/horticom.ee\/e-pood\/\"},{\"@type\":\"ListItem\",\"position\":2,\"name\":\"Pood\",\"item\":\"https:\/\/horticom.ee\/e-pood\/pood\/\"},{\"@type\":\"ListItem\",\"position\":3,\"name\":\"Rukkilill Blue Ball &#8211; Centaurea cyanus L.\"}]},{\"@type\":\"WebSite\",\"@id\":\"https:\/\/horticom.ee\/e-pood\/#website\",\"url\":\"https:\/\/horticom.ee\/e-pood\/\",\"name\":\"Horticom.ee\",\"description\":\"Aianduskaubad ja kodukaubad nii harrastajatele kui professionaalidele\",\"potentialAction\":[{\"@type\":\"SearchAction\",\"target\":{\"@type\":\"EntryPoint\",\"urlTemplate\":\"https:\/\/horticom.ee\/e-pood\/?s={search_term_string}\"},\"query-input\":{\"@type\":\"PropertyValueSpecification\",\"valueRequired\":true,\"valueName\":\"search_term_string\"}}],\"inLanguage\":\"ru-RU\"}]}<\/script>\n<!-- \/ Yoast SEO plugin. -->","yoast_head_json":{"title":"Rukkilill Blue Ball - Centaurea cyanus L. - Horticom.ee","description":"Rukkilill Blue Ball \u2013 \u00fcheaastane, kuni 70cm k\u00f5rge taim. Erksad t\u00e4idis\u00f5ied, \u00f5itseb rikkalikult juunist septembrini. Pinnase suhtes v\u00e4hen\u00f5udlik.","robots":{"index":"index","follow":"follow","max-snippet":"max-snippet:-1","max-image-preview":"max-image-preview:large","max-video-preview":"max-video-preview:-1"},"canonical":"https:\/\/horticom.ee\/e-pood\/toode\/rukkilill-blue-ball-centaurea-cyanus-l-2\/","og_locale":"ru_RU","og_type":"article","og_title":"Rukkilill Blue Ball - Centaurea cyanus L. - Horticom.ee","og_description":"Rukkilill Blue Ball \u2013 \u00fcheaastane, kuni 70cm k\u00f5rge taim. Erksad t\u00e4idis\u00f5ied, \u00f5itseb rikkalikult juunist septembrini. Pinnase suhtes v\u00e4hen\u00f5udlik.","og_url":"https:\/\/horticom.ee\/e-pood\/toode\/rukkilill-blue-ball-centaurea-cyanus-l-2\/","og_site_name":"Horticom.ee","article_publisher":"https:\/\/www.facebook.com\/horticom.ee\/e-pood","article_modified_time":"2026-05-03T00:10:41+00:00","og_image":[{"width":1000,"height":1501,"url":"https:\/\/horticom.ee\/e-pood\/wp-content\/uploads\/importedmedia\/product-154743_0-LB2044.jpg","type":"image\/jpeg"}],"twitter_card":"summary_large_image","schema":{"@context":"https:\/\/schema.org","@graph":[{"@type":"WebPage","@id":"https:\/\/horticom.ee\/e-pood\/toode\/rukkilill-blue-ball-centaurea-cyanus-l-2\/","url":"https:\/\/horticom.ee\/e-pood\/toode\/rukkilill-blue-ball-centaurea-cyanus-l-2\/","name":"Rukkilill Blue Ball - Centaurea cyanus L. - Horticom.ee","isPartOf":{"@id":"https:\/\/horticom.ee\/e-pood\/#website"},"primaryImageOfPage":{"@id":"https:\/\/horticom.ee\/e-pood\/toode\/rukkilill-blue-ball-centaurea-cyanus-l-2\/#primaryimage"},"image":{"@id":"https:\/\/horticom.ee\/e-pood\/toode\/rukkilill-blue-ball-centaurea-cyanus-l-2\/#primaryimage"},"thumbnailUrl":"https:\/\/horticom.ee\/e-pood\/wp-content\/uploads\/importedmedia\/product-154743_0-LB2044.jpg","datePublished":"2022-01-17T22:08:05+00:00","dateModified":"2026-05-03T00:10:41+00:00","description":"Rukkilill Blue Ball \u2013 \u00fcheaastane, kuni 70cm k\u00f5rge taim. Erksad t\u00e4idis\u00f5ied, \u00f5itseb rikkalikult juunist septembrini. Pinnase suhtes v\u00e4hen\u00f5udlik.","breadcrumb":{"@id":"https:\/\/horticom.ee\/e-pood\/toode\/rukkilill-blue-ball-centaurea-cyanus-l-2\/#breadcrumb"},"inLanguage":"ru-RU","potentialAction":[{"@type":"ReadAction","target":["https:\/\/horticom.ee\/e-pood\/toode\/rukkilill-blue-ball-centaurea-cyanus-l-2\/"]}]},{"@type":"ImageObject","inLanguage":"ru-RU","@id":"https:\/\/horticom.ee\/e-pood\/toode\/rukkilill-blue-ball-centaurea-cyanus-l-2\/#primaryimage","url":"https:\/\/horticom.ee\/e-pood\/wp-content\/uploads\/importedmedia\/product-154743_0-LB2044.jpg","contentUrl":"https:\/\/horticom.ee\/e-pood\/wp-content\/uploads\/importedmedia\/product-154743_0-LB2044.jpg","width":1000,"height":1501,"caption":"Rukkilill Blue Ball - Centaurea cyanus L."},{"@type":"BreadcrumbList","@id":"https:\/\/horticom.ee\/e-pood\/toode\/rukkilill-blue-ball-centaurea-cyanus-l-2\/#breadcrumb","itemListElement":[{"@type":"ListItem","position":1,"name":"Home","item":"https:\/\/horticom.ee\/e-pood\/"},{"@type":"ListItem","position":2,"name":"Pood","item":"https:\/\/horticom.ee\/e-pood\/pood\/"},{"@type":"ListItem","position":3,"name":"Rukkilill Blue Ball &#8211; Centaurea cyanus L."}]},{"@type":"WebSite","@id":"https:\/\/horticom.ee\/e-pood\/#website","url":"https:\/\/horticom.ee\/e-pood\/","name":"Horticom.ee","description":"Aianduskaubad ja kodukaubad nii harrastajatele kui professionaalidele","potentialAction":[{"@type":"SearchAction","target":{"@type":"EntryPoint","urlTemplate":"https:\/\/horticom.ee\/e-pood\/?s={search_term_string}"},"query-input":{"@type":"PropertyValueSpecification","valueRequired":true,"valueName":"search_term_string"}}],"inLanguage":"ru-RU"}]}},"_links":{"self":[{"href":"https:\/\/horticom.ee\/e-pood\/ru\/wp-json\/wp\/v2\/product\/154743","targetHints":{"allow":["GET"]}}],"collection":[{"href":"https:\/\/horticom.ee\/e-pood\/ru\/wp-json\/wp\/v2\/product"}],"about":[{"href":"https:\/\/horticom.ee\/e-pood\/ru\/wp-json\/wp\/v2\/types\/product"}],"replies":[{"embeddable":true,"href":"https:\/\/horticom.ee\/e-pood\/ru\/wp-json\/wp\/v2\/comments?post=154743"}],"wp:featuredmedia":[{"embeddable":true,"href":"https:\/\/horticom.ee\/e-pood\/ru\/wp-json\/wp\/v2\/media\/163006"}],"wp:attachment":[{"href":"https:\/\/horticom.ee\/e-pood\/ru\/wp-json\/wp\/v2\/media?parent=154743"}],"wp:term":[{"taxonomy":"product_cat","embeddable":true,"href":"https:\/\/horticom.ee\/e-pood\/ru\/wp-json\/wp\/v2\/product_cat?post=154743"},{"taxonomy":"product_tag","embeddable":true,"href":"https:\/\/horticom.ee\/e-pood\/ru\/wp-json\/wp\/v2\/product_tag?post=154743"}],"curies":[{"name":"wp","href":"https:\/\/api.w.org\/{rel}","templated":true}]}}