{"id":154755,"date":"2022-01-18T00:08:12","date_gmt":"2022-01-17T22:08:12","guid":{"rendered":"https:\/\/aednik24.ee\/toode\/harilik-paevalill-henry-wilde-helianthus-annuus-l\/"},"modified":"2026-05-08T03:07:58","modified_gmt":"2026-05-08T00:07:58","slug":"harilik-paevalill-henry-wilde-helianthus-annuus-l","status":"publish","type":"product","link":"https:\/\/horticom.ee\/e-pood\/ru\/toode\/harilik-paevalill-henry-wilde-helianthus-annuus-l\/","title":{"rendered":"Harilik p\u00e4evalill Henry Wilde &#8211; Helianthus annuus L."},"content":{"rendered":"<p>Harilik p\u00e4evalill Henry Wilde on \u00fcheaastane taim, \u00fcks k\u00f5rgematest lilledest. Selle sordi p\u00e4evalill kasvab kuni 200cm k\u00f5rguseks. 1g \u2013 umbes 17 seemet. Sobib taluaedade haljastamiseks, oluline on mitte unustada, et see on tagaplaani taim. Kasvab h\u00e4sti viljakas, niiskes, tuule eest kaitstud pinnases. Ei ole vastupidav k\u00fclmale.<\/p>\n","protected":false},"excerpt":{"rendered":"<p>Harilik p\u00e4evalill Henry Wilde on \u00fcheaastane taim, \u00fcks k\u00f5rgematest lilledest. Selle sordi p\u00e4evalill kasvab kuni 200cm k\u00f5rguseks. 1g \u2013 umbes 17 seemet. Sobib taluaedade haljastamiseks, oluline on mitte unustada, et see on tagaplaani taim. Kasvab h\u00e4sti viljakas, niiskes, tuule eest kaitstud pinnases. Ei ole vastupidav k\u00fclmale.<\/p>\n","protected":false},"featured_media":162280,"comment_status":"closed","ping_status":"closed","template":"","meta":{"_themeisle_gutenberg_block_has_review":false},"product_cat":[13507],"product_tag":[],"class_list":{"0":"post-154755","1":"product","2":"type-product","3":"status-publish","4":"has-post-thumbnail","6":"product_cat-paevalill","8":"first","9":"instock","10":"shipping-taxable","11":"purchasable","12":"product-type-simple"},"yoast_head":"<!-- This site is optimized with the Yoast SEO plugin v24.0 - https:\/\/yoast.com\/wordpress\/plugins\/seo\/ -->\n<title>Harilik p\u00e4evalill Henry Wilde - Helianthus annuus L.<\/title>\n<meta name=\"description\" content=\"Harilik p\u00e4evalill Henry Wilde \u2013 \u00fcheaastane, kuni 200 cm k\u00f5rge taim. Sobib tagaplaanitaimeks taluaedades. Vajab viljakat, niisket pinnast.\" \/>\n<meta name=\"robots\" content=\"index, follow, max-snippet:-1, max-image-preview:large, max-video-preview:-1\" \/>\n<link rel=\"canonical\" href=\"https:\/\/horticom.ee\/e-pood\/toode\/harilik-paevalill-henry-wilde-helianthus-annuus-l\/\" \/>\n<meta property=\"og:locale\" content=\"ru_RU\" \/>\n<meta property=\"og:type\" content=\"article\" \/>\n<meta property=\"og:title\" content=\"Harilik p\u00e4evalill Henry Wilde - Helianthus annuus L.\" \/>\n<meta property=\"og:description\" content=\"Harilik p\u00e4evalill Henry Wilde \u2013 \u00fcheaastane, kuni 200 cm k\u00f5rge taim. Sobib tagaplaanitaimeks taluaedades. Vajab viljakat, niisket pinnast.\" \/>\n<meta property=\"og:url\" content=\"https:\/\/horticom.ee\/e-pood\/toode\/harilik-paevalill-henry-wilde-helianthus-annuus-l\/\" \/>\n<meta property=\"og:site_name\" content=\"Horticom.ee\" \/>\n<meta property=\"article:publisher\" content=\"https:\/\/www.facebook.com\/horticom.ee\/e-pood\" \/>\n<meta property=\"article:modified_time\" content=\"2026-05-08T00:07:58+00:00\" \/>\n<meta property=\"og:image\" content=\"https:\/\/horticom.ee\/e-pood\/wp-content\/uploads\/importedmedia\/product-154755_0-LB2050.jpg\" \/>\n\t<meta property=\"og:image:width\" content=\"1000\" \/>\n\t<meta property=\"og:image:height\" content=\"1755\" \/>\n\t<meta property=\"og:image:type\" content=\"image\/jpeg\" \/>\n<meta name=\"twitter:card\" content=\"summary_large_image\" \/>\n<script type=\"application\/ld+json\" class=\"yoast-schema-graph\">{\"@context\":\"https:\/\/schema.org\",\"@graph\":[{\"@type\":\"WebPage\",\"@id\":\"https:\/\/horticom.ee\/e-pood\/toode\/harilik-paevalill-henry-wilde-helianthus-annuus-l\/\",\"url\":\"https:\/\/horticom.ee\/e-pood\/toode\/harilik-paevalill-henry-wilde-helianthus-annuus-l\/\",\"name\":\"Harilik p\u00e4evalill Henry Wilde - Helianthus annuus L.\",\"isPartOf\":{\"@id\":\"https:\/\/horticom.ee\/e-pood\/#website\"},\"primaryImageOfPage\":{\"@id\":\"https:\/\/horticom.ee\/e-pood\/toode\/harilik-paevalill-henry-wilde-helianthus-annuus-l\/#primaryimage\"},\"image\":{\"@id\":\"https:\/\/horticom.ee\/e-pood\/toode\/harilik-paevalill-henry-wilde-helianthus-annuus-l\/#primaryimage\"},\"thumbnailUrl\":\"https:\/\/horticom.ee\/e-pood\/wp-content\/uploads\/importedmedia\/product-154755_0-LB2050.jpg\",\"datePublished\":\"2022-01-17T22:08:12+00:00\",\"dateModified\":\"2026-05-08T00:07:58+00:00\",\"description\":\"Harilik p\u00e4evalill Henry Wilde \u2013 \u00fcheaastane, kuni 200 cm k\u00f5rge taim. Sobib tagaplaanitaimeks taluaedades. Vajab viljakat, niisket pinnast.\",\"breadcrumb\":{\"@id\":\"https:\/\/horticom.ee\/e-pood\/toode\/harilik-paevalill-henry-wilde-helianthus-annuus-l\/#breadcrumb\"},\"inLanguage\":\"ru-RU\",\"potentialAction\":[{\"@type\":\"ReadAction\",\"target\":[\"https:\/\/horticom.ee\/e-pood\/toode\/harilik-paevalill-henry-wilde-helianthus-annuus-l\/\"]}]},{\"@type\":\"ImageObject\",\"inLanguage\":\"ru-RU\",\"@id\":\"https:\/\/horticom.ee\/e-pood\/toode\/harilik-paevalill-henry-wilde-helianthus-annuus-l\/#primaryimage\",\"url\":\"https:\/\/horticom.ee\/e-pood\/wp-content\/uploads\/importedmedia\/product-154755_0-LB2050.jpg\",\"contentUrl\":\"https:\/\/horticom.ee\/e-pood\/wp-content\/uploads\/importedmedia\/product-154755_0-LB2050.jpg\",\"width\":1000,\"height\":1755,\"caption\":\"Harilik p\u00e4evalill Henry Wilde - Helianthus annuus L.\"},{\"@type\":\"BreadcrumbList\",\"@id\":\"https:\/\/horticom.ee\/e-pood\/toode\/harilik-paevalill-henry-wilde-helianthus-annuus-l\/#breadcrumb\",\"itemListElement\":[{\"@type\":\"ListItem\",\"position\":1,\"name\":\"Home\",\"item\":\"https:\/\/horticom.ee\/e-pood\/\"},{\"@type\":\"ListItem\",\"position\":2,\"name\":\"Pood\",\"item\":\"https:\/\/horticom.ee\/e-pood\/pood\/\"},{\"@type\":\"ListItem\",\"position\":3,\"name\":\"Harilik p\u00e4evalill Henry Wilde &#8211; Helianthus annuus L.\"}]},{\"@type\":\"WebSite\",\"@id\":\"https:\/\/horticom.ee\/e-pood\/#website\",\"url\":\"https:\/\/horticom.ee\/e-pood\/\",\"name\":\"Horticom.ee\",\"description\":\"Aianduskaubad ja kodukaubad nii harrastajatele kui professionaalidele\",\"potentialAction\":[{\"@type\":\"SearchAction\",\"target\":{\"@type\":\"EntryPoint\",\"urlTemplate\":\"https:\/\/horticom.ee\/e-pood\/?s={search_term_string}\"},\"query-input\":{\"@type\":\"PropertyValueSpecification\",\"valueRequired\":true,\"valueName\":\"search_term_string\"}}],\"inLanguage\":\"ru-RU\"}]}<\/script>\n<!-- \/ Yoast SEO plugin. -->","yoast_head_json":{"title":"Harilik p\u00e4evalill Henry Wilde - Helianthus annuus L.","description":"Harilik p\u00e4evalill Henry Wilde \u2013 \u00fcheaastane, kuni 200 cm k\u00f5rge taim. Sobib tagaplaanitaimeks taluaedades. Vajab viljakat, niisket pinnast.","robots":{"index":"index","follow":"follow","max-snippet":"max-snippet:-1","max-image-preview":"max-image-preview:large","max-video-preview":"max-video-preview:-1"},"canonical":"https:\/\/horticom.ee\/e-pood\/toode\/harilik-paevalill-henry-wilde-helianthus-annuus-l\/","og_locale":"ru_RU","og_type":"article","og_title":"Harilik p\u00e4evalill Henry Wilde - Helianthus annuus L.","og_description":"Harilik p\u00e4evalill Henry Wilde \u2013 \u00fcheaastane, kuni 200 cm k\u00f5rge taim. Sobib tagaplaanitaimeks taluaedades. Vajab viljakat, niisket pinnast.","og_url":"https:\/\/horticom.ee\/e-pood\/toode\/harilik-paevalill-henry-wilde-helianthus-annuus-l\/","og_site_name":"Horticom.ee","article_publisher":"https:\/\/www.facebook.com\/horticom.ee\/e-pood","article_modified_time":"2026-05-08T00:07:58+00:00","og_image":[{"width":1000,"height":1755,"url":"https:\/\/horticom.ee\/e-pood\/wp-content\/uploads\/importedmedia\/product-154755_0-LB2050.jpg","type":"image\/jpeg"}],"twitter_card":"summary_large_image","schema":{"@context":"https:\/\/schema.org","@graph":[{"@type":"WebPage","@id":"https:\/\/horticom.ee\/e-pood\/toode\/harilik-paevalill-henry-wilde-helianthus-annuus-l\/","url":"https:\/\/horticom.ee\/e-pood\/toode\/harilik-paevalill-henry-wilde-helianthus-annuus-l\/","name":"Harilik p\u00e4evalill Henry Wilde - Helianthus annuus L.","isPartOf":{"@id":"https:\/\/horticom.ee\/e-pood\/#website"},"primaryImageOfPage":{"@id":"https:\/\/horticom.ee\/e-pood\/toode\/harilik-paevalill-henry-wilde-helianthus-annuus-l\/#primaryimage"},"image":{"@id":"https:\/\/horticom.ee\/e-pood\/toode\/harilik-paevalill-henry-wilde-helianthus-annuus-l\/#primaryimage"},"thumbnailUrl":"https:\/\/horticom.ee\/e-pood\/wp-content\/uploads\/importedmedia\/product-154755_0-LB2050.jpg","datePublished":"2022-01-17T22:08:12+00:00","dateModified":"2026-05-08T00:07:58+00:00","description":"Harilik p\u00e4evalill Henry Wilde \u2013 \u00fcheaastane, kuni 200 cm k\u00f5rge taim. Sobib tagaplaanitaimeks taluaedades. Vajab viljakat, niisket pinnast.","breadcrumb":{"@id":"https:\/\/horticom.ee\/e-pood\/toode\/harilik-paevalill-henry-wilde-helianthus-annuus-l\/#breadcrumb"},"inLanguage":"ru-RU","potentialAction":[{"@type":"ReadAction","target":["https:\/\/horticom.ee\/e-pood\/toode\/harilik-paevalill-henry-wilde-helianthus-annuus-l\/"]}]},{"@type":"ImageObject","inLanguage":"ru-RU","@id":"https:\/\/horticom.ee\/e-pood\/toode\/harilik-paevalill-henry-wilde-helianthus-annuus-l\/#primaryimage","url":"https:\/\/horticom.ee\/e-pood\/wp-content\/uploads\/importedmedia\/product-154755_0-LB2050.jpg","contentUrl":"https:\/\/horticom.ee\/e-pood\/wp-content\/uploads\/importedmedia\/product-154755_0-LB2050.jpg","width":1000,"height":1755,"caption":"Harilik p\u00e4evalill Henry Wilde - Helianthus annuus L."},{"@type":"BreadcrumbList","@id":"https:\/\/horticom.ee\/e-pood\/toode\/harilik-paevalill-henry-wilde-helianthus-annuus-l\/#breadcrumb","itemListElement":[{"@type":"ListItem","position":1,"name":"Home","item":"https:\/\/horticom.ee\/e-pood\/"},{"@type":"ListItem","position":2,"name":"Pood","item":"https:\/\/horticom.ee\/e-pood\/pood\/"},{"@type":"ListItem","position":3,"name":"Harilik p\u00e4evalill Henry Wilde &#8211; Helianthus annuus L."}]},{"@type":"WebSite","@id":"https:\/\/horticom.ee\/e-pood\/#website","url":"https:\/\/horticom.ee\/e-pood\/","name":"Horticom.ee","description":"Aianduskaubad ja kodukaubad nii harrastajatele kui professionaalidele","potentialAction":[{"@type":"SearchAction","target":{"@type":"EntryPoint","urlTemplate":"https:\/\/horticom.ee\/e-pood\/?s={search_term_string}"},"query-input":{"@type":"PropertyValueSpecification","valueRequired":true,"valueName":"search_term_string"}}],"inLanguage":"ru-RU"}]}},"_links":{"self":[{"href":"https:\/\/horticom.ee\/e-pood\/ru\/wp-json\/wp\/v2\/product\/154755","targetHints":{"allow":["GET"]}}],"collection":[{"href":"https:\/\/horticom.ee\/e-pood\/ru\/wp-json\/wp\/v2\/product"}],"about":[{"href":"https:\/\/horticom.ee\/e-pood\/ru\/wp-json\/wp\/v2\/types\/product"}],"replies":[{"embeddable":true,"href":"https:\/\/horticom.ee\/e-pood\/ru\/wp-json\/wp\/v2\/comments?post=154755"}],"wp:featuredmedia":[{"embeddable":true,"href":"https:\/\/horticom.ee\/e-pood\/ru\/wp-json\/wp\/v2\/media\/162280"}],"wp:attachment":[{"href":"https:\/\/horticom.ee\/e-pood\/ru\/wp-json\/wp\/v2\/media?parent=154755"}],"wp:term":[{"taxonomy":"product_cat","embeddable":true,"href":"https:\/\/horticom.ee\/e-pood\/ru\/wp-json\/wp\/v2\/product_cat?post=154755"},{"taxonomy":"product_tag","embeddable":true,"href":"https:\/\/horticom.ee\/e-pood\/ru\/wp-json\/wp\/v2\/product_tag?post=154755"}],"curies":[{"name":"wp","href":"https:\/\/api.w.org\/{rel}","templated":true}]}}